{"id":44029,"date":"2025-12-22T21:49:56","date_gmt":"2025-12-22T19:49:56","guid":{"rendered":"https:\/\/ecostera.com\/dk\/product\/saet-med-krympevaerktoej\/"},"modified":"2025-12-23T22:38:59","modified_gmt":"2025-12-23T20:38:59","slug":"saet-med-krympevaerktoej","status":"publish","type":"product","link":"https:\/\/ecostera.com\/dk\/product\/saet-med-krympevaerktoej\/","title":{"rendered":"S\u00e6t med krympev\u00e6rkt\u00f8j"},"content":{"rendered":"<p style=\"text-align: center;\" data-start=\"0\" data-end=\"73\"><strong data-start=\"0\" data-end=\"73\">Skab St\u00e6rke, Sikre Ledningsforbindelser P\u00e5 F\u00e5 Sekunder Med \u00c9t Nemt V\u00e6rkt\u00f8j.<\/strong><span style=\"font-size: 16px; font-style: normal; font-weight: 400;\">\u26a1\u00a0<\/span><\/p>\n<p style=\"text-align: center;\" data-start=\"75\" data-end=\"259\">Dette pressev\u00e6rkt\u00f8jss\u00e6t g\u00f8r elektrisk arbejde hurtigt og enkelt. Det hj\u00e6lper dig med at presse ledninger rent og sikkert, uanset om du reparerer kabler derhjemme eller arbejder p\u00e5 st\u00f8rre elektriske projekter. Dette selvjusterende pressev\u00e6rkt\u00f8j passer automatisk til ledningsst\u00f8rrelsen, s\u00e5 du f\u00e5r en stram og pr\u00e6cis presning hver gang. Med 400 eller 1200 isolerede terminaler inkluderet har du alt, hvad du skal bruge til hurtige g\u00f8r-det-selv-opgaver eller professionelle elektriske reparationer.<\/p>\n<p data-start=\"75\" data-end=\"259\"><img fetchpriority=\"high\" decoding=\"async\" class=\" wp-image-46806 aligncenter\" src=\"https:\/\/keluvo.com\/template\/wp-content\/uploads\/sites\/5\/2025\/12\/04_1131462e-b86e-446c-b2f9-1c49ea7d4cec_480x480.webp\" alt=\"\" width=\"500\" height=\"500\" \/><\/p>\n<h2 style=\"text-align: center;\" data-start=\"552\" data-end=\"572\"><strong>Vigtigste Fordele<\/strong><\/h2>\n<p data-start=\"575\" data-end=\"628\">\u26a1 Presser p\u00e5 f\u00e5 sekunder &#8211; hurtig og effektiv ledningsf\u00f8ring.<\/p>\n<p data-start=\"631\" data-end=\"691\">\ud83c\udfaf Selvjusterende k\u00e6ber &#8211; passer automatisk til ledningsst\u00f8rrelser.<\/p>\n<p data-start=\"694\" data-end=\"764\">\ud83d\udcaa St\u00e6rk og holdbar &#8211; fremstillet af pr\u00e6cisionsudviklede materialer.<\/p>\n<p data-start=\"767\" data-end=\"832\">\u270b Ergonomisk h\u00e5ndtag &#8211; Behageligt greb med mindre belastning af h\u00e6nderne.<\/p>\n<p data-start=\"835\" data-end=\"890\">\ud83e\uddf0 Komplet s\u00e6t &#8211; V\u00e6rkt\u00f8j og 400, 1200 klemmer medf\u00f8lger.<\/p>\n<p data-start=\"835\" data-end=\"890\"><img decoding=\"async\" class=\"size-full wp-image-46805 aligncenter\" src=\"https:\/\/keluvo.com\/template\/wp-content\/uploads\/sites\/5\/2025\/12\/17_4acf0546-cb8a-4290-9558-925b26ee44cb_480x480.jpg\" alt=\"\" width=\"1080\" height=\"1080\" \/><\/p>\n<h2 style=\"text-align: center;\" data-start=\"897\" data-end=\"914\"><strong>S\u00e5dan Bruges<\/strong><\/h2>\n<ol data-start=\"915\" data-end=\"1099\">\n<li data-start=\"915\" data-end=\"954\">\n<p data-start=\"918\" data-end=\"954\">S\u00e6t ledningen ind i klemmen.<\/p>\n<\/li>\n<li data-start=\"955\" data-end=\"1002\">\n<p data-start=\"958\" data-end=\"1002\">Placer klemmen i pressev\u00e6rkt\u00f8jet.<\/p>\n<\/li>\n<li data-start=\"1003\" data-end=\"1055\">\n<p data-start=\"1006\" data-end=\"1055\">Tryk p\u00e5 h\u00e5ndtagene, indtil skralden frig\u00f8res.<\/p>\n<\/li>\n<li data-start=\"1056\" data-end=\"1099\">\n<p data-start=\"1059\" data-end=\"1099\">Tjek forbindelsen for sikker pasform.<\/p>\n<\/li>\n<\/ol>\n<h2 style=\"text-align: center;\" data-start=\"1106\" data-end=\"1128\"><strong>Produktdetaljer<\/strong><\/h2>\n<ul data-start=\"1129\" data-end=\"1428\">\n<li data-start=\"1232\" data-end=\"1289\">\n<p data-start=\"1234\" data-end=\"1289\">Kompatibel med: Isolerede og uisolerede stik<\/p>\n<\/li>\n<li data-start=\"1232\" data-end=\"1289\">\n<p data-start=\"1234\" data-end=\"1289\">Krympekapacitet: 0,25-10 mm\u00b2<\/p>\n<\/li>\n<li data-start=\"1232\" data-end=\"1289\">\n<p data-start=\"1234\" data-end=\"1289\">Materiale: H\u00e5rdt, pr\u00e6cisionskonstrueret metal<\/p>\n<\/li>\n<li data-start=\"1337\" data-end=\"1386\">\n<p data-start=\"1339\" data-end=\"1386\">H\u00e5ndtag: Skridsikker nylon med skraldemekanisme<\/p>\n<\/li>\n<\/ul>\n<h2 style=\"text-align: center;\" data-start=\"1435\" data-end=\"1458\"><strong>Pakken indeholder<\/strong><\/h2>\n<ul data-start=\"1459\" data-end=\"1573\" data-is-last-node=\"\" data-is-only-node=\"\">\n<li data-start=\"1459\" data-end=\"1513\">\n<p data-start=\"1461\" data-end=\"1513\">1x pressev\u00e6rkt\u00f8j<\/p>\n<\/li>\n<li data-start=\"1514\" data-end=\"1549\">\n<p data-start=\"1516\" data-end=\"1549\">400, 1200x isolerede kabelsko<\/p>\n<\/li>\n<li data-start=\"1550\" data-end=\"1573\" data-is-last-node=\"\">\n<p data-start=\"1552\" data-end=\"1573\" data-is-last-node=\"\">1x pressev\u00e6rkt\u00f8jss\u00e6t.<\/p>\n<\/li>\n<\/ul>\n","protected":false},"excerpt":{"rendered":"<p>Skab St\u00e6rke, Sikre Ledningsforbindelser P\u00e5 F\u00e5 Sekunder Med \u00c9t Nemt V\u00e6rkt\u00f8j.\u26a1\u00a0 Dette pressev\u00e6rkt\u00f8jss\u00e6t g\u00f8r elektrisk arbejde hurtigt og enkelt. Det [&hellip;]<\/p>\n","protected":false},"featured_media":44025,"comment_status":"open","ping_status":"closed","template":"","meta":{"site-sidebar-layout":"default","site-content-layout":"","ast-site-content-layout":"default","site-content-style":"default","site-sidebar-style":"default","ast-global-header-display":"","ast-banner-title-visibility":"","ast-main-header-display":"","ast-hfb-above-header-display":"","ast-hfb-below-header-display":"","ast-hfb-mobile-header-display":"","site-post-title":"","ast-breadcrumbs-content":"","ast-featured-img":"","footer-sml-layout":"","theme-transparent-header-meta":"default","adv-header-id-meta":"","stick-header-meta":"","header-above-stick-meta":"","header-main-stick-meta":"","header-below-stick-meta":"","astra-migrate-meta-layouts":"set","ast-page-background-enabled":"default","ast-page-background-meta":{"desktop":{"background-color":"var(--ast-global-color-5)","background-image":"","background-repeat":"repeat","background-position":"center center","background-size":"auto","background-attachment":"scroll","background-type":"","background-media":"","overlay-type":"","overlay-color":"","overlay-opacity":"","overlay-gradient":""},"tablet":{"background-color":"","background-image":"","background-repeat":"repeat","background-position":"center center","background-size":"auto","background-attachment":"scroll","background-type":"","background-media":"","overlay-type":"","overlay-color":"","overlay-opacity":"","overlay-gradient":""},"mobile":{"background-color":"","background-image":"","background-repeat":"repeat","background-position":"center center","background-size":"auto","background-attachment":"scroll","background-type":"","background-media":"","overlay-type":"","overlay-color":"","overlay-opacity":"","overlay-gradient":""}},"ast-content-background-meta":{"desktop":{"background-color":"var(--ast-global-color-4)","background-image":"","background-repeat":"repeat","background-position":"center center","background-size":"auto","background-attachment":"scroll","background-type":"","background-media":"","overlay-type":"","overlay-color":"","overlay-opacity":"","overlay-gradient":""},"tablet":{"background-color":"var(--ast-global-color-4)","background-image":"","background-repeat":"repeat","background-position":"center center","background-size":"auto","background-attachment":"scroll","background-type":"","background-media":"","overlay-type":"","overlay-color":"","overlay-opacity":"","overlay-gradient":""},"mobile":{"background-color":"var(--ast-global-color-4)","background-image":"","background-repeat":"repeat","background-position":"center center","background-size":"auto","background-attachment":"scroll","background-type":"","background-media":"","overlay-type":"","overlay-color":"","overlay-opacity":"","overlay-gradient":""}}},"product_brand":[],"product_cat":[19],"product_tag":[],"class_list":{"0":"post-44029","1":"product","2":"type-product","3":"status-publish","4":"has-post-thumbnail","6":"product_cat-uncategorized","7":"pa_62273_mqqskyh8-400-stk","8":"pa_62273_mqqskyh8-1200-stk","9":"desktop-align-left","10":"tablet-align-left","11":"mobile-align-left","13":"first","14":"instock","15":"shipping-taxable","16":"purchasable","17":"product-type-variable"},"_links":{"self":[{"href":"https:\/\/ecostera.com\/dk\/wp-json\/wp\/v2\/product\/44029","targetHints":{"allow":["GET"]}}],"collection":[{"href":"https:\/\/ecostera.com\/dk\/wp-json\/wp\/v2\/product"}],"about":[{"href":"https:\/\/ecostera.com\/dk\/wp-json\/wp\/v2\/types\/product"}],"replies":[{"embeddable":true,"href":"https:\/\/ecostera.com\/dk\/wp-json\/wp\/v2\/comments?post=44029"}],"wp:featuredmedia":[{"embeddable":true,"href":"https:\/\/ecostera.com\/dk\/wp-json\/wp\/v2\/media\/44025"}],"wp:attachment":[{"href":"https:\/\/ecostera.com\/dk\/wp-json\/wp\/v2\/media?parent=44029"}],"wp:term":[{"taxonomy":"product_brand","embeddable":true,"href":"https:\/\/ecostera.com\/dk\/wp-json\/wp\/v2\/product_brand?post=44029"},{"taxonomy":"product_cat","embeddable":true,"href":"https:\/\/ecostera.com\/dk\/wp-json\/wp\/v2\/product_cat?post=44029"},{"taxonomy":"product_tag","embeddable":true,"href":"https:\/\/ecostera.com\/dk\/wp-json\/wp\/v2\/product_tag?post=44029"}],"curies":[{"name":"wp","href":"https:\/\/api.w.org\/{rel}","templated":true}]}}