{"id":44125,"date":"2025-12-23T22:25:53","date_gmt":"2025-12-23T20:25:53","guid":{"rendered":"https:\/\/ecostera.com\/dk\/product\/3-i-1-non-stick-stegepande\/"},"modified":"2025-12-23T22:40:39","modified_gmt":"2025-12-23T20:40:39","slug":"3-i-1-non-stick-stegepande","status":"publish","type":"product","link":"https:\/\/ecostera.com\/dk\/product\/3-i-1-non-stick-stegepande\/","title":{"rendered":"3-i-1 non-stick stegepande"},"content":{"rendered":"<p style=\"text-align: center;\" data-start=\"0\" data-end=\"63\"><strong data-start=\"0\" data-end=\"63\">Tilbered flere retter p\u00e5 \u00e9n gang med mindre olie og nem reng\u00f8ring.<\/strong><span style=\"font-size: 16px; font-style: normal; font-weight: 400; text-align: center;\">\ud83c\udf73<\/span><\/p>\n<p style=\"text-align: center;\" data-start=\"65\" data-end=\"265\">Med denne 3-i-1 non-stick stegepande kan du tilberede \u00e6g, b\u00f8f, pandekager og gr\u00f8ntsager p\u00e5 \u00e9n pande. Dens opdelte design sparer tid, holder smagene adskilt og g\u00f8r den daglige madlavning hurtigere og renere. Denne stegepande er designet til travle k\u00f8kkener og sm\u00e5 rum. Non-stick granitbel\u00e6gningen kr\u00e6ver kun lidt olie, opvarmes j\u00e6vnt og t\u00f8rres af p\u00e5 f\u00e5 sekunder. Den fungerer p\u00e5 gas- og induktionskomfurer, hvilket g\u00f8r den perfekt til daglig morgenmad og hurtige m\u00e5ltider.<\/p>\n<p data-start=\"65\" data-end=\"265\"><img fetchpriority=\"high\" decoding=\"async\" class=\"size-full wp-image-46566 aligncenter\" src=\"https:\/\/keluvo.com\/template\/wp-content\/uploads\/sites\/5\/2025\/12\/102232-ezgif.com-video-to-gif-converter.gif\" alt=\"\" width=\"500\" height=\"500\" \/><\/p>\n<h2 style=\"text-align: center;\" data-start=\"556\" data-end=\"575\">Vigtigste fordele<\/h2>\n<p data-start=\"578\" data-end=\"640\">\ud83c\udf73 3-i-1-design &#8211; Tilbered forskellige f\u00f8devarer p\u00e5 samme tid.<\/p>\n<p data-start=\"643\" data-end=\"702\">\ud83e\uddfc Non-stick-bel\u00e6gning &#8211; Nem reng\u00f8ring med minimal olie.<\/p>\n<p data-start=\"705\" data-end=\"767\">\ud83d\udd25 J\u00e6vn varmefordeling &#8211; Tilbereder maden j\u00e6vnt og hurtigere.<\/p>\n<p data-start=\"770\" data-end=\"824\">\u270b Varmebestandigt h\u00e5ndtag &#8211; Sikkert og behageligt greb.<\/p>\n<p data-start=\"827\" data-end=\"887\">\ud83d\udd04 Kompatibel med flere komfurer &#8211; fungerer p\u00e5 gas og induktion.<\/p>\n<p data-start=\"827\" data-end=\"887\"><img decoding=\"async\" class=\"size-full wp-image-46565 aligncenter\" src=\"https:\/\/keluvo.com\/template\/wp-content\/uploads\/sites\/5\/2025\/12\/102233-ezgif.com-video-to-webp-converter.webp\" alt=\"\" width=\"500\" height=\"500\" \/><\/p>\n<h2 style=\"text-align: center;\" data-start=\"889\" data-end=\"909\"><strong>S\u00e5dan Bruger Du<\/strong><\/h2>\n<ol data-start=\"910\" data-end=\"1119\">\n<li data-start=\"910\" data-end=\"943\">\n<p data-start=\"913\" data-end=\"943\">Placer panden p\u00e5 komfuret.<\/p>\n<\/li>\n<li data-start=\"944\" data-end=\"979\">\n<p data-start=\"947\" data-end=\"979\">Forvarm ved lav til middel varme.<\/p>\n<\/li>\n<li data-start=\"980\" data-end=\"1021\">\n<p data-start=\"983\" data-end=\"1021\">Tils\u00e6t en lille smule olie, hvis det er n\u00f8dvendigt.<\/p>\n<\/li>\n<li data-start=\"1022\" data-end=\"1069\">\n<p data-start=\"1025\" data-end=\"1069\">Tilbered forskellige f\u00f8devarer i separate sektioner.<\/p>\n<\/li>\n<li data-start=\"1070\" data-end=\"1119\">\n<p data-start=\"1073\" data-end=\"1119\">Lad den k\u00f8le af og t\u00f8r den af eller skyl den med vand.<\/p>\n<\/li>\n<\/ol>\n<h2 style=\"text-align: center;\" data-start=\"1121\" data-end=\"1143\"><strong>Produktdetaljer<\/strong><\/h2>\n<ul data-start=\"1144\" data-end=\"1436\">\n<li data-start=\"1190\" data-end=\"1209\">\n<p data-start=\"1192\" data-end=\"1209\">Diameter: 22 cm<\/p>\n<\/li>\n<li data-start=\"1210\" data-end=\"1272\">\n<p data-start=\"1212\" data-end=\"1272\">Materiale: Aluminiumslegering + non-stick bel\u00e6gning af medicinsk sten<\/p>\n<\/li>\n<li data-start=\"1273\" data-end=\"1316\">\n<p data-start=\"1275\" data-end=\"1316\">H\u00e5ndtag: Varmebestandig bakelit \/ b\u00f8g<\/p>\n<\/li>\n<li data-start=\"1317\" data-end=\"1349\">\n<p data-start=\"1319\" data-end=\"1349\">V\u00e6gt: Ca. 0,57-0,65 kg<\/p>\n<\/li>\n<li data-start=\"1350\" data-end=\"1366\">\n<p data-start=\"1352\" data-end=\"1366\">Farve: Hvid<\/p>\n<\/li>\n<li data-start=\"1367\" data-end=\"1392\">\n<p data-start=\"1369\" data-end=\"1392\">Bund: Dobbelt bund<\/p>\n<\/li>\n<li data-start=\"1393\" data-end=\"1436\">\n<p data-start=\"1395\" data-end=\"1436\">Velegnet til: Gas- og induktionskomfurer<\/p>\n<\/li>\n<\/ul>\n<h2 style=\"text-align: center;\" data-start=\"1438\" data-end=\"1461\"><strong>Pakken indeholder<\/strong><\/h2>\n<ul data-start=\"1462\" data-end=\"1495\" data-is-last-node=\"\" data-is-only-node=\"\">\n<li data-start=\"1462\" data-end=\"1495\" data-is-last-node=\"\">\n<p data-start=\"1464\" data-end=\"1495\" data-is-last-node=\"\">1x 3-i-1 non-stick stegepande.<\/p>\n<\/li>\n<\/ul>\n","protected":false},"excerpt":{"rendered":"<p>Tilbered flere retter p\u00e5 \u00e9n gang med mindre olie og nem reng\u00f8ring.\ud83c\udf73 Med denne 3-i-1 non-stick stegepande kan du tilberede [&hellip;]<\/p>\n","protected":false},"featured_media":44121,"comment_status":"open","ping_status":"closed","template":"","meta":{"site-sidebar-layout":"default","site-content-layout":"","ast-site-content-layout":"default","site-content-style":"default","site-sidebar-style":"default","ast-global-header-display":"","ast-banner-title-visibility":"","ast-main-header-display":"","ast-hfb-above-header-display":"","ast-hfb-below-header-display":"","ast-hfb-mobile-header-display":"","site-post-title":"","ast-breadcrumbs-content":"","ast-featured-img":"","footer-sml-layout":"","theme-transparent-header-meta":"default","adv-header-id-meta":"","stick-header-meta":"","header-above-stick-meta":"","header-main-stick-meta":"","header-below-stick-meta":"","astra-migrate-meta-layouts":"set","ast-page-background-enabled":"default","ast-page-background-meta":{"desktop":{"background-color":"var(--ast-global-color-5)","background-image":"","background-repeat":"repeat","background-position":"center center","background-size":"auto","background-attachment":"scroll","background-type":"","background-media":"","overlay-type":"","overlay-color":"","overlay-opacity":"","overlay-gradient":""},"tablet":{"background-color":"","background-image":"","background-repeat":"repeat","background-position":"center center","background-size":"auto","background-attachment":"scroll","background-type":"","background-media":"","overlay-type":"","overlay-color":"","overlay-opacity":"","overlay-gradient":""},"mobile":{"background-color":"","background-image":"","background-repeat":"repeat","background-position":"center center","background-size":"auto","background-attachment":"scroll","background-type":"","background-media":"","overlay-type":"","overlay-color":"","overlay-opacity":"","overlay-gradient":""}},"ast-content-background-meta":{"desktop":{"background-color":"var(--ast-global-color-4)","background-image":"","background-repeat":"repeat","background-position":"center center","background-size":"auto","background-attachment":"scroll","background-type":"","background-media":"","overlay-type":"","overlay-color":"","overlay-opacity":"","overlay-gradient":""},"tablet":{"background-color":"var(--ast-global-color-4)","background-image":"","background-repeat":"repeat","background-position":"center center","background-size":"auto","background-attachment":"scroll","background-type":"","background-media":"","overlay-type":"","overlay-color":"","overlay-opacity":"","overlay-gradient":""},"mobile":{"background-color":"var(--ast-global-color-4)","background-image":"","background-repeat":"repeat","background-position":"center center","background-size":"auto","background-attachment":"scroll","background-type":"","background-media":"","overlay-type":"","overlay-color":"","overlay-opacity":"","overlay-gradient":""}}},"product_brand":[],"product_cat":[19],"product_tag":[],"class_list":{"0":"post-44125","1":"product","2":"type-product","3":"status-publish","4":"has-post-thumbnail","6":"product_cat-uncategorized","7":"desktop-align-left","8":"tablet-align-left","9":"mobile-align-left","11":"first","12":"instock","13":"shipping-taxable","14":"purchasable","15":"product-type-simple"},"_links":{"self":[{"href":"https:\/\/ecostera.com\/dk\/wp-json\/wp\/v2\/product\/44125","targetHints":{"allow":["GET"]}}],"collection":[{"href":"https:\/\/ecostera.com\/dk\/wp-json\/wp\/v2\/product"}],"about":[{"href":"https:\/\/ecostera.com\/dk\/wp-json\/wp\/v2\/types\/product"}],"replies":[{"embeddable":true,"href":"https:\/\/ecostera.com\/dk\/wp-json\/wp\/v2\/comments?post=44125"}],"wp:featuredmedia":[{"embeddable":true,"href":"https:\/\/ecostera.com\/dk\/wp-json\/wp\/v2\/media\/44121"}],"wp:attachment":[{"href":"https:\/\/ecostera.com\/dk\/wp-json\/wp\/v2\/media?parent=44125"}],"wp:term":[{"taxonomy":"product_brand","embeddable":true,"href":"https:\/\/ecostera.com\/dk\/wp-json\/wp\/v2\/product_brand?post=44125"},{"taxonomy":"product_cat","embeddable":true,"href":"https:\/\/ecostera.com\/dk\/wp-json\/wp\/v2\/product_cat?post=44125"},{"taxonomy":"product_tag","embeddable":true,"href":"https:\/\/ecostera.com\/dk\/wp-json\/wp\/v2\/product_tag?post=44125"}],"curies":[{"name":"wp","href":"https:\/\/api.w.org\/{rel}","templated":true}]}}