{"id":44141,"date":"2025-12-23T23:05:49","date_gmt":"2025-12-23T21:05:49","guid":{"rendered":"https:\/\/ecostera.com\/dk\/product\/interaktivt-legetoej-til-syngende-fugle\/"},"modified":"2025-12-23T23:37:26","modified_gmt":"2025-12-23T21:37:26","slug":"interaktivt-legetoej-til-syngende-fugle","status":"publish","type":"product","link":"https:\/\/ecostera.com\/dk\/product\/interaktivt-legetoej-til-syngende-fugle\/","title":{"rendered":"Interaktivt leget\u00f8j til syngende fugle"},"content":{"rendered":"<article class=\"text-token-text-primary w-full focus:outline-none [--shadow-height:45px] has-data-writing-block:pointer-events-none has-data-writing-block:-mt-(--shadow-height) has-data-writing-block:pt-(--shadow-height) [&amp;:has([data-writing-block])&gt;*]:pointer-events-auto scroll-mt-[calc(var(--header-height)+min(200px,max(70px,20svh)))]\" dir=\"auto\" data-turn-id=\"a56809bd-7a88-4348-8409-b518ba7c191d\" data-testid=\"conversation-turn-206\" data-scroll-anchor=\"false\" data-turn=\"assistant\">\n<div class=\"text-base my-auto mx-auto [--thread-content-margin:--spacing(4)] @w-sm\/main:[--thread-content-margin:--spacing(6)] @w-lg\/main:[--thread-content-margin:--spacing(16)] px-(--thread-content-margin)\">\n<div class=\"[--thread-content-max-width:40rem] @w-lg\/main:[--thread-content-max-width:48rem] mx-auto max-w-(--thread-content-max-width) flex-1 group\/turn-messages focus-visible:outline-hidden relative flex w-full min-w-0 flex-col agent-turn\">\n<div class=\"flex max-w-full flex-col grow\">\n<div class=\"min-h-8 text-message relative flex w-full flex-col items-end gap-2 text-start break-words whitespace-normal [.text-message+&amp;]:mt-1\" dir=\"auto\" data-message-author-role=\"assistant\" data-message-id=\"a56809bd-7a88-4348-8409-b518ba7c191d\" data-message-model-slug=\"gpt-5-2\">\n<div class=\"flex w-full flex-col gap-1 empty:hidden first:pt-[1px]\">\n<div class=\"markdown prose dark:prose-invert w-full break-words light markdown-new-styling\">\n<p style=\"text-align: center;\" data-start=\"0\" data-end=\"64\"><strong data-start=\"0\" data-end=\"64\">Bring Lyd, Bev\u00e6gelse Og Gl\u00e6de Til Live Med Et Enkelt Klap.<\/strong><span style=\"font-size: 16px; font-style: normal; font-weight: 400;\">\ud83c\udfb5<\/span><\/p>\n<p style=\"text-align: center;\" data-start=\"66\" data-end=\"268\">Dette interaktive syngende fugleleget\u00f8j reagerer p\u00e5 lyd og bliver \u00f8jeblikkeligt levende med realistiske bev\u00e6gelser og munter fuglesang. Det er en sjov dekoration og engagerende leget\u00f8j, der underholder b\u00e5de b\u00f8rn og voksne. Denne animerede fugl reagerer p\u00e5 klap eller lyde i n\u00e6rheden ved at bev\u00e6ge hovedet, n\u00e6bbet, vingerne og kroppen, mens den synger klare, melodiske fuglelyde. Dens realistiske design og legende bev\u00e6gelse g\u00f8r den perfekt til skriveborde, hylder eller legeomr\u00e5der.<\/p>\n<p data-start=\"66\" data-end=\"268\"><img fetchpriority=\"high\" decoding=\"async\" class=\"size-full wp-image-46826 aligncenter\" src=\"https:\/\/keluvo.com\/template\/wp-content\/uploads\/sites\/5\/2025\/12\/122111-ezgif.com-video-to-webp-converter.webp\" alt=\"\" width=\"500\" height=\"500\" \/><\/p>\n<h2 style=\"text-align: center;\" data-start=\"563\" data-end=\"583\"><strong>\ud83c\udf08 Vigtigste fordele<\/strong><\/h2>\n<p data-start=\"586\" data-end=\"639\">\ud83d\udc4f Lydaktiveret &#8211; Reagerer p\u00e5 klap og stemmer.<\/p>\n<p data-start=\"642\" data-end=\"714\">\ud83d\udc26 Realistisk bev\u00e6gelse &#8211; Hoved, vinger, n\u00e6b og krop bev\u00e6ger sig naturligt.<\/p>\n<p data-start=\"717\" data-end=\"776\">\ud83c\udfb6 Klare fuglelyde &#8211; Behagelige og livagtige melodier.<\/p>\n<p data-start=\"779\" data-end=\"847\">\ud83e\udde0 Stimulerer sanserne &#8211; Underst\u00f8tter udviklingen af syn og h\u00f8relse.<\/p>\n<p data-start=\"850\" data-end=\"915\">\ud83c\udf81 God gaveid\u00e9 &#8211; Sjov for b\u00f8rn, familier og dekoration.<\/p>\n<p data-start=\"850\" data-end=\"915\"><img decoding=\"async\" class=\"size-full wp-image-46821 aligncenter\" src=\"https:\/\/keluvo.com\/template\/wp-content\/uploads\/sites\/5\/2025\/12\/122110-ezgif.com-video-to-webp-converter.webp\" alt=\"\" width=\"500\" height=\"500\" \/><\/p>\n<h2 style=\"text-align: center;\" data-start=\"922\" data-end=\"939\"><strong>\u25b6\ufe0f S\u00e5dan Bruges<\/strong><\/h2>\n<ol data-start=\"940\" data-end=\"1118\">\n<li data-start=\"940\" data-end=\"977\">\n<p data-start=\"943\" data-end=\"977\">L\u00e6g leget\u00f8jet p\u00e5 en flad overflade.<\/p>\n<\/li>\n<li data-start=\"978\" data-end=\"1022\">\n<p data-start=\"981\" data-end=\"1022\">Lav en lyd eller klap i h\u00e6nderne i n\u00e6rheden.<\/p>\n<\/li>\n<li data-start=\"1023\" data-end=\"1071\">\n<p data-start=\"1026\" data-end=\"1071\">Se fuglen bev\u00e6ge sig og synge automatisk.<\/p>\n<\/li>\n<li data-start=\"1072\" data-end=\"1118\">\n<p data-start=\"1075\" data-end=\"1118\">Nyd forestillingen og gentag den n\u00e5r som helst.<\/p>\n<\/li>\n<\/ol>\n<h2 style=\"text-align: center;\" data-start=\"1125\" data-end=\"1147\"><strong>\ud83d\udccf Produktdetaljer<\/strong><\/h2>\n<ul data-start=\"1148\" data-end=\"1480\">\n<li data-start=\"1195\" data-end=\"1225\">\n<p data-start=\"1197\" data-end=\"1225\">Stil: Sjov simulationsfugl<\/p>\n<\/li>\n<li data-start=\"1226\" data-end=\"1251\">\n<p data-start=\"1228\" data-end=\"1251\">Materiale: ABS-plast<\/p>\n<\/li>\n<li data-start=\"1252\" data-end=\"1291\">\n<p data-start=\"1254\" data-end=\"1291\">Aktivering: Lyd\/stemmeaktiveret<\/p>\n<\/li>\n<li data-start=\"1292\" data-end=\"1328\">\n<p data-start=\"1294\" data-end=\"1328\">Brug: Dekoration, interaktivt leget\u00f8j<\/p>\n<\/li>\n<li data-start=\"1329\" data-end=\"1434\">\n<p data-start=\"1331\" data-end=\"1346\">St\u00f8rrelsesmuligheder: afh\u00e6nger af den valgte model<\/p>\n<\/li>\n<li data-start=\"1329\" data-end=\"1434\">Str\u00f8m: batterimodel (medf\u00f8lger ikke)<\/li>\n<\/ul>\n<h2 style=\"text-align: center;\" data-start=\"1487\" data-end=\"1510\"><strong>\ud83d\udce6 Pakken indeholder<\/strong><\/h2>\n<ul data-start=\"1511\" data-end=\"1565\" data-is-last-node=\"\" data-is-only-node=\"\">\n<li data-start=\"1511\" data-end=\"1565\" data-is-last-node=\"\">\n<p data-start=\"1513\" data-end=\"1565\" data-is-last-node=\"\">1x interaktivt syngende fugleleget\u00f8j.<\/p>\n<\/li>\n<\/ul>\n<\/div>\n<\/div>\n<\/div>\n<\/div>\n<\/div>\n<\/div>\n<\/article>\n","protected":false},"excerpt":{"rendered":"<p>Bring Lyd, Bev\u00e6gelse Og Gl\u00e6de Til Live Med Et Enkelt Klap.\ud83c\udfb5 Dette interaktive syngende fugleleget\u00f8j reagerer p\u00e5 lyd og bliver [&hellip;]<\/p>\n","protected":false},"featured_media":44137,"comment_status":"open","ping_status":"closed","template":"","meta":{"site-sidebar-layout":"default","site-content-layout":"","ast-site-content-layout":"default","site-content-style":"default","site-sidebar-style":"default","ast-global-header-display":"","ast-banner-title-visibility":"","ast-main-header-display":"","ast-hfb-above-header-display":"","ast-hfb-below-header-display":"","ast-hfb-mobile-header-display":"","site-post-title":"","ast-breadcrumbs-content":"","ast-featured-img":"","footer-sml-layout":"","theme-transparent-header-meta":"default","adv-header-id-meta":"","stick-header-meta":"","header-above-stick-meta":"","header-main-stick-meta":"","header-below-stick-meta":"","astra-migrate-meta-layouts":"set","ast-page-background-enabled":"default","ast-page-background-meta":{"desktop":{"background-color":"var(--ast-global-color-5)","background-image":"","background-repeat":"repeat","background-position":"center center","background-size":"auto","background-attachment":"scroll","background-type":"","background-media":"","overlay-type":"","overlay-color":"","overlay-opacity":"","overlay-gradient":""},"tablet":{"background-color":"","background-image":"","background-repeat":"repeat","background-position":"center center","background-size":"auto","background-attachment":"scroll","background-type":"","background-media":"","overlay-type":"","overlay-color":"","overlay-opacity":"","overlay-gradient":""},"mobile":{"background-color":"","background-image":"","background-repeat":"repeat","background-position":"center center","background-size":"auto","background-attachment":"scroll","background-type":"","background-media":"","overlay-type":"","overlay-color":"","overlay-opacity":"","overlay-gradient":""}},"ast-content-background-meta":{"desktop":{"background-color":"var(--ast-global-color-4)","background-image":"","background-repeat":"repeat","background-position":"center center","background-size":"auto","background-attachment":"scroll","background-type":"","background-media":"","overlay-type":"","overlay-color":"","overlay-opacity":"","overlay-gradient":""},"tablet":{"background-color":"var(--ast-global-color-4)","background-image":"","background-repeat":"repeat","background-position":"center center","background-size":"auto","background-attachment":"scroll","background-type":"","background-media":"","overlay-type":"","overlay-color":"","overlay-opacity":"","overlay-gradient":""},"mobile":{"background-color":"var(--ast-global-color-4)","background-image":"","background-repeat":"repeat","background-position":"center center","background-size":"auto","background-attachment":"scroll","background-type":"","background-media":"","overlay-type":"","overlay-color":"","overlay-opacity":"","overlay-gradient":""}}},"product_brand":[],"product_cat":[19],"product_tag":[],"class_list":{"0":"post-44141","1":"product","2":"type-product","3":"status-publish","4":"has-post-thumbnail","6":"product_cat-uncategorized","7":"pa_62349_bg634h9t-a","8":"pa_62349_bg634h9t-b","9":"pa_62349_bg634h9t-c","10":"pa_62349_bg634h9t-d","11":"pa_62349_bg634h9t-e","12":"pa_62349_bg634h9t-f","13":"pa_62349_bg634h9t-g","14":"pa_62349_bg634h9t-h","15":"desktop-align-left","16":"tablet-align-left","17":"mobile-align-left","19":"first","20":"instock","21":"shipping-taxable","22":"purchasable","23":"product-type-variable"},"_links":{"self":[{"href":"https:\/\/ecostera.com\/dk\/wp-json\/wp\/v2\/product\/44141","targetHints":{"allow":["GET"]}}],"collection":[{"href":"https:\/\/ecostera.com\/dk\/wp-json\/wp\/v2\/product"}],"about":[{"href":"https:\/\/ecostera.com\/dk\/wp-json\/wp\/v2\/types\/product"}],"replies":[{"embeddable":true,"href":"https:\/\/ecostera.com\/dk\/wp-json\/wp\/v2\/comments?post=44141"}],"wp:featuredmedia":[{"embeddable":true,"href":"https:\/\/ecostera.com\/dk\/wp-json\/wp\/v2\/media\/44137"}],"wp:attachment":[{"href":"https:\/\/ecostera.com\/dk\/wp-json\/wp\/v2\/media?parent=44141"}],"wp:term":[{"taxonomy":"product_brand","embeddable":true,"href":"https:\/\/ecostera.com\/dk\/wp-json\/wp\/v2\/product_brand?post=44141"},{"taxonomy":"product_cat","embeddable":true,"href":"https:\/\/ecostera.com\/dk\/wp-json\/wp\/v2\/product_cat?post=44141"},{"taxonomy":"product_tag","embeddable":true,"href":"https:\/\/ecostera.com\/dk\/wp-json\/wp\/v2\/product_tag?post=44141"}],"curies":[{"name":"wp","href":"https:\/\/api.w.org\/{rel}","templated":true}]}}