{"id":44181,"date":"2025-12-23T23:09:38","date_gmt":"2025-12-23T21:09:38","guid":{"rendered":"https:\/\/ecostera.com\/dk\/product\/huskespil-med-dyr-og-frugter\/"},"modified":"2025-12-23T23:41:15","modified_gmt":"2025-12-23T21:41:15","slug":"huskespil-med-dyr-og-frugter","status":"publish","type":"product","link":"https:\/\/ecostera.com\/dk\/product\/huskespil-med-dyr-og-frugter\/","title":{"rendered":"Huskespil med dyr og frugter"},"content":{"rendered":"<p style=\"text-align: center;\" data-start=\"0\" data-end=\"81\"><strong data-start=\"0\" data-end=\"81\">En sjov m\u00e5de for b\u00f8rn at l\u00e6re dyr og frugter p\u00e5, mens de forbedrer deres hukommelse.<\/strong><span style=\"font-size: 16px; font-style: normal; font-weight: 400;\">\ud83c\udfb2<\/span><\/p>\n<p style=\"text-align: center;\" data-start=\"83\" data-end=\"315\">Dette flip-hukommelsesspil med dyr og frugter g\u00f8r l\u00e6ring til leg ved at kombinere farverig matchning med praktisk interaktion. B\u00f8rn opbygger hukommelse, fokus og koordination, mens de nyder et enkelt spil, som de kan spille alene eller sammen med familien. Dette flip memory-spil hj\u00e6lper b\u00f8rn med at genkende dyr og frugter, mens de tr\u00e6ner deres opm\u00e6rksomhed og evne til at matche. Med DIY-klisterm\u00e6rker og turbaseret leg forbliver b\u00f8rnene engagerede og l\u00e6rer naturligt gennem gentagelse og sjov.<\/p>\n<p data-start=\"83\" data-end=\"315\"><img fetchpriority=\"high\" decoding=\"async\" class=\"size-full wp-image-46859 aligncenter\" src=\"https:\/\/keluvo.com\/template\/wp-content\/uploads\/sites\/5\/2025\/12\/122114-ezgif.com-video-to-webp-converter.webp\" alt=\"\" width=\"500\" height=\"500\" \/><\/p>\n<h2 style=\"text-align: center;\" data-start=\"571\" data-end=\"590\">Vigtigste fordele<\/h2>\n<p data-start=\"593\" data-end=\"660\">\ud83e\udde0 \u00d8ger hukommelsesevnen &#8211; Forbedrer fokus og matchningsevne.<\/p>\n<p data-start=\"663\" data-end=\"731\">\ud83d\udc36\ud83c\udf4e L\u00e6ring om dyr og frugter &#8211; Opbygger tidlige genkendelsesevner.<\/p>\n<p data-start=\"734\" data-end=\"791\">\u270b DIY-klisterm\u00e6rkeaktivitet &#8211; Forbedrer finmotorikken.<\/p>\n<p data-start=\"794\" data-end=\"848\">\ud83d\udc68\u200d\ud83d\udc69\u200d\ud83d\udc67 Spil til 1-4 spillere &#8211; Perfekt til familieleg.<\/p>\n<p data-start=\"851\" data-end=\"914\">\ud83d\udee1\ufe0f Sikkert og holdbart &#8211; Afrundede kanter og st\u00e6rk ABS-plast.<\/p>\n<p data-start=\"851\" data-end=\"914\"><img decoding=\"async\" class=\"size-full wp-image-46858 aligncenter\" src=\"https:\/\/keluvo.com\/template\/wp-content\/uploads\/sites\/5\/2025\/12\/04_f66b03bb-14cf-44e4-83ff-e509e8c2d87f.webp\" alt=\"\" width=\"360\" height=\"640\" \/><\/p>\n<h2 style=\"text-align: center;\" data-start=\"921\" data-end=\"938\"><strong>S\u00e5dan Bruges<\/strong><\/h2>\n<ol data-start=\"939\" data-end=\"1194\">\n<li data-start=\"939\" data-end=\"1000\">\n<p data-start=\"942\" data-end=\"1000\">Kl\u00e6b dyre- og frugtbillederne p\u00e5 flipskiverne.<\/p>\n<\/li>\n<li data-start=\"1001\" data-end=\"1061\">\n<p data-start=\"1004\" data-end=\"1061\">Placer alle skiverne i br\u00e6ttet, og vend dem med forsiden nedad.<\/p>\n<\/li>\n<li data-start=\"1062\" data-end=\"1105\">\n<p data-start=\"1065\" data-end=\"1105\">Spillerne skiftes til at vende to skiver.<\/p>\n<\/li>\n<li data-start=\"1106\" data-end=\"1152\">\n<p data-start=\"1109\" data-end=\"1152\">Match de samme billeder for at samle par.<\/p>\n<\/li>\n<li data-start=\"1153\" data-end=\"1194\">\n<p data-start=\"1156\" data-end=\"1194\">Spilleren med flest par vinder.<\/p>\n<\/li>\n<\/ol>\n<h2 style=\"text-align: center;\" data-start=\"1201\" data-end=\"1223\"><strong>Produktdetaljer<\/strong><\/h2>\n<ul data-start=\"1224\" data-end=\"1437\">\n<li data-start=\"1276\" data-end=\"1301\">\n<p data-start=\"1278\" data-end=\"1301\">Materiale: ABS-plast<\/p>\n<\/li>\n<li data-start=\"1302\" data-end=\"1332\">\n<p data-start=\"1304\" data-end=\"1332\">Bordst\u00f8rrelse: 31,5 x 31,5 cm<\/p>\n<\/li>\n<li data-start=\"1333\" data-end=\"1368\">\n<p data-start=\"1335\" data-end=\"1368\">Anbefalet alder: 3 \u00e5r og op<\/p>\n<\/li>\n<li data-start=\"1369\" data-end=\"1395\">\n<p data-start=\"1371\" data-end=\"1395\">Antal spillere: 1-4<\/p>\n<\/li>\n<li data-start=\"1369\" data-end=\"1395\">Stil: Dyr, frugt<\/li>\n<\/ul>\n<h2 style=\"text-align: center;\" data-start=\"1444\" data-end=\"1467\"><strong>Pakken indeholder<\/strong><\/h2>\n<ul data-start=\"1468\" data-end=\"1613\" data-is-last-node=\"\" data-is-only-node=\"\">\n<li data-start=\"1468\" data-end=\"1487\">\n<p data-start=\"1470\" data-end=\"1487\">1x spillebr\u00e6t<\/p>\n<\/li>\n<li data-start=\"1468\" data-end=\"1487\">\n<p data-start=\"1470\" data-end=\"1487\">2x dyre\/frugt-stikark<\/p>\n<\/li>\n<li data-start=\"1468\" data-end=\"1487\">\n<p data-start=\"1470\" data-end=\"1487\">54x flipskiver<\/p>\n<\/li>\n<li data-start=\"1468\" data-end=\"1487\">2x skakpen.<\/li>\n<\/ul>\n","protected":false},"excerpt":{"rendered":"<p>En sjov m\u00e5de for b\u00f8rn at l\u00e6re dyr og frugter p\u00e5, mens de forbedrer deres hukommelse.\ud83c\udfb2 Dette flip-hukommelsesspil med dyr [&hellip;]<\/p>\n","protected":false},"featured_media":44177,"comment_status":"open","ping_status":"closed","template":"","meta":{"site-sidebar-layout":"default","site-content-layout":"","ast-site-content-layout":"default","site-content-style":"default","site-sidebar-style":"default","ast-global-header-display":"","ast-banner-title-visibility":"","ast-main-header-display":"","ast-hfb-above-header-display":"","ast-hfb-below-header-display":"","ast-hfb-mobile-header-display":"","site-post-title":"","ast-breadcrumbs-content":"","ast-featured-img":"","footer-sml-layout":"","theme-transparent-header-meta":"default","adv-header-id-meta":"","stick-header-meta":"","header-above-stick-meta":"","header-main-stick-meta":"","header-below-stick-meta":"","astra-migrate-meta-layouts":"set","ast-page-background-enabled":"default","ast-page-background-meta":{"desktop":{"background-color":"var(--ast-global-color-5)","background-image":"","background-repeat":"repeat","background-position":"center center","background-size":"auto","background-attachment":"scroll","background-type":"","background-media":"","overlay-type":"","overlay-color":"","overlay-opacity":"","overlay-gradient":""},"tablet":{"background-color":"","background-image":"","background-repeat":"repeat","background-position":"center center","background-size":"auto","background-attachment":"scroll","background-type":"","background-media":"","overlay-type":"","overlay-color":"","overlay-opacity":"","overlay-gradient":""},"mobile":{"background-color":"","background-image":"","background-repeat":"repeat","background-position":"center center","background-size":"auto","background-attachment":"scroll","background-type":"","background-media":"","overlay-type":"","overlay-color":"","overlay-opacity":"","overlay-gradient":""}},"ast-content-background-meta":{"desktop":{"background-color":"var(--ast-global-color-4)","background-image":"","background-repeat":"repeat","background-position":"center center","background-size":"auto","background-attachment":"scroll","background-type":"","background-media":"","overlay-type":"","overlay-color":"","overlay-opacity":"","overlay-gradient":""},"tablet":{"background-color":"var(--ast-global-color-4)","background-image":"","background-repeat":"repeat","background-position":"center center","background-size":"auto","background-attachment":"scroll","background-type":"","background-media":"","overlay-type":"","overlay-color":"","overlay-opacity":"","overlay-gradient":""},"mobile":{"background-color":"var(--ast-global-color-4)","background-image":"","background-repeat":"repeat","background-position":"center center","background-size":"auto","background-attachment":"scroll","background-type":"","background-media":"","overlay-type":"","overlay-color":"","overlay-opacity":"","overlay-gradient":""}}},"product_brand":[],"product_cat":[19],"product_tag":[],"class_list":{"0":"post-44181","1":"product","2":"type-product","3":"status-publish","4":"has-post-thumbnail","6":"product_cat-uncategorized","7":"pa_62365_vphgknub-dyr","8":"pa_62365_vphgknub-frugt","9":"desktop-align-left","10":"tablet-align-left","11":"mobile-align-left","13":"first","14":"instock","15":"shipping-taxable","16":"purchasable","17":"product-type-variable"},"_links":{"self":[{"href":"https:\/\/ecostera.com\/dk\/wp-json\/wp\/v2\/product\/44181","targetHints":{"allow":["GET"]}}],"collection":[{"href":"https:\/\/ecostera.com\/dk\/wp-json\/wp\/v2\/product"}],"about":[{"href":"https:\/\/ecostera.com\/dk\/wp-json\/wp\/v2\/types\/product"}],"replies":[{"embeddable":true,"href":"https:\/\/ecostera.com\/dk\/wp-json\/wp\/v2\/comments?post=44181"}],"wp:featuredmedia":[{"embeddable":true,"href":"https:\/\/ecostera.com\/dk\/wp-json\/wp\/v2\/media\/44177"}],"wp:attachment":[{"href":"https:\/\/ecostera.com\/dk\/wp-json\/wp\/v2\/media?parent=44181"}],"wp:term":[{"taxonomy":"product_brand","embeddable":true,"href":"https:\/\/ecostera.com\/dk\/wp-json\/wp\/v2\/product_brand?post=44181"},{"taxonomy":"product_cat","embeddable":true,"href":"https:\/\/ecostera.com\/dk\/wp-json\/wp\/v2\/product_cat?post=44181"},{"taxonomy":"product_tag","embeddable":true,"href":"https:\/\/ecostera.com\/dk\/wp-json\/wp\/v2\/product_tag?post=44181"}],"curies":[{"name":"wp","href":"https:\/\/api.w.org\/{rel}","templated":true}]}}