{"id":44194,"date":"2025-12-23T23:10:50","date_gmt":"2025-12-23T21:10:50","guid":{"rendered":"https:\/\/ecostera.com\/dk\/product\/fugttaet-krydderikrukke-med-ske\/"},"modified":"2025-12-23T23:43:02","modified_gmt":"2025-12-23T21:43:02","slug":"fugttaet-krydderikrukke-med-ske","status":"publish","type":"product","link":"https:\/\/ecostera.com\/dk\/product\/fugttaet-krydderikrukke-med-ske\/","title":{"rendered":"Fugtt\u00e6t krydderikrukke med ske"},"content":{"rendered":"<p style=\"text-align: center;\" data-start=\"0\" data-end=\"73\"><strong data-start=\"0\" data-end=\"73\">Hold Dine Krydderier Friske, T\u00f8rre Og Nemme At \u00d8se Op Med Et Enkelt Tryk. <\/strong><span style=\"font-size: 16px; font-style: normal; font-weight: 400;\">\ud83c\udf3f\u00a0<\/span><\/p>\n<p style=\"text-align: center;\" data-start=\"75\" data-end=\"323\">Denne fugtbestandige krydderikrukke med ske g\u00f8r madlavningen hurtigere og renere ved at give dig hurtig adgang til dine krydderier med \u00e9n h\u00e5nd. Det luftt\u00e6tte design holder krydderierne t\u00f8rre, mens den brede \u00e5bning og den indbyggede ske g\u00f8r det nemt at fylde og \u00f8se op. Krydderid\u00e5sen i gennemsigtigt glas hj\u00e6lper med at forhindre fugt og sammenklumpning, s\u00e5 krydderierne holder sig friske i l\u00e6ngere tid. Den store kapacitet p\u00e5 400 ml og den brede \u00e5bning g\u00f8r den perfekt til daglig madlavning, bagning og krydring uden rod eller stress.<\/p>\n<p data-start=\"75\" data-end=\"323\"><img fetchpriority=\"high\" decoding=\"async\" class=\"size-full wp-image-46869 aligncenter\" src=\"https:\/\/keluvo.com\/template\/wp-content\/uploads\/sites\/5\/2025\/12\/122116-ezgif.com-video-to-webp-converter.webp\" alt=\"\" width=\"500\" height=\"500\" \/><\/p>\n<h2 style=\"text-align: center;\" data-start=\"608\" data-end=\"627\">\u2b50 Vigtigste fordele<\/h2>\n<p data-start=\"630\" data-end=\"690\">\ud83d\udd90\ufe0f \u00c5bning med \u00e9n h\u00e5nd &#8211; Tryk p\u00e5 l\u00e5get for at \u00e5bne med det samme.<\/p>\n<p data-start=\"693\" data-end=\"750\">\ud83d\udca7 Fugtsikker forsegling &#8211; Holder krydderierne t\u00f8rre og friske.<\/p>\n<p data-start=\"753\" data-end=\"820\">\ud83e\udd44 Indbygget ske &#8211; Let at \u00f8se op uden krydskontaminering.<\/p>\n<p data-start=\"823\" data-end=\"884\">\ud83d\udc40 Klart glasdesign &#8211; Se indholdet og fyld op til tiden.<\/p>\n<p data-start=\"887\" data-end=\"942\">\ud83e\uddfc Let at reng\u00f8re &#8211; Helt aftagelig og f\u00f8devaresikker.<\/p>\n<p data-start=\"887\" data-end=\"942\"><img decoding=\"async\" class=\"size-full wp-image-46870 aligncenter\" src=\"https:\/\/keluvo.com\/template\/wp-content\/uploads\/sites\/5\/2025\/12\/122115-ezgif.com-video-to-webp-converter.webp\" alt=\"\" width=\"500\" height=\"500\" \/><\/p>\n<h2 style=\"text-align: center;\" data-start=\"949\" data-end=\"966\">\u25b6\ufe0f S\u00e5dan Bruges<\/h2>\n<ol data-start=\"967\" data-end=\"1166\">\n<li data-start=\"967\" data-end=\"1010\">\n<p data-start=\"970\" data-end=\"1010\">Tryk p\u00e5 l\u00e5get med tommelfingeren for at \u00e5bne.<\/p>\n<\/li>\n<li data-start=\"1011\" data-end=\"1055\">\n<p data-start=\"1014\" data-end=\"1055\">Brug den fastgjorte ske til at \u00f8se krydderier op.<\/p>\n<\/li>\n<li data-start=\"1056\" data-end=\"1109\">\n<p data-start=\"1059\" data-end=\"1109\">Luk l\u00e5get for at forsegle og beskytte mod fugt.<\/p>\n<\/li>\n<li data-start=\"1110\" data-end=\"1166\">\n<p data-start=\"1113\" data-end=\"1166\">Fyld let op gennem den brede \u00e5bning, n\u00e5r det er n\u00f8dvendigt.<\/p>\n<\/li>\n<\/ol>\n<h2 style=\"text-align: center;\" data-start=\"1173\" data-end=\"1195\">\ud83d\udccf Produktdetaljer<\/h2>\n<ul data-start=\"1196\" data-end=\"1439\">\n<li data-start=\"1250\" data-end=\"1270\">\n<p data-start=\"1252\" data-end=\"1270\">Kapacitet: 400 ml<\/p>\n<\/li>\n<li data-start=\"1271\" data-end=\"1296\">\n<p data-start=\"1273\" data-end=\"1296\">St\u00f8rrelse: 78 x 127 x 98 mm<\/p>\n<\/li>\n<li data-start=\"1297\" data-end=\"1330\">\n<p data-start=\"1299\" data-end=\"1330\">Materiale: Glas, PP, silikone<\/p>\n<\/li>\n<li data-start=\"1364\" data-end=\"1439\">\n<p data-start=\"1366\" data-end=\"1439\">Velegnet til: Salt, sukker, krydderier, urter, te, kaffe, saucer og meget mere<\/p>\n<\/li>\n<\/ul>\n<h2 style=\"text-align: center;\" data-start=\"1446\" data-end=\"1469\">\ud83d\udce6 Pakken indeholder<\/h2>\n<ul data-start=\"1470\" data-end=\"1518\" data-is-last-node=\"\" data-is-only-node=\"\">\n<li data-start=\"1470\" data-end=\"1518\" data-is-last-node=\"\">\n<p data-start=\"1472\" data-end=\"1518\" data-is-last-node=\"\">1x fugtbestandig krydderikrukke med ske.<\/p>\n<\/li>\n<\/ul>\n","protected":false},"excerpt":{"rendered":"<p>Hold Dine Krydderier Friske, T\u00f8rre Og Nemme At \u00d8se Op Med Et Enkelt Tryk. \ud83c\udf3f\u00a0 Denne fugtbestandige krydderikrukke med ske [&hellip;]<\/p>\n","protected":false},"featured_media":44190,"comment_status":"open","ping_status":"closed","template":"","meta":{"site-sidebar-layout":"default","site-content-layout":"","ast-site-content-layout":"default","site-content-style":"default","site-sidebar-style":"default","ast-global-header-display":"","ast-banner-title-visibility":"","ast-main-header-display":"","ast-hfb-above-header-display":"","ast-hfb-below-header-display":"","ast-hfb-mobile-header-display":"","site-post-title":"","ast-breadcrumbs-content":"","ast-featured-img":"","footer-sml-layout":"","theme-transparent-header-meta":"default","adv-header-id-meta":"","stick-header-meta":"","header-above-stick-meta":"","header-main-stick-meta":"","header-below-stick-meta":"","astra-migrate-meta-layouts":"set","ast-page-background-enabled":"default","ast-page-background-meta":{"desktop":{"background-color":"var(--ast-global-color-5)","background-image":"","background-repeat":"repeat","background-position":"center center","background-size":"auto","background-attachment":"scroll","background-type":"","background-media":"","overlay-type":"","overlay-color":"","overlay-opacity":"","overlay-gradient":""},"tablet":{"background-color":"","background-image":"","background-repeat":"repeat","background-position":"center center","background-size":"auto","background-attachment":"scroll","background-type":"","background-media":"","overlay-type":"","overlay-color":"","overlay-opacity":"","overlay-gradient":""},"mobile":{"background-color":"","background-image":"","background-repeat":"repeat","background-position":"center center","background-size":"auto","background-attachment":"scroll","background-type":"","background-media":"","overlay-type":"","overlay-color":"","overlay-opacity":"","overlay-gradient":""}},"ast-content-background-meta":{"desktop":{"background-color":"var(--ast-global-color-4)","background-image":"","background-repeat":"repeat","background-position":"center center","background-size":"auto","background-attachment":"scroll","background-type":"","background-media":"","overlay-type":"","overlay-color":"","overlay-opacity":"","overlay-gradient":""},"tablet":{"background-color":"var(--ast-global-color-4)","background-image":"","background-repeat":"repeat","background-position":"center center","background-size":"auto","background-attachment":"scroll","background-type":"","background-media":"","overlay-type":"","overlay-color":"","overlay-opacity":"","overlay-gradient":""},"mobile":{"background-color":"var(--ast-global-color-4)","background-image":"","background-repeat":"repeat","background-position":"center center","background-size":"auto","background-attachment":"scroll","background-type":"","background-media":"","overlay-type":"","overlay-color":"","overlay-opacity":"","overlay-gradient":""}}},"product_brand":[],"product_cat":[19],"product_tag":[],"class_list":{"0":"post-44194","1":"product","2":"type-product","3":"status-publish","4":"has-post-thumbnail","6":"product_cat-uncategorized","7":"pa_62374_3c02ky7l-gul","8":"pa_62374_3c02ky7l-hvid","9":"desktop-align-left","10":"tablet-align-left","11":"mobile-align-left","13":"first","14":"instock","15":"shipping-taxable","16":"purchasable","17":"product-type-variable"},"_links":{"self":[{"href":"https:\/\/ecostera.com\/dk\/wp-json\/wp\/v2\/product\/44194","targetHints":{"allow":["GET"]}}],"collection":[{"href":"https:\/\/ecostera.com\/dk\/wp-json\/wp\/v2\/product"}],"about":[{"href":"https:\/\/ecostera.com\/dk\/wp-json\/wp\/v2\/types\/product"}],"replies":[{"embeddable":true,"href":"https:\/\/ecostera.com\/dk\/wp-json\/wp\/v2\/comments?post=44194"}],"wp:featuredmedia":[{"embeddable":true,"href":"https:\/\/ecostera.com\/dk\/wp-json\/wp\/v2\/media\/44190"}],"wp:attachment":[{"href":"https:\/\/ecostera.com\/dk\/wp-json\/wp\/v2\/media?parent=44194"}],"wp:term":[{"taxonomy":"product_brand","embeddable":true,"href":"https:\/\/ecostera.com\/dk\/wp-json\/wp\/v2\/product_brand?post=44194"},{"taxonomy":"product_cat","embeddable":true,"href":"https:\/\/ecostera.com\/dk\/wp-json\/wp\/v2\/product_cat?post=44194"},{"taxonomy":"product_tag","embeddable":true,"href":"https:\/\/ecostera.com\/dk\/wp-json\/wp\/v2\/product_tag?post=44194"}],"curies":[{"name":"wp","href":"https:\/\/api.w.org\/{rel}","templated":true}]}}