{"id":44208,"date":"2025-12-23T23:12:17","date_gmt":"2025-12-23T21:12:17","guid":{"rendered":"https:\/\/ecostera.com\/dk\/product\/3d-haandlavet-origami-bog\/"},"modified":"2025-12-23T23:44:59","modified_gmt":"2025-12-23T21:44:59","slug":"3d-haandlavet-origami-bog","status":"publish","type":"product","link":"https:\/\/ecostera.com\/dk\/product\/3d-haandlavet-origami-bog\/","title":{"rendered":"3D h\u00e5ndlavet origami bog"},"content":{"rendered":"<p style=\"text-align: center;\" data-start=\"0\" data-end=\"64\"><strong data-start=\"0\" data-end=\"64\">Lav Nemt Sjove 3D-Papirmodeller Uden Saks Eller V\u00e6rkt\u00f8j. <\/strong><span style=\"font-size: 16px; font-style: normal; font-weight: 400;\">\ud83c\udfa8\u00a0<\/span><\/p>\n<p style=\"text-align: center;\" data-start=\"66\" data-end=\"292\">Denne h\u00e5ndlavede 3D-origamibog forvandler fladt papir til farverige 3D-dyr, frugter og klassiske former. Med tydelige foldelinjer og trinvis vejledning kan b\u00f8rn folde sikkert, mens de opbygger kreativitet, fokus og finmotorik. Denne origamibog giver en hands-on 3D-oplevelse med 49 unikke m\u00f8nstre p\u00e5 tv\u00e6rs af temas\u00e6t. Det udstansede design fjerner behovet for sakse, hvilket g\u00f8r det sikkert for b\u00f8rn og stressfrit for for\u00e6ldre.<\/p>\n<p data-start=\"66\" data-end=\"292\"><img fetchpriority=\"high\" decoding=\"async\" class=\"size-full wp-image-46881 aligncenter\" src=\"https:\/\/keluvo.com\/template\/wp-content\/uploads\/sites\/5\/2025\/12\/122117-ezgif.com-video-to-webp-converter.webp\" alt=\"\" width=\"500\" height=\"500\" \/><\/p>\n<h2 style=\"text-align: center;\" data-start=\"551\" data-end=\"570\">Vigtigste fordele<\/h2>\n<p data-start=\"573\" data-end=\"635\">\u2702\ufe0f V\u00e6rkt\u00f8jsfrit design &#8211; Ingen sakse er n\u00f8dvendige, sikrere for b\u00f8rn.<\/p>\n<p data-start=\"638\" data-end=\"706\">\ud83e\udde0 \u00d8ger kreativiteten &#8211; Opbygger rumlig t\u00e6nkning og fantasi.<\/p>\n<p data-start=\"709\" data-end=\"771\">\u270b Forbedrer motoriske f\u00e6rdigheder &#8211; Forbedrer h\u00e5nd-\u00f8je-koordination.<\/p>\n<p data-start=\"774\" data-end=\"835\">\ud83e\udde9 Trinvis l\u00e6ring &#8211; Let at f\u00f8lge og givende.<\/p>\n<p data-start=\"838\" data-end=\"903\">\ud83c\udf08 Lyse designs &#8211; Sjove dyr, frugter og klassiske former.<\/p>\n<p data-start=\"838\" data-end=\"903\"><img decoding=\"async\" class=\"size-full wp-image-46880 aligncenter\" src=\"https:\/\/keluvo.com\/template\/wp-content\/uploads\/sites\/5\/2025\/12\/122118-ezgif.com-video-to-webp-converter.webp\" alt=\"\" width=\"500\" height=\"500\" \/><\/p>\n<h2 style=\"text-align: center;\" data-start=\"910\" data-end=\"927\"><strong>S\u00e5dan Bruges<\/strong><\/h2>\n<ol data-start=\"928\" data-end=\"1108\">\n<li data-start=\"928\" data-end=\"968\">\n<p data-start=\"931\" data-end=\"968\">\u00c5bn bogen, og v\u00e6lg et m\u00f8nster.<\/p>\n<\/li>\n<li data-start=\"969\" data-end=\"1016\">\n<p data-start=\"972\" data-end=\"1016\">Tryk forsigtigt langs de indbyggede klippelinjer.<\/p>\n<\/li>\n<li data-start=\"1017\" data-end=\"1067\">\n<p data-start=\"1020\" data-end=\"1067\">Fold efter de trinvise instruktioner.<\/p>\n<\/li>\n<li data-start=\"1068\" data-end=\"1108\">\n<p data-start=\"1071\" data-end=\"1108\">F\u00e6rdigg\u00f8r og vis din 3D-model.<\/p>\n<\/li>\n<\/ol>\n<h2 style=\"text-align: center;\" data-start=\"1115\" data-end=\"1137\"><strong>Produktdetaljer<\/strong><\/h2>\n<ul data-start=\"1138\" data-end=\"1392\">\n<li data-start=\"1181\" data-end=\"1278\">\n<p data-start=\"1183\" data-end=\"1203\">Total m\u00f8nstre: 49<\/p>\n<ul data-start=\"1206\" data-end=\"1278\">\n<li data-start=\"1206\" data-end=\"1229\">\n<p data-start=\"1208\" data-end=\"1229\">Dyreparadis: 16<\/p>\n<\/li>\n<li data-start=\"1232\" data-end=\"1253\">\n<p data-start=\"1234\" data-end=\"1253\">Funky klassiker: 17<\/p>\n<\/li>\n<li data-start=\"1256\" data-end=\"1278\">\n<p data-start=\"1258\" data-end=\"1278\">Frugtparadis: 16<\/p>\n<\/li>\n<\/ul>\n<\/li>\n<li data-start=\"1279\" data-end=\"1301\">\n<p data-start=\"1281\" data-end=\"1301\">St\u00f8rrelse: 29,7 x 21 cm<\/p>\n<\/li>\n<li data-start=\"1302\" data-end=\"1356\">\n<p data-start=\"1304\" data-end=\"1356\">Materiale: H\u00f8jkvalitets, ikke-giftigt, syrefrit papir<\/p>\n<\/li>\n<\/ul>\n<h2 style=\"text-align: center;\" data-start=\"1399\" data-end=\"1422\"><strong>Pakken indeholder<\/strong><\/h2>\n<ul data-start=\"1423\" data-end=\"1498\" data-is-last-node=\"\" data-is-only-node=\"\">\n<li data-start=\"1423\" data-end=\"1498\" data-is-last-node=\"\">\n<p data-start=\"1425\" data-end=\"1455\">1, 3x 3D h\u00e5ndlavet origamibog.<\/p>\n<\/li>\n<\/ul>\n","protected":false},"excerpt":{"rendered":"<p>Lav Nemt Sjove 3D-Papirmodeller Uden Saks Eller V\u00e6rkt\u00f8j. \ud83c\udfa8\u00a0 Denne h\u00e5ndlavede 3D-origamibog forvandler fladt papir til farverige 3D-dyr, frugter og [&hellip;]<\/p>\n","protected":false},"featured_media":44204,"comment_status":"open","ping_status":"closed","template":"","meta":{"site-sidebar-layout":"default","site-content-layout":"","ast-site-content-layout":"default","site-content-style":"default","site-sidebar-style":"default","ast-global-header-display":"","ast-banner-title-visibility":"","ast-main-header-display":"","ast-hfb-above-header-display":"","ast-hfb-below-header-display":"","ast-hfb-mobile-header-display":"","site-post-title":"","ast-breadcrumbs-content":"","ast-featured-img":"","footer-sml-layout":"","theme-transparent-header-meta":"default","adv-header-id-meta":"","stick-header-meta":"","header-above-stick-meta":"","header-main-stick-meta":"","header-below-stick-meta":"","astra-migrate-meta-layouts":"set","ast-page-background-enabled":"default","ast-page-background-meta":{"desktop":{"background-color":"var(--ast-global-color-5)","background-image":"","background-repeat":"repeat","background-position":"center center","background-size":"auto","background-attachment":"scroll","background-type":"","background-media":"","overlay-type":"","overlay-color":"","overlay-opacity":"","overlay-gradient":""},"tablet":{"background-color":"","background-image":"","background-repeat":"repeat","background-position":"center center","background-size":"auto","background-attachment":"scroll","background-type":"","background-media":"","overlay-type":"","overlay-color":"","overlay-opacity":"","overlay-gradient":""},"mobile":{"background-color":"","background-image":"","background-repeat":"repeat","background-position":"center center","background-size":"auto","background-attachment":"scroll","background-type":"","background-media":"","overlay-type":"","overlay-color":"","overlay-opacity":"","overlay-gradient":""}},"ast-content-background-meta":{"desktop":{"background-color":"var(--ast-global-color-4)","background-image":"","background-repeat":"repeat","background-position":"center center","background-size":"auto","background-attachment":"scroll","background-type":"","background-media":"","overlay-type":"","overlay-color":"","overlay-opacity":"","overlay-gradient":""},"tablet":{"background-color":"var(--ast-global-color-4)","background-image":"","background-repeat":"repeat","background-position":"center center","background-size":"auto","background-attachment":"scroll","background-type":"","background-media":"","overlay-type":"","overlay-color":"","overlay-opacity":"","overlay-gradient":""},"mobile":{"background-color":"var(--ast-global-color-4)","background-image":"","background-repeat":"repeat","background-position":"center center","background-size":"auto","background-attachment":"scroll","background-type":"","background-media":"","overlay-type":"","overlay-color":"","overlay-opacity":"","overlay-gradient":""}}},"product_brand":[],"product_cat":[19],"product_tag":[],"class_list":{"0":"post-44208","1":"product","2":"type-product","3":"status-publish","4":"has-post-thumbnail","6":"product_cat-uncategorized","7":"pa_62409_rrl5ufwf-dyr","8":"pa_62409_rrl5ufwf-frugt","9":"pa_62409_rrl5ufwf-funky-klassiker","10":"pa_62409_rrl5ufwf-saet-med-3-stk","11":"desktop-align-left","12":"tablet-align-left","13":"mobile-align-left","15":"first","16":"instock","17":"shipping-taxable","18":"purchasable","19":"product-type-variable"},"_links":{"self":[{"href":"https:\/\/ecostera.com\/dk\/wp-json\/wp\/v2\/product\/44208","targetHints":{"allow":["GET"]}}],"collection":[{"href":"https:\/\/ecostera.com\/dk\/wp-json\/wp\/v2\/product"}],"about":[{"href":"https:\/\/ecostera.com\/dk\/wp-json\/wp\/v2\/types\/product"}],"replies":[{"embeddable":true,"href":"https:\/\/ecostera.com\/dk\/wp-json\/wp\/v2\/comments?post=44208"}],"wp:featuredmedia":[{"embeddable":true,"href":"https:\/\/ecostera.com\/dk\/wp-json\/wp\/v2\/media\/44204"}],"wp:attachment":[{"href":"https:\/\/ecostera.com\/dk\/wp-json\/wp\/v2\/media?parent=44208"}],"wp:term":[{"taxonomy":"product_brand","embeddable":true,"href":"https:\/\/ecostera.com\/dk\/wp-json\/wp\/v2\/product_brand?post=44208"},{"taxonomy":"product_cat","embeddable":true,"href":"https:\/\/ecostera.com\/dk\/wp-json\/wp\/v2\/product_cat?post=44208"},{"taxonomy":"product_tag","embeddable":true,"href":"https:\/\/ecostera.com\/dk\/wp-json\/wp\/v2\/product_tag?post=44208"}],"curies":[{"name":"wp","href":"https:\/\/api.w.org\/{rel}","templated":true}]}}