{"id":4424,"date":"2025-07-29T12:43:38","date_gmt":"2025-07-29T12:43:38","guid":{"rendered":"https:\/\/ecostera.com\/dk\/product\/smykker-med-perlevedhaeng\/"},"modified":"2025-09-30T11:04:58","modified_gmt":"2025-09-30T08:04:58","slug":"smykker-med-perlevedhaeng","status":"publish","type":"product","link":"https:\/\/ecostera.com\/dk\/product\/smykker-med-perlevedhaeng\/","title":{"rendered":"Smykker med perlevedh\u00e6ng"},"content":{"rendered":"<h2 class=\"\" style=\"text-align: center\" data-start=\"0\" data-end=\"31\">Stilfuldt og elegant design<\/h2>\n<p class=\"\" style=\"text-align: center\" data-start=\"32\" data-end=\"234\">Perlevedh\u00e6nget har et enkelt, men i\u00f8jnefaldende design med en glat perle og guldfarvede perler. Det giver et bl\u00f8dt, elegant touch til ethvert outfit. Perfekt til b\u00e5de afslappede og p\u00e6ne lejligheder.<\/p>\n<p data-start=\"32\" data-end=\"234\"><img decoding=\"async\" class=\"alignnone size-full wp-image-13981 aligncenter\" src=\"https:\/\/keluvo.com\/template\/wp-content\/uploads\/sites\/5\/2025\/04\/S1dd40ed737a946a49fc86ccc4033de015.jpg_960x960q75.jpg_.jpeg\" alt=\"\" \/><\/p>\n<h2 class=\"\" style=\"text-align: center\" data-start=\"236\" data-end=\"259\">H\u00e5ndlavet med omhu<\/h2>\n<p class=\"\" style=\"text-align: center\" data-start=\"260\" data-end=\"472\">Hvert stykke af dette perlevedh\u00e6ng er h\u00e5ndlavet med sans for detaljer. Den st\u00e6rke k\u00e6de og de omhyggeligt placerede perler g\u00f8r det b\u00e5de smukt og holdbart. Et godt valg til kvinder, der elsker unikt tilbeh\u00f8r.<\/p>\n<p data-start=\"260\" data-end=\"472\"><img decoding=\"async\" class=\"alignnone size-full wp-image-13983 aligncenter\" src=\"https:\/\/keluvo.com\/template\/wp-content\/uploads\/sites\/5\/2025\/04\/S3dc0f4f77ade4939a68076f446560a01O.jpg_960x960q75.jpg_.jpeg\" alt=\"\" \/><\/p>\n","protected":false},"excerpt":{"rendered":"<p>Stilfuldt og elegant design Perlevedh\u00e6nget har et enkelt, men i\u00f8jnefaldende design med en glat perle og guldfarvede perler. Det giver [&hellip;]<\/p>\n","protected":false},"featured_media":4420,"comment_status":"open","ping_status":"closed","template":"","meta":{"site-sidebar-layout":"default","site-content-layout":"","ast-site-content-layout":"default","site-content-style":"default","site-sidebar-style":"default","ast-global-header-display":"","ast-banner-title-visibility":"","ast-main-header-display":"","ast-hfb-above-header-display":"","ast-hfb-below-header-display":"","ast-hfb-mobile-header-display":"","site-post-title":"","ast-breadcrumbs-content":"","ast-featured-img":"","footer-sml-layout":"","theme-transparent-header-meta":"default","adv-header-id-meta":"","stick-header-meta":"","header-above-stick-meta":"","header-main-stick-meta":"","header-below-stick-meta":"","astra-migrate-meta-layouts":"set","ast-page-background-enabled":"default","ast-page-background-meta":{"desktop":{"background-color":"var(--ast-global-color-5)","background-image":"","background-repeat":"repeat","background-position":"center center","background-size":"auto","background-attachment":"scroll","background-type":"","background-media":"","overlay-type":"","overlay-color":"","overlay-opacity":"","overlay-gradient":""},"tablet":{"background-color":"","background-image":"","background-repeat":"repeat","background-position":"center center","background-size":"auto","background-attachment":"scroll","background-type":"","background-media":"","overlay-type":"","overlay-color":"","overlay-opacity":"","overlay-gradient":""},"mobile":{"background-color":"","background-image":"","background-repeat":"repeat","background-position":"center center","background-size":"auto","background-attachment":"scroll","background-type":"","background-media":"","overlay-type":"","overlay-color":"","overlay-opacity":"","overlay-gradient":""}},"ast-content-background-meta":{"desktop":{"background-color":"var(--ast-global-color-4)","background-image":"","background-repeat":"repeat","background-position":"center center","background-size":"auto","background-attachment":"scroll","background-type":"","background-media":"","overlay-type":"","overlay-color":"","overlay-opacity":"","overlay-gradient":""},"tablet":{"background-color":"var(--ast-global-color-4)","background-image":"","background-repeat":"repeat","background-position":"center center","background-size":"auto","background-attachment":"scroll","background-type":"","background-media":"","overlay-type":"","overlay-color":"","overlay-opacity":"","overlay-gradient":""},"mobile":{"background-color":"var(--ast-global-color-4)","background-image":"","background-repeat":"repeat","background-position":"center center","background-size":"auto","background-attachment":"scroll","background-type":"","background-media":"","overlay-type":"","overlay-color":"","overlay-opacity":"","overlay-gradient":""}}},"product_brand":[],"product_cat":[19],"product_tag":[],"class_list":{"0":"post-4424","1":"product","2":"type-product","3":"status-publish","4":"has-post-thumbnail","6":"product_cat-uncategorized","7":"pa_28161_ifb3hy9n-groen","8":"pa_28161_ifb3hy9n-hvid","9":"pa_28161_ifb3hy9n-roed","10":"pa_28161_ifb3hy9n-sort","11":"desktop-align-left","12":"tablet-align-left","13":"mobile-align-left","15":"first","16":"instock","17":"shipping-taxable","18":"purchasable","19":"product-type-variable"},"_links":{"self":[{"href":"https:\/\/ecostera.com\/dk\/wp-json\/wp\/v2\/product\/4424","targetHints":{"allow":["GET"]}}],"collection":[{"href":"https:\/\/ecostera.com\/dk\/wp-json\/wp\/v2\/product"}],"about":[{"href":"https:\/\/ecostera.com\/dk\/wp-json\/wp\/v2\/types\/product"}],"replies":[{"embeddable":true,"href":"https:\/\/ecostera.com\/dk\/wp-json\/wp\/v2\/comments?post=4424"}],"wp:featuredmedia":[{"embeddable":true,"href":"https:\/\/ecostera.com\/dk\/wp-json\/wp\/v2\/media\/4420"}],"wp:attachment":[{"href":"https:\/\/ecostera.com\/dk\/wp-json\/wp\/v2\/media?parent=4424"}],"wp:term":[{"taxonomy":"product_brand","embeddable":true,"href":"https:\/\/ecostera.com\/dk\/wp-json\/wp\/v2\/product_brand?post=4424"},{"taxonomy":"product_cat","embeddable":true,"href":"https:\/\/ecostera.com\/dk\/wp-json\/wp\/v2\/product_cat?post=4424"},{"taxonomy":"product_tag","embeddable":true,"href":"https:\/\/ecostera.com\/dk\/wp-json\/wp\/v2\/product_tag?post=4424"}],"curies":[{"name":"wp","href":"https:\/\/api.w.org\/{rel}","templated":true}]}}