{"id":44483,"date":"2025-12-26T15:50:54","date_gmt":"2025-12-26T13:50:54","guid":{"rendered":"https:\/\/ecostera.com\/dk\/product\/baerbar-minitoerrer\/"},"modified":"2025-12-29T21:24:31","modified_gmt":"2025-12-29T19:24:31","slug":"baerbar-minitoerrer","status":"publish","type":"product","link":"https:\/\/ecostera.com\/dk\/product\/baerbar-minitoerrer\/","title":{"rendered":"B\u00e6rbar minit\u00f8rrer"},"content":{"rendered":"<div class=\"flex max-w-full flex-col grow\">\n<div class=\"min-h-8 text-message relative flex w-full flex-col items-end gap-2 text-start break-words whitespace-normal [.text-message+&amp;]:mt-1\" dir=\"auto\" data-message-author-role=\"assistant\" data-message-id=\"7653627f-5402-4558-83d9-73134c0caccd\" data-message-model-slug=\"gpt-5-2\">\n<div class=\"flex w-full flex-col gap-1 empty:hidden first:pt-[1px]\">\n<div class=\"markdown prose dark:prose-invert w-full break-words light markdown-new-styling\">\n<p style=\"text-align: center;\" data-start=\"0\" data-end=\"61\"><strong data-start=\"0\" data-end=\"61\">T\u00f8r Dit T\u00f8j Hurtigt Overalt Uden Store Maskiner. \ud83e\uddf3<\/strong><\/p>\n<p style=\"text-align: center;\" data-start=\"63\" data-end=\"273\">Denne b\u00e6rbare minit\u00f8rretumbler er en kompakt, sammenklappelig l\u00f8sning til hurtig og j\u00e6vn t\u00f8rring derhjemme eller p\u00e5 farten. Den bruger 360\u00b0 varmluftscirkulation til at t\u00f8rre t\u00f8jet effektivt, mens det holdes friskt, rent og lugtfrit.<\/p>\n<p data-start=\"63\" data-end=\"273\"><img fetchpriority=\"high\" decoding=\"async\" class=\"size-full wp-image-46898 aligncenter\" src=\"https:\/\/keluvo.com\/template\/wp-content\/uploads\/sites\/5\/2025\/12\/122119-ezgif.com-video-to-webp-converter.webp\" alt=\"\" width=\"500\" height=\"500\" \/><\/p>\n<h2 style=\"text-align: center;\" data-start=\"280\" data-end=\"299\">\u2b50 Vigtigste fordele<\/h2>\n<p data-start=\"302\" data-end=\"383\">\ud83e\uddf3 Sammenklappelig &amp; b\u00e6rbar &#8211; Let at opbevare, perfekt til rejser og sm\u00e5 rum.<\/p>\n<p data-start=\"386\" data-end=\"448\">\ud83d\udd04 360\u00b0 varmluftst\u00f8rring &#8211; J\u00e6vn luftstr\u00f8m uden fugtige pletter.<\/p>\n<p data-start=\"451\" data-end=\"514\">\ud83e\udda0 Desinficerende varme &#8211; Hj\u00e6lper med at reducere bakterier og st\u00f8vmider.<\/p>\n<p data-start=\"517\" data-end=\"585\">\ud83c\udf2c\ufe0f Lugtfjernelse &#8211; Negativ ionteknologi holder t\u00f8jet friskt.<\/p>\n<p data-start=\"588\" data-end=\"651\">\ud83d\udd07 Lydsvag drift &#8211; Ideel til natbrug eller delte rum.<\/p>\n<p data-start=\"654\" data-end=\"708\">\ud83d\udc55 Stor kapacitet &#8211; Kan rumme op til 10 kg t\u00f8j.<\/p>\n<p data-start=\"654\" data-end=\"708\"><img decoding=\"async\" class=\"size-full wp-image-46897 aligncenter\" src=\"https:\/\/keluvo.com\/template\/wp-content\/uploads\/sites\/5\/2025\/12\/122120-ezgif.com-video-to-webp-converter.webp\" alt=\"\" width=\"500\" height=\"500\" \/><\/p>\n<h2 style=\"text-align: center;\" data-start=\"715\" data-end=\"732\">\u25b6\ufe0f S\u00e5dan Bruges<\/h2>\n<ol data-start=\"733\" data-end=\"946\">\n<li data-start=\"733\" data-end=\"786\">\n<p data-start=\"736\" data-end=\"786\">\u00c5bn t\u00f8rretumbleren, og placer den p\u00e5 en stabil overflade.<\/p>\n<\/li>\n<li data-start=\"787\" data-end=\"835\">\n<p data-start=\"790\" data-end=\"835\">H\u00e6ng t\u00f8jet j\u00e6vnt inde i t\u00f8rreomr\u00e5det.<\/p>\n<\/li>\n<li data-start=\"836\" data-end=\"865\">\n<p data-start=\"839\" data-end=\"865\">S\u00e6t str\u00f8mkablet i.<\/p>\n<\/li>\n<li data-start=\"866\" data-end=\"894\">\n<p data-start=\"869\" data-end=\"894\">V\u00e6lg en timerindstilling.<\/p>\n<\/li>\n<li data-start=\"895\" data-end=\"946\">\n<p data-start=\"898\" data-end=\"946\">Lad t\u00f8rretumbleren k\u00f8re, indtil t\u00f8jet er helt t\u00f8rt.<\/p>\n<\/li>\n<\/ol>\n<h2 style=\"text-align: center;\" data-start=\"953\" data-end=\"975\">\ud83d\udccf Produktdetaljer<\/h2>\n<ul data-start=\"976\" data-end=\"1220\">\n<li data-start=\"1014\" data-end=\"1030\">\n<p data-start=\"1016\" data-end=\"1030\">Farve: Hvid<\/p>\n<\/li>\n<li data-start=\"1031\" data-end=\"1046\">\n<p data-start=\"1033\" data-end=\"1046\">Effekt: 600W<\/p>\n<\/li>\n<li data-start=\"1047\" data-end=\"1079\">\n<p data-start=\"1049\" data-end=\"1079\">Vsp\u00e6ndingsmuligheder: 110V \/ 220V<\/p>\n<\/li>\n<li data-start=\"1080\" data-end=\"1111\">\n<p data-start=\"1082\" data-end=\"1111\">Opvarmningsmetode: PTC varmluft<\/p>\n<\/li>\n<li data-start=\"1112\" data-end=\"1136\">\n<p data-start=\"1114\" data-end=\"1136\">Kapacitet: Op til 10 kg<\/p>\n<\/li>\n<li data-start=\"1137\" data-end=\"1154\">\n<p data-start=\"1139\" data-end=\"1154\">V\u00e6gt: 1,5 kg<\/p>\n<\/li>\n<li data-start=\"1155\" data-end=\"1191\">\n<p data-start=\"1157\" data-end=\"1191\">Beslagsmateriale: Aluminiumslegering<\/p>\n<\/li>\n<li data-start=\"1192\" data-end=\"1220\">\n<p data-start=\"1194\" data-end=\"1220\">Stiktype: EU-stik<\/p>\n<\/li>\n<li data-start=\"1192\" data-end=\"1220\">St\u00f8rrelse: 94,5 x 54 x 25 cm<\/li>\n<\/ul>\n<h2 style=\"text-align: center;\" data-start=\"1227\" data-end=\"1250\">\ud83d\udce6 Pakken indeholder<\/h2>\n<ul data-start=\"1251\" data-end=\"1276\" data-is-last-node=\"\" data-is-only-node=\"\">\n<li data-start=\"1251\" data-end=\"1276\" data-is-last-node=\"\">\n<p data-start=\"1253\" data-end=\"1276\" data-is-last-node=\"\">1x b\u00e6rbar minit\u00f8rrer.<\/p>\n<\/li>\n<\/ul>\n<\/div>\n<\/div>\n<\/div>\n<\/div>\n","protected":false},"excerpt":{"rendered":"<p>T\u00f8r Dit T\u00f8j Hurtigt Overalt Uden Store Maskiner. \ud83e\uddf3 Denne b\u00e6rbare minit\u00f8rretumbler er en kompakt, sammenklappelig l\u00f8sning til hurtig og [&hellip;]<\/p>\n","protected":false},"featured_media":44479,"comment_status":"open","ping_status":"closed","template":"","meta":{"site-sidebar-layout":"default","site-content-layout":"","ast-site-content-layout":"default","site-content-style":"default","site-sidebar-style":"default","ast-global-header-display":"","ast-banner-title-visibility":"","ast-main-header-display":"","ast-hfb-above-header-display":"","ast-hfb-below-header-display":"","ast-hfb-mobile-header-display":"","site-post-title":"","ast-breadcrumbs-content":"","ast-featured-img":"","footer-sml-layout":"","theme-transparent-header-meta":"default","adv-header-id-meta":"","stick-header-meta":"","header-above-stick-meta":"","header-main-stick-meta":"","header-below-stick-meta":"","astra-migrate-meta-layouts":"set","ast-page-background-enabled":"default","ast-page-background-meta":{"desktop":{"background-color":"var(--ast-global-color-5)","background-image":"","background-repeat":"repeat","background-position":"center center","background-size":"auto","background-attachment":"scroll","background-type":"","background-media":"","overlay-type":"","overlay-color":"","overlay-opacity":"","overlay-gradient":""},"tablet":{"background-color":"","background-image":"","background-repeat":"repeat","background-position":"center center","background-size":"auto","background-attachment":"scroll","background-type":"","background-media":"","overlay-type":"","overlay-color":"","overlay-opacity":"","overlay-gradient":""},"mobile":{"background-color":"","background-image":"","background-repeat":"repeat","background-position":"center center","background-size":"auto","background-attachment":"scroll","background-type":"","background-media":"","overlay-type":"","overlay-color":"","overlay-opacity":"","overlay-gradient":""}},"ast-content-background-meta":{"desktop":{"background-color":"var(--ast-global-color-4)","background-image":"","background-repeat":"repeat","background-position":"center center","background-size":"auto","background-attachment":"scroll","background-type":"","background-media":"","overlay-type":"","overlay-color":"","overlay-opacity":"","overlay-gradient":""},"tablet":{"background-color":"var(--ast-global-color-4)","background-image":"","background-repeat":"repeat","background-position":"center center","background-size":"auto","background-attachment":"scroll","background-type":"","background-media":"","overlay-type":"","overlay-color":"","overlay-opacity":"","overlay-gradient":""},"mobile":{"background-color":"var(--ast-global-color-4)","background-image":"","background-repeat":"repeat","background-position":"center center","background-size":"auto","background-attachment":"scroll","background-type":"","background-media":"","overlay-type":"","overlay-color":"","overlay-opacity":"","overlay-gradient":""}}},"product_brand":[],"product_cat":[19],"product_tag":[],"class_list":{"0":"post-44483","1":"product","2":"type-product","3":"status-publish","4":"has-post-thumbnail","6":"product_cat-uncategorized","7":"desktop-align-left","8":"tablet-align-left","9":"mobile-align-left","11":"first","12":"instock","13":"shipping-taxable","14":"purchasable","15":"product-type-simple"},"_links":{"self":[{"href":"https:\/\/ecostera.com\/dk\/wp-json\/wp\/v2\/product\/44483","targetHints":{"allow":["GET"]}}],"collection":[{"href":"https:\/\/ecostera.com\/dk\/wp-json\/wp\/v2\/product"}],"about":[{"href":"https:\/\/ecostera.com\/dk\/wp-json\/wp\/v2\/types\/product"}],"replies":[{"embeddable":true,"href":"https:\/\/ecostera.com\/dk\/wp-json\/wp\/v2\/comments?post=44483"}],"wp:featuredmedia":[{"embeddable":true,"href":"https:\/\/ecostera.com\/dk\/wp-json\/wp\/v2\/media\/44479"}],"wp:attachment":[{"href":"https:\/\/ecostera.com\/dk\/wp-json\/wp\/v2\/media?parent=44483"}],"wp:term":[{"taxonomy":"product_brand","embeddable":true,"href":"https:\/\/ecostera.com\/dk\/wp-json\/wp\/v2\/product_brand?post=44483"},{"taxonomy":"product_cat","embeddable":true,"href":"https:\/\/ecostera.com\/dk\/wp-json\/wp\/v2\/product_cat?post=44483"},{"taxonomy":"product_tag","embeddable":true,"href":"https:\/\/ecostera.com\/dk\/wp-json\/wp\/v2\/product_tag?post=44483"}],"curies":[{"name":"wp","href":"https:\/\/api.w.org\/{rel}","templated":true}]}}