{"id":44538,"date":"2025-12-26T15:56:04","date_gmt":"2025-12-26T13:56:04","guid":{"rendered":"https:\/\/ecostera.com\/dk\/product\/dekompressionsbaelte\/"},"modified":"2025-12-29T21:34:17","modified_gmt":"2025-12-29T19:34:17","slug":"dekompressionsbaelte","status":"publish","type":"product","link":"https:\/\/ecostera.com\/dk\/product\/dekompressionsbaelte\/","title":{"rendered":"Dekompressionsb\u00e6lte"},"content":{"rendered":"<p style=\"text-align: center;\" data-start=\"43\" data-end=\"117\"><strong>Lindre L\u00e6ndesmerter Ved Forsigtigt At Dekomprimere Og St\u00f8tte Din Rygs\u00f8jle. \ud83e\uddb4<\/strong><\/p>\n<p style=\"text-align: center;\" data-start=\"142\" data-end=\"554\">Dette dekompressionsb\u00e6lte bruger luft til at fjerne trykket fra din l\u00e6nd og hj\u00e6lper med at reducere smerter for\u00e5rsaget af langvarigt siddende arbejde, tungt arbejde eller rygproblemer. N\u00e5r b\u00e6ltet er oppustet, str\u00e6kker det forsigtigt rygs\u00f8jlen, skaber plads mellem ryghvirvlerne og reducerer trykket p\u00e5 skiver og nerver. Det er ideelt til daglig brug i hjemmet, p\u00e5 arbejdet, i bilen eller til genoptr\u00e6ning og giver din ryg st\u00f8tte uden medicin eller invasive behandlinger.<\/p>\n<p data-start=\"142\" data-end=\"554\"><img fetchpriority=\"high\" decoding=\"async\" class=\"size-full wp-image-46949 aligncenter\" src=\"https:\/\/keluvo.com\/template\/wp-content\/uploads\/sites\/5\/2025\/12\/122127-ezgif.com-video-to-webp-converter.webp\" alt=\"\" width=\"500\" height=\"281\" \/><\/p>\n<h2 style=\"text-align: center;\" data-start=\"561\" data-end=\"582\">\u2b50 Vigtigste fordele<\/h2>\n<p data-start=\"585\" data-end=\"661\">\ud83d\udca8 St\u00f8tte til dekompression af rygs\u00f8jlen &#8211; Reducerer trykket p\u00e5 skiver og nerver.<\/p>\n<p data-start=\"664\" data-end=\"753\">\ud83e\uddb4 Lindrer smerter i l\u00e6nden &#8211; Hj\u00e6lper med diskusprolaps, udbuling og degenerative skiver.<\/p>\n<p data-start=\"756\" data-end=\"818\">\ud83e\uddcd Forbedrer kropsholdningen &#8211; Stabiliserer l\u00e6nden og kernen.<\/p>\n<p data-start=\"821\" data-end=\"891\">\ud83d\udcaa Styrker kernemusklerne &#8211; St\u00f8tter rygs\u00f8jlen under bev\u00e6gelse.<\/p>\n<p data-start=\"894\" data-end=\"970\">\ud83d\ude97 Perfekt til lange sidde- eller k\u00f8reture &#8211; Reducerer stivhed og tr\u00e6thed.<\/p>\n<p data-start=\"973\" data-end=\"1050\">\ud83d\udecf\ufe0f Hj\u00e6lper med daglig restitution &#8211; Ideel til arbejde, hvile og s\u00f8vnst\u00f8tte.<\/p>\n<p data-start=\"973\" data-end=\"1050\"><img decoding=\"async\" class=\"size-full wp-image-46948 aligncenter\" src=\"https:\/\/keluvo.com\/template\/wp-content\/uploads\/sites\/5\/2025\/12\/122128-ezgif.com-video-to-webp-converter.webp\" alt=\"\" width=\"500\" height=\"281\" \/><\/p>\n<h2 style=\"text-align: center;\" data-start=\"1057\" data-end=\"1077\">\ud83d\udee0\ufe0f S\u00e5dan Bruges<\/h2>\n<ol data-start=\"1078\" data-end=\"1348\">\n<li data-start=\"1078\" data-end=\"1152\">\n<p data-start=\"1081\" data-end=\"1152\">Vind b\u00e6ltet rundt om livet og fastg\u00f8r det med velcrob\u00e5ndene.<\/p>\n<\/li>\n<li data-start=\"1153\" data-end=\"1191\">\n<p data-start=\"1156\" data-end=\"1191\">S\u00e6t luftpumpen p\u00e5 ventilen.<\/p>\n<\/li>\n<li data-start=\"1192\" data-end=\"1257\">\n<p data-start=\"1195\" data-end=\"1257\">Pump langsomt luft ind, indtil du f\u00f8ler en fast, men behagelig st\u00f8tte.<\/p>\n<\/li>\n<li data-start=\"1258\" data-end=\"1304\">\n<p data-start=\"1261\" data-end=\"1304\">B\u00e6res i 20-30 minutter eller som anbefalet.<\/p>\n<\/li>\n<li data-start=\"1305\" data-end=\"1348\">\n<p data-start=\"1308\" data-end=\"1348\">T\u00f8m luften efter brug, og tag b\u00e6ltet af.<\/p>\n<\/li>\n<\/ol>\n<h2 style=\"text-align: center;\" data-start=\"1355\" data-end=\"1379\">\ud83d\udccf Produktdetaljer<\/h2>\n<ul data-start=\"1380\" data-end=\"1730\">\n<li data-start=\"1380\" data-end=\"1414\">\n<p data-start=\"1382\" data-end=\"1414\">Ydre lag: PU (polyurethan)<\/p>\n<\/li>\n<li data-start=\"1415\" data-end=\"1438\">\n<p data-start=\"1417\" data-end=\"1438\">Indre lag: Bomuld<\/p>\n<\/li>\n<li data-start=\"1439\" data-end=\"1481\">\n<p data-start=\"1441\" data-end=\"1481\">Luftinflationslag: TPU bl\u00f8dt materiale<\/p>\n<\/li>\n<li data-start=\"1482\" data-end=\"1522\">\n<p data-start=\"1484\" data-end=\"1522\">Talje st\u00f8rrelse: 73-122 cm<\/p>\n<\/li>\n<li data-start=\"1523\" data-end=\"1560\">\n<p data-start=\"1525\" data-end=\"1560\">Tr\u00e6kkraftb\u00e6ltel\u00e6ngde: 110 cm<\/p>\n<\/li>\n<li data-start=\"1561\" data-end=\"1598\">\n<p data-start=\"1563\" data-end=\"1598\">Forl\u00e6ngelsesb\u00e6ltel\u00e6ngde: 20 cm<\/p>\n<\/li>\n<li data-start=\"1599\" data-end=\"1637\">\n<p data-start=\"1601\" data-end=\"1637\">Bredde f\u00f8r oppustning: 13 cm<\/p>\n<\/li>\n<li data-start=\"1638\" data-end=\"1675\">\n<p data-start=\"1640\" data-end=\"1675\">Bredde efter oppustning: 20 cm<\/p>\n<\/li>\n<li data-start=\"1676\" data-end=\"1730\">\n<p data-start=\"1678\" data-end=\"1730\">Funktion: Lumbal dekompression og holdningsst\u00f8tte<\/p>\n<\/li>\n<\/ul>\n<h2 style=\"text-align: center;\" data-start=\"1737\" data-end=\"1762\">\ud83d\udce6 Pakken indeholder<\/h2>\n<ul data-start=\"1763\" data-end=\"1847\" data-is-last-node=\"\" data-is-only-node=\"\">\n<li data-start=\"1763\" data-end=\"1789\">\n<p data-start=\"1765\" data-end=\"1789\">1x dekompressionsb\u00e6lte<\/p>\n<\/li>\n<li data-start=\"1790\" data-end=\"1806\">\n<p data-start=\"1792\" data-end=\"1806\">1x luftpumpe<\/p>\n<\/li>\n<li data-start=\"1807\" data-end=\"1829\">\n<p data-start=\"1809\" data-end=\"1829\">1x forl\u00e6ngerb\u00e6lte<\/p>\n<\/li>\n<li data-start=\"1830\" data-end=\"1847\" data-is-last-node=\"\">\n<p data-start=\"1832\" data-end=\"1847\" data-is-last-node=\"\">1x brugervejledning.<\/p>\n<\/li>\n<\/ul>\n","protected":false},"excerpt":{"rendered":"<p>Lindre L\u00e6ndesmerter Ved Forsigtigt At Dekomprimere Og St\u00f8tte Din Rygs\u00f8jle. \ud83e\uddb4 Dette dekompressionsb\u00e6lte bruger luft til at fjerne trykket fra [&hellip;]<\/p>\n","protected":false},"featured_media":44534,"comment_status":"open","ping_status":"closed","template":"","meta":{"site-sidebar-layout":"default","site-content-layout":"","ast-site-content-layout":"default","site-content-style":"default","site-sidebar-style":"default","ast-global-header-display":"","ast-banner-title-visibility":"","ast-main-header-display":"","ast-hfb-above-header-display":"","ast-hfb-below-header-display":"","ast-hfb-mobile-header-display":"","site-post-title":"","ast-breadcrumbs-content":"","ast-featured-img":"","footer-sml-layout":"","theme-transparent-header-meta":"default","adv-header-id-meta":"","stick-header-meta":"","header-above-stick-meta":"","header-main-stick-meta":"","header-below-stick-meta":"","astra-migrate-meta-layouts":"set","ast-page-background-enabled":"default","ast-page-background-meta":{"desktop":{"background-color":"var(--ast-global-color-5)","background-image":"","background-repeat":"repeat","background-position":"center center","background-size":"auto","background-attachment":"scroll","background-type":"","background-media":"","overlay-type":"","overlay-color":"","overlay-opacity":"","overlay-gradient":""},"tablet":{"background-color":"","background-image":"","background-repeat":"repeat","background-position":"center center","background-size":"auto","background-attachment":"scroll","background-type":"","background-media":"","overlay-type":"","overlay-color":"","overlay-opacity":"","overlay-gradient":""},"mobile":{"background-color":"","background-image":"","background-repeat":"repeat","background-position":"center center","background-size":"auto","background-attachment":"scroll","background-type":"","background-media":"","overlay-type":"","overlay-color":"","overlay-opacity":"","overlay-gradient":""}},"ast-content-background-meta":{"desktop":{"background-color":"var(--ast-global-color-4)","background-image":"","background-repeat":"repeat","background-position":"center center","background-size":"auto","background-attachment":"scroll","background-type":"","background-media":"","overlay-type":"","overlay-color":"","overlay-opacity":"","overlay-gradient":""},"tablet":{"background-color":"var(--ast-global-color-4)","background-image":"","background-repeat":"repeat","background-position":"center center","background-size":"auto","background-attachment":"scroll","background-type":"","background-media":"","overlay-type":"","overlay-color":"","overlay-opacity":"","overlay-gradient":""},"mobile":{"background-color":"var(--ast-global-color-4)","background-image":"","background-repeat":"repeat","background-position":"center center","background-size":"auto","background-attachment":"scroll","background-type":"","background-media":"","overlay-type":"","overlay-color":"","overlay-opacity":"","overlay-gradient":""}}},"product_brand":[],"product_cat":[19],"product_tag":[],"class_list":{"0":"post-44538","1":"product","2":"type-product","3":"status-publish","4":"has-post-thumbnail","6":"product_cat-uncategorized","7":"pa_62785_d10w2zj5-beige","8":"pa_62785_d10w2zj5-sort","9":"desktop-align-left","10":"tablet-align-left","11":"mobile-align-left","13":"first","14":"instock","15":"shipping-taxable","16":"purchasable","17":"product-type-variable"},"_links":{"self":[{"href":"https:\/\/ecostera.com\/dk\/wp-json\/wp\/v2\/product\/44538","targetHints":{"allow":["GET"]}}],"collection":[{"href":"https:\/\/ecostera.com\/dk\/wp-json\/wp\/v2\/product"}],"about":[{"href":"https:\/\/ecostera.com\/dk\/wp-json\/wp\/v2\/types\/product"}],"replies":[{"embeddable":true,"href":"https:\/\/ecostera.com\/dk\/wp-json\/wp\/v2\/comments?post=44538"}],"wp:featuredmedia":[{"embeddable":true,"href":"https:\/\/ecostera.com\/dk\/wp-json\/wp\/v2\/media\/44534"}],"wp:attachment":[{"href":"https:\/\/ecostera.com\/dk\/wp-json\/wp\/v2\/media?parent=44538"}],"wp:term":[{"taxonomy":"product_brand","embeddable":true,"href":"https:\/\/ecostera.com\/dk\/wp-json\/wp\/v2\/product_brand?post=44538"},{"taxonomy":"product_cat","embeddable":true,"href":"https:\/\/ecostera.com\/dk\/wp-json\/wp\/v2\/product_cat?post=44538"},{"taxonomy":"product_tag","embeddable":true,"href":"https:\/\/ecostera.com\/dk\/wp-json\/wp\/v2\/product_tag?post=44538"}],"curies":[{"name":"wp","href":"https:\/\/api.w.org\/{rel}","templated":true}]}}