{"id":4460,"date":"2025-07-29T12:47:48","date_gmt":"2025-07-29T12:47:48","guid":{"rendered":"https:\/\/ecostera.com\/dk\/product\/tebrygger\/"},"modified":"2025-09-22T18:37:01","modified_gmt":"2025-09-22T15:37:01","slug":"tebrygger","status":"publish","type":"product","link":"https:\/\/ecostera.com\/dk\/product\/tebrygger\/","title":{"rendered":"Tebrygger"},"content":{"rendered":"<h2 style=\"text-align: center\" data-start=\"59\" data-end=\"76\">Let at bruge<\/h2>\n<p class=\"\" style=\"text-align: center\" data-start=\"77\" data-end=\"271\">Tebryggeren er designet til enkel og hurtig tebrygning. Bare tils\u00e6t din te og varmt vand, og h\u00e6ld derefter let op ved hj\u00e6lp af sideh\u00e5ndtaget. Den er perfekt til et afslappet te-\u00f8jeblik derhjemme eller udend\u00f8rs.<\/p>\n<p data-start=\"77\" data-end=\"271\"><img decoding=\"async\" class=\"alignnone size-full wp-image-14085 aligncenter\" src=\"https:\/\/keluvo.com\/template\/wp-content\/uploads\/sites\/5\/2025\/04\/Sb47ceceaa06a4065b6c057614709c75dk.jpg_960x960q75.jpg_.jpeg\" alt=\"\" \/><\/p>\n<h2 style=\"text-align: center\" data-start=\"273\" data-end=\"297\">Stilfuld Og St\u00e6rk<\/h2>\n<p class=\"\" style=\"text-align: center\" data-start=\"298\" data-end=\"476\">Denne tebrygger er lavet af st\u00e6rkt keramisk materiale, der holder l\u00e6nge og holder godt p\u00e5 varmen. Den glatte overflade og den rige farve giver den et rent, moderne look med et strejf af tradition.<\/p>\n<p data-start=\"298\" data-end=\"476\"><img decoding=\"async\" class=\"alignnone size-full wp-image-14084 aligncenter\" src=\"https:\/\/keluvo.com\/template\/wp-content\/uploads\/sites\/5\/2025\/04\/S3164699ffe874da4b897b0df0a556a66P.jpg_960x960q75.jpg_.jpeg\" alt=\"\" \/><\/p>\n","protected":false},"excerpt":{"rendered":"<p>Let at bruge Tebryggeren er designet til enkel og hurtig tebrygning. Bare tils\u00e6t din te og varmt vand, og h\u00e6ld [&hellip;]<\/p>\n","protected":false},"featured_media":4456,"comment_status":"open","ping_status":"closed","template":"","meta":{"site-sidebar-layout":"default","site-content-layout":"","ast-site-content-layout":"default","site-content-style":"default","site-sidebar-style":"default","ast-global-header-display":"","ast-banner-title-visibility":"","ast-main-header-display":"","ast-hfb-above-header-display":"","ast-hfb-below-header-display":"","ast-hfb-mobile-header-display":"","site-post-title":"","ast-breadcrumbs-content":"","ast-featured-img":"","footer-sml-layout":"","theme-transparent-header-meta":"default","adv-header-id-meta":"","stick-header-meta":"","header-above-stick-meta":"","header-main-stick-meta":"","header-below-stick-meta":"","astra-migrate-meta-layouts":"set","ast-page-background-enabled":"default","ast-page-background-meta":{"desktop":{"background-color":"var(--ast-global-color-5)","background-image":"","background-repeat":"repeat","background-position":"center center","background-size":"auto","background-attachment":"scroll","background-type":"","background-media":"","overlay-type":"","overlay-color":"","overlay-opacity":"","overlay-gradient":""},"tablet":{"background-color":"","background-image":"","background-repeat":"repeat","background-position":"center center","background-size":"auto","background-attachment":"scroll","background-type":"","background-media":"","overlay-type":"","overlay-color":"","overlay-opacity":"","overlay-gradient":""},"mobile":{"background-color":"","background-image":"","background-repeat":"repeat","background-position":"center center","background-size":"auto","background-attachment":"scroll","background-type":"","background-media":"","overlay-type":"","overlay-color":"","overlay-opacity":"","overlay-gradient":""}},"ast-content-background-meta":{"desktop":{"background-color":"var(--ast-global-color-4)","background-image":"","background-repeat":"repeat","background-position":"center center","background-size":"auto","background-attachment":"scroll","background-type":"","background-media":"","overlay-type":"","overlay-color":"","overlay-opacity":"","overlay-gradient":""},"tablet":{"background-color":"var(--ast-global-color-4)","background-image":"","background-repeat":"repeat","background-position":"center center","background-size":"auto","background-attachment":"scroll","background-type":"","background-media":"","overlay-type":"","overlay-color":"","overlay-opacity":"","overlay-gradient":""},"mobile":{"background-color":"var(--ast-global-color-4)","background-image":"","background-repeat":"repeat","background-position":"center center","background-size":"auto","background-attachment":"scroll","background-type":"","background-media":"","overlay-type":"","overlay-color":"","overlay-opacity":"","overlay-gradient":""}}},"product_brand":[],"product_cat":[19],"product_tag":[],"class_list":{"0":"post-4460","1":"product","2":"type-product","3":"status-publish","4":"has-post-thumbnail","6":"product_cat-uncategorized","7":"pa_30971_355igkde-blaa","8":"pa_30971_355igkde-groen","9":"pa_30971_355igkde-gul","10":"pa_30971_355igkde-hvid","11":"pa_30971_355igkde-roed","12":"pa_30971_355igkde-sort","13":"desktop-align-left","14":"tablet-align-left","15":"mobile-align-left","17":"first","18":"instock","19":"shipping-taxable","20":"purchasable","21":"product-type-variable"},"_links":{"self":[{"href":"https:\/\/ecostera.com\/dk\/wp-json\/wp\/v2\/product\/4460","targetHints":{"allow":["GET"]}}],"collection":[{"href":"https:\/\/ecostera.com\/dk\/wp-json\/wp\/v2\/product"}],"about":[{"href":"https:\/\/ecostera.com\/dk\/wp-json\/wp\/v2\/types\/product"}],"replies":[{"embeddable":true,"href":"https:\/\/ecostera.com\/dk\/wp-json\/wp\/v2\/comments?post=4460"}],"wp:featuredmedia":[{"embeddable":true,"href":"https:\/\/ecostera.com\/dk\/wp-json\/wp\/v2\/media\/4456"}],"wp:attachment":[{"href":"https:\/\/ecostera.com\/dk\/wp-json\/wp\/v2\/media?parent=4460"}],"wp:term":[{"taxonomy":"product_brand","embeddable":true,"href":"https:\/\/ecostera.com\/dk\/wp-json\/wp\/v2\/product_brand?post=4460"},{"taxonomy":"product_cat","embeddable":true,"href":"https:\/\/ecostera.com\/dk\/wp-json\/wp\/v2\/product_cat?post=4460"},{"taxonomy":"product_tag","embeddable":true,"href":"https:\/\/ecostera.com\/dk\/wp-json\/wp\/v2\/product_tag?post=4460"}],"curies":[{"name":"wp","href":"https:\/\/api.w.org\/{rel}","templated":true}]}}