{"id":44613,"date":"2025-12-26T16:02:50","date_gmt":"2025-12-26T14:02:50","guid":{"rendered":"https:\/\/ecostera.com\/dk\/product\/skridsikre-babysko\/"},"modified":"2025-12-29T21:46:52","modified_gmt":"2025-12-29T19:46:52","slug":"skridsikre-babysko","status":"publish","type":"product","link":"https:\/\/ecostera.com\/dk\/product\/skridsikre-babysko\/","title":{"rendered":"Skridsikre babysko"},"content":{"rendered":"<p style=\"text-align: center;\" data-start=\"44\" data-end=\"116\"><strong>Holder din baby sikker, stabil og komfortabel for hvert skridt, den tager. \ud83d\udc76<\/strong><\/p>\n<p style=\"text-align: center;\" data-start=\"141\" data-end=\"527\">Disse skridsikre babysko er designet til at beskytte sm\u00e5 f\u00f8dder, mens de hj\u00e6lper babyer med at bev\u00e6ge sig med selvtillid, n\u00e5r de kravler, st\u00e5r og g\u00e5r. Den s\u00e6rlige skridsikre s\u00e5l griber fat i gulvet for at reducere antallet af fald, mens det \u00e5ndbare mesh holder f\u00f8dderne k\u00f8lige og t\u00f8rre hele dagen. Med en bl\u00f8d elastisk krave og forst\u00e6rket t\u00e5 sidder disse sko godt fast p\u00e5 foden og beskytter t\u00e6erne under aktiv leg og udforskning.<\/p>\n<p data-start=\"141\" data-end=\"527\"><img fetchpriority=\"high\" decoding=\"async\" class=\"size-full wp-image-47015 aligncenter\" src=\"https:\/\/keluvo.com\/template\/wp-content\/uploads\/sites\/5\/2025\/12\/ChaussuresSouplesRespirantespourBebeMonAdorableBebe6.webp\" alt=\"\" width=\"450\" height=\"450\" \/><\/p>\n<h2 style=\"text-align: center;\" data-start=\"534\" data-end=\"555\">\u2b50 Vigtigste fordele<\/h2>\n<p data-start=\"558\" data-end=\"632\">\ud83d\udc76 Total skridsikkerhed \u2013 Mikro-suges\u00e5l griber fat i enhver overflade.<\/p>\n<p data-start=\"635\" data-end=\"710\">\ud83e\uddb6 Naturlig bev\u00e6gelse \u2013 Fleksibel s\u00e5l underst\u00f8tter sund fodudvikling.<\/p>\n<p data-start=\"713\" data-end=\"782\">\ud83c\udf2c\ufe0f Maksimal \u00e5ndbarhed \u2013 Mesh-stof holder f\u00f8dderne k\u00f8lige og t\u00f8rre.<\/p>\n<p data-start=\"785\" data-end=\"856\">\ud83d\udee1\ufe0f T\u00e5beskyttelse \u2013 Forst\u00e6rket t\u00e5kappe absorberer bump og st\u00f8d.<\/p>\n<p data-start=\"859\" data-end=\"932\">\ud83d\udc55 Nem at tage p\u00e5 \u2013 Elastisk krave sidder godt fast uden at glide af.<\/p>\n<p data-start=\"935\" data-end=\"992\">\ud83d\udc95 Komfort hele dagen \u2013 Bl\u00f8de, allergivenlige materialer.<\/p>\n<p data-start=\"935\" data-end=\"992\"><img decoding=\"async\" class=\"size-full wp-image-47016 aligncenter\" src=\"https:\/\/keluvo.com\/template\/wp-content\/uploads\/sites\/5\/2025\/12\/ChaussuresSouplesRespirantespourBebeMonAdorableBebe9.webp\" alt=\"\" width=\"400\" height=\"400\" \/><\/p>\n<h2 style=\"text-align: center;\" data-start=\"999\" data-end=\"1018\">\ud83d\udc5f S\u00e5dan bruges<\/h2>\n<ol data-start=\"1019\" data-end=\"1267\">\n<li data-start=\"1019\" data-end=\"1085\">\n<p data-start=\"1022\" data-end=\"1085\">Skub barnets fod ind i skoen ved hj\u00e6lp af den elastiske krave.<\/p>\n<\/li>\n<li data-start=\"1086\" data-end=\"1137\">\n<p data-start=\"1089\" data-end=\"1137\">S\u00f8rg for, at h\u00e6len sidder godt fast for et sikkert greb.<\/p>\n<\/li>\n<li data-start=\"1138\" data-end=\"1201\">\n<p data-start=\"1141\" data-end=\"1201\">Lad dit barn kravle, st\u00e5 eller g\u00e5 frit p\u00e5 enhver overflade.<\/p>\n<\/li>\n<li data-start=\"1202\" data-end=\"1267\">\n<p data-start=\"1205\" data-end=\"1267\">Fjern let ved forsigtigt at tr\u00e6kke fra h\u00e6len, n\u00e5r du er f\u00e6rdig.<\/p>\n<\/li>\n<\/ol>\n<h2 style=\"text-align: center;\" data-start=\"1274\" data-end=\"1298\">\ud83d\udccf Produktoplysninger<\/h2>\n<ul data-start=\"1299\" data-end=\"1556\">\n<li data-start=\"1299\" data-end=\"1349\">\n<p data-start=\"1301\" data-end=\"1349\">S\u00e5ltype: Skridsikker gummis\u00e5l med mikrosugning<\/p>\n<\/li>\n<li data-start=\"1350\" data-end=\"1398\">\n<p data-start=\"1352\" data-end=\"1398\">Overdelens materiale: Ultra-\u00e5ndbart mesh-stof<\/p>\n<\/li>\n<li data-start=\"1399\" data-end=\"1442\">\n<p data-start=\"1401\" data-end=\"1442\">Snit: Elastisk krave med hukommelsesudvidelse<\/p>\n<\/li>\n<li data-start=\"1443\" data-end=\"1477\">\n<p data-start=\"1445\" data-end=\"1477\">Beskyttelse: Forst\u00e6rket t\u00e5kappe<\/p>\n<\/li>\n<li data-start=\"1478\" data-end=\"1556\">\n<p data-start=\"1480\" data-end=\"1556\">Komfortfunktioner: St\u00f8dabsorbering, lugtforebyggelse, allergivenligt design<\/p>\n<\/li>\n<li data-start=\"1478\" data-end=\"1556\">St\u00f8rrelser: \u00a013 (11,5 cm), 15 (12,5 cm), 17 (13,5 cm), 19 (14,5 cm), 21 (15,5 cm), 23 (16,5 cm)<\/li>\n<\/ul>\n<h2 style=\"text-align: center;\" data-start=\"1563\" data-end=\"1588\">\ud83d\udce6 Pakken indeholder<\/h2>\n<ul data-start=\"1589\" data-end=\"1622\" data-is-last-node=\"\" data-is-only-node=\"\">\n<li data-start=\"1589\" data-end=\"1622\" data-is-last-node=\"\">\n<p data-start=\"1591\" data-end=\"1622\" data-is-last-node=\"\">1x par skridsikre babysko.<\/p>\n<\/li>\n<\/ul>\n","protected":false},"excerpt":{"rendered":"<p>Holder din baby sikker, stabil og komfortabel for hvert skridt, den tager. \ud83d\udc76 Disse skridsikre babysko er designet til at [&hellip;]<\/p>\n","protected":false},"featured_media":44610,"comment_status":"open","ping_status":"closed","template":"","meta":{"site-sidebar-layout":"default","site-content-layout":"","ast-site-content-layout":"default","site-content-style":"default","site-sidebar-style":"default","ast-global-header-display":"","ast-banner-title-visibility":"","ast-main-header-display":"","ast-hfb-above-header-display":"","ast-hfb-below-header-display":"","ast-hfb-mobile-header-display":"","site-post-title":"","ast-breadcrumbs-content":"","ast-featured-img":"","footer-sml-layout":"","theme-transparent-header-meta":"default","adv-header-id-meta":"","stick-header-meta":"","header-above-stick-meta":"","header-main-stick-meta":"","header-below-stick-meta":"","astra-migrate-meta-layouts":"set","ast-page-background-enabled":"default","ast-page-background-meta":{"desktop":{"background-color":"var(--ast-global-color-5)","background-image":"","background-repeat":"repeat","background-position":"center center","background-size":"auto","background-attachment":"scroll","background-type":"","background-media":"","overlay-type":"","overlay-color":"","overlay-opacity":"","overlay-gradient":""},"tablet":{"background-color":"","background-image":"","background-repeat":"repeat","background-position":"center center","background-size":"auto","background-attachment":"scroll","background-type":"","background-media":"","overlay-type":"","overlay-color":"","overlay-opacity":"","overlay-gradient":""},"mobile":{"background-color":"","background-image":"","background-repeat":"repeat","background-position":"center center","background-size":"auto","background-attachment":"scroll","background-type":"","background-media":"","overlay-type":"","overlay-color":"","overlay-opacity":"","overlay-gradient":""}},"ast-content-background-meta":{"desktop":{"background-color":"var(--ast-global-color-4)","background-image":"","background-repeat":"repeat","background-position":"center center","background-size":"auto","background-attachment":"scroll","background-type":"","background-media":"","overlay-type":"","overlay-color":"","overlay-opacity":"","overlay-gradient":""},"tablet":{"background-color":"var(--ast-global-color-4)","background-image":"","background-repeat":"repeat","background-position":"center center","background-size":"auto","background-attachment":"scroll","background-type":"","background-media":"","overlay-type":"","overlay-color":"","overlay-opacity":"","overlay-gradient":""},"mobile":{"background-color":"var(--ast-global-color-4)","background-image":"","background-repeat":"repeat","background-position":"center center","background-size":"auto","background-attachment":"scroll","background-type":"","background-media":"","overlay-type":"","overlay-color":"","overlay-opacity":"","overlay-gradient":""}}},"product_brand":[],"product_cat":[19],"product_tag":[],"class_list":{"0":"post-44613","1":"product","2":"type-product","3":"status-publish","4":"has-post-thumbnail","6":"product_cat-uncategorized","7":"pa_63191_2brc0wgj-6191","8":"pa_63191_2brc0wgj-6192","9":"pa_63191_2brc0wgj-6193","10":"pa_63191_2brc0wgj-6194","11":"pa_63191_2brc0wgj-6195","12":"pa_63191_2brc0wgj-6196","13":"pa_63191_iimmbgxs-blaa","14":"pa_63191_iimmbgxs-graa","15":"pa_63191_iimmbgxs-khaki","16":"pa_63191_iimmbgxs-lilla","17":"pa_63191_iimmbgxs-lyseroed","18":"desktop-align-left","19":"tablet-align-left","20":"mobile-align-left","22":"first","23":"instock","24":"shipping-taxable","25":"purchasable","26":"product-type-variable","27":"has-default-attributes"},"_links":{"self":[{"href":"https:\/\/ecostera.com\/dk\/wp-json\/wp\/v2\/product\/44613","targetHints":{"allow":["GET"]}}],"collection":[{"href":"https:\/\/ecostera.com\/dk\/wp-json\/wp\/v2\/product"}],"about":[{"href":"https:\/\/ecostera.com\/dk\/wp-json\/wp\/v2\/types\/product"}],"replies":[{"embeddable":true,"href":"https:\/\/ecostera.com\/dk\/wp-json\/wp\/v2\/comments?post=44613"}],"wp:featuredmedia":[{"embeddable":true,"href":"https:\/\/ecostera.com\/dk\/wp-json\/wp\/v2\/media\/44610"}],"wp:attachment":[{"href":"https:\/\/ecostera.com\/dk\/wp-json\/wp\/v2\/media?parent=44613"}],"wp:term":[{"taxonomy":"product_brand","embeddable":true,"href":"https:\/\/ecostera.com\/dk\/wp-json\/wp\/v2\/product_brand?post=44613"},{"taxonomy":"product_cat","embeddable":true,"href":"https:\/\/ecostera.com\/dk\/wp-json\/wp\/v2\/product_cat?post=44613"},{"taxonomy":"product_tag","embeddable":true,"href":"https:\/\/ecostera.com\/dk\/wp-json\/wp\/v2\/product_tag?post=44613"}],"curies":[{"name":"wp","href":"https:\/\/api.w.org\/{rel}","templated":true}]}}