{"id":44712,"date":"2025-12-26T16:08:50","date_gmt":"2025-12-26T14:08:50","guid":{"rendered":"https:\/\/ecostera.com\/dk\/product\/bruseviskestang\/"},"modified":"2025-12-29T21:53:00","modified_gmt":"2025-12-29T19:53:00","slug":"bruseviskestang","status":"publish","type":"product","link":"https:\/\/ecostera.com\/dk\/product\/bruseviskestang\/","title":{"rendered":"Bruseviskestang"},"content":{"rendered":"<p style=\"text-align: center;\" data-start=\"40\" data-end=\"125\"><strong>Hold glas og glatte overflader rene, t\u00f8rre og stribefri med blot et par hurtige aft\u00f8rringer. \ud83e\ude9f<\/strong><\/p>\n<p style=\"text-align: center;\" data-start=\"150\" data-end=\"529\">Denne bruserskraber er designet til at fjerne vand, s\u00e6berester og dampm\u00e6rker \u00f8jeblikkeligt fra glas, fliser og andre glatte overflader. Dens ergonomiske form og lette konstruktion g\u00f8r den daglige reng\u00f8ring nem og hj\u00e6lper med at forhindre vandpletter, mugdannelse og t\u00e5gede overflader p\u00e5 badev\u00e6relset og andre steder. Den er perfekt til privat eller professionel brug og giver hurtige resultater med minimal indsats.<\/p>\n<p data-start=\"150\" data-end=\"529\"><img fetchpriority=\"high\" decoding=\"async\" class=\"size-full wp-image-47213 aligncenter\" src=\"https:\/\/keluvo.com\/template\/wp-content\/uploads\/sites\/5\/2025\/12\/1221-ezgif.com-video-to-webp-converter-1.webp\" alt=\"\" width=\"500\" height=\"500\" \/><\/p>\n<h2 style=\"text-align: center;\" data-start=\"536\" data-end=\"557\"><strong>Vigtigste Fordele<\/strong><\/h2>\n<p data-start=\"560\" data-end=\"632\">\ud83d\udebf Stregfri reng\u00f8ring &#8211; Fjerner vand- og s\u00e6bepletter i \u00e9n arbejdsgang.<\/p>\n<p data-start=\"635\" data-end=\"722\">\ud83e\ude9f Alsidig brug &#8211; Ideel til brused\u00f8re, spejle, vinduer, fliser og bilglas.<\/p>\n<p data-start=\"725\" data-end=\"792\">\u270b Ergonomisk h\u00e5ndtag &#8211; Komfortabelt, skridsikkert greb, selv n\u00e5r det er v\u00e5dt.<\/p>\n<p data-start=\"795\" data-end=\"867\">\ud83e\udeb6 Let og holdbar &#8211; Nem at bruge og bygget til langvarig brug.<\/p>\n<p data-start=\"870\" data-end=\"944\">\ud83e\uddfc Sk\u00e5nsom, men effektiv &#8211; Sikker til glatte overflader uden ridser.<\/p>\n<p data-start=\"947\" data-end=\"1026\">\ud83e\ude9d Nem opbevaring &#8211; Indbygget oph\u00e6ngningshul til hurtig t\u00f8rring og p\u00e6n opbevaring.<\/p>\n<p data-start=\"947\" data-end=\"1026\"><img decoding=\"async\" class=\"size-full wp-image-47212 aligncenter\" src=\"https:\/\/keluvo.com\/template\/wp-content\/uploads\/sites\/5\/2025\/12\/12211-ezgif.com-video-to-webp-converter-1.webp\" alt=\"\" width=\"500\" height=\"500\" \/><\/p>\n<h2 style=\"text-align: center;\" data-start=\"1033\" data-end=\"1052\"><strong>S\u00e5dan Bruges<\/strong><\/h2>\n<ol data-start=\"1053\" data-end=\"1300\">\n<li data-start=\"1053\" data-end=\"1097\">\n<p data-start=\"1056\" data-end=\"1097\">Hold skraberen fast i h\u00e5ndtaget.<\/p>\n<\/li>\n<li data-start=\"1098\" data-end=\"1145\">\n<p data-start=\"1101\" data-end=\"1145\">Placer bladet \u00f8verst p\u00e5 overfladen.<\/p>\n<\/li>\n<li data-start=\"1146\" data-end=\"1197\">\n<p data-start=\"1149\" data-end=\"1197\">Tr\u00e6k nedad eller p\u00e5 tv\u00e6rs med et let, j\u00e6vnt tryk.<\/p>\n<\/li>\n<li data-start=\"1198\" data-end=\"1249\">\n<p data-start=\"1201\" data-end=\"1249\">T\u00f8r bladet af om n\u00f8dvendigt, og gentag, indtil det er t\u00f8rt.<\/p>\n<\/li>\n<li data-start=\"1250\" data-end=\"1300\">\n<p data-start=\"1253\" data-end=\"1300\">H\u00e6ng skraberen op efter brug for nem opbevaring.<\/p>\n<\/li>\n<\/ol>\n<h2 style=\"text-align: center;\" data-start=\"1307\" data-end=\"1331\"><strong>Produktoplysninger<\/strong><\/h2>\n<ul data-start=\"1332\" data-end=\"1651\">\n<li data-start=\"1383\" data-end=\"1425\">\n<p data-start=\"1385\" data-end=\"1425\">Materiale: Holdbar plast af h\u00f8j kvalitet<\/p>\n<\/li>\n<li data-start=\"1426\" data-end=\"1464\">\n<p data-start=\"1428\" data-end=\"1464\">Design: Ergonomisk, skridsikkert h\u00e5ndtag<\/p>\n<\/li>\n<li data-start=\"1465\" data-end=\"1497\">\n<p data-start=\"1467\" data-end=\"1497\">Varmebestandighed: Op til 105\u00b0C<\/p>\n<\/li>\n<li data-start=\"1498\" data-end=\"1583\">\n<p data-start=\"1500\" data-end=\"1583\">Egnede overflader: Glas, spejle, fliser, vinduer, glatte, flade eller buede overflader<\/p>\n<\/li>\n<li data-start=\"1584\" data-end=\"1651\">\n<p data-start=\"1586\" data-end=\"1651\">Anvendelse: Badev\u00e6relse, k\u00f8kken, bil, terrasse, indend\u00f8rs og udend\u00f8rs reng\u00f8ring<\/p>\n<\/li>\n<li data-start=\"1584\" data-end=\"1651\">St\u00f8rrelse: 25,7 x 21,5 cm<\/li>\n<\/ul>\n<h2 style=\"text-align: center;\" data-start=\"1658\" data-end=\"1683\"><strong>Pakken indeholder<\/strong><\/h2>\n<ul data-start=\"1684\" data-end=\"1707\">\n<li data-start=\"1684\" data-end=\"1707\">\n<p data-start=\"1686\" data-end=\"1707\">1, 2, 3x bruseskraber.<\/p>\n<\/li>\n<\/ul>\n","protected":false},"excerpt":{"rendered":"<p>Hold glas og glatte overflader rene, t\u00f8rre og stribefri med blot et par hurtige aft\u00f8rringer. \ud83e\ude9f Denne bruserskraber er designet [&hellip;]<\/p>\n","protected":false},"featured_media":44708,"comment_status":"open","ping_status":"closed","template":"","meta":{"site-sidebar-layout":"default","site-content-layout":"","ast-site-content-layout":"default","site-content-style":"default","site-sidebar-style":"default","ast-global-header-display":"","ast-banner-title-visibility":"","ast-main-header-display":"","ast-hfb-above-header-display":"","ast-hfb-below-header-display":"","ast-hfb-mobile-header-display":"","site-post-title":"","ast-breadcrumbs-content":"","ast-featured-img":"","footer-sml-layout":"","theme-transparent-header-meta":"default","adv-header-id-meta":"","stick-header-meta":"","header-above-stick-meta":"","header-main-stick-meta":"","header-below-stick-meta":"","astra-migrate-meta-layouts":"set","ast-page-background-enabled":"default","ast-page-background-meta":{"desktop":{"background-color":"var(--ast-global-color-5)","background-image":"","background-repeat":"repeat","background-position":"center center","background-size":"auto","background-attachment":"scroll","background-type":"","background-media":"","overlay-type":"","overlay-color":"","overlay-opacity":"","overlay-gradient":""},"tablet":{"background-color":"","background-image":"","background-repeat":"repeat","background-position":"center center","background-size":"auto","background-attachment":"scroll","background-type":"","background-media":"","overlay-type":"","overlay-color":"","overlay-opacity":"","overlay-gradient":""},"mobile":{"background-color":"","background-image":"","background-repeat":"repeat","background-position":"center center","background-size":"auto","background-attachment":"scroll","background-type":"","background-media":"","overlay-type":"","overlay-color":"","overlay-opacity":"","overlay-gradient":""}},"ast-content-background-meta":{"desktop":{"background-color":"var(--ast-global-color-4)","background-image":"","background-repeat":"repeat","background-position":"center center","background-size":"auto","background-attachment":"scroll","background-type":"","background-media":"","overlay-type":"","overlay-color":"","overlay-opacity":"","overlay-gradient":""},"tablet":{"background-color":"var(--ast-global-color-4)","background-image":"","background-repeat":"repeat","background-position":"center center","background-size":"auto","background-attachment":"scroll","background-type":"","background-media":"","overlay-type":"","overlay-color":"","overlay-opacity":"","overlay-gradient":""},"mobile":{"background-color":"var(--ast-global-color-4)","background-image":"","background-repeat":"repeat","background-position":"center center","background-size":"auto","background-attachment":"scroll","background-type":"","background-media":"","overlay-type":"","overlay-color":"","overlay-opacity":"","overlay-gradient":""}}},"product_brand":[],"product_cat":[19],"product_tag":[],"class_list":{"0":"post-44712","1":"product","2":"type-product","3":"status-publish","4":"has-post-thumbnail","6":"product_cat-uncategorized","7":"pa_63770_ce9s35ky-blaa","8":"pa_63770_ce9s35ky-gul","9":"pa_63770_ce9s35ky-hvid","10":"pa_63770_sjdg7s21-1-stk","11":"pa_63770_sjdg7s21-2-stk","12":"pa_63770_sjdg7s21-3-stk","13":"desktop-align-left","14":"tablet-align-left","15":"mobile-align-left","17":"first","18":"instock","19":"shipping-taxable","20":"purchasable","21":"product-type-variable","22":"has-default-attributes"},"_links":{"self":[{"href":"https:\/\/ecostera.com\/dk\/wp-json\/wp\/v2\/product\/44712","targetHints":{"allow":["GET"]}}],"collection":[{"href":"https:\/\/ecostera.com\/dk\/wp-json\/wp\/v2\/product"}],"about":[{"href":"https:\/\/ecostera.com\/dk\/wp-json\/wp\/v2\/types\/product"}],"replies":[{"embeddable":true,"href":"https:\/\/ecostera.com\/dk\/wp-json\/wp\/v2\/comments?post=44712"}],"wp:featuredmedia":[{"embeddable":true,"href":"https:\/\/ecostera.com\/dk\/wp-json\/wp\/v2\/media\/44708"}],"wp:attachment":[{"href":"https:\/\/ecostera.com\/dk\/wp-json\/wp\/v2\/media?parent=44712"}],"wp:term":[{"taxonomy":"product_brand","embeddable":true,"href":"https:\/\/ecostera.com\/dk\/wp-json\/wp\/v2\/product_brand?post=44712"},{"taxonomy":"product_cat","embeddable":true,"href":"https:\/\/ecostera.com\/dk\/wp-json\/wp\/v2\/product_cat?post=44712"},{"taxonomy":"product_tag","embeddable":true,"href":"https:\/\/ecostera.com\/dk\/wp-json\/wp\/v2\/product_tag?post=44712"}],"curies":[{"name":"wp","href":"https:\/\/api.w.org\/{rel}","templated":true}]}}