{"id":44739,"date":"2025-12-26T16:10:58","date_gmt":"2025-12-26T14:10:58","guid":{"rendered":"https:\/\/ecostera.com\/dk\/product\/skraber-med-barberblad-2-stk\/"},"modified":"2025-12-29T21:54:41","modified_gmt":"2025-12-29T19:54:41","slug":"skraber-med-barberblad-2-stk","status":"publish","type":"product","link":"https:\/\/ecostera.com\/dk\/product\/skraber-med-barberblad-2-stk\/","title":{"rendered":"Skraber med barberblad (2 stk.)"},"content":{"rendered":"<p style=\"text-align: center;\" data-start=\"44\" data-end=\"128\"><strong>Fjern klisterm\u00e6rker, lim, fedt og vanskelige pletter hurtigt uden at ridse overflader. \ud83e\uddfd<\/strong><\/p>\n<p style=\"text-align: center;\" data-start=\"153\" data-end=\"484\">Denne multifunktionelle barberbladsskraber er designet til sikkert at fjerne kl\u00e6bemiddel, etiketter, rester og snavs fra mange overflader. Den bruger holdbare plastblade i stedet for metal, s\u00e5 du f\u00e5r st\u00e6rk reng\u00f8ringskraft uden skader. Den er kompakt, nem at holde og nem at vedligeholde og er perfekt til reng\u00f8ring af hjem, bil, k\u00f8kken og badev\u00e6relse.<\/p>\n<p data-start=\"153\" data-end=\"484\"><img fetchpriority=\"high\" decoding=\"async\" class=\"size-full wp-image-47235 aligncenter\" src=\"https:\/\/keluvo.com\/template\/wp-content\/uploads\/sites\/5\/2025\/12\/12212-ezgif.com-video-to-webp-converter-1.webp\" alt=\"\" width=\"500\" height=\"500\" \/><\/p>\n<h2 style=\"text-align: center;\" data-start=\"491\" data-end=\"512\"><strong>Vigtigste Fordele<\/strong><\/h2>\n<p data-start=\"515\" data-end=\"591\">\ud83e\uddfd Ridsefri reng\u00f8ring &#8211; Plastblade beskytter overflader mod skader.<\/p>\n<p data-start=\"594\" data-end=\"672\">\ud83e\uddf2 Kraftig fjernelse af kl\u00e6bemiddel &#8211; Fjerner lim, klisterm\u00e6rker, tape og rester.<\/p>\n<p data-start=\"675\" data-end=\"739\">\u270b Behageligt greb &#8211; Ergonomisk h\u00e5ndtag reducerer tr\u00e6thed i h\u00e6nderne.<\/p>\n<p data-start=\"742\" data-end=\"812\">\ud83d\udd04 Nem udskiftning af blade &#8211; Skift blade hurtigt og ubesv\u00e6ret.<\/p>\n<p data-start=\"815\" data-end=\"897\">\ud83e\uddfc Brug p\u00e5 flere overflader &#8211; Fungerer p\u00e5 glas, fliser, gulve, biloverflader og meget mere.<\/p>\n<p data-start=\"900\" data-end=\"970\">\ud83e\ude9d Nem opbevaring &#8211; H\u00e6ngende hul for hurtig adgang og p\u00e6n opbevaring.<\/p>\n<p data-start=\"973\" data-end=\"1032\">\ud83d\udee0\ufe0f Lang levetid &#8211; Indeholder 20 holdbare plastblade.<\/p>\n<p data-start=\"973\" data-end=\"1032\"><img decoding=\"async\" class=\"size-full wp-image-47234 aligncenter\" src=\"https:\/\/keluvo.com\/template\/wp-content\/uploads\/sites\/5\/2025\/12\/b84b9f5eba616631510523979bc924313f015aae.webp\" alt=\"\" width=\"350\" height=\"472\" \/><\/p>\n<h2 style=\"text-align: center;\" data-start=\"1039\" data-end=\"1058\"><strong>S\u00e5dan Bruges<\/strong><\/h2>\n<ol data-start=\"1059\" data-end=\"1296\">\n<li data-start=\"1059\" data-end=\"1104\">\n<p data-start=\"1062\" data-end=\"1104\">S\u00e6t et plastblad i skraberen.<\/p>\n<\/li>\n<li data-start=\"1105\" data-end=\"1150\">\n<p data-start=\"1108\" data-end=\"1150\">Hold godt fast i h\u00e5ndtaget for at f\u00e5 fuld kontrol.<\/p>\n<\/li>\n<li data-start=\"1151\" data-end=\"1206\">\n<p data-start=\"1154\" data-end=\"1206\">Skrab forsigtigt kl\u00e6bemidlet eller snavset i en lav vinkel.<\/p>\n<\/li>\n<li data-start=\"1207\" data-end=\"1245\">\n<p data-start=\"1210\" data-end=\"1245\">T\u00f8r resterne v\u00e6k efter skrabningen.<\/p>\n<\/li>\n<li data-start=\"1246\" data-end=\"1296\">\n<p data-start=\"1249\" data-end=\"1296\">Skyl v\u00e6rkt\u00f8jet med vand, og h\u00e6ng det til t\u00f8rre.<\/p>\n<\/li>\n<\/ol>\n<h2 style=\"text-align: center;\" data-start=\"1303\" data-end=\"1327\"><strong>Produktdetaljer<\/strong><\/h2>\n<ul data-start=\"1328\" data-end=\"1618\">\n<li data-start=\"1382\" data-end=\"1416\">\n<p data-start=\"1384\" data-end=\"1416\">Materiale: Plast + POM-knive<\/p>\n<\/li>\n<li data-start=\"1417\" data-end=\"1460\">\n<p data-start=\"1419\" data-end=\"1460\">St\u00f8rrelse: Ca. 10 x 4 cm<\/p>\n<\/li>\n<li data-start=\"1508\" data-end=\"1546\">\n<p data-start=\"1510\" data-end=\"1546\">Bladtype: Plast (ridsefast)<\/p>\n<\/li>\n<li data-start=\"1547\" data-end=\"1618\">\n<p data-start=\"1549\" data-end=\"1618\">Anvendelsesomr\u00e5der: Fjernelse af lim, fjernelse af klisterm\u00e6rker, reng\u00f8ring af fedt og pletter<\/p>\n<\/li>\n<\/ul>\n<h2 style=\"text-align: center;\" data-start=\"1625\" data-end=\"1650\"><strong>Pakken indeholder<\/strong><\/h2>\n<ul data-start=\"1651\" data-end=\"1702\">\n<li data-start=\"1651\" data-end=\"1678\">\n<p data-start=\"1653\" data-end=\"1678\">2x barberbladsskraber<\/p>\n<\/li>\n<li data-start=\"1679\" data-end=\"1702\">\n<p data-start=\"1681\" data-end=\"1702\">20x plastikblade.<\/p>\n<\/li>\n<\/ul>\n","protected":false},"excerpt":{"rendered":"<p>Fjern klisterm\u00e6rker, lim, fedt og vanskelige pletter hurtigt uden at ridse overflader. \ud83e\uddfd Denne multifunktionelle barberbladsskraber er designet til sikkert [&hellip;]<\/p>\n","protected":false},"featured_media":44735,"comment_status":"open","ping_status":"closed","template":"","meta":{"site-sidebar-layout":"default","site-content-layout":"","ast-site-content-layout":"default","site-content-style":"default","site-sidebar-style":"default","ast-global-header-display":"","ast-banner-title-visibility":"","ast-main-header-display":"","ast-hfb-above-header-display":"","ast-hfb-below-header-display":"","ast-hfb-mobile-header-display":"","site-post-title":"","ast-breadcrumbs-content":"","ast-featured-img":"","footer-sml-layout":"","theme-transparent-header-meta":"default","adv-header-id-meta":"","stick-header-meta":"","header-above-stick-meta":"","header-main-stick-meta":"","header-below-stick-meta":"","astra-migrate-meta-layouts":"set","ast-page-background-enabled":"default","ast-page-background-meta":{"desktop":{"background-color":"var(--ast-global-color-5)","background-image":"","background-repeat":"repeat","background-position":"center center","background-size":"auto","background-attachment":"scroll","background-type":"","background-media":"","overlay-type":"","overlay-color":"","overlay-opacity":"","overlay-gradient":""},"tablet":{"background-color":"","background-image":"","background-repeat":"repeat","background-position":"center center","background-size":"auto","background-attachment":"scroll","background-type":"","background-media":"","overlay-type":"","overlay-color":"","overlay-opacity":"","overlay-gradient":""},"mobile":{"background-color":"","background-image":"","background-repeat":"repeat","background-position":"center center","background-size":"auto","background-attachment":"scroll","background-type":"","background-media":"","overlay-type":"","overlay-color":"","overlay-opacity":"","overlay-gradient":""}},"ast-content-background-meta":{"desktop":{"background-color":"var(--ast-global-color-4)","background-image":"","background-repeat":"repeat","background-position":"center center","background-size":"auto","background-attachment":"scroll","background-type":"","background-media":"","overlay-type":"","overlay-color":"","overlay-opacity":"","overlay-gradient":""},"tablet":{"background-color":"var(--ast-global-color-4)","background-image":"","background-repeat":"repeat","background-position":"center center","background-size":"auto","background-attachment":"scroll","background-type":"","background-media":"","overlay-type":"","overlay-color":"","overlay-opacity":"","overlay-gradient":""},"mobile":{"background-color":"var(--ast-global-color-4)","background-image":"","background-repeat":"repeat","background-position":"center center","background-size":"auto","background-attachment":"scroll","background-type":"","background-media":"","overlay-type":"","overlay-color":"","overlay-opacity":"","overlay-gradient":""}}},"product_brand":[],"product_cat":[19],"product_tag":[],"class_list":{"0":"post-44739","1":"product","2":"type-product","3":"status-publish","4":"has-post-thumbnail","6":"product_cat-uncategorized","7":"pa_63819_uywuo4nq-blaa","8":"pa_63819_uywuo4nq-groen","9":"pa_63819_uywuo4nq-gul","10":"pa_63819_uywuo4nq-orange","11":"pa_63819_uywuo4nq-sort","12":"desktop-align-left","13":"tablet-align-left","14":"mobile-align-left","16":"first","17":"instock","18":"shipping-taxable","19":"purchasable","20":"product-type-variable"},"_links":{"self":[{"href":"https:\/\/ecostera.com\/dk\/wp-json\/wp\/v2\/product\/44739","targetHints":{"allow":["GET"]}}],"collection":[{"href":"https:\/\/ecostera.com\/dk\/wp-json\/wp\/v2\/product"}],"about":[{"href":"https:\/\/ecostera.com\/dk\/wp-json\/wp\/v2\/types\/product"}],"replies":[{"embeddable":true,"href":"https:\/\/ecostera.com\/dk\/wp-json\/wp\/v2\/comments?post=44739"}],"wp:featuredmedia":[{"embeddable":true,"href":"https:\/\/ecostera.com\/dk\/wp-json\/wp\/v2\/media\/44735"}],"wp:attachment":[{"href":"https:\/\/ecostera.com\/dk\/wp-json\/wp\/v2\/media?parent=44739"}],"wp:term":[{"taxonomy":"product_brand","embeddable":true,"href":"https:\/\/ecostera.com\/dk\/wp-json\/wp\/v2\/product_brand?post=44739"},{"taxonomy":"product_cat","embeddable":true,"href":"https:\/\/ecostera.com\/dk\/wp-json\/wp\/v2\/product_cat?post=44739"},{"taxonomy":"product_tag","embeddable":true,"href":"https:\/\/ecostera.com\/dk\/wp-json\/wp\/v2\/product_tag?post=44739"}],"curies":[{"name":"wp","href":"https:\/\/api.w.org\/{rel}","templated":true}]}}