{"id":4477,"date":"2025-07-29T12:49:44","date_gmt":"2025-07-29T12:49:44","guid":{"rendered":"https:\/\/ecostera.com\/dk\/product\/gulvmaatte-til-koekken\/"},"modified":"2025-09-15T12:51:52","modified_gmt":"2025-09-15T09:51:52","slug":"gulvmaatte-til-koekken","status":"publish","type":"product","link":"https:\/\/ecostera.com\/dk\/product\/gulvmaatte-til-koekken\/","title":{"rendered":"Gulvm\u00e5tte til k\u00f8kken"},"content":{"rendered":"<h2 style=\"text-align: center\">\ud83e\uddfc V\u00e6r sikker, ren og komfortabel derhjemme!<\/h2>\n<p style=\"text-align: center\"><span style=\"font-weight: 400\">Tr\u00e6t af at glide eller spilde i k\u00f8kkenet?<\/span><span style=\"font-weight: 400\"><br \/>\n<\/span><\/p>\n<p style=\"text-align: center\"><span style=\"font-weight: 400\">Denne k\u00f8kkenm\u00e5tte er den perfekte hj\u00e6lper til ethvert travlt hjem. Den er bl\u00f8d, sikker og supernem at reng\u00f8re. Uanset om du laver mad, vasker op eller kommer ind udefra, har denne m\u00e5tte din ryg!<\/span><\/p>\n<p><img decoding=\"async\" class=\"size-full wp-image-14521 aligncenter\" src=\"https:\/\/keluvo.com\/template\/wp-content\/uploads\/sites\/5\/2025\/04\/bathmatvideo-ezgif.com-gif-to-webp-converter.webp\" alt=\"\" \/><\/p>\n<h2 class=\"\" style=\"text-align: center\" data-start=\"235\" data-end=\"261\">\ud83e\uddfd Absorberer vand hurtigt<\/h2>\n<p class=\"\" style=\"text-align: center\" data-start=\"262\" data-end=\"440\">Denne k\u00f8kkenm\u00e5tte absorberer let vand og t\u00f8rrer hurtigt, s\u00e5 dit gulv holdes rent og t\u00f8rt. Den fungerer godt i n\u00e6rheden af h\u00e5ndvaske eller i omr\u00e5der, hvor der ofte spildes. Ideel til travle hjem.<\/p>\n<p><img decoding=\"async\" class=\"alignnone size-full wp-image-13995 aligncenter\" src=\"https:\/\/keluvo.com\/template\/wp-content\/uploads\/sites\/5\/2025\/04\/Saee7f2d4dc95464e96f52f2fbcc858c1T.jpg_960x960q75.jpg_.jpeg\" alt=\"\" \/><\/p>\n<h2 style=\"text-align: center\">\u2705 Hvorfor du vil elske den<\/h2>\n<ul>\n<li style=\"font-weight: 400\"><b>100% Vandt\u00e6t<\/b><b><br \/>\n<\/b><span style=\"font-weight: 400\"> Ikke flere gennembl\u00f8dte gulve! Spild? Det er ikke noget problem. Bare t\u00f8r af og g\u00e5.<\/span><\/li>\n<li style=\"font-weight: 400\"><b>Skridsikker<\/b><b><br \/>\n<\/b><span style=\"font-weight: 400\"> M\u00e5tten forbliver p\u00e5 plads, s\u00e5 du ikke glider &#8211; selv med v\u00e5de f\u00f8dder.<\/span><\/li>\n<li style=\"font-weight: 400\"><b>Bl\u00f8d og st\u00e6rk<\/b><b><br \/>\n<\/b><span style=\"font-weight: 400\"> Lavet af slidst\u00e6rkt polyester og bygget med avancerede syninger, den er lavet til at holde.<\/span><\/li>\n<li style=\"font-weight: 400\"><b>Passer overalt<\/b><b><br \/>\n<\/b><span style=\"font-weight: 400\"> Brug den i k\u00f8kkenet, ved d\u00f8ren eller i ethvert rum, der f\u00e5r en masse fodtrafik.<\/span><\/li>\n<li style=\"font-weight: 400\"><b>Nem at reng\u00f8re<\/b><b><br \/>\n<\/b><span style=\"font-weight: 400\"> Bare vask i h\u00e5nden og h\u00e6ng til t\u00f8rre.<\/span><\/li>\n<li data-start=\"262\" data-end=\"440\"><b>Moderne look<\/b><b><br \/>\n<\/b><span style=\"font-weight: 400\"> Leveres i et stilfuldt print, der passer til ethvert voksent hjem &#8211; p\u00e6nt, enkelt og hyggeligt.<\/span><span style=\"font-weight: 400\"><br \/>\n<\/span><\/li>\n<\/ul>\n<h2 style=\"text-align: center\">\ud83d\udce6 Pakken indeholder<\/h2>\n<ul>\n<li style=\"font-weight: 400\"><span style=\"font-weight: 400\">1x k\u00f8kkengulvm\u00e5tte (vandt\u00e6t, skridsikker, maskinfremstillet polyester).<\/span><span style=\"font-weight: 400\"><br \/>\n<\/span><\/li>\n<\/ul>\n","protected":false},"excerpt":{"rendered":"<p>\ud83e\uddfc V\u00e6r sikker, ren og komfortabel derhjemme! Tr\u00e6t af at glide eller spilde i k\u00f8kkenet? Denne k\u00f8kkenm\u00e5tte er den perfekte [&hellip;]<\/p>\n","protected":false},"featured_media":4473,"comment_status":"open","ping_status":"closed","template":"","meta":{"site-sidebar-layout":"default","site-content-layout":"","ast-site-content-layout":"default","site-content-style":"default","site-sidebar-style":"default","ast-global-header-display":"","ast-banner-title-visibility":"","ast-main-header-display":"","ast-hfb-above-header-display":"","ast-hfb-below-header-display":"","ast-hfb-mobile-header-display":"","site-post-title":"","ast-breadcrumbs-content":"","ast-featured-img":"","footer-sml-layout":"","theme-transparent-header-meta":"default","adv-header-id-meta":"","stick-header-meta":"","header-above-stick-meta":"","header-main-stick-meta":"","header-below-stick-meta":"","astra-migrate-meta-layouts":"set","ast-page-background-enabled":"default","ast-page-background-meta":{"desktop":{"background-color":"var(--ast-global-color-5)","background-image":"","background-repeat":"repeat","background-position":"center center","background-size":"auto","background-attachment":"scroll","background-type":"","background-media":"","overlay-type":"","overlay-color":"","overlay-opacity":"","overlay-gradient":""},"tablet":{"background-color":"","background-image":"","background-repeat":"repeat","background-position":"center center","background-size":"auto","background-attachment":"scroll","background-type":"","background-media":"","overlay-type":"","overlay-color":"","overlay-opacity":"","overlay-gradient":""},"mobile":{"background-color":"","background-image":"","background-repeat":"repeat","background-position":"center center","background-size":"auto","background-attachment":"scroll","background-type":"","background-media":"","overlay-type":"","overlay-color":"","overlay-opacity":"","overlay-gradient":""}},"ast-content-background-meta":{"desktop":{"background-color":"var(--ast-global-color-4)","background-image":"","background-repeat":"repeat","background-position":"center center","background-size":"auto","background-attachment":"scroll","background-type":"","background-media":"","overlay-type":"","overlay-color":"","overlay-opacity":"","overlay-gradient":""},"tablet":{"background-color":"var(--ast-global-color-4)","background-image":"","background-repeat":"repeat","background-position":"center center","background-size":"auto","background-attachment":"scroll","background-type":"","background-media":"","overlay-type":"","overlay-color":"","overlay-opacity":"","overlay-gradient":""},"mobile":{"background-color":"var(--ast-global-color-4)","background-image":"","background-repeat":"repeat","background-position":"center center","background-size":"auto","background-attachment":"scroll","background-type":"","background-media":"","overlay-type":"","overlay-color":"","overlay-opacity":"","overlay-gradient":""}}},"product_brand":[],"product_cat":[19],"product_tag":[],"class_list":{"0":"post-4477","1":"product","2":"type-product","3":"status-publish","4":"has-post-thumbnail","6":"product_cat-uncategorized","7":"pa_29009_9frvsz3g-498","8":"pa_29009_9frvsz3g-499","9":"pa_29009_9frvsz3g-500","10":"pa_29009_9frvsz3g-501","11":"pa_29009_9frvsz3g-502","12":"pa_29009_9frvsz3g-503","13":"pa_29009_9frvsz3g-504","14":"pa_29009_9frvsz3g-505","15":"pa_29009_9tgw4ci1-40x60cm","16":"pa_29009_9tgw4ci1-40x120cm","17":"pa_29009_9tgw4ci1-50x160cm","18":"desktop-align-left","19":"tablet-align-left","20":"mobile-align-left","22":"first","23":"instock","24":"shipping-taxable","25":"purchasable","26":"product-type-variable","27":"has-default-attributes"},"_links":{"self":[{"href":"https:\/\/ecostera.com\/dk\/wp-json\/wp\/v2\/product\/4477","targetHints":{"allow":["GET"]}}],"collection":[{"href":"https:\/\/ecostera.com\/dk\/wp-json\/wp\/v2\/product"}],"about":[{"href":"https:\/\/ecostera.com\/dk\/wp-json\/wp\/v2\/types\/product"}],"replies":[{"embeddable":true,"href":"https:\/\/ecostera.com\/dk\/wp-json\/wp\/v2\/comments?post=4477"}],"wp:featuredmedia":[{"embeddable":true,"href":"https:\/\/ecostera.com\/dk\/wp-json\/wp\/v2\/media\/4473"}],"wp:attachment":[{"href":"https:\/\/ecostera.com\/dk\/wp-json\/wp\/v2\/media?parent=4477"}],"wp:term":[{"taxonomy":"product_brand","embeddable":true,"href":"https:\/\/ecostera.com\/dk\/wp-json\/wp\/v2\/product_brand?post=4477"},{"taxonomy":"product_cat","embeddable":true,"href":"https:\/\/ecostera.com\/dk\/wp-json\/wp\/v2\/product_cat?post=4477"},{"taxonomy":"product_tag","embeddable":true,"href":"https:\/\/ecostera.com\/dk\/wp-json\/wp\/v2\/product_tag?post=4477"}],"curies":[{"name":"wp","href":"https:\/\/api.w.org\/{rel}","templated":true}]}}