{"id":44931,"date":"2025-12-26T16:26:46","date_gmt":"2025-12-26T14:26:46","guid":{"rendered":"https:\/\/ecostera.com\/dk\/product\/forbedret-vandrenser-til-vandhaner\/"},"modified":"2025-12-29T22:18:43","modified_gmt":"2025-12-29T20:18:43","slug":"forbedret-vandrenser-til-vandhaner","status":"publish","type":"product","link":"https:\/\/ecostera.com\/dk\/product\/forbedret-vandrenser-til-vandhaner\/","title":{"rendered":"Forbedret vandrenser til vandhaner"},"content":{"rendered":"<p style=\"text-align: center;\" data-start=\"55\" data-end=\"115\"><strong>Nyd Renere Og Sikrere Drikkevand Fra Vandhanen Med Det Samme. \ud83d\udeb0<\/strong><\/p>\n<p style=\"text-align: center;\" data-start=\"140\" data-end=\"465\">Denne forbedrede vandrenser til vandhaner s\u00e6ttes direkte p\u00e5 din vandhane og filtrerer vandet, mens det str\u00f8mmer, og fjerner skadelige urenheder, f\u00f8r du drikker det. Med avanceret filtrering og en holdbar krop i rustfrit st\u00e5l hj\u00e6lper den med at beskytte din families sundhed, samtidig med at den forbedrer smagen og vandets klarhed. Der er ikke brug for v\u00e6rkt\u00f8j eller VVS-f\u00e6rdigheder.<\/p>\n<p data-start=\"140\" data-end=\"465\"><img fetchpriority=\"high\" decoding=\"async\" class=\" wp-image-47417 aligncenter\" src=\"https:\/\/keluvo.com\/template\/wp-content\/uploads\/sites\/5\/2025\/12\/spp_20240515175807_b6624d1c7ebf67342a2fc866851aab9c.webp\" alt=\"\" width=\"501\" height=\"501\" \/><\/p>\n<h2 style=\"text-align: center;\" data-start=\"472\" data-end=\"494\">\ud83d\udca7 Vigtigste fordele<\/h2>\n<p data-start=\"497\" data-end=\"576\">\ud83d\udeb0 Avanceret filtrering &#8211; Fjerner bakterier, sediment, rust og urenheder.<\/p>\n<p data-start=\"579\" data-end=\"656\">\ud83e\uddea Ultrafin n\u00f8jagtighed &#8211; Filtrerer partikler st\u00f8rre end 0,01 mikrometer.<\/p>\n<p data-start=\"659\" data-end=\"731\">\ud83d\udee1\ufe0f Sundhedsbeskyttelse &#8211; Reducerer klor, bly og organisk materiale.<\/p>\n<p data-start=\"734\" data-end=\"797\">\ud83d\udd29 Rustfrit st\u00e5lhus &#8211; Rustbestandigt og langtidsholdbart.<\/p>\n<p data-start=\"800\" data-end=\"861\">\ud83e\uddf0 Nem installation &#8211; Fastg\u00f8res til de fleste vandhaner p\u00e5 f\u00e5 minutter.<\/p>\n<p data-start=\"864\" data-end=\"937\">\ud83c\udf31 Milj\u00f8venlig &amp; BPA-fri &#8211; Sikker til daglig brug og milj\u00f8et.<\/p>\n<p data-start=\"864\" data-end=\"937\"><img decoding=\"async\" class=\" wp-image-47416 aligncenter\" src=\"https:\/\/keluvo.com\/template\/wp-content\/uploads\/sites\/5\/2025\/12\/spp_20240515175800_26daad58eb7d5a9a062af0b0c13c472b.webp\" alt=\"\" width=\"501\" height=\"501\" \/><\/p>\n<h2 style=\"text-align: center;\" data-start=\"944\" data-end=\"963\">\u25b6\ufe0f S\u00e5dan Bruges<\/h2>\n<ol data-start=\"964\" data-end=\"1217\">\n<li data-start=\"964\" data-end=\"1014\">\n<p data-start=\"967\" data-end=\"1014\">Fjern den eksisterende belufter fra din vandhane.<\/p>\n<\/li>\n<li data-start=\"1015\" data-end=\"1065\">\n<p data-start=\"1018\" data-end=\"1065\">Fastg\u00f8r vandrenseren til vandhanen med h\u00e5nden.<\/p>\n<\/li>\n<li data-start=\"1066\" data-end=\"1115\">\n<p data-start=\"1069\" data-end=\"1115\">T\u00e6nd for vandet, og kontroller, at der er korrekt flow.<\/p>\n<\/li>\n<li data-start=\"1116\" data-end=\"1173\">\n<p data-start=\"1119\" data-end=\"1173\">Brug filtreret vand direkte til at drikke eller lave mad.<\/p>\n<\/li>\n<li data-start=\"1174\" data-end=\"1217\">\n<p data-start=\"1177\" data-end=\"1217\">Skyl eller reng\u00f8r filteret efter behov.<\/p>\n<\/li>\n<\/ol>\n<h2 style=\"text-align: center;\" data-start=\"1224\" data-end=\"1248\">\ud83d\udccf Produktdetaljer<\/h2>\n<ul data-start=\"1249\" data-end=\"1487\">\n<li data-start=\"1249\" data-end=\"1278\">\n<p data-start=\"1251\" data-end=\"1278\">Materiale: Rustfrit st\u00e5l<\/p>\n<\/li>\n<li data-start=\"1249\" data-end=\"1278\">\n<p data-start=\"1251\" data-end=\"1278\">Ventilmateriale: Legering<\/p>\n<\/li>\n<li data-start=\"1249\" data-end=\"1278\">\n<p data-start=\"1251\" data-end=\"1278\">Filtreringsn\u00f8jagtighed: 0,01 mikrometer<\/p>\n<\/li>\n<li data-start=\"1321\" data-end=\"1371\">\n<p data-start=\"1323\" data-end=\"1371\">Filterlevetid: Op til 6 m\u00e5neder eller 1200 liter<\/p>\n<\/li>\n<li data-start=\"1372\" data-end=\"1410\">\n<p data-start=\"1374\" data-end=\"1410\">Filtertype: Vaskbar og genanvendelig<\/p>\n<\/li>\n<li data-start=\"1411\" data-end=\"1456\">\n<p data-start=\"1413\" data-end=\"1456\">Kompatibilitet: Passer til de fleste standardvandhaner<\/p>\n<\/li>\n<li data-start=\"1457\" data-end=\"1487\">\n<p data-start=\"1459\" data-end=\"1487\">Sikkerhed: BPA-frie materialer<\/p>\n<\/li>\n<li data-start=\"1457\" data-end=\"1487\">\n<p data-start=\"1459\" data-end=\"1487\">Anvendeligt vandtryk: 0,1 &#8211; 0,5MPa<\/p>\n<\/li>\n<li data-start=\"1457\" data-end=\"1487\">Rent vandflow: 2L\/MIN<\/li>\n<\/ul>\n<h2 style=\"text-align: center;\" data-start=\"1494\" data-end=\"1519\">\ud83d\udce6 Pakken indeholder<\/h2>\n<ul data-start=\"1520\" data-end=\"1558\">\n<li data-start=\"1520\" data-end=\"1558\">\n<p data-start=\"1522\" data-end=\"1558\">1x forbedret vandhanevandrenser<\/p>\n<\/li>\n<li data-start=\"1520\" data-end=\"1558\">\n<p data-start=\"1522\" data-end=\"1558\">1x filter.<\/p>\n<\/li>\n<\/ul>\n","protected":false},"excerpt":{"rendered":"<p>Nyd Renere Og Sikrere Drikkevand Fra Vandhanen Med Det Samme. \ud83d\udeb0 Denne forbedrede vandrenser til vandhaner s\u00e6ttes direkte p\u00e5 din [&hellip;]<\/p>\n","protected":false},"featured_media":44927,"comment_status":"open","ping_status":"closed","template":"","meta":{"site-sidebar-layout":"default","site-content-layout":"","ast-site-content-layout":"default","site-content-style":"default","site-sidebar-style":"default","ast-global-header-display":"","ast-banner-title-visibility":"","ast-main-header-display":"","ast-hfb-above-header-display":"","ast-hfb-below-header-display":"","ast-hfb-mobile-header-display":"","site-post-title":"","ast-breadcrumbs-content":"","ast-featured-img":"","footer-sml-layout":"","theme-transparent-header-meta":"default","adv-header-id-meta":"","stick-header-meta":"","header-above-stick-meta":"","header-main-stick-meta":"","header-below-stick-meta":"","astra-migrate-meta-layouts":"set","ast-page-background-enabled":"default","ast-page-background-meta":{"desktop":{"background-color":"var(--ast-global-color-5)","background-image":"","background-repeat":"repeat","background-position":"center center","background-size":"auto","background-attachment":"scroll","background-type":"","background-media":"","overlay-type":"","overlay-color":"","overlay-opacity":"","overlay-gradient":""},"tablet":{"background-color":"","background-image":"","background-repeat":"repeat","background-position":"center center","background-size":"auto","background-attachment":"scroll","background-type":"","background-media":"","overlay-type":"","overlay-color":"","overlay-opacity":"","overlay-gradient":""},"mobile":{"background-color":"","background-image":"","background-repeat":"repeat","background-position":"center center","background-size":"auto","background-attachment":"scroll","background-type":"","background-media":"","overlay-type":"","overlay-color":"","overlay-opacity":"","overlay-gradient":""}},"ast-content-background-meta":{"desktop":{"background-color":"var(--ast-global-color-4)","background-image":"","background-repeat":"repeat","background-position":"center center","background-size":"auto","background-attachment":"scroll","background-type":"","background-media":"","overlay-type":"","overlay-color":"","overlay-opacity":"","overlay-gradient":""},"tablet":{"background-color":"var(--ast-global-color-4)","background-image":"","background-repeat":"repeat","background-position":"center center","background-size":"auto","background-attachment":"scroll","background-type":"","background-media":"","overlay-type":"","overlay-color":"","overlay-opacity":"","overlay-gradient":""},"mobile":{"background-color":"var(--ast-global-color-4)","background-image":"","background-repeat":"repeat","background-position":"center center","background-size":"auto","background-attachment":"scroll","background-type":"","background-media":"","overlay-type":"","overlay-color":"","overlay-opacity":"","overlay-gradient":""}}},"product_brand":[],"product_cat":[19],"product_tag":[],"class_list":{"0":"post-44931","1":"product","2":"type-product","3":"status-publish","4":"has-post-thumbnail","6":"product_cat-uncategorized","7":"desktop-align-left","8":"tablet-align-left","9":"mobile-align-left","11":"first","12":"instock","13":"shipping-taxable","14":"purchasable","15":"product-type-simple"},"_links":{"self":[{"href":"https:\/\/ecostera.com\/dk\/wp-json\/wp\/v2\/product\/44931","targetHints":{"allow":["GET"]}}],"collection":[{"href":"https:\/\/ecostera.com\/dk\/wp-json\/wp\/v2\/product"}],"about":[{"href":"https:\/\/ecostera.com\/dk\/wp-json\/wp\/v2\/types\/product"}],"replies":[{"embeddable":true,"href":"https:\/\/ecostera.com\/dk\/wp-json\/wp\/v2\/comments?post=44931"}],"wp:featuredmedia":[{"embeddable":true,"href":"https:\/\/ecostera.com\/dk\/wp-json\/wp\/v2\/media\/44927"}],"wp:attachment":[{"href":"https:\/\/ecostera.com\/dk\/wp-json\/wp\/v2\/media?parent=44931"}],"wp:term":[{"taxonomy":"product_brand","embeddable":true,"href":"https:\/\/ecostera.com\/dk\/wp-json\/wp\/v2\/product_brand?post=44931"},{"taxonomy":"product_cat","embeddable":true,"href":"https:\/\/ecostera.com\/dk\/wp-json\/wp\/v2\/product_cat?post=44931"},{"taxonomy":"product_tag","embeddable":true,"href":"https:\/\/ecostera.com\/dk\/wp-json\/wp\/v2\/product_tag?post=44931"}],"curies":[{"name":"wp","href":"https:\/\/api.w.org\/{rel}","templated":true}]}}