{"id":44984,"date":"2025-12-26T19:17:59","date_gmt":"2025-12-26T17:17:59","guid":{"rendered":"https:\/\/ecostera.com\/dk\/product\/hvidloegsskraeller-3-stk\/"},"modified":"2025-12-29T22:26:08","modified_gmt":"2025-12-29T20:26:08","slug":"hvidloegsskraeller-3-stk","status":"publish","type":"product","link":"https:\/\/ecostera.com\/dk\/product\/hvidloegsskraeller-3-stk\/","title":{"rendered":"Hvidl\u00f8gsskr\u00e6ller (3 stk.)"},"content":{"rendered":"<p style=\"text-align: center;\" data-start=\"38\" data-end=\"119\"><strong>Skr\u00e6l Hvidl\u00f8gsfed Hurtigt Og Rent Uden Rod Og Uden Hvidl\u00f8gslugt P\u00e5 H\u00e6nderne. \ud83e\uddc4<\/strong><\/p>\n<p style=\"text-align: center;\" data-start=\"144\" data-end=\"414\">Hvidl\u00f8gsskr\u00e6lleren fjerner hvidl\u00f8gsskaller p\u00e5 f\u00e5 sekunder med en simpel rullebev\u00e6gelse. Den sparer tid under madlavningen, holder dine h\u00e6nder lugtfri og g\u00f8r madlavningen lettere til hverdagsm\u00e5ltider eller store madlavningssessioner. Den er kompakt og holdbar og er et uundv\u00e6rligt v\u00e6rkt\u00f8j i ethvert k\u00f8kken.<\/p>\n<p data-start=\"144\" data-end=\"414\"><img fetchpriority=\"high\" decoding=\"async\" class=\"size-full wp-image-47458 aligncenter\" src=\"https:\/\/keluvo.com\/template\/wp-content\/uploads\/sites\/5\/2025\/12\/spp_20250321101605_e3a0ec09297cedf1a9491380b538ec6c.webp\" alt=\"\" width=\"750\" height=\"750\" \/><\/p>\n<h2 style=\"text-align: center;\" data-start=\"421\" data-end=\"443\"><strong>\ud83e\uddc4 Vigtigste Fordele<\/strong><\/h2>\n<p data-start=\"446\" data-end=\"502\">\u26a1 Hurtig skr\u00e6lning &#8211; fjerner skr\u00e6llen i \u00e9n let bev\u00e6gelse.<\/p>\n<p data-start=\"505\" data-end=\"562\">\u270b Ingen hvidl\u00f8gslugt &#8211; holder h\u00e6nderne rene og lugtfri.<\/p>\n<p data-start=\"565\" data-end=\"637\">\ud83e\uddf1 Holdbart materiale &#8211; fremstillet af st\u00e6rkt, f\u00f8devaregodkendt rustfrit st\u00e5l.<\/p>\n<p data-start=\"640\" data-end=\"695\">\ud83e\uddfc Let at reng\u00f8re &#8211; skyl med vand eller t\u00f8r af.<\/p>\n<p data-start=\"698\" data-end=\"753\">\ud83c\udf92 Kompakt st\u00f8rrelse &#8211; Nem at opbevare eller tage med p\u00e5 farten.<\/p>\n<p data-start=\"756\" data-end=\"823\">\ud83c\udf73 Passer til alle fed &#8211; Fungerer med sm\u00e5 og store hvidl\u00f8gsfed.<\/p>\n<p data-start=\"756\" data-end=\"823\"><img decoding=\"async\" class=\"size-full wp-image-47457 aligncenter\" src=\"https:\/\/keluvo.com\/template\/wp-content\/uploads\/sites\/5\/2025\/12\/spp_20250321101611_75f30e7cfa6df6077f45b11d7bfa2352.webp\" alt=\"\" width=\"750\" height=\"750\" \/><\/p>\n<h2 style=\"text-align: center;\" data-start=\"830\" data-end=\"849\"><strong>\u25b6\ufe0f S\u00e5dan Bruges<\/strong><\/h2>\n<ol data-start=\"850\" data-end=\"1061\">\n<li data-start=\"850\" data-end=\"905\">\n<p data-start=\"853\" data-end=\"905\">Placer et eller flere hvidl\u00f8gsfed i skr\u00e6lleren.<\/p>\n<\/li>\n<li data-start=\"906\" data-end=\"960\">\n<p data-start=\"909\" data-end=\"960\">Rul den fast p\u00e5 en flad overflade med h\u00e5ndfladen.<\/p>\n<\/li>\n<li data-start=\"961\" data-end=\"998\">\n<p data-start=\"964\" data-end=\"998\">Fjern de pillede hvidl\u00f8gsfed.<\/p>\n<\/li>\n<li data-start=\"999\" data-end=\"1028\">\n<p data-start=\"1002\" data-end=\"1028\">Kass\u00e9r de l\u00f8se skind.<\/p>\n<\/li>\n<li data-start=\"1029\" data-end=\"1061\">\n<p data-start=\"1032\" data-end=\"1061\">Skyl skr\u00e6lleren efter brug.<\/p>\n<\/li>\n<\/ol>\n<h2 style=\"text-align: center;\" data-start=\"1068\" data-end=\"1092\"><strong>\ud83d\udccf Produktdetaljer<\/strong><\/h2>\n<ul data-start=\"1093\" data-end=\"1260\">\n<li data-start=\"1093\" data-end=\"1122\">\n<p data-start=\"1095\" data-end=\"1122\">Materiale: Rustfrit st\u00e5l<\/p>\n<\/li>\n<li data-start=\"1123\" data-end=\"1152\">\n<p data-start=\"1125\" data-end=\"1152\">St\u00f8rrelse: 16,5 x 2,5 x 6,5 cm<\/p>\n<\/li>\n<li data-start=\"1153\" data-end=\"1171\">\n<p data-start=\"1155\" data-end=\"1171\">V\u00e6gt: 16,2 g<\/p>\n<\/li>\n<li data-start=\"1172\" data-end=\"1207\">\n<p data-start=\"1174\" data-end=\"1207\">Design: Let og kompakt<\/p>\n<\/li>\n<li data-start=\"1208\" data-end=\"1260\">\n<p data-start=\"1210\" data-end=\"1260\">Anvendelse: Velegnet til private og professionelle k\u00f8kkener<\/p>\n<\/li>\n<\/ul>\n<h2 style=\"text-align: center;\" data-start=\"1267\" data-end=\"1292\"><strong>\ud83d\udce6 Pakken indeholder<\/strong><\/h2>\n<ul data-start=\"1293\" data-end=\"1330\">\n<li data-start=\"1293\" data-end=\"1330\">\n<p data-start=\"1295\" data-end=\"1330\">3x hvidl\u00f8gsskr\u00e6llere i rustfrit st\u00e5l.<\/p>\n<\/li>\n<\/ul>\n","protected":false},"excerpt":{"rendered":"<p>Skr\u00e6l Hvidl\u00f8gsfed Hurtigt Og Rent Uden Rod Og Uden Hvidl\u00f8gslugt P\u00e5 H\u00e6nderne. \ud83e\uddc4 Hvidl\u00f8gsskr\u00e6lleren fjerner hvidl\u00f8gsskaller p\u00e5 f\u00e5 sekunder med [&hellip;]<\/p>\n","protected":false},"featured_media":44980,"comment_status":"open","ping_status":"closed","template":"","meta":{"site-sidebar-layout":"default","site-content-layout":"","ast-site-content-layout":"default","site-content-style":"default","site-sidebar-style":"default","ast-global-header-display":"","ast-banner-title-visibility":"","ast-main-header-display":"","ast-hfb-above-header-display":"","ast-hfb-below-header-display":"","ast-hfb-mobile-header-display":"","site-post-title":"","ast-breadcrumbs-content":"","ast-featured-img":"","footer-sml-layout":"","theme-transparent-header-meta":"default","adv-header-id-meta":"","stick-header-meta":"","header-above-stick-meta":"","header-main-stick-meta":"","header-below-stick-meta":"","astra-migrate-meta-layouts":"set","ast-page-background-enabled":"default","ast-page-background-meta":{"desktop":{"background-color":"var(--ast-global-color-5)","background-image":"","background-repeat":"repeat","background-position":"center center","background-size":"auto","background-attachment":"scroll","background-type":"","background-media":"","overlay-type":"","overlay-color":"","overlay-opacity":"","overlay-gradient":""},"tablet":{"background-color":"","background-image":"","background-repeat":"repeat","background-position":"center center","background-size":"auto","background-attachment":"scroll","background-type":"","background-media":"","overlay-type":"","overlay-color":"","overlay-opacity":"","overlay-gradient":""},"mobile":{"background-color":"","background-image":"","background-repeat":"repeat","background-position":"center center","background-size":"auto","background-attachment":"scroll","background-type":"","background-media":"","overlay-type":"","overlay-color":"","overlay-opacity":"","overlay-gradient":""}},"ast-content-background-meta":{"desktop":{"background-color":"var(--ast-global-color-4)","background-image":"","background-repeat":"repeat","background-position":"center center","background-size":"auto","background-attachment":"scroll","background-type":"","background-media":"","overlay-type":"","overlay-color":"","overlay-opacity":"","overlay-gradient":""},"tablet":{"background-color":"var(--ast-global-color-4)","background-image":"","background-repeat":"repeat","background-position":"center center","background-size":"auto","background-attachment":"scroll","background-type":"","background-media":"","overlay-type":"","overlay-color":"","overlay-opacity":"","overlay-gradient":""},"mobile":{"background-color":"var(--ast-global-color-4)","background-image":"","background-repeat":"repeat","background-position":"center center","background-size":"auto","background-attachment":"scroll","background-type":"","background-media":"","overlay-type":"","overlay-color":"","overlay-opacity":"","overlay-gradient":""}}},"product_brand":[],"product_cat":[19],"product_tag":[],"class_list":{"0":"post-44984","1":"product","2":"type-product","3":"status-publish","4":"has-post-thumbnail","6":"product_cat-uncategorized","7":"desktop-align-left","8":"tablet-align-left","9":"mobile-align-left","11":"first","12":"instock","13":"shipping-taxable","14":"purchasable","15":"product-type-simple"},"_links":{"self":[{"href":"https:\/\/ecostera.com\/dk\/wp-json\/wp\/v2\/product\/44984","targetHints":{"allow":["GET"]}}],"collection":[{"href":"https:\/\/ecostera.com\/dk\/wp-json\/wp\/v2\/product"}],"about":[{"href":"https:\/\/ecostera.com\/dk\/wp-json\/wp\/v2\/types\/product"}],"replies":[{"embeddable":true,"href":"https:\/\/ecostera.com\/dk\/wp-json\/wp\/v2\/comments?post=44984"}],"wp:featuredmedia":[{"embeddable":true,"href":"https:\/\/ecostera.com\/dk\/wp-json\/wp\/v2\/media\/44980"}],"wp:attachment":[{"href":"https:\/\/ecostera.com\/dk\/wp-json\/wp\/v2\/media?parent=44984"}],"wp:term":[{"taxonomy":"product_brand","embeddable":true,"href":"https:\/\/ecostera.com\/dk\/wp-json\/wp\/v2\/product_brand?post=44984"},{"taxonomy":"product_cat","embeddable":true,"href":"https:\/\/ecostera.com\/dk\/wp-json\/wp\/v2\/product_cat?post=44984"},{"taxonomy":"product_tag","embeddable":true,"href":"https:\/\/ecostera.com\/dk\/wp-json\/wp\/v2\/product_tag?post=44984"}],"curies":[{"name":"wp","href":"https:\/\/api.w.org\/{rel}","templated":true}]}}