{"id":45043,"date":"2025-12-26T19:24:39","date_gmt":"2025-12-26T17:24:39","guid":{"rendered":"https:\/\/ecostera.com\/dk\/product\/45-graders-laasbart-geringsbor\/"},"modified":"2025-12-29T22:37:40","modified_gmt":"2025-12-29T20:37:40","slug":"45-graders-laasbart-geringsbor","status":"publish","type":"product","link":"https:\/\/ecostera.com\/dk\/product\/45-graders-laasbart-geringsbor\/","title":{"rendered":"45-graders l\u00e5sbart geringsbor"},"content":{"rendered":"<p style=\"text-align: center;\" data-start=\"52\" data-end=\"138\"><strong>Lav st\u00e6rke, rene og perfekt tilpassede hj\u00f8rnesamlinger med professionel pr\u00e6cision. \u2699\ufe0f<\/strong><\/p>\n<p style=\"text-align: center;\" data-start=\"163\" data-end=\"434\">Dette 45-graders gehringsbit med l\u00e5sning er designet til at lave stramme, s\u00f8ml\u00f8se hj\u00f8rnesamlinger til tr\u00e6bearbejdningsprojekter. Det sk\u00e6rer sammenl\u00e5sende 45\u00b0-kanter, der passer perfekt sammen og forbedrer styrke, tilpasning og udseende. Ideel til skabe, kasser, rammer og m\u00f8belbyggeri.<\/p>\n<p data-start=\"163\" data-end=\"434\"><img fetchpriority=\"high\" decoding=\"async\" class=\" wp-image-47508 aligncenter\" src=\"https:\/\/keluvo.com\/template\/wp-content\/uploads\/sites\/5\/2025\/12\/6152ae175d5a22fdd1b49bb6e2efeccc.webp\" alt=\"\" width=\"501\" height=\"501\" \/><\/p>\n<h2 style=\"text-align: center;\" data-start=\"441\" data-end=\"464\">Vigtigste fordele<\/h2>\n<p data-start=\"467\" data-end=\"542\">\ud83d\udd12 Perfekte l\u00e5sesamlinger &#8211; St\u00e6rke og s\u00f8ml\u00f8se hj\u00f8rneforbindelser.<\/p>\n<p data-start=\"545\" data-end=\"613\">\ud83c\udfaf Sk\u00e6ring med h\u00f8j pr\u00e6cision &#8211; Rene, n\u00f8jagtige resultater hver gang.<\/p>\n<p data-start=\"616\" data-end=\"685\">\ud83d\udcaa Langvarig holdbarhed &#8211; Wolfram-koboltlegering modst\u00e5r slid.<\/p>\n<p data-start=\"688\" data-end=\"750\">\ud83e\uddf0 Professionel finish &#8211; Ingen synlige huller eller forskydninger.<\/p>\n<p data-start=\"753\" data-end=\"828\">\ud83d\udd01 Alsidigt tr\u00e6bearbejdningsv\u00e6rkt\u00f8j &#8211; Ideelt til skabe, kasser og rammer.<\/p>\n<p data-start=\"753\" data-end=\"828\"><img decoding=\"async\" class=\" wp-image-47507 aligncenter\" src=\"https:\/\/keluvo.com\/template\/wp-content\/uploads\/sites\/5\/2025\/12\/0acdb7d12a1782362c5ff470dcc9d749.webp\" alt=\"\" width=\"500\" height=\"500\" \/><\/p>\n<h2 style=\"text-align: center;\" data-start=\"835\" data-end=\"854\"><strong>S\u00e5dan bruges<\/strong><\/h2>\n<ol data-start=\"855\" data-end=\"1149\">\n<li data-start=\"855\" data-end=\"919\">\n<p data-start=\"858\" data-end=\"919\">Installer overfr\u00e6serbitten i dit overfr\u00e6serbord (8 mm skaft).<\/p>\n<\/li>\n<li data-start=\"920\" data-end=\"987\">\n<p data-start=\"923\" data-end=\"987\">Indstil bith\u00f8jden og anslaget i henhold til tr\u00e6tykkelsen.<\/p>\n<\/li>\n<li data-start=\"988\" data-end=\"1050\">\n<p data-start=\"991\" data-end=\"1050\">K\u00f8r det ene br\u00e6t fladt p\u00e5 bordet og det andet lodret.<\/p>\n<\/li>\n<li data-start=\"1051\" data-end=\"1102\">\n<p data-start=\"1054\" data-end=\"1102\">Saml begge stykker for at danne et perfekt 90\u00b0 hj\u00f8rne.<\/p>\n<\/li>\n<li data-start=\"1103\" data-end=\"1149\">\n<p data-start=\"1106\" data-end=\"1149\">Lim og klem for en st\u00e6rk, ren samling.<\/p>\n<\/li>\n<\/ol>\n<h2 style=\"text-align: center;\" data-start=\"1156\" data-end=\"1180\"><strong>Produktoplysninger<\/strong><\/h2>\n<ul data-start=\"1181\" data-end=\"1424\">\n<li data-start=\"1181\" data-end=\"1216\">\n<p data-start=\"1183\" data-end=\"1216\">Materiale: Wolfram-kobolt-legering<\/p>\n<\/li>\n<li data-start=\"1217\" data-end=\"1251\">\n<p data-start=\"1219\" data-end=\"1251\">Bel\u00e6gning: Wolfram-kobolt-legering<\/p>\n<\/li>\n<li data-start=\"1298\" data-end=\"1318\">\n<p data-start=\"1300\" data-end=\"1318\">Skaftst\u00f8rrelse: 8 mm<\/p>\n<\/li>\n<li data-start=\"1319\" data-end=\"1366\">\n<p data-start=\"1321\" data-end=\"1366\">Sk\u00e6restil: F\u00e6lles sk\u00e6ring med h\u00f8j pr\u00e6cision<\/p>\n<\/li>\n<li data-start=\"1367\" data-end=\"1424\">\n<p data-start=\"1369\" data-end=\"1424\">Anvendelse: Tr\u00e6bearbejdning, snedkeri, m\u00f8belfremstilling<\/p>\n<\/li>\n<li data-start=\"1367\" data-end=\"1424\">St\u00f8rrelser: 35 x 51 x 8 mm, 38 x 52 x 8 mm<\/li>\n<\/ul>\n<h2 style=\"text-align: center;\" data-start=\"1431\" data-end=\"1456\"><strong>Pakken indeholder<\/strong><\/h2>\n<ul data-start=\"1457\" data-end=\"1499\">\n<li data-start=\"1457\" data-end=\"1499\">\n<p data-start=\"1459\" data-end=\"1499\">1x 45-graders l\u00e5sbart geringsfr\u00e6sebor.<\/p>\n<\/li>\n<\/ul>\n","protected":false},"excerpt":{"rendered":"<p>Lav st\u00e6rke, rene og perfekt tilpassede hj\u00f8rnesamlinger med professionel pr\u00e6cision. \u2699\ufe0f Dette 45-graders gehringsbit med l\u00e5sning er designet til at [&hellip;]<\/p>\n","protected":false},"featured_media":45039,"comment_status":"open","ping_status":"closed","template":"","meta":{"site-sidebar-layout":"default","site-content-layout":"","ast-site-content-layout":"default","site-content-style":"default","site-sidebar-style":"default","ast-global-header-display":"","ast-banner-title-visibility":"","ast-main-header-display":"","ast-hfb-above-header-display":"","ast-hfb-below-header-display":"","ast-hfb-mobile-header-display":"","site-post-title":"","ast-breadcrumbs-content":"","ast-featured-img":"","footer-sml-layout":"","theme-transparent-header-meta":"default","adv-header-id-meta":"","stick-header-meta":"","header-above-stick-meta":"","header-main-stick-meta":"","header-below-stick-meta":"","astra-migrate-meta-layouts":"set","ast-page-background-enabled":"default","ast-page-background-meta":{"desktop":{"background-color":"var(--ast-global-color-5)","background-image":"","background-repeat":"repeat","background-position":"center center","background-size":"auto","background-attachment":"scroll","background-type":"","background-media":"","overlay-type":"","overlay-color":"","overlay-opacity":"","overlay-gradient":""},"tablet":{"background-color":"","background-image":"","background-repeat":"repeat","background-position":"center center","background-size":"auto","background-attachment":"scroll","background-type":"","background-media":"","overlay-type":"","overlay-color":"","overlay-opacity":"","overlay-gradient":""},"mobile":{"background-color":"","background-image":"","background-repeat":"repeat","background-position":"center center","background-size":"auto","background-attachment":"scroll","background-type":"","background-media":"","overlay-type":"","overlay-color":"","overlay-opacity":"","overlay-gradient":""}},"ast-content-background-meta":{"desktop":{"background-color":"var(--ast-global-color-4)","background-image":"","background-repeat":"repeat","background-position":"center center","background-size":"auto","background-attachment":"scroll","background-type":"","background-media":"","overlay-type":"","overlay-color":"","overlay-opacity":"","overlay-gradient":""},"tablet":{"background-color":"var(--ast-global-color-4)","background-image":"","background-repeat":"repeat","background-position":"center center","background-size":"auto","background-attachment":"scroll","background-type":"","background-media":"","overlay-type":"","overlay-color":"","overlay-opacity":"","overlay-gradient":""},"mobile":{"background-color":"var(--ast-global-color-4)","background-image":"","background-repeat":"repeat","background-position":"center center","background-size":"auto","background-attachment":"scroll","background-type":"","background-media":"","overlay-type":"","overlay-color":"","overlay-opacity":"","overlay-gradient":""}}},"product_brand":[],"product_cat":[19],"product_tag":[],"class_list":{"0":"post-45043","1":"product","2":"type-product","3":"status-publish","4":"has-post-thumbnail","6":"product_cat-uncategorized","7":"pa_65125_dra3jmlp-35-x-51-x-8-mm","8":"pa_65125_dra3jmlp-38-x-52-x-8-mm","9":"pa_65125_dra3jmlp-saet-med-2-stk","10":"desktop-align-left","11":"tablet-align-left","12":"mobile-align-left","14":"first","15":"instock","16":"shipping-taxable","17":"purchasable","18":"product-type-variable"},"_links":{"self":[{"href":"https:\/\/ecostera.com\/dk\/wp-json\/wp\/v2\/product\/45043","targetHints":{"allow":["GET"]}}],"collection":[{"href":"https:\/\/ecostera.com\/dk\/wp-json\/wp\/v2\/product"}],"about":[{"href":"https:\/\/ecostera.com\/dk\/wp-json\/wp\/v2\/types\/product"}],"replies":[{"embeddable":true,"href":"https:\/\/ecostera.com\/dk\/wp-json\/wp\/v2\/comments?post=45043"}],"wp:featuredmedia":[{"embeddable":true,"href":"https:\/\/ecostera.com\/dk\/wp-json\/wp\/v2\/media\/45039"}],"wp:attachment":[{"href":"https:\/\/ecostera.com\/dk\/wp-json\/wp\/v2\/media?parent=45043"}],"wp:term":[{"taxonomy":"product_brand","embeddable":true,"href":"https:\/\/ecostera.com\/dk\/wp-json\/wp\/v2\/product_brand?post=45043"},{"taxonomy":"product_cat","embeddable":true,"href":"https:\/\/ecostera.com\/dk\/wp-json\/wp\/v2\/product_cat?post=45043"},{"taxonomy":"product_tag","embeddable":true,"href":"https:\/\/ecostera.com\/dk\/wp-json\/wp\/v2\/product_tag?post=45043"}],"curies":[{"name":"wp","href":"https:\/\/api.w.org\/{rel}","templated":true}]}}