{"id":4530,"date":"2025-07-29T12:51:40","date_gmt":"2025-07-29T12:51:40","guid":{"rendered":"https:\/\/ecostera.com\/dk\/product\/baby-legetoej-der-faar-taender\/"},"modified":"2025-09-09T14:10:52","modified_gmt":"2025-09-09T11:10:52","slug":"baby-legetoej-der-faar-taender","status":"publish","type":"product","link":"https:\/\/ecostera.com\/dk\/product\/baby-legetoej-der-faar-taender\/","title":{"rendered":"Baby-leget\u00f8j, der f\u00e5r t\u00e6nder"},"content":{"rendered":"<h2 class=\"\" style=\"text-align: center\" data-start=\"0\" data-end=\"22\">\ud83d\ude01 Sjovt og sundt!<\/h2>\n<p class=\"\" style=\"text-align: center\" data-start=\"23\" data-end=\"235\">Bideringen er lavet af bl\u00f8d silikone, der er sikker for din baby. Det er BPA-frit og har 12 blide tyggepunkter, der hj\u00e6lper med at reducere smerter i tandk\u00f8det. Din baby kan trygt bide og tygge, mens den udforsker nye teksturer.<\/p>\n<p data-start=\"23\" data-end=\"235\"><img decoding=\"async\" class=\"size-full wp-image-14527 aligncenter\" src=\"https:\/\/keluvo.com\/template\/wp-content\/uploads\/sites\/5\/2025\/04\/babyteethtoyvideo-ezgif.com-gif-to-webp-converter.webp\" alt=\"\" \/><\/p>\n<h2 class=\"\" style=\"text-align: center\" data-start=\"237\" data-end=\"260\">\ud83e\udd29 Stimulerer din babys sanser<\/h2>\n<p class=\"\" style=\"text-align: center\" data-start=\"261\" data-end=\"463\">Dette bideleget\u00f8j kommer i lyse farver og giver bl\u00f8de lyde, n\u00e5r det rystes. De forskellige teksturer og former hj\u00e6lper med at stimulere din babys sanser. Det er perfekt til ber\u00f8rings-, syns- og h\u00f8releg.<\/p>\n<p data-start=\"261\" data-end=\"463\"><img decoding=\"async\" class=\"alignnone size-medium wp-image-13893 aligncenter\" src=\"https:\/\/keluvo.com\/template\/wp-content\/uploads\/sites\/5\/2025\/04\/Sef6a6dbff2e54199a039c45fdcb4248b6.jpg_960x960q75.jpg_.jpeg\" alt=\"\" \/><\/p>\n<h2 style=\"text-align: center\">\u2705 Derfor elsker for\u00e6ldre det<\/h2>\n<ul>\n<li><b>Sikker for babyer:<\/b><span style=\"font-weight: 400\"> Fremstillet af bl\u00f8d silikone af f\u00f8devarekvalitet. BPA-fri, ugiftig og sk\u00e5nsom mod tandk\u00f8det.<\/span><b><br \/>\n<\/b><\/li>\n<\/ul>\n<ul>\n<li><b>Lindrer tandk\u00f8dssmerter:<\/b><span style=\"font-weight: 400\"> Har 12 seje punkter med 2 teksturer, der hj\u00e6lper med at lindre \u00f8mme gummer under tandfrembrud.<\/span><b><br \/>\n<\/b><\/li>\n<\/ul>\n<ul>\n<li><b>Sansesjov: <\/b><span style=\"font-weight: 400\">Vibrerende farver og teksturerede bump stimulerer din babys sanser. Ryst den, og den giver ogs\u00e5 en sjov lyd fra sig.<\/span><span style=\"font-weight: 400\"><br \/>\n<\/span><\/li>\n<\/ul>\n<ul>\n<li><b>Let at holde: <\/b><span style=\"font-weight: 400\">Den helt rigtige st\u00f8rrelse til sm\u00e5 h\u00e6nder. Hj\u00e6lper din baby med at \u00f8ve sig i at gribe, r\u00e6kke og holde.<\/span><span style=\"font-weight: 400\"><br \/>\n<\/span><\/li>\n<\/ul>\n<ul>\n<li><b>Enkel at reng\u00f8re: <\/b><span style=\"font-weight: 400\"><span style=\"font-weight: 400\">Kog den, damp den eller t\u00f8r den af med UV &#8211; dette leget\u00f8j er varmebestandigt og nemt at reng\u00f8re.<\/span><\/span>&nbsp;<\/li>\n<li><b><\/b><b>Fantastisk gaveide: <\/b><span style=\"font-weight: 400\">Perfekt til babyshower, f\u00f8dselsdage eller julegaver. Velegnet til babyer i alderen 0-12 m\u00e5neder.<\/span><span style=\"font-weight: 400\"><img decoding=\"async\" class=\"size-full wp-image-14526 aligncenter\" src=\"https:\/\/keluvo.com\/template\/wp-content\/uploads\/sites\/5\/2025\/04\/422319f5-5348-4cfe-954a-b073bc212724.webp\" alt=\"\" \/><\/span><\/li>\n<\/ul>\n<p>&nbsp;<\/p>\n<h2 style=\"text-align: center\">\ud83d\udce6 Pakken indeholder<\/h2>\n<ul>\n<li style=\"font-weight: 400\"><span style=\"font-weight: 400\">1x bidering til baby (bl\u00f8d silikone, flerfarvet, sensorisk design)<\/span><\/li>\n<\/ul>\n","protected":false},"excerpt":{"rendered":"<p>\ud83d\ude01 Sjovt og sundt! Bideringen er lavet af bl\u00f8d silikone, der er sikker for din baby. Det er BPA-frit og [&hellip;]<\/p>\n","protected":false},"featured_media":4526,"comment_status":"open","ping_status":"closed","template":"","meta":{"site-sidebar-layout":"default","site-content-layout":"","ast-site-content-layout":"default","site-content-style":"default","site-sidebar-style":"default","ast-global-header-display":"","ast-banner-title-visibility":"","ast-main-header-display":"","ast-hfb-above-header-display":"","ast-hfb-below-header-display":"","ast-hfb-mobile-header-display":"","site-post-title":"","ast-breadcrumbs-content":"","ast-featured-img":"","footer-sml-layout":"","theme-transparent-header-meta":"default","adv-header-id-meta":"","stick-header-meta":"","header-above-stick-meta":"","header-main-stick-meta":"","header-below-stick-meta":"","astra-migrate-meta-layouts":"set","ast-page-background-enabled":"default","ast-page-background-meta":{"desktop":{"background-color":"var(--ast-global-color-5)","background-image":"","background-repeat":"repeat","background-position":"center center","background-size":"auto","background-attachment":"scroll","background-type":"","background-media":"","overlay-type":"","overlay-color":"","overlay-opacity":"","overlay-gradient":""},"tablet":{"background-color":"","background-image":"","background-repeat":"repeat","background-position":"center center","background-size":"auto","background-attachment":"scroll","background-type":"","background-media":"","overlay-type":"","overlay-color":"","overlay-opacity":"","overlay-gradient":""},"mobile":{"background-color":"","background-image":"","background-repeat":"repeat","background-position":"center center","background-size":"auto","background-attachment":"scroll","background-type":"","background-media":"","overlay-type":"","overlay-color":"","overlay-opacity":"","overlay-gradient":""}},"ast-content-background-meta":{"desktop":{"background-color":"var(--ast-global-color-4)","background-image":"","background-repeat":"repeat","background-position":"center center","background-size":"auto","background-attachment":"scroll","background-type":"","background-media":"","overlay-type":"","overlay-color":"","overlay-opacity":"","overlay-gradient":""},"tablet":{"background-color":"var(--ast-global-color-4)","background-image":"","background-repeat":"repeat","background-position":"center center","background-size":"auto","background-attachment":"scroll","background-type":"","background-media":"","overlay-type":"","overlay-color":"","overlay-opacity":"","overlay-gradient":""},"mobile":{"background-color":"var(--ast-global-color-4)","background-image":"","background-repeat":"repeat","background-position":"center center","background-size":"auto","background-attachment":"scroll","background-type":"","background-media":"","overlay-type":"","overlay-color":"","overlay-opacity":"","overlay-gradient":""}}},"product_brand":[],"product_cat":[19],"product_tag":[],"class_list":{"0":"post-4530","1":"product","2":"type-product","3":"status-publish","4":"has-post-thumbnail","6":"product_cat-uncategorized","7":"pa_37571_83xox69i-beige","8":"pa_37571_83xox69i-blaa","9":"desktop-align-left","10":"tablet-align-left","11":"mobile-align-left","13":"first","14":"instock","15":"shipping-taxable","16":"purchasable","17":"product-type-variable"},"_links":{"self":[{"href":"https:\/\/ecostera.com\/dk\/wp-json\/wp\/v2\/product\/4530","targetHints":{"allow":["GET"]}}],"collection":[{"href":"https:\/\/ecostera.com\/dk\/wp-json\/wp\/v2\/product"}],"about":[{"href":"https:\/\/ecostera.com\/dk\/wp-json\/wp\/v2\/types\/product"}],"replies":[{"embeddable":true,"href":"https:\/\/ecostera.com\/dk\/wp-json\/wp\/v2\/comments?post=4530"}],"wp:featuredmedia":[{"embeddable":true,"href":"https:\/\/ecostera.com\/dk\/wp-json\/wp\/v2\/media\/4526"}],"wp:attachment":[{"href":"https:\/\/ecostera.com\/dk\/wp-json\/wp\/v2\/media?parent=4530"}],"wp:term":[{"taxonomy":"product_brand","embeddable":true,"href":"https:\/\/ecostera.com\/dk\/wp-json\/wp\/v2\/product_brand?post=4530"},{"taxonomy":"product_cat","embeddable":true,"href":"https:\/\/ecostera.com\/dk\/wp-json\/wp\/v2\/product_cat?post=4530"},{"taxonomy":"product_tag","embeddable":true,"href":"https:\/\/ecostera.com\/dk\/wp-json\/wp\/v2\/product_tag?post=4530"}],"curies":[{"name":"wp","href":"https:\/\/api.w.org\/{rel}","templated":true}]}}