{"id":4564,"date":"2025-07-29T12:53:50","date_gmt":"2025-07-29T12:53:50","guid":{"rendered":"https:\/\/ecostera.com\/dk\/product\/svane-vaskfilter\/"},"modified":"2025-07-29T12:53:50","modified_gmt":"2025-07-29T12:53:50","slug":"svane-vaskfilter","status":"publish","type":"product","link":"https:\/\/ecostera.com\/dk\/product\/svane-vaskfilter\/","title":{"rendered":"Svane-vaskfilter"},"content":{"rendered":"<h2 style=\"text-align: center\">Effektiv Madfilter<\/h2>\n<p style=\"text-align: center\">Svanevaskerens filter er fremstillet af holdbart rustfrit st\u00e5l og designet til effektivt at filtrere mad og snavs fra din k\u00f8kkenvask. Dens unikke svaneform g\u00f8r, at den passer p\u00e5 enhver vandhane, hvilket g\u00f8r den til et vigtigt redskab for et renere k\u00f8kken.<\/p>\n<p><img decoding=\"async\" class=\"size-full wp-image-14529 aligncenter\" src=\"https:\/\/keluvo.com\/template\/wp-content\/uploads\/sites\/5\/2024\/12\/sinkstrainer-ezgif.com-gif-to-webp-converter.webp\" alt=\"\" \/><\/p>\n<h2 style=\"text-align: center\">\u2705 Hvorfor Du Vil Elske Den:<\/h2>\n<ul>\n<li style=\"font-weight: 400\"><b>Udnytter pladsen smart: <\/b><span style=\"font-weight: 400\">Den s\u00e6rlige trekantform passer fint i hj\u00f8rnet, hvilket sparer plads og lader din vask st\u00e5 \u00e5ben.<\/span><\/li>\n<li style=\"font-weight: 400\"><b>Stopper tilstopninger, f\u00f8r de starter: <\/b><span style=\"font-weight: 400\">Fanger madrester, knogler, fiskesk\u00e6l og teblade &#8211; ikke flere blokerede r\u00f8r!<\/span><\/li>\n<li style=\"font-weight: 400\"><b>St\u00e6rk og holdbar: <\/b><span style=\"font-weight: 400\">Fremstillet af rustfrit st\u00e5l. Rustfri, h\u00e5rdf\u00f8r og bygget til at holde.<\/span><\/li>\n<li style=\"font-weight: 400\"><b>Let at reng\u00f8re: <\/b><span style=\"font-weight: 400\">Bare l\u00f8ft den ud, t\u00f8m den i skraldespanden, skyl og brug den igen. Ingen ber\u00f8ring af snavset affald!<\/span><\/li>\n<li style=\"font-weight: 400\"><b>Ikke kun til afl\u00f8b: <\/b><span style=\"font-weight: 400\">Du kan ogs\u00e5 bruge den som frugtholder eller til sm\u00e5 k\u00f8kkenredskaber. Praktisk og smuk!<\/span><\/li>\n<li><b>Bliver p\u00e5 plads: <\/b><span style=\"font-weight: 400\">Dens svaneform og stabile struktur holder den stabil og sikker i dit vaskehj\u00f8rne.<\/span><\/li>\n<\/ul>\n<h2 style=\"text-align: center\"><img decoding=\"async\" class=\"alignnone size-medium wp-image-6097 aligncenter\" style=\"font-size: 16px;font-style: inherit;font-weight: inherit\" src=\"https:\/\/keluvo.com\/template\/wp-content\/uploads\/sites\/5\/2024\/12\/32e39ea9-09b6-4984-9ca6-c3f6552cb0b2.webp\" alt=\"\" \/><\/h2>\n<h2 style=\"text-align: center\">\ud83d\udce6 Hvad Er Der I Pakken:<\/h2>\n<ul>\n<li style=\"font-weight: 400\"><span style=\"font-weight: 400\">1x svanevaskesi<\/span><\/li>\n<\/ul>\n","protected":false},"excerpt":{"rendered":"<p>Effektiv Madfilter Svanevaskerens filter er fremstillet af holdbart rustfrit st\u00e5l og designet til effektivt at filtrere mad og snavs fra [&hellip;]<\/p>\n","protected":false},"featured_media":4560,"comment_status":"open","ping_status":"closed","template":"","meta":{"site-sidebar-layout":"default","site-content-layout":"","ast-site-content-layout":"default","site-content-style":"default","site-sidebar-style":"default","ast-global-header-display":"","ast-banner-title-visibility":"","ast-main-header-display":"","ast-hfb-above-header-display":"","ast-hfb-below-header-display":"","ast-hfb-mobile-header-display":"","site-post-title":"","ast-breadcrumbs-content":"","ast-featured-img":"","footer-sml-layout":"","theme-transparent-header-meta":"default","adv-header-id-meta":"","stick-header-meta":"","header-above-stick-meta":"","header-main-stick-meta":"","header-below-stick-meta":"","astra-migrate-meta-layouts":"set","ast-page-background-enabled":"default","ast-page-background-meta":{"desktop":{"background-color":"var(--ast-global-color-5)","background-image":"","background-repeat":"repeat","background-position":"center center","background-size":"auto","background-attachment":"scroll","background-type":"","background-media":"","overlay-type":"","overlay-color":"","overlay-opacity":"","overlay-gradient":""},"tablet":{"background-color":"","background-image":"","background-repeat":"repeat","background-position":"center center","background-size":"auto","background-attachment":"scroll","background-type":"","background-media":"","overlay-type":"","overlay-color":"","overlay-opacity":"","overlay-gradient":""},"mobile":{"background-color":"","background-image":"","background-repeat":"repeat","background-position":"center center","background-size":"auto","background-attachment":"scroll","background-type":"","background-media":"","overlay-type":"","overlay-color":"","overlay-opacity":"","overlay-gradient":""}},"ast-content-background-meta":{"desktop":{"background-color":"var(--ast-global-color-4)","background-image":"","background-repeat":"repeat","background-position":"center center","background-size":"auto","background-attachment":"scroll","background-type":"","background-media":"","overlay-type":"","overlay-color":"","overlay-opacity":"","overlay-gradient":""},"tablet":{"background-color":"var(--ast-global-color-4)","background-image":"","background-repeat":"repeat","background-position":"center center","background-size":"auto","background-attachment":"scroll","background-type":"","background-media":"","overlay-type":"","overlay-color":"","overlay-opacity":"","overlay-gradient":""},"mobile":{"background-color":"var(--ast-global-color-4)","background-image":"","background-repeat":"repeat","background-position":"center center","background-size":"auto","background-attachment":"scroll","background-type":"","background-media":"","overlay-type":"","overlay-color":"","overlay-opacity":"","overlay-gradient":""}}},"product_brand":[],"product_cat":[19],"product_tag":[],"class_list":{"0":"post-4564","1":"product","2":"type-product","3":"status-publish","4":"has-post-thumbnail","6":"product_cat-uncategorized","7":"desktop-align-left","8":"tablet-align-left","9":"mobile-align-left","11":"first","12":"instock","13":"shipping-taxable","14":"purchasable","15":"product-type-simple"},"_links":{"self":[{"href":"https:\/\/ecostera.com\/dk\/wp-json\/wp\/v2\/product\/4564","targetHints":{"allow":["GET"]}}],"collection":[{"href":"https:\/\/ecostera.com\/dk\/wp-json\/wp\/v2\/product"}],"about":[{"href":"https:\/\/ecostera.com\/dk\/wp-json\/wp\/v2\/types\/product"}],"replies":[{"embeddable":true,"href":"https:\/\/ecostera.com\/dk\/wp-json\/wp\/v2\/comments?post=4564"}],"wp:featuredmedia":[{"embeddable":true,"href":"https:\/\/ecostera.com\/dk\/wp-json\/wp\/v2\/media\/4560"}],"wp:attachment":[{"href":"https:\/\/ecostera.com\/dk\/wp-json\/wp\/v2\/media?parent=4564"}],"wp:term":[{"taxonomy":"product_brand","embeddable":true,"href":"https:\/\/ecostera.com\/dk\/wp-json\/wp\/v2\/product_brand?post=4564"},{"taxonomy":"product_cat","embeddable":true,"href":"https:\/\/ecostera.com\/dk\/wp-json\/wp\/v2\/product_cat?post=4564"},{"taxonomy":"product_tag","embeddable":true,"href":"https:\/\/ecostera.com\/dk\/wp-json\/wp\/v2\/product_tag?post=4564"}],"curies":[{"name":"wp","href":"https:\/\/api.w.org\/{rel}","templated":true}]}}