{"id":4569,"date":"2025-07-29T12:54:51","date_gmt":"2025-07-29T12:54:51","guid":{"rendered":"https:\/\/ecostera.com\/dk\/product\/ventilhaetter-til-daek\/"},"modified":"2025-09-22T18:46:45","modified_gmt":"2025-09-22T15:46:45","slug":"ventilhaetter-til-daek","status":"publish","type":"product","link":"https:\/\/ecostera.com\/dk\/product\/ventilhaetter-til-daek\/","title":{"rendered":"Ventilh\u00e6tter til d\u00e6k"},"content":{"rendered":"<h2 style=\"text-align: center\">\ud83d\ude97 Lyser i m\u00f8rket og beskytter dine d\u00e6k!<\/h2>\n<p style=\"text-align: center\"><span style=\"font-weight: 400\">F\u00e5 din bil til at skille sig ud og beskyt dine d\u00e6k!<\/span><\/p>\n<p style=\"text-align: center\"><span style=\"font-weight: 400\">Disse <\/span><b>fluorescerende d\u00e6kventilh\u00e6tter<\/b><span style=\"font-weight: 400\"> er ikke bare seje at se p\u00e5 &#8211; de beskytter ogs\u00e5 dine ventilst\u00e6ngler mod st\u00f8v og snavs. Og s\u00e5 lyser de i m\u00f8rket for ekstra stil og sikkerhed om natten!<\/span><\/p>\n<p><img decoding=\"async\" class=\"size-full wp-image-14537 aligncenter\" src=\"https:\/\/keluvo.com\/template\/wp-content\/uploads\/sites\/5\/2025\/04\/c74d1239-360a-4d48-a20b-b5d11f475f7a-ezgif.com-gif-to-webp-converter.webp\" alt=\"\" \/><\/p>\n<h2 style=\"text-align: center\">Nemme at bruge<\/h2>\n<p class=\"\" style=\"text-align: center\" data-start=\"17\" data-end=\"227\">D\u00e6kventilh\u00e6tterne er nemme at montere ved blot at skrue dem p\u00e5 ventilen. Der er ikke brug for v\u00e6rkt\u00f8j, og de passer til de fleste bil- og motorcykelmodeller. Det g\u00f8r dem til en hurtig m\u00e5de at beskytte og dekorere dine hjul p\u00e5.<\/p>\n<p data-start=\"17\" data-end=\"227\"><img decoding=\"async\" class=\"alignnone size-medium wp-image-13947 aligncenter\" src=\"https:\/\/keluvo.com\/template\/wp-content\/uploads\/sites\/5\/2025\/04\/S23031dddd43a44a6a56de69617da5a1c0.jpg_960x960q75.jpg_.jpeg\" alt=\"\" \/><\/p>\n<h2 style=\"text-align: center\">\u2705 Hvorfor du vil elske dem:<\/h2>\n<ul>\n<li style=\"font-weight: 400\"><b>Lyser i m\u00f8rket: <\/b><span style=\"font-weight: 400\">Hver h\u00e6tte er lavet af et s\u00e6rligt fluorescerende materiale. Bare lys p\u00e5 den med en lommelygte i et par minutter, s\u00e5 lyser den i m\u00f8rket \u2014 igen og igen!<\/span><\/li>\n<li style=\"font-weight: 400\"><b>Let at teste: <\/b><span style=\"font-weight: 400\">Lys p\u00e5 den i 5 minutter, sluk for lyset, og se, om den lyser. Jo l\u00e6ngere lyset er opladet, jo l\u00e6ngere varer gl\u00f8den!<\/span><\/li>\n<li style=\"font-weight: 400\"><b>Dobbelt beskyttelse: <\/b><span style=\"font-weight: 400\">Holder st\u00f8v og snavs ude af dine d\u00e6kventiler. Hj\u00e6lper med at forl\u00e6nge dine d\u00e6ks levetid.<\/span><\/li>\n<li style=\"font-weight: 400\"><b>St\u00e6rk og stilfuld: <\/b><span style=\"font-weight: 400\">Fremstillet af ABS-plast af h\u00f8j kvalitet. Robust, let og bygget til at holde.<\/span><\/li>\n<li><b>Passer til de fleste d\u00e6k: <\/b><span style=\"font-weight: 400\">Fungerer med bild\u00e6k, cykler, motorcykler og meget mere. Der er ikke brug for v\u00e6rkt\u00f8j &#8211; bare drej den p\u00e5!<\/span><\/li>\n<\/ul>\n<h2 class=\"\" style=\"text-align: center\" data-start=\"229\" data-end=\"250\"><img decoding=\"async\" class=\"alignnone size-medium wp-image-13945 aligncenter\" style=\"font-size: 16px;font-style: inherit;font-weight: inherit\" src=\"https:\/\/keluvo.com\/template\/wp-content\/uploads\/sites\/5\/2025\/04\/a516eba7-e57c-44e2-bdfb-93e8879209c1.webp\" alt=\"\" \/><\/h2>\n<h2 style=\"text-align: center\">\ud83d\udce6 Hvad indeholder pakken:<\/h2>\n<ul>\n<li><span style=\"font-weight: 400\">4x fluorescerende d\u00e6kventilh\u00e6tter (selvlysende, universel pasform)<\/span><span style=\"font-weight: 400\"><br \/>\n<\/span><\/li>\n<\/ul>\n","protected":false},"excerpt":{"rendered":"<p>\ud83d\ude97 Lyser i m\u00f8rket og beskytter dine d\u00e6k! F\u00e5 din bil til at skille sig ud og beskyt dine d\u00e6k! [&hellip;]<\/p>\n","protected":false},"featured_media":4565,"comment_status":"open","ping_status":"closed","template":"","meta":{"site-sidebar-layout":"default","site-content-layout":"","ast-site-content-layout":"default","site-content-style":"default","site-sidebar-style":"default","ast-global-header-display":"","ast-banner-title-visibility":"","ast-main-header-display":"","ast-hfb-above-header-display":"","ast-hfb-below-header-display":"","ast-hfb-mobile-header-display":"","site-post-title":"","ast-breadcrumbs-content":"","ast-featured-img":"","footer-sml-layout":"","theme-transparent-header-meta":"default","adv-header-id-meta":"","stick-header-meta":"","header-above-stick-meta":"","header-main-stick-meta":"","header-below-stick-meta":"","astra-migrate-meta-layouts":"set","ast-page-background-enabled":"default","ast-page-background-meta":{"desktop":{"background-color":"var(--ast-global-color-5)","background-image":"","background-repeat":"repeat","background-position":"center center","background-size":"auto","background-attachment":"scroll","background-type":"","background-media":"","overlay-type":"","overlay-color":"","overlay-opacity":"","overlay-gradient":""},"tablet":{"background-color":"","background-image":"","background-repeat":"repeat","background-position":"center center","background-size":"auto","background-attachment":"scroll","background-type":"","background-media":"","overlay-type":"","overlay-color":"","overlay-opacity":"","overlay-gradient":""},"mobile":{"background-color":"","background-image":"","background-repeat":"repeat","background-position":"center center","background-size":"auto","background-attachment":"scroll","background-type":"","background-media":"","overlay-type":"","overlay-color":"","overlay-opacity":"","overlay-gradient":""}},"ast-content-background-meta":{"desktop":{"background-color":"var(--ast-global-color-4)","background-image":"","background-repeat":"repeat","background-position":"center center","background-size":"auto","background-attachment":"scroll","background-type":"","background-media":"","overlay-type":"","overlay-color":"","overlay-opacity":"","overlay-gradient":""},"tablet":{"background-color":"var(--ast-global-color-4)","background-image":"","background-repeat":"repeat","background-position":"center center","background-size":"auto","background-attachment":"scroll","background-type":"","background-media":"","overlay-type":"","overlay-color":"","overlay-opacity":"","overlay-gradient":""},"mobile":{"background-color":"var(--ast-global-color-4)","background-image":"","background-repeat":"repeat","background-position":"center center","background-size":"auto","background-attachment":"scroll","background-type":"","background-media":"","overlay-type":"","overlay-color":"","overlay-opacity":"","overlay-gradient":""}}},"product_brand":[],"product_cat":[19],"product_tag":[],"class_list":{"0":"post-4569","1":"product","2":"type-product","3":"status-publish","4":"has-post-thumbnail","6":"product_cat-uncategorized","7":"pa_32087_tq6n039c-4-stk","8":"pa_32087_tq6n039c-12-stk","9":"pa_32087_u3zjzd0g-blaa","10":"pa_32087_u3zjzd0g-groen","11":"pa_32087_u3zjzd0g-gul","12":"pa_32087_u3zjzd0g-lyseroed","13":"pa_32087_u3zjzd0g-roed","14":"desktop-align-left","15":"tablet-align-left","16":"mobile-align-left","18":"first","19":"instock","20":"shipping-taxable","21":"purchasable","22":"product-type-variable","23":"has-default-attributes"},"_links":{"self":[{"href":"https:\/\/ecostera.com\/dk\/wp-json\/wp\/v2\/product\/4569","targetHints":{"allow":["GET"]}}],"collection":[{"href":"https:\/\/ecostera.com\/dk\/wp-json\/wp\/v2\/product"}],"about":[{"href":"https:\/\/ecostera.com\/dk\/wp-json\/wp\/v2\/types\/product"}],"replies":[{"embeddable":true,"href":"https:\/\/ecostera.com\/dk\/wp-json\/wp\/v2\/comments?post=4569"}],"wp:featuredmedia":[{"embeddable":true,"href":"https:\/\/ecostera.com\/dk\/wp-json\/wp\/v2\/media\/4565"}],"wp:attachment":[{"href":"https:\/\/ecostera.com\/dk\/wp-json\/wp\/v2\/media?parent=4569"}],"wp:term":[{"taxonomy":"product_brand","embeddable":true,"href":"https:\/\/ecostera.com\/dk\/wp-json\/wp\/v2\/product_brand?post=4569"},{"taxonomy":"product_cat","embeddable":true,"href":"https:\/\/ecostera.com\/dk\/wp-json\/wp\/v2\/product_cat?post=4569"},{"taxonomy":"product_tag","embeddable":true,"href":"https:\/\/ecostera.com\/dk\/wp-json\/wp\/v2\/product_tag?post=4569"}],"curies":[{"name":"wp","href":"https:\/\/api.w.org\/{rel}","templated":true}]}}