{"id":4594,"date":"2025-07-29T12:55:42","date_gmt":"2025-07-29T12:55:42","guid":{"rendered":"https:\/\/ecostera.com\/dk\/product\/tennis-rebound-traener\/"},"modified":"2025-09-15T12:09:36","modified_gmt":"2025-09-15T09:09:36","slug":"tennis-rebound-traener","status":"publish","type":"product","link":"https:\/\/ecostera.com\/dk\/product\/tennis-rebound-traener\/","title":{"rendered":"Tennis rebound-tr\u00e6ner"},"content":{"rendered":"<h2 style=\"text-align: center\">\ud83c\udfbe Tr\u00e6n tennis n\u00e5r som helst og hvor som helst<\/h2>\n<p style=\"text-align: center\">Med tennis rebound trainer kan du tr\u00e6ne uden en partner, hvilket g\u00f8r den perfekt til solotr\u00e6ning. Den kan bruges b\u00e5de indend\u00f8rs og udend\u00f8rs, s\u00e5 du kan forbedre dine f\u00e6rdigheder hvor som helst. Det g\u00f8r den til et godt v\u00e6rkt\u00f8j for spillere p\u00e5 alle niveauer.<\/p>\n<p><img decoding=\"async\" class=\"size-full wp-image-14551 aligncenter\" src=\"https:\/\/keluvo.com\/template\/wp-content\/uploads\/sites\/5\/2025\/01\/tennistrainervideo-ezgif.com-gif-to-webp-converter.webp\" alt=\"\" \/><\/p>\n<h2 style=\"text-align: center\">\ud83d\udee0 S\u00e5dan S\u00e6ttes Den Op<\/h2>\n<p style=\"text-align: center\"><span style=\"font-weight: 400\">Fyld basen med vand eller sand for at holde den stabil. Sving l\u00f8s, og se bolden hoppe lige tilbage til dig!<\/span><\/p>\n<p><img decoding=\"async\" class=\"alignnone size-medium wp-image-9897 aligncenter\" src=\"https:\/\/keluvo.com\/template\/wp-content\/uploads\/sites\/5\/2025\/01\/S1589f2bd720d455a8144a45bf12be729N.jpeg\" alt=\"\" \/><\/p>\n<h2 style=\"text-align: center\">\u2705 Hvorfor Du Vil Elske Den:<\/h2>\n<ul>\n<li style=\"font-weight: 400\"><b>Tr\u00e6n alene: <\/b><span style=\"font-weight: 400\">Ingen partner? Det er ikke noget problem! Det elastiske reb bringer bolden tilbage efter hvert slag.<\/span><span style=\"font-weight: 400\"><br \/>\n<\/span><\/li>\n<li style=\"font-weight: 400\"><b>Ingen rodet sammenfiltring: <\/b><span style=\"font-weight: 400\">Indbyggede riller holder rebet og bolden p\u00e6nt, n\u00e5r de ikke er i brug. Ingen knuder, intet rod.<\/span><\/li>\n<li style=\"font-weight: 400\"><b>St\u00e6rk og holdbar: <\/b><span style=\"font-weight: 400\">Lavet af PE-plast af h\u00f8j kvalitet, tykke gummibolde og elastisk nylonreb for langvarig sjov.<\/span><\/li>\n<li style=\"font-weight: 400\"><b>B\u00e6rbar og let: <\/b><span style=\"font-weight: 400\">T\u00f8m basen, og brug sideh\u00e5ndtaget til at b\u00e6re den overalt \u2013 park, bane, bagg\u00e5rd, hvad som helst!<\/span><\/li>\n<li><b>Sjovt for alle niveauer: <\/b><span style=\"font-weight: 400\">Perfekt til begyndere eller avancerede spillere, der \u00f8nsker at forbedre deres spil.<\/span><\/li>\n<\/ul>\n<p><img decoding=\"async\" class=\"alignnone size-medium wp-image-9901 aligncenter\" src=\"https:\/\/keluvo.com\/template\/wp-content\/uploads\/sites\/5\/2025\/01\/S96da17b05fa340e396131cdd79d2d9f3a.jpeg\" alt=\"\" \/><\/p>\n<h2 style=\"text-align: center\">\ud83d\udce6 Hvad Indeholder Pakken:<\/h2>\n<ul>\n<li style=\"font-weight: 400\"><span style=\"font-weight: 400\">1x Tennis rebound-tr\u00e6ner base<\/span><\/li>\n<li style=\"font-weight: 400\"><span style=\"font-weight: 400\">3x tennisbolde med fastgjort elastisk reb (4 meter hver)<\/span><\/li>\n<li><span style=\"font-weight: 400\">Indbyggede riller til nem opbevaring<\/span><span style=\"font-weight: 400\"><br \/>\n<\/span><\/li>\n<\/ul>\n<p style=\"text-align: center\"><em>Bind en lille knude p\u00e5 rebet f\u00f8r tr\u00e6ning for at holde bolden sikker.<\/em><\/p>\n","protected":false},"excerpt":{"rendered":"<p>\ud83c\udfbe Tr\u00e6n tennis n\u00e5r som helst og hvor som helst Med tennis rebound trainer kan du tr\u00e6ne uden en partner, [&hellip;]<\/p>\n","protected":false},"featured_media":4590,"comment_status":"open","ping_status":"closed","template":"","meta":{"site-sidebar-layout":"default","site-content-layout":"","ast-site-content-layout":"default","site-content-style":"default","site-sidebar-style":"default","ast-global-header-display":"","ast-banner-title-visibility":"","ast-main-header-display":"","ast-hfb-above-header-display":"","ast-hfb-below-header-display":"","ast-hfb-mobile-header-display":"","site-post-title":"","ast-breadcrumbs-content":"","ast-featured-img":"","footer-sml-layout":"","theme-transparent-header-meta":"default","adv-header-id-meta":"","stick-header-meta":"","header-above-stick-meta":"","header-main-stick-meta":"","header-below-stick-meta":"","astra-migrate-meta-layouts":"set","ast-page-background-enabled":"default","ast-page-background-meta":{"desktop":{"background-color":"var(--ast-global-color-5)","background-image":"","background-repeat":"repeat","background-position":"center center","background-size":"auto","background-attachment":"scroll","background-type":"","background-media":"","overlay-type":"","overlay-color":"","overlay-opacity":"","overlay-gradient":""},"tablet":{"background-color":"","background-image":"","background-repeat":"repeat","background-position":"center center","background-size":"auto","background-attachment":"scroll","background-type":"","background-media":"","overlay-type":"","overlay-color":"","overlay-opacity":"","overlay-gradient":""},"mobile":{"background-color":"","background-image":"","background-repeat":"repeat","background-position":"center center","background-size":"auto","background-attachment":"scroll","background-type":"","background-media":"","overlay-type":"","overlay-color":"","overlay-opacity":"","overlay-gradient":""}},"ast-content-background-meta":{"desktop":{"background-color":"var(--ast-global-color-4)","background-image":"","background-repeat":"repeat","background-position":"center center","background-size":"auto","background-attachment":"scroll","background-type":"","background-media":"","overlay-type":"","overlay-color":"","overlay-opacity":"","overlay-gradient":""},"tablet":{"background-color":"var(--ast-global-color-4)","background-image":"","background-repeat":"repeat","background-position":"center center","background-size":"auto","background-attachment":"scroll","background-type":"","background-media":"","overlay-type":"","overlay-color":"","overlay-opacity":"","overlay-gradient":""},"mobile":{"background-color":"var(--ast-global-color-4)","background-image":"","background-repeat":"repeat","background-position":"center center","background-size":"auto","background-attachment":"scroll","background-type":"","background-media":"","overlay-type":"","overlay-color":"","overlay-opacity":"","overlay-gradient":""}}},"product_brand":[],"product_cat":[19],"product_tag":[],"class_list":{"0":"post-4594","1":"product","2":"type-product","3":"status-publish","4":"has-post-thumbnail","6":"product_cat-uncategorized","7":"desktop-align-left","8":"tablet-align-left","9":"mobile-align-left","11":"first","12":"instock","13":"shipping-taxable","14":"purchasable","15":"product-type-simple"},"_links":{"self":[{"href":"https:\/\/ecostera.com\/dk\/wp-json\/wp\/v2\/product\/4594","targetHints":{"allow":["GET"]}}],"collection":[{"href":"https:\/\/ecostera.com\/dk\/wp-json\/wp\/v2\/product"}],"about":[{"href":"https:\/\/ecostera.com\/dk\/wp-json\/wp\/v2\/types\/product"}],"replies":[{"embeddable":true,"href":"https:\/\/ecostera.com\/dk\/wp-json\/wp\/v2\/comments?post=4594"}],"wp:featuredmedia":[{"embeddable":true,"href":"https:\/\/ecostera.com\/dk\/wp-json\/wp\/v2\/media\/4590"}],"wp:attachment":[{"href":"https:\/\/ecostera.com\/dk\/wp-json\/wp\/v2\/media?parent=4594"}],"wp:term":[{"taxonomy":"product_brand","embeddable":true,"href":"https:\/\/ecostera.com\/dk\/wp-json\/wp\/v2\/product_brand?post=4594"},{"taxonomy":"product_cat","embeddable":true,"href":"https:\/\/ecostera.com\/dk\/wp-json\/wp\/v2\/product_cat?post=4594"},{"taxonomy":"product_tag","embeddable":true,"href":"https:\/\/ecostera.com\/dk\/wp-json\/wp\/v2\/product_tag?post=4594"}],"curies":[{"name":"wp","href":"https:\/\/api.w.org\/{rel}","templated":true}]}}