{"id":4599,"date":"2025-07-29T12:56:25","date_gmt":"2025-07-29T12:56:25","guid":{"rendered":"https:\/\/ecostera.com\/dk\/product\/ultrasonisk-myggeafskraekker\/"},"modified":"2025-07-29T13:09:30","modified_gmt":"2025-07-29T13:09:30","slug":"ultrasonisk-myggeafskraekker","status":"publish","type":"product","link":"https:\/\/ecostera.com\/dk\/product\/ultrasonisk-myggeafskraekker\/","title":{"rendered":"Ultrasonisk myggeafskr\u00e6kker"},"content":{"rendered":"<h2 style=\"text-align: center\"><b>\ud83e\udd9f <\/b>Hold insekter v\u00e6k, sov i fred!<\/h2>\n<p style=\"text-align: center\">Den ultrasoniske myggeafviser bruger avancerede ultralydsb\u00f8lger til at holde myg og insekter v\u00e6k. Denne ikke-giftige l\u00f8sning er sikker for familier og k\u00e6ledyr, hvilket g\u00f8r den perfekt til b\u00e5de indend\u00f8rs og udend\u00f8rs brug. Nyd fredelige n\u00e6tter uden summen fra u\u00f8nskede insekter.<\/p>\n<p><img decoding=\"async\" class=\"size-full wp-image-14559 aligncenter\" src=\"https:\/\/keluvo.com\/template\/wp-content\/uploads\/sites\/5\/2025\/01\/mosquitorepellentvideo-ezgif.com-gif-to-webp-converter.webp\" alt=\"\" \/><\/p>\n<h2 style=\"text-align: center\">\ud83d\udca1 Indbygget LED-natlys<\/h2>\n<p style=\"text-align: center\">Denne repeller fungerer ogs\u00e5 som et praktisk LED-natlys, der giver en bl\u00f8d gl\u00f8d til sovev\u00e6relser, gange eller udend\u00f8rsarealer. Det energieffektive lys tilf\u00f8jer funktionalitet til enheden og skaber et behageligt milj\u00f8, mens det holder myggene p\u00e5 afstand.<\/p>\n<p><img decoding=\"async\" class=\"size-full wp-image-14560 aligncenter\" src=\"https:\/\/keluvo.com\/template\/wp-content\/uploads\/sites\/5\/2025\/01\/variant-image-1.jpeg\" alt=\"\" \/><\/p>\n<h2 style=\"text-align: center\">\u2705 Hvorfor du vil elske det:<\/h2>\n<ul>\n<li style=\"font-weight: 400\"><b>Lydl\u00f8s beskyttelse: <\/b><span style=\"font-weight: 400\">Bruger ultralydsb\u00f8lger til at drive myg og andre skadedyr v\u00e6k. Ingen st\u00f8j, ingen kemikalier!<\/span><\/li>\n<li style=\"font-weight: 400\"><b>Sikker for hele familien: <\/b><span style=\"font-weight: 400\">100 % sikker for b\u00f8rn, k\u00e6ledyr og voksne. Lyden kan ikke h\u00f8res af mennesker eller dyr.<\/span><\/li>\n<li style=\"font-weight: 400\"><b>Nem at bruge: <\/b><span style=\"font-weight: 400\">Bare s\u00e6t den i en stikkontakt. Tryk \u00e9n gang for at t\u00e6nde repelleren og natlyset, tryk to gange for at slukke lyset, hvis du kun vil have repelleren t\u00e6ndt.<\/span><\/li>\n<li style=\"font-weight: 400\"><b>Smart natlys: <\/b><span style=\"font-weight: 400\">T\u00e6nder automatisk, n\u00e5r det bliver m\u00f8rkt, og slukker, n\u00e5r det bliver lyst igen &#8211; perfekt til sovev\u00e6relser og gange.<\/span><\/li>\n<li><b>Ingen kemikalier eller lugte: <\/b><span style=\"font-weight: 400\">Ingen spray, ingen r\u00f8g, ingen kl\u00e6brige f\u00e6lder &#8211; bare ren, sikker beskyttelse af dit hjem.<\/span><\/li>\n<\/ul>\n<h2 style=\"text-align: center\">\ud83d\udce6 Hvad indeholder pakken:<\/h2>\n<p><img decoding=\"async\" class=\"size-full wp-image-14561 aligncenter\" src=\"https:\/\/keluvo.com\/template\/wp-content\/uploads\/sites\/5\/2025\/01\/variant-image-4.jpeg\" alt=\"\" \/><\/p>\n<ul>\n<li style=\"font-weight: 400\"><span style=\"font-weight: 400\">1x Ultrasonic myggeskr\u00e6mmer med indbygget natlys<\/span><\/li>\n<li style=\"font-weight: 400\"><span style=\"font-weight: 400\">Materiale: Holdbar ABS-plast<\/span><\/li>\n<li>1x EU-stikadapter<\/li>\n<\/ul>\n","protected":false},"excerpt":{"rendered":"<p>\ud83e\udd9f Hold insekter v\u00e6k, sov i fred! Den ultrasoniske myggeafviser bruger avancerede ultralydsb\u00f8lger til at holde myg og insekter v\u00e6k. [&hellip;]<\/p>\n","protected":false},"featured_media":4595,"comment_status":"open","ping_status":"closed","template":"","meta":{"site-sidebar-layout":"default","site-content-layout":"","ast-site-content-layout":"default","site-content-style":"default","site-sidebar-style":"default","ast-global-header-display":"","ast-banner-title-visibility":"","ast-main-header-display":"","ast-hfb-above-header-display":"","ast-hfb-below-header-display":"","ast-hfb-mobile-header-display":"","site-post-title":"","ast-breadcrumbs-content":"","ast-featured-img":"","footer-sml-layout":"","theme-transparent-header-meta":"default","adv-header-id-meta":"","stick-header-meta":"","header-above-stick-meta":"","header-main-stick-meta":"","header-below-stick-meta":"","astra-migrate-meta-layouts":"set","ast-page-background-enabled":"default","ast-page-background-meta":{"desktop":{"background-color":"var(--ast-global-color-5)","background-image":"","background-repeat":"repeat","background-position":"center center","background-size":"auto","background-attachment":"scroll","background-type":"","background-media":"","overlay-type":"","overlay-color":"","overlay-opacity":"","overlay-gradient":""},"tablet":{"background-color":"","background-image":"","background-repeat":"repeat","background-position":"center center","background-size":"auto","background-attachment":"scroll","background-type":"","background-media":"","overlay-type":"","overlay-color":"","overlay-opacity":"","overlay-gradient":""},"mobile":{"background-color":"","background-image":"","background-repeat":"repeat","background-position":"center center","background-size":"auto","background-attachment":"scroll","background-type":"","background-media":"","overlay-type":"","overlay-color":"","overlay-opacity":"","overlay-gradient":""}},"ast-content-background-meta":{"desktop":{"background-color":"var(--ast-global-color-4)","background-image":"","background-repeat":"repeat","background-position":"center center","background-size":"auto","background-attachment":"scroll","background-type":"","background-media":"","overlay-type":"","overlay-color":"","overlay-opacity":"","overlay-gradient":""},"tablet":{"background-color":"var(--ast-global-color-4)","background-image":"","background-repeat":"repeat","background-position":"center center","background-size":"auto","background-attachment":"scroll","background-type":"","background-media":"","overlay-type":"","overlay-color":"","overlay-opacity":"","overlay-gradient":""},"mobile":{"background-color":"var(--ast-global-color-4)","background-image":"","background-repeat":"repeat","background-position":"center center","background-size":"auto","background-attachment":"scroll","background-type":"","background-media":"","overlay-type":"","overlay-color":"","overlay-opacity":"","overlay-gradient":""}}},"product_brand":[],"product_cat":[19],"product_tag":[],"class_list":{"0":"post-4599","1":"product","2":"type-product","3":"status-publish","4":"has-post-thumbnail","6":"product_cat-uncategorized","7":"pa_44774_37vi9ub4-groen","8":"pa_44774_37vi9ub4-hvid","9":"pa_44774_37vi9ub4-sort","10":"desktop-align-left","11":"tablet-align-left","12":"mobile-align-left","14":"first","15":"instock","16":"shipping-taxable","17":"purchasable","18":"product-type-variable"},"_links":{"self":[{"href":"https:\/\/ecostera.com\/dk\/wp-json\/wp\/v2\/product\/4599","targetHints":{"allow":["GET"]}}],"collection":[{"href":"https:\/\/ecostera.com\/dk\/wp-json\/wp\/v2\/product"}],"about":[{"href":"https:\/\/ecostera.com\/dk\/wp-json\/wp\/v2\/types\/product"}],"replies":[{"embeddable":true,"href":"https:\/\/ecostera.com\/dk\/wp-json\/wp\/v2\/comments?post=4599"}],"wp:featuredmedia":[{"embeddable":true,"href":"https:\/\/ecostera.com\/dk\/wp-json\/wp\/v2\/media\/4595"}],"wp:attachment":[{"href":"https:\/\/ecostera.com\/dk\/wp-json\/wp\/v2\/media?parent=4599"}],"wp:term":[{"taxonomy":"product_brand","embeddable":true,"href":"https:\/\/ecostera.com\/dk\/wp-json\/wp\/v2\/product_brand?post=4599"},{"taxonomy":"product_cat","embeddable":true,"href":"https:\/\/ecostera.com\/dk\/wp-json\/wp\/v2\/product_cat?post=4599"},{"taxonomy":"product_tag","embeddable":true,"href":"https:\/\/ecostera.com\/dk\/wp-json\/wp\/v2\/product_tag?post=4599"}],"curies":[{"name":"wp","href":"https:\/\/api.w.org\/{rel}","templated":true}]}}