{"id":4811,"date":"2025-08-01T15:09:20","date_gmt":"2025-08-01T15:09:20","guid":{"rendered":"https:\/\/ecostera.com\/dk\/product\/armbaand-med-kaerlighedsknude\/"},"modified":"2025-09-13T16:07:01","modified_gmt":"2025-09-13T13:07:01","slug":"armbaand-med-kaerlighedsknude","status":"publish","type":"product","link":"https:\/\/ecostera.com\/dk\/product\/armbaand-med-kaerlighedsknude\/","title":{"rendered":"Armb\u00e5nd med k\u00e6rlighedsknude"},"content":{"rendered":"<p style=\"text-align: center;\" data-start=\"215\" data-end=\"360\"><strong data-start=\"215\" data-end=\"253\">\ud83e\uddf5 En Simpel Knude, Der Siger S\u00e5 Meget<\/strong><\/p>\n<p style=\"text-align: center;\" data-start=\"215\" data-end=\"360\">Dette slanke armb\u00e5nd med en k\u00e6rlighedsknude er et smukt symbol p\u00e5 forbindelse, loyalitet og tidl\u00f8s stil. Det er lavet til hverdagsbrug og er en meningsfuld gave til din partner, ven eller dig selv. Det minimalistiske design passer til ethvert outfit og minder dig om en s\u00e6rlig person, hver gang du kigger p\u00e5 dit h\u00e5ndled.<\/p>\n<p data-start=\"215\" data-end=\"360\"><img decoding=\"async\" class=\"size-full wp-image-29776 aligncenter\" src=\"https:\/\/keluvo.com\/template\/wp-content\/uploads\/sites\/5\/2025\/07\/07218-ezgif.com-video-to-webp-converter-2.webp\" alt=\"\" \/><\/p>\n<h2 style=\"text-align: center;\" data-start=\"563\" data-end=\"1000\">\u2728 Vigtigste Fordele<\/h2>\n<p data-start=\"563\" data-end=\"1000\">\ud83e\uddf6 Symbol p\u00e5 forbindelse &#8211; K\u00e6rlighedsknuden repr\u00e6senterer dybe b\u00e5nd og ubrydelige forhold.<\/p>\n<p data-start=\"563\" data-end=\"1000\">\ud83d\udd17 Justerbar pasform &#8211; Passer nemt til de fleste h\u00e5ndledsst\u00f8rrelser takket v\u00e6re den glidende knudelukning.<\/p>\n<p data-start=\"563\" data-end=\"1000\">\ud83d\udc8e Elegant design &#8211; Stilfuldt og minimalistisk til b\u00e5de m\u00e6nd og kvinder.<\/p>\n<p data-start=\"563\" data-end=\"1000\">\ud83c\udf81 Perfekt gave &#8211; Leveres i en smuk gave\u00e6ske, klar til at overraske en, du holder af.<\/p>\n<p data-start=\"563\" data-end=\"1000\"><img fetchpriority=\"high\" decoding=\"async\" class=\"size-full wp-image-29769 aligncenter\" src=\"https:\/\/keluvo.com\/template\/wp-content\/uploads\/sites\/5\/2025\/07\/Liebesknoten_Partner_Knoten_Armband_Gold_Schwarz_Vahlery_Geschenkbox_SMALL_e8cf30a6-6152-43ff-af17-ab34964285e5.jpg\" alt=\"\" width=\"1080\" height=\"1080\" \/><\/p>\n<h2 style=\"text-align: center;\" data-start=\"1007\" data-end=\"1026\">\ud83d\udee0 S\u00e5dan Bruges<\/h2>\n<ol data-start=\"1027\" data-end=\"1208\">\n<li data-start=\"1027\" data-end=\"1078\">\n<p data-start=\"1030\" data-end=\"1078\">Glid dit h\u00e5ndled gennem armb\u00e5ndets \u00e5bning.<\/p>\n<\/li>\n<li data-start=\"1079\" data-end=\"1136\">\n<p data-start=\"1082\" data-end=\"1136\">Tr\u00e6k i enderne for at stramme og justere til din komfort.<\/p>\n<\/li>\n<li data-start=\"1137\" data-end=\"1208\">\n<p data-start=\"1140\" data-end=\"1208\">B\u00e6r det dagligt som en p\u00e5mindelse om k\u00e6rlighed, venskab eller selvforbindelse.<\/p>\n<\/li>\n<\/ol>\n<h2 style=\"text-align: center;\" data-start=\"1215\" data-end=\"1239\">\ud83d\udccf Produktdetaljer<\/h2>\n<ul data-start=\"1240\" data-end=\"1459\">\n<li data-start=\"1240\" data-end=\"1278\">\n<p data-start=\"1242\" data-end=\"1278\">H\u00e5ndlavet armb\u00e5nd med k\u00e6rlighedsknude<\/p>\n<\/li>\n<li data-start=\"1311\" data-end=\"1342\">\n<p data-start=\"1313\" data-end=\"1342\">Rustfrit st\u00e5lperle accent<\/p>\n<\/li>\n<li data-start=\"1343\" data-end=\"1360\">\n<p data-start=\"1345\" data-end=\"1360\">Unisex design<\/p>\n<\/li>\n<li data-start=\"1361\" data-end=\"1396\">\n<p data-start=\"1363\" data-end=\"1396\">Justerbar glidende knudelukning<\/p>\n<\/li>\n<li data-start=\"1430\" data-end=\"1459\">\n<p data-start=\"1432\" data-end=\"1459\">Vandafvisende og holdbar<\/p>\n<\/li>\n<\/ul>\n<h2 style=\"text-align: center;\" data-start=\"1466\" data-end=\"1557\">\ud83d\udce6 Pakken Indeholder<\/h2>\n<ul>\n<li data-start=\"1466\" data-end=\"1557\">1, 2x k\u00e6rlighedsknudearmb\u00e5nd<\/li>\n<li data-start=\"1466\" data-end=\"1557\">1x premium gave\u00e6ske.<\/li>\n<\/ul>\n","protected":false},"excerpt":{"rendered":"<p>\ud83e\uddf5 En Simpel Knude, Der Siger S\u00e5 Meget Dette slanke armb\u00e5nd med en k\u00e6rlighedsknude er et smukt symbol p\u00e5 forbindelse, [&hellip;]<\/p>\n","protected":false},"featured_media":4807,"comment_status":"open","ping_status":"closed","template":"","meta":{"site-sidebar-layout":"default","site-content-layout":"","ast-site-content-layout":"default","site-content-style":"default","site-sidebar-style":"default","ast-global-header-display":"","ast-banner-title-visibility":"","ast-main-header-display":"","ast-hfb-above-header-display":"","ast-hfb-below-header-display":"","ast-hfb-mobile-header-display":"","site-post-title":"","ast-breadcrumbs-content":"","ast-featured-img":"","footer-sml-layout":"","theme-transparent-header-meta":"default","adv-header-id-meta":"","stick-header-meta":"","header-above-stick-meta":"","header-main-stick-meta":"","header-below-stick-meta":"","astra-migrate-meta-layouts":"set","ast-page-background-enabled":"default","ast-page-background-meta":{"desktop":{"background-color":"var(--ast-global-color-5)","background-image":"","background-repeat":"repeat","background-position":"center center","background-size":"auto","background-attachment":"scroll","background-type":"","background-media":"","overlay-type":"","overlay-color":"","overlay-opacity":"","overlay-gradient":""},"tablet":{"background-color":"","background-image":"","background-repeat":"repeat","background-position":"center center","background-size":"auto","background-attachment":"scroll","background-type":"","background-media":"","overlay-type":"","overlay-color":"","overlay-opacity":"","overlay-gradient":""},"mobile":{"background-color":"","background-image":"","background-repeat":"repeat","background-position":"center center","background-size":"auto","background-attachment":"scroll","background-type":"","background-media":"","overlay-type":"","overlay-color":"","overlay-opacity":"","overlay-gradient":""}},"ast-content-background-meta":{"desktop":{"background-color":"var(--ast-global-color-4)","background-image":"","background-repeat":"repeat","background-position":"center center","background-size":"auto","background-attachment":"scroll","background-type":"","background-media":"","overlay-type":"","overlay-color":"","overlay-opacity":"","overlay-gradient":""},"tablet":{"background-color":"var(--ast-global-color-4)","background-image":"","background-repeat":"repeat","background-position":"center center","background-size":"auto","background-attachment":"scroll","background-type":"","background-media":"","overlay-type":"","overlay-color":"","overlay-opacity":"","overlay-gradient":""},"mobile":{"background-color":"var(--ast-global-color-4)","background-image":"","background-repeat":"repeat","background-position":"center center","background-size":"auto","background-attachment":"scroll","background-type":"","background-media":"","overlay-type":"","overlay-color":"","overlay-opacity":"","overlay-gradient":""}}},"product_brand":[],"product_cat":[19],"product_tag":[],"class_list":{"0":"post-4811","1":"product","2":"type-product","3":"status-publish","4":"has-post-thumbnail","6":"product_cat-uncategorized","7":"pa_48249_hdsswkw9-guld","8":"pa_48249_hdsswkw9-soelv","9":"pa_48249_w0snrbt6-1-stk","10":"pa_48249_w0snrbt6-2-stk","11":"desktop-align-left","12":"tablet-align-left","13":"mobile-align-left","15":"first","16":"instock","17":"shipping-taxable","18":"purchasable","19":"product-type-variable","20":"has-default-attributes"},"_links":{"self":[{"href":"https:\/\/ecostera.com\/dk\/wp-json\/wp\/v2\/product\/4811","targetHints":{"allow":["GET"]}}],"collection":[{"href":"https:\/\/ecostera.com\/dk\/wp-json\/wp\/v2\/product"}],"about":[{"href":"https:\/\/ecostera.com\/dk\/wp-json\/wp\/v2\/types\/product"}],"replies":[{"embeddable":true,"href":"https:\/\/ecostera.com\/dk\/wp-json\/wp\/v2\/comments?post=4811"}],"wp:featuredmedia":[{"embeddable":true,"href":"https:\/\/ecostera.com\/dk\/wp-json\/wp\/v2\/media\/4807"}],"wp:attachment":[{"href":"https:\/\/ecostera.com\/dk\/wp-json\/wp\/v2\/media?parent=4811"}],"wp:term":[{"taxonomy":"product_brand","embeddable":true,"href":"https:\/\/ecostera.com\/dk\/wp-json\/wp\/v2\/product_brand?post=4811"},{"taxonomy":"product_cat","embeddable":true,"href":"https:\/\/ecostera.com\/dk\/wp-json\/wp\/v2\/product_cat?post=4811"},{"taxonomy":"product_tag","embeddable":true,"href":"https:\/\/ecostera.com\/dk\/wp-json\/wp\/v2\/product_tag?post=4811"}],"curies":[{"name":"wp","href":"https:\/\/api.w.org\/{rel}","templated":true}]}}