{"id":4861,"date":"2025-08-01T15:18:00","date_gmt":"2025-08-01T15:18:00","guid":{"rendered":"https:\/\/ecostera.com\/dk\/product\/skridsikre-barfodssko\/"},"modified":"2025-08-01T15:28:46","modified_gmt":"2025-08-01T15:28:46","slug":"skridsikre-barfodssko","status":"publish","type":"product","link":"https:\/\/ecostera.com\/dk\/product\/skridsikre-barfodssko\/","title":{"rendered":"Skridsikre barfodssko"},"content":{"rendered":"<p style=\"text-align: center\" data-start=\"155\" data-end=\"190\"><strong data-start=\"155\" data-end=\"190\">G\u00e5 naturligt. F\u00e5 det bedre. \ud83c\udf3f<\/strong><\/p>\n<p style=\"text-align: center\" data-start=\"192\" data-end=\"410\">Skridsikre barfodssko er designet til at efterligne naturlig gang, samtidig med at de giver dine f\u00f8dder den st\u00f8tte og komfort, de har brug for. Perfekt til alle, der \u00f8nsker at forbedre kropsholdningen, lindre ledsmerter og g\u00e5 med lethed hver dag.<\/p>\n<p data-start=\"192\" data-end=\"410\"><img decoding=\"async\" class=\"size-full wp-image-29820 aligncenter\" src=\"https:\/\/keluvo.com\/template\/wp-content\/uploads\/sites\/5\/2025\/07\/Screenshot_3.png\" alt=\"\" \/><\/p>\n<h2 style=\"text-align: center\" data-start=\"412\" data-end=\"431\"><strong>Hovedfordele \ud83d\udc63<\/strong><\/h2>\n<p data-start=\"434\" data-end=\"481\">\ud83e\uddb6 Fremmer naturlig fodbev\u00e6gelse og kropsholdning<\/p>\n<p data-start=\"484\" data-end=\"534\">\ud83d\udc63 Styrker fodmusklerne og forbedrer balancen<\/p>\n<p data-start=\"537\" data-end=\"588\">\ud83d\udca8 Let og \u00e5ndbar til hele dagen comfort<\/p>\n<p data-start=\"591\" data-end=\"645\">\ud83d\udee1\ufe0f Skridsikker s\u00e5l holder dig stabil p\u00e5 alle overflader<\/p>\n<p data-start=\"648\" data-end=\"700\">\ud83c\udf1f Hj\u00e6lper med at lindre trykket p\u00e5 kn\u00e6, hofter og ryg<\/p>\n<p data-start=\"648\" data-end=\"700\"><img decoding=\"async\" class=\"size-full wp-image-29814 aligncenter\" src=\"https:\/\/keluvo.com\/template\/wp-content\/uploads\/sites\/5\/2025\/07\/BAREO15313__10190a85-1.jpg\" alt=\"\" \/><\/p>\n<h2 style=\"text-align: center\" data-start=\"702\" data-end=\"721\"><strong>S\u00e5dan Bruges De \ud83e\uddfc<\/strong><\/h2>\n<ol data-start=\"722\" data-end=\"870\">\n<li data-start=\"722\" data-end=\"757\">\n<p data-start=\"725\" data-end=\"757\">Brug dem som normale sneakers.<\/p>\n<\/li>\n<li data-start=\"758\" data-end=\"816\">\n<p data-start=\"761\" data-end=\"816\">Brug dem til g\u00e5ture, \u00e6rinder eller hverdagsaktiviteter.<\/p>\n<\/li>\n<li data-start=\"817\" data-end=\"870\">\n<p data-start=\"820\" data-end=\"870\">Reng\u00f8r med en fugtig klud eller h\u00e5ndvask efter behov.<\/p>\n<\/li>\n<\/ol>\n<h2 style=\"text-align: center\" data-start=\"872\" data-end=\"896\"><strong>Produktdetaljer \ud83d\udccb<\/strong><\/h2>\n<ul data-start=\"897\" data-end=\"1126\">\n<li data-start=\"897\" data-end=\"932\">\n<p data-start=\"899\" data-end=\"932\">Overmateriale: \u00c5ndbart mesh<\/p>\n<\/li>\n<li data-start=\"933\" data-end=\"987\">\n<p data-start=\"935\" data-end=\"987\">S\u00e5l: Skridsikkert gummi med ergonomisk svangst\u00f8tte<\/p>\n<\/li>\n<li data-start=\"988\" data-end=\"1031\">\n<p data-start=\"990\" data-end=\"1031\">Pasform: Passer i st\u00f8rrelsen (se st\u00f8rrelsestabellen)<\/p>\n<\/li>\n<li data-start=\"1032\" data-end=\"1073\">\n<p data-start=\"1034\" data-end=\"1073\">Stil: Unisex, afslappet og let<\/p>\n<\/li>\n<\/ul>\n<h2 style=\"text-align: center\" data-start=\"1128\" data-end=\"1153\"><strong>Pakken Indeholder \ud83d\udce6<\/strong><\/h2>\n<ul data-start=\"1154\" data-end=\"1223\">\n<li data-start=\"1154\" data-end=\"1223\">\n<p data-start=\"1156\" data-end=\"1223\">1x par skridsikre barfodssko.<\/p>\n<\/li>\n<\/ul>\n","protected":false},"excerpt":{"rendered":"<p>G\u00e5 naturligt. F\u00e5 det bedre. \ud83c\udf3f Skridsikre barfodssko er designet til at efterligne naturlig gang, samtidig med at de giver [&hellip;]<\/p>\n","protected":false},"featured_media":4856,"comment_status":"open","ping_status":"closed","template":"","meta":{"site-sidebar-layout":"default","site-content-layout":"","ast-site-content-layout":"default","site-content-style":"default","site-sidebar-style":"default","ast-global-header-display":"","ast-banner-title-visibility":"","ast-main-header-display":"","ast-hfb-above-header-display":"","ast-hfb-below-header-display":"","ast-hfb-mobile-header-display":"","site-post-title":"","ast-breadcrumbs-content":"","ast-featured-img":"","footer-sml-layout":"","theme-transparent-header-meta":"default","adv-header-id-meta":"","stick-header-meta":"","header-above-stick-meta":"","header-main-stick-meta":"","header-below-stick-meta":"","astra-migrate-meta-layouts":"set","ast-page-background-enabled":"default","ast-page-background-meta":{"desktop":{"background-color":"var(--ast-global-color-5)","background-image":"","background-repeat":"repeat","background-position":"center center","background-size":"auto","background-attachment":"scroll","background-type":"","background-media":"","overlay-type":"","overlay-color":"","overlay-opacity":"","overlay-gradient":""},"tablet":{"background-color":"","background-image":"","background-repeat":"repeat","background-position":"center center","background-size":"auto","background-attachment":"scroll","background-type":"","background-media":"","overlay-type":"","overlay-color":"","overlay-opacity":"","overlay-gradient":""},"mobile":{"background-color":"","background-image":"","background-repeat":"repeat","background-position":"center center","background-size":"auto","background-attachment":"scroll","background-type":"","background-media":"","overlay-type":"","overlay-color":"","overlay-opacity":"","overlay-gradient":""}},"ast-content-background-meta":{"desktop":{"background-color":"var(--ast-global-color-4)","background-image":"","background-repeat":"repeat","background-position":"center center","background-size":"auto","background-attachment":"scroll","background-type":"","background-media":"","overlay-type":"","overlay-color":"","overlay-opacity":"","overlay-gradient":""},"tablet":{"background-color":"var(--ast-global-color-4)","background-image":"","background-repeat":"repeat","background-position":"center center","background-size":"auto","background-attachment":"scroll","background-type":"","background-media":"","overlay-type":"","overlay-color":"","overlay-opacity":"","overlay-gradient":""},"mobile":{"background-color":"var(--ast-global-color-4)","background-image":"","background-repeat":"repeat","background-position":"center center","background-size":"auto","background-attachment":"scroll","background-type":"","background-media":"","overlay-type":"","overlay-color":"","overlay-opacity":"","overlay-gradient":""}}},"product_brand":[],"product_cat":[19],"product_tag":[],"class_list":{"0":"post-4861","1":"product","2":"type-product","3":"status-publish","4":"has-post-thumbnail","6":"product_cat-uncategorized","7":"pa_48251_tssu9g3n-blaa","8":"pa_48251_tssu9g3n-lyseroed-hvid","9":"pa_48251_tssu9g3n-sort","10":"pa_48251_wju6o88z-550","11":"pa_48251_wju6o88z-551","12":"pa_48251_wju6o88z-552","13":"pa_48251_wju6o88z-553","14":"pa_48251_wju6o88z-554","15":"pa_48251_wju6o88z-555","16":"pa_48251_wju6o88z-556","17":"pa_48251_wju6o88z-557","18":"pa_48251_wju6o88z-558","19":"pa_48251_wju6o88z-559","20":"pa_48251_wju6o88z-560","21":"pa_48251_wju6o88z-561","22":"desktop-align-left","23":"tablet-align-left","24":"mobile-align-left","26":"first","27":"instock","28":"shipping-taxable","29":"purchasable","30":"product-type-variable","31":"has-default-attributes"},"_links":{"self":[{"href":"https:\/\/ecostera.com\/dk\/wp-json\/wp\/v2\/product\/4861","targetHints":{"allow":["GET"]}}],"collection":[{"href":"https:\/\/ecostera.com\/dk\/wp-json\/wp\/v2\/product"}],"about":[{"href":"https:\/\/ecostera.com\/dk\/wp-json\/wp\/v2\/types\/product"}],"replies":[{"embeddable":true,"href":"https:\/\/ecostera.com\/dk\/wp-json\/wp\/v2\/comments?post=4861"}],"wp:featuredmedia":[{"embeddable":true,"href":"https:\/\/ecostera.com\/dk\/wp-json\/wp\/v2\/media\/4856"}],"wp:attachment":[{"href":"https:\/\/ecostera.com\/dk\/wp-json\/wp\/v2\/media?parent=4861"}],"wp:term":[{"taxonomy":"product_brand","embeddable":true,"href":"https:\/\/ecostera.com\/dk\/wp-json\/wp\/v2\/product_brand?post=4861"},{"taxonomy":"product_cat","embeddable":true,"href":"https:\/\/ecostera.com\/dk\/wp-json\/wp\/v2\/product_cat?post=4861"},{"taxonomy":"product_tag","embeddable":true,"href":"https:\/\/ecostera.com\/dk\/wp-json\/wp\/v2\/product_tag?post=4861"}],"curies":[{"name":"wp","href":"https:\/\/api.w.org\/{rel}","templated":true}]}}