{"id":5007,"date":"2025-08-04T09:13:32","date_gmt":"2025-08-04T09:13:32","guid":{"rendered":"https:\/\/ecostera.com\/dk\/product\/tyverisikret-taske\/"},"modified":"2025-09-15T12:08:09","modified_gmt":"2025-09-15T09:08:09","slug":"tyverisikret-taske","status":"publish","type":"product","link":"https:\/\/ecostera.com\/dk\/product\/tyverisikret-taske\/","title":{"rendered":"Tyverisikret taske"},"content":{"rendered":"<h2 style=\"text-align: center\">Bygget af materialer af h\u00f8j kvalitet<\/h2>\n<p style=\"text-align: center\">Denne tyverisikrede taske er fremstillet af slidst\u00e6rkt polyester af h\u00f8j kvalitet, hvilket sikrer en langvarig og slidst\u00e6rk f\u00f8lgesvend til alle dine rejser.<\/p>\n<h2 style=\"text-align: center\"><img decoding=\"async\" class=\"size-medium wp-image-1211 aligncenter\" src=\"https:\/\/keluvo.com\/template\/wp-content\/uploads\/sites\/5\/2024\/10\/0f8fb97c-24cf-43d4-8ec9-7f6116d38a44.png\" alt=\"\" \/><\/h2>\n<h2><\/h2>\n<h2 style=\"text-align: center\">Innovativt tyverisikret design<\/h2>\n<p style=\"text-align: center\">Udstyret med flere skjulte rum og sikre lynl\u00e5se er denne taske designet til at beskytte dine v\u00e6rdigenstande mod tyveri, hvilket g\u00f8r den ideel til det travle byliv eller rejser.<\/p>\n<p><img decoding=\"async\" class=\"size-medium wp-image-1212 aligncenter\" src=\"https:\/\/keluvo.com\/template\/wp-content\/uploads\/sites\/5\/2024\/10\/5679e8ae-43ad-451c-8704-e2909bcb26ab.webp\" alt=\"\" \/><\/p>\n<h2><\/h2>\n<h2 style=\"text-align: center\">Bredt udvalg af farvemuligheder<\/h2>\n<p style=\"text-align: center\">V\u00e6lg mellem en r\u00e6kke farver, der matcher din personlige stil. Denne alsidige taske er perfekt til at koordinere med enhver garderobe og sikrer, at du ser godt ud, samtidig med at dine ejendele er sikre.<\/p>\n<p><img decoding=\"async\" class=\"size-medium wp-image-1213 aligncenter\" src=\"https:\/\/keluvo.com\/template\/wp-content\/uploads\/sites\/5\/2024\/10\/e0198de0-5ca8-4abd-a0f9-a9a3a528de0e.webp\" alt=\"\" \/><\/p>\n","protected":false},"excerpt":{"rendered":"<p>Bygget af materialer af h\u00f8j kvalitet Denne tyverisikrede taske er fremstillet af slidst\u00e6rkt polyester af h\u00f8j kvalitet, hvilket sikrer en [&hellip;]<\/p>\n","protected":false},"featured_media":5003,"comment_status":"open","ping_status":"closed","template":"","meta":{"site-sidebar-layout":"default","site-content-layout":"","ast-site-content-layout":"default","site-content-style":"default","site-sidebar-style":"default","ast-global-header-display":"","ast-banner-title-visibility":"","ast-main-header-display":"","ast-hfb-above-header-display":"","ast-hfb-below-header-display":"","ast-hfb-mobile-header-display":"","site-post-title":"","ast-breadcrumbs-content":"","ast-featured-img":"","footer-sml-layout":"","theme-transparent-header-meta":"default","adv-header-id-meta":"","stick-header-meta":"","header-above-stick-meta":"","header-main-stick-meta":"","header-below-stick-meta":"","astra-migrate-meta-layouts":"set","ast-page-background-enabled":"default","ast-page-background-meta":{"desktop":{"background-color":"var(--ast-global-color-5)","background-image":"","background-repeat":"repeat","background-position":"center center","background-size":"auto","background-attachment":"scroll","background-type":"","background-media":"","overlay-type":"","overlay-color":"","overlay-opacity":"","overlay-gradient":""},"tablet":{"background-color":"","background-image":"","background-repeat":"repeat","background-position":"center center","background-size":"auto","background-attachment":"scroll","background-type":"","background-media":"","overlay-type":"","overlay-color":"","overlay-opacity":"","overlay-gradient":""},"mobile":{"background-color":"","background-image":"","background-repeat":"repeat","background-position":"center center","background-size":"auto","background-attachment":"scroll","background-type":"","background-media":"","overlay-type":"","overlay-color":"","overlay-opacity":"","overlay-gradient":""}},"ast-content-background-meta":{"desktop":{"background-color":"var(--ast-global-color-4)","background-image":"","background-repeat":"repeat","background-position":"center center","background-size":"auto","background-attachment":"scroll","background-type":"","background-media":"","overlay-type":"","overlay-color":"","overlay-opacity":"","overlay-gradient":""},"tablet":{"background-color":"var(--ast-global-color-4)","background-image":"","background-repeat":"repeat","background-position":"center center","background-size":"auto","background-attachment":"scroll","background-type":"","background-media":"","overlay-type":"","overlay-color":"","overlay-opacity":"","overlay-gradient":""},"mobile":{"background-color":"var(--ast-global-color-4)","background-image":"","background-repeat":"repeat","background-position":"center center","background-size":"auto","background-attachment":"scroll","background-type":"","background-media":"","overlay-type":"","overlay-color":"","overlay-opacity":"","overlay-gradient":""}}},"product_brand":[],"product_cat":[19],"product_tag":[],"class_list":{"0":"post-5007","1":"product","2":"type-product","3":"status-publish","4":"has-post-thumbnail","6":"product_cat-uncategorized","7":"pa_14411_8cx15l1q-graa","8":"pa_14411_8cx15l1q-groen","9":"pa_14411_8cx15l1q-lilla","10":"pa_14411_8cx15l1q-lyseblaa","11":"pa_14411_8cx15l1q-lyseroed","12":"pa_14411_8cx15l1q-lyseroed-med-moenstre","13":"pa_14411_8cx15l1q-moerkeblaa","14":"pa_14411_8cx15l1q-moerkegroen","15":"pa_14411_8cx15l1q-roed","16":"pa_14411_8cx15l1q-roed-med-moenstre","17":"pa_14411_8cx15l1q-sort","18":"pa_14411_8cx15l1q-sort-med-moenstre","19":"desktop-align-left","20":"tablet-align-left","21":"mobile-align-left","23":"first","24":"instock","25":"shipping-taxable","26":"purchasable","27":"product-type-variable"},"_links":{"self":[{"href":"https:\/\/ecostera.com\/dk\/wp-json\/wp\/v2\/product\/5007","targetHints":{"allow":["GET"]}}],"collection":[{"href":"https:\/\/ecostera.com\/dk\/wp-json\/wp\/v2\/product"}],"about":[{"href":"https:\/\/ecostera.com\/dk\/wp-json\/wp\/v2\/types\/product"}],"replies":[{"embeddable":true,"href":"https:\/\/ecostera.com\/dk\/wp-json\/wp\/v2\/comments?post=5007"}],"wp:featuredmedia":[{"embeddable":true,"href":"https:\/\/ecostera.com\/dk\/wp-json\/wp\/v2\/media\/5003"}],"wp:attachment":[{"href":"https:\/\/ecostera.com\/dk\/wp-json\/wp\/v2\/media?parent=5007"}],"wp:term":[{"taxonomy":"product_brand","embeddable":true,"href":"https:\/\/ecostera.com\/dk\/wp-json\/wp\/v2\/product_brand?post=5007"},{"taxonomy":"product_cat","embeddable":true,"href":"https:\/\/ecostera.com\/dk\/wp-json\/wp\/v2\/product_cat?post=5007"},{"taxonomy":"product_tag","embeddable":true,"href":"https:\/\/ecostera.com\/dk\/wp-json\/wp\/v2\/product_tag?post=5007"}],"curies":[{"name":"wp","href":"https:\/\/api.w.org\/{rel}","templated":true}]}}