{"id":5045,"date":"2025-08-04T09:14:58","date_gmt":"2025-08-04T09:14:58","guid":{"rendered":"https:\/\/ecostera.com\/dk\/product\/vintage-uldkaede-taske\/"},"modified":"2025-08-04T09:15:06","modified_gmt":"2025-08-04T09:15:06","slug":"vintage-uldkaede-taske","status":"publish","type":"product","link":"https:\/\/ecostera.com\/dk\/product\/vintage-uldkaede-taske\/","title":{"rendered":"Vintage uldk\u00e6de-taske"},"content":{"rendered":"<h2 style=\"text-align: center\">Klassisk vintagestil<\/h2>\n<p style=\"text-align: center\">Vintage uldk\u00e6detasken giver et strejf af retrocharme til dit outfit med sit uldstof og stilfulde k\u00e6derem. Dens unikke design g\u00f8r den til en i\u00f8jnefaldende accessory, der er ideel til at tilf\u00f8je lidt vintage-flair til b\u00e5de afslappede og formelle looks.<\/p>\n<p><img decoding=\"async\" class=\"alignnone size-medium wp-image-2079 aligncenter\" src=\"https:\/\/keluvo.com\/template\/wp-content\/uploads\/sites\/5\/2024\/10\/8f056999-01bd-4520-a286-518789398227.webp\" alt=\"\" \/><\/p>\n<h2 style=\"text-align: center\">Kompakt og praktisk st\u00f8rrelse<\/h2>\n<p style=\"text-align: center\">Med en l\u00e6ngde p\u00e5 21 cm er vintage uldk\u00e6detasken kompakt, men alligevel rummelig nok til at rumme vigtige ting som din telefon, pung og n\u00f8gler. Den praktiske st\u00f8rrelse g\u00f8r den perfekt til daglig brug eller til s\u00e6rlige udflugter, hvor du gerne vil rejse let.<\/p>\n<p><img decoding=\"async\" class=\"alignnone size-medium wp-image-2080 aligncenter\" src=\"https:\/\/keluvo.com\/template\/wp-content\/uploads\/sites\/5\/2024\/10\/8549276b-d1bf-4688-a20b-c925350e7e1c.webp\" alt=\"\" \/><\/p>\n","protected":false},"excerpt":{"rendered":"<p>Klassisk vintagestil Vintage uldk\u00e6detasken giver et strejf af retrocharme til dit outfit med sit uldstof og stilfulde k\u00e6derem. Dens unikke [&hellip;]<\/p>\n","protected":false},"featured_media":5041,"comment_status":"open","ping_status":"closed","template":"","meta":{"site-sidebar-layout":"default","site-content-layout":"","ast-site-content-layout":"default","site-content-style":"default","site-sidebar-style":"default","ast-global-header-display":"","ast-banner-title-visibility":"","ast-main-header-display":"","ast-hfb-above-header-display":"","ast-hfb-below-header-display":"","ast-hfb-mobile-header-display":"","site-post-title":"","ast-breadcrumbs-content":"","ast-featured-img":"","footer-sml-layout":"","theme-transparent-header-meta":"default","adv-header-id-meta":"","stick-header-meta":"","header-above-stick-meta":"","header-main-stick-meta":"","header-below-stick-meta":"","astra-migrate-meta-layouts":"set","ast-page-background-enabled":"default","ast-page-background-meta":{"desktop":{"background-color":"var(--ast-global-color-5)","background-image":"","background-repeat":"repeat","background-position":"center center","background-size":"auto","background-attachment":"scroll","background-type":"","background-media":"","overlay-type":"","overlay-color":"","overlay-opacity":"","overlay-gradient":""},"tablet":{"background-color":"","background-image":"","background-repeat":"repeat","background-position":"center center","background-size":"auto","background-attachment":"scroll","background-type":"","background-media":"","overlay-type":"","overlay-color":"","overlay-opacity":"","overlay-gradient":""},"mobile":{"background-color":"","background-image":"","background-repeat":"repeat","background-position":"center center","background-size":"auto","background-attachment":"scroll","background-type":"","background-media":"","overlay-type":"","overlay-color":"","overlay-opacity":"","overlay-gradient":""}},"ast-content-background-meta":{"desktop":{"background-color":"var(--ast-global-color-4)","background-image":"","background-repeat":"repeat","background-position":"center center","background-size":"auto","background-attachment":"scroll","background-type":"","background-media":"","overlay-type":"","overlay-color":"","overlay-opacity":"","overlay-gradient":""},"tablet":{"background-color":"var(--ast-global-color-4)","background-image":"","background-repeat":"repeat","background-position":"center center","background-size":"auto","background-attachment":"scroll","background-type":"","background-media":"","overlay-type":"","overlay-color":"","overlay-opacity":"","overlay-gradient":""},"mobile":{"background-color":"var(--ast-global-color-4)","background-image":"","background-repeat":"repeat","background-position":"center center","background-size":"auto","background-attachment":"scroll","background-type":"","background-media":"","overlay-type":"","overlay-color":"","overlay-opacity":"","overlay-gradient":""}}},"product_brand":[],"product_cat":[19],"product_tag":[],"class_list":{"0":"post-5045","1":"product","2":"type-product","3":"status-publish","4":"has-post-thumbnail","6":"product_cat-uncategorized","7":"pa_14516_h3yzz04f-abrikos","8":"pa_14516_h3yzz04f-lyseroed","9":"pa_14516_h3yzz04f-sort","10":"desktop-align-left","11":"tablet-align-left","12":"mobile-align-left","14":"first","15":"instock","16":"shipping-taxable","17":"purchasable","18":"product-type-variable"},"_links":{"self":[{"href":"https:\/\/ecostera.com\/dk\/wp-json\/wp\/v2\/product\/5045","targetHints":{"allow":["GET"]}}],"collection":[{"href":"https:\/\/ecostera.com\/dk\/wp-json\/wp\/v2\/product"}],"about":[{"href":"https:\/\/ecostera.com\/dk\/wp-json\/wp\/v2\/types\/product"}],"replies":[{"embeddable":true,"href":"https:\/\/ecostera.com\/dk\/wp-json\/wp\/v2\/comments?post=5045"}],"wp:featuredmedia":[{"embeddable":true,"href":"https:\/\/ecostera.com\/dk\/wp-json\/wp\/v2\/media\/5041"}],"wp:attachment":[{"href":"https:\/\/ecostera.com\/dk\/wp-json\/wp\/v2\/media?parent=5045"}],"wp:term":[{"taxonomy":"product_brand","embeddable":true,"href":"https:\/\/ecostera.com\/dk\/wp-json\/wp\/v2\/product_brand?post=5045"},{"taxonomy":"product_cat","embeddable":true,"href":"https:\/\/ecostera.com\/dk\/wp-json\/wp\/v2\/product_cat?post=5045"},{"taxonomy":"product_tag","embeddable":true,"href":"https:\/\/ecostera.com\/dk\/wp-json\/wp\/v2\/product_tag?post=5045"}],"curies":[{"name":"wp","href":"https:\/\/api.w.org\/{rel}","templated":true}]}}