{"id":5057,"date":"2025-08-04T09:15:45","date_gmt":"2025-08-04T09:15:45","guid":{"rendered":"https:\/\/ecostera.com\/dk\/product\/hylde-til-badevaerelset-2\/"},"modified":"2025-08-04T09:15:51","modified_gmt":"2025-08-04T09:15:51","slug":"hylde-til-badevaerelset-2","status":"publish","type":"product","link":"https:\/\/ecostera.com\/dk\/product\/hylde-til-badevaerelset-2\/","title":{"rendered":"Hylde til badev\u00e6relset"},"content":{"rendered":"<h4><img decoding=\"async\" class=\"aligncenter\" src=\"https:\/\/m.media-amazon.com\/images\/I\/711qCR6yYyL._AC_SL1500_.jpg\" \/><\/h4>\n<h2 style=\"text-align: center\">Materiale af h\u00f8j kvalitet<\/h2>\n<p style=\"text-align: center\">Denne sugekopopbevaringsboks er lavet af materiale af h\u00f8j kvalitet, som ikke er let at \u00f8del\u00e6gge og er slidst\u00e6rkt, holdbart og langtidsholdbart.<\/p>\n<p style=\"text-align: center\"><img decoding=\"async\" src=\"https:\/\/m.media-amazon.com\/images\/I\/71cGD3g8VtL._AC_SL1500_.jpg\" \/><\/p>\n<h2 style=\"text-align: center\"><strong>Let At Installere Og Reng\u00f8re<\/strong><\/h2>\n<p style=\"text-align: center\">Opbevaringskurven til badev\u00e6relset er en sugekopinstallation uden boring. Det tager kun et par minutter at installere den, og den kan fjernes. Du kan ogs\u00e5 tage den ud for at reng\u00f8re den.<\/p>\n<p style=\"text-align: center\"><img decoding=\"async\" src=\"https:\/\/m.media-amazon.com\/images\/I\/81bERjLgUaL._AC_SL1500_.jpg\" \/><\/p>\n<h2 style=\"text-align: center\">Stor kapacitet<\/h2>\n<p style=\"text-align: center\">Opbevaringsstativet har stor kapacitet og et design med bundafl\u00f8b. Det kan opbevare daglige forn\u00f8denheder, badeartikler, k\u00f8kkenkrydderier og andre ting i rummet.<\/p>\n<p style=\"text-align: center\"><img decoding=\"async\" src=\"https:\/\/m.media-amazon.com\/images\/I\/711qCR6yYyL._AC_SL1500_.jpg\" \/><\/p>\n<h2 style=\"text-align: center\">pladsbesparende<\/h2>\n<p style=\"text-align: center\">Denne opbevaringsreol er en fantastisk m\u00e5de at maksimere ubrugt v\u00e6gplads p\u00e5, hvor det er n\u00f8dvendigt, og giver et praktisk placeringsomr\u00e5de.<\/p>\n<p style=\"text-align: center\"><img decoding=\"async\" src=\"https:\/\/m.media-amazon.com\/images\/I\/71tJEKumWOL._AC_SL1500_.jpg\" \/><\/p>\n<h2 style=\"text-align: center\" data-spm-anchor-id=\"a2g0o.detail.1000023.i0.61f74dzI4dzIDu\"><strong>Bred Anvendelse<\/strong><\/h2>\n<p style=\"text-align: center\" data-spm-anchor-id=\"a2g0o.detail.1000023.i0.61f74dzI4dzIDu\">Opbevaringsreolen er velegnet til hjemmet, sovev\u00e6relset, badev\u00e6relset, k\u00f8kkenet, kontoret\/h\u00e5ndv\u00e6rkerrummet\/garagen osv. for at g\u00f8re tingene mere organiserede.<\/p>\n","protected":false},"excerpt":{"rendered":"<p>Materiale af h\u00f8j kvalitet Denne sugekopopbevaringsboks er lavet af materiale af h\u00f8j kvalitet, som ikke er let at \u00f8del\u00e6gge og [&hellip;]<\/p>\n","protected":false},"featured_media":5052,"comment_status":"open","ping_status":"closed","template":"","meta":{"site-sidebar-layout":"default","site-content-layout":"","ast-site-content-layout":"default","site-content-style":"default","site-sidebar-style":"default","ast-global-header-display":"","ast-banner-title-visibility":"","ast-main-header-display":"","ast-hfb-above-header-display":"","ast-hfb-below-header-display":"","ast-hfb-mobile-header-display":"","site-post-title":"","ast-breadcrumbs-content":"","ast-featured-img":"","footer-sml-layout":"","theme-transparent-header-meta":"default","adv-header-id-meta":"","stick-header-meta":"","header-above-stick-meta":"","header-main-stick-meta":"","header-below-stick-meta":"","astra-migrate-meta-layouts":"set","ast-page-background-enabled":"default","ast-page-background-meta":{"desktop":{"background-color":"var(--ast-global-color-5)","background-image":"","background-repeat":"repeat","background-position":"center center","background-size":"auto","background-attachment":"scroll","background-type":"","background-media":"","overlay-type":"","overlay-color":"","overlay-opacity":"","overlay-gradient":""},"tablet":{"background-color":"","background-image":"","background-repeat":"repeat","background-position":"center center","background-size":"auto","background-attachment":"scroll","background-type":"","background-media":"","overlay-type":"","overlay-color":"","overlay-opacity":"","overlay-gradient":""},"mobile":{"background-color":"","background-image":"","background-repeat":"repeat","background-position":"center center","background-size":"auto","background-attachment":"scroll","background-type":"","background-media":"","overlay-type":"","overlay-color":"","overlay-opacity":"","overlay-gradient":""}},"ast-content-background-meta":{"desktop":{"background-color":"var(--ast-global-color-4)","background-image":"","background-repeat":"repeat","background-position":"center center","background-size":"auto","background-attachment":"scroll","background-type":"","background-media":"","overlay-type":"","overlay-color":"","overlay-opacity":"","overlay-gradient":""},"tablet":{"background-color":"var(--ast-global-color-4)","background-image":"","background-repeat":"repeat","background-position":"center center","background-size":"auto","background-attachment":"scroll","background-type":"","background-media":"","overlay-type":"","overlay-color":"","overlay-opacity":"","overlay-gradient":""},"mobile":{"background-color":"var(--ast-global-color-4)","background-image":"","background-repeat":"repeat","background-position":"center center","background-size":"auto","background-attachment":"scroll","background-type":"","background-media":"","overlay-type":"","overlay-color":"","overlay-opacity":"","overlay-gradient":""}}},"product_brand":[],"product_cat":[19],"product_tag":[],"class_list":{"0":"post-5057","1":"product","2":"type-product","3":"status-publish","4":"has-post-thumbnail","6":"product_cat-uncategorized","7":"pa_14598_ghswf83v-begge-dele","8":"pa_14598_ghswf83v-lille","9":"pa_14598_ghswf83v-stor","10":"desktop-align-left","11":"tablet-align-left","12":"mobile-align-left","14":"first","15":"instock","16":"shipping-taxable","17":"purchasable","18":"product-type-variable"},"_links":{"self":[{"href":"https:\/\/ecostera.com\/dk\/wp-json\/wp\/v2\/product\/5057","targetHints":{"allow":["GET"]}}],"collection":[{"href":"https:\/\/ecostera.com\/dk\/wp-json\/wp\/v2\/product"}],"about":[{"href":"https:\/\/ecostera.com\/dk\/wp-json\/wp\/v2\/types\/product"}],"replies":[{"embeddable":true,"href":"https:\/\/ecostera.com\/dk\/wp-json\/wp\/v2\/comments?post=5057"}],"wp:featuredmedia":[{"embeddable":true,"href":"https:\/\/ecostera.com\/dk\/wp-json\/wp\/v2\/media\/5052"}],"wp:attachment":[{"href":"https:\/\/ecostera.com\/dk\/wp-json\/wp\/v2\/media?parent=5057"}],"wp:term":[{"taxonomy":"product_brand","embeddable":true,"href":"https:\/\/ecostera.com\/dk\/wp-json\/wp\/v2\/product_brand?post=5057"},{"taxonomy":"product_cat","embeddable":true,"href":"https:\/\/ecostera.com\/dk\/wp-json\/wp\/v2\/product_cat?post=5057"},{"taxonomy":"product_tag","embeddable":true,"href":"https:\/\/ecostera.com\/dk\/wp-json\/wp\/v2\/product_tag?post=5057"}],"curies":[{"name":"wp","href":"https:\/\/api.w.org\/{rel}","templated":true}]}}