{"id":5068,"date":"2025-08-04T09:16:51","date_gmt":"2025-08-04T09:16:51","guid":{"rendered":"https:\/\/ecostera.com\/dk\/product\/skridsikker-telefonholder-til-bilmaatte\/"},"modified":"2025-08-04T10:24:38","modified_gmt":"2025-08-04T10:24:38","slug":"skridsikker-telefonholder-til-bilmaatte","status":"publish","type":"product","link":"https:\/\/ecostera.com\/dk\/product\/skridsikker-telefonholder-til-bilmaatte\/","title":{"rendered":"Skridsikker telefonholder til bilm\u00e5tte"},"content":{"rendered":"<p style=\"text-align: center\" data-start=\"565\" data-end=\"630\"><strong>Hold dig sikker og organiseret med denne skridsikre bilholder!<\/strong><\/p>\n<p style=\"text-align: center\" data-start=\"632\" data-end=\"759\">Ikke flere glidende telefoner, mistede kontaktoplysninger eller beskidte billugte &#8211; denne enkle l\u00f8sning holder alt p\u00e5 plads og inden for r\u00e6kkevidde. Denne multifunktionelle skridsikre holder er designet til at holde din telefon sikkert, vise dit kontaktnummer, tilf\u00f8je en frisk duft og skabe en k\u00f8lig gl\u00f8d om natten &#8211; alt sammen uden brug af installationsv\u00e6rkt\u00f8jer eller kl\u00e6bemidler.<\/p>\n<p data-start=\"632\" data-end=\"759\"><img decoding=\"async\" class=\"size-full wp-image-24307 aligncenter\" src=\"https:\/\/keluvo.com\/template\/wp-content\/uploads\/sites\/5\/2024\/10\/0618-ezgif.com-video-to-webp-converter.webp\" alt=\"\" \/><\/p>\n<h2 style=\"text-align: center\">\ud83c\udf1f Hovedfordele<\/h2>\n<p data-start=\"1005\" data-end=\"1085\">\ud83d\udcf1 <strong data-start=\"1008\" data-end=\"1038\">360\u00b0 Roterende Telefonholder<\/strong> \u2013 Juster til perfekte synsvinkler n\u00e5r som helst.<\/p>\n<p data-start=\"1005\" data-end=\"1085\">\ud83d\ude98 <strong data-start=\"1091\" data-end=\"1117\">Ingen Installation N\u00f8dvendig<\/strong> \u2013 Bare placer og g\u00e5\u2014ingen magneter, ingen sugekopper.<\/p>\n<p data-start=\"1171\" data-end=\"1258\">\ud83d\udd22 <strong data-start=\"1174\" data-end=\"1198\">Skjult Kontaktplade<\/strong> \u2013 Vis eller skjul dit nummer med medf\u00f8lgende klisterm\u00e6rkes\u00e6t.<\/p>\n<p data-start=\"1261\" data-end=\"1343\">\ud83c\udf43 <strong data-start=\"1264\" data-end=\"1293\">Indbygget Aromaterapiboks<\/strong> \u2013 Frisk din bil op med din yndlingsduft.<\/p>\n<p data-start=\"1346\" data-end=\"1426\">\ud83c\udf0c <strong>Gl\u00f8de i M\u00f8rket<\/strong>\u00a0\u2013 Absorberer lys om dagen og lyser bl\u00f8dt om natten.<\/p>\n<p data-start=\"1429\" data-end=\"1517\">\ud83d\udcaa <strong data-start=\"1432\" data-end=\"1459\">Holdbart Og Sikkert Materiale<\/strong> \u2013 Fremstillet af f\u00f8rsteklasses PVC, der modst\u00e5r varme, olie og \u00e6ldning.<\/p>\n<p data-start=\"1429\" data-end=\"1517\"><img decoding=\"async\" class=\"size-full wp-image-24309 aligncenter\" src=\"https:\/\/keluvo.com\/template\/wp-content\/uploads\/sites\/5\/2024\/10\/41098197-6f7f-4b7c-a175-06fb7bfcb01b.webp\" alt=\"\" \/><\/p>\n<h2 style=\"text-align: center\" data-start=\"1524\" data-end=\"1543\">\ud83d\udd27 S\u00e5dan bruges<\/h2>\n<ol data-start=\"1544\" data-end=\"1820\">\n<li data-start=\"1544\" data-end=\"1581\">\n<p data-start=\"1547\" data-end=\"1581\">Placer holderen p\u00e5 dit instrumentbr\u00e6t.<\/p>\n<\/li>\n<li data-start=\"1582\" data-end=\"1642\">\n<p data-start=\"1585\" data-end=\"1642\">S\u00e6t din telefon p\u00e5 holderen &#8211; juster vinklen efter behov.<\/p>\n<\/li>\n<li data-start=\"1643\" data-end=\"1710\">\n<p data-start=\"1646\" data-end=\"1710\">Inds\u00e6t dine kontaktnumre ved hj\u00e6lp af de medf\u00f8lgende nummerklisterm\u00e6rker.<\/p>\n<\/li>\n<li data-start=\"1711\" data-end=\"1769\">\n<p data-start=\"1714\" data-end=\"1769\">Skub en aromaterapi-pind ind i hj\u00f8rnehullerne.<\/p>\n<\/li>\n<li data-start=\"1770\" data-end=\"1820\">\n<p data-start=\"1773\" data-end=\"1820\">Lad den oplade med dagslys, s\u00e5 den lyser om natten.<\/p>\n<\/li>\n<\/ol>\n<h2 style=\"text-align: center\" data-start=\"1827\" data-end=\"1851\">\ud83d\udccf Produktdetaljer<\/h2>\n<ul data-start=\"1852\" data-end=\"2066\">\n<li data-start=\"1852\" data-end=\"1886\">\n<p data-start=\"1854\" data-end=\"1886\"><strong data-start=\"1854\" data-end=\"1867\">Materiale:<\/strong> PVC af h\u00f8j kvalitet<\/p>\n<\/li>\n<li data-start=\"1887\" data-end=\"1925\">\n<p data-start=\"1889\" data-end=\"1925\"><strong data-start=\"1889\" data-end=\"1898\">St\u00f8rrelse:<\/strong> 25 x 19 cm<\/p>\n<\/li>\n<li data-start=\"1953\" data-end=\"2030\">\n<p data-start=\"1955\" data-end=\"2030\"><strong data-start=\"1955\" data-end=\"1968\">Funktioner:<\/strong> Varmebestandig, kuldebestandig, oliebestandig og lugtfri<\/p>\n<\/li>\n<li data-start=\"2031\" data-end=\"2066\">\n<p data-start=\"2033\" data-end=\"2066\"><strong data-start=\"2033\" data-end=\"2050\">Installation:<\/strong> Ingen p\u00e5kr\u00e6vet<\/p>\n<\/li>\n<\/ul>\n<h2 style=\"text-align: center\" data-start=\"2073\" data-end=\"2098\">\ud83d\udce6 Pakken indeholder<\/h2>\n<ul data-start=\"2099\" data-end=\"2167\">\n<li data-start=\"2099\" data-end=\"2134\">\n<p data-start=\"2101\" data-end=\"2134\">1x skridsikker telefonholder<\/p>\n<\/li>\n<li data-start=\"2135\" data-end=\"2167\">\n<p data-start=\"2137\" data-end=\"2167\">6x grupper af nummerklisterm\u00e6rker.<\/p>\n<\/li>\n<\/ul>\n","protected":false},"excerpt":{"rendered":"<p>Hold dig sikker og organiseret med denne skridsikre bilholder! Ikke flere glidende telefoner, mistede kontaktoplysninger eller beskidte billugte &#8211; denne [&hellip;]<\/p>\n","protected":false},"featured_media":5064,"comment_status":"open","ping_status":"closed","template":"","meta":{"site-sidebar-layout":"default","site-content-layout":"","ast-site-content-layout":"default","site-content-style":"default","site-sidebar-style":"default","ast-global-header-display":"","ast-banner-title-visibility":"","ast-main-header-display":"","ast-hfb-above-header-display":"","ast-hfb-below-header-display":"","ast-hfb-mobile-header-display":"","site-post-title":"","ast-breadcrumbs-content":"","ast-featured-img":"","footer-sml-layout":"","theme-transparent-header-meta":"default","adv-header-id-meta":"","stick-header-meta":"","header-above-stick-meta":"","header-main-stick-meta":"","header-below-stick-meta":"","astra-migrate-meta-layouts":"set","ast-page-background-enabled":"default","ast-page-background-meta":{"desktop":{"background-color":"var(--ast-global-color-5)","background-image":"","background-repeat":"repeat","background-position":"center center","background-size":"auto","background-attachment":"scroll","background-type":"","background-media":"","overlay-type":"","overlay-color":"","overlay-opacity":"","overlay-gradient":""},"tablet":{"background-color":"","background-image":"","background-repeat":"repeat","background-position":"center center","background-size":"auto","background-attachment":"scroll","background-type":"","background-media":"","overlay-type":"","overlay-color":"","overlay-opacity":"","overlay-gradient":""},"mobile":{"background-color":"","background-image":"","background-repeat":"repeat","background-position":"center center","background-size":"auto","background-attachment":"scroll","background-type":"","background-media":"","overlay-type":"","overlay-color":"","overlay-opacity":"","overlay-gradient":""}},"ast-content-background-meta":{"desktop":{"background-color":"var(--ast-global-color-4)","background-image":"","background-repeat":"repeat","background-position":"center center","background-size":"auto","background-attachment":"scroll","background-type":"","background-media":"","overlay-type":"","overlay-color":"","overlay-opacity":"","overlay-gradient":""},"tablet":{"background-color":"var(--ast-global-color-4)","background-image":"","background-repeat":"repeat","background-position":"center center","background-size":"auto","background-attachment":"scroll","background-type":"","background-media":"","overlay-type":"","overlay-color":"","overlay-opacity":"","overlay-gradient":""},"mobile":{"background-color":"var(--ast-global-color-4)","background-image":"","background-repeat":"repeat","background-position":"center center","background-size":"auto","background-attachment":"scroll","background-type":"","background-media":"","overlay-type":"","overlay-color":"","overlay-opacity":"","overlay-gradient":""}}},"product_brand":[],"product_cat":[19],"product_tag":[],"class_list":{"0":"post-5068","1":"product","2":"type-product","3":"status-publish","4":"has-post-thumbnail","6":"product_cat-uncategorized","7":"pa_14609_f66xoydp-blaa","8":"pa_14609_f66xoydp-hvid","9":"pa_14609_f66xoydp-roed","10":"desktop-align-left","11":"tablet-align-left","12":"mobile-align-left","14":"first","15":"instock","16":"shipping-taxable","17":"purchasable","18":"product-type-variable"},"_links":{"self":[{"href":"https:\/\/ecostera.com\/dk\/wp-json\/wp\/v2\/product\/5068","targetHints":{"allow":["GET"]}}],"collection":[{"href":"https:\/\/ecostera.com\/dk\/wp-json\/wp\/v2\/product"}],"about":[{"href":"https:\/\/ecostera.com\/dk\/wp-json\/wp\/v2\/types\/product"}],"replies":[{"embeddable":true,"href":"https:\/\/ecostera.com\/dk\/wp-json\/wp\/v2\/comments?post=5068"}],"wp:featuredmedia":[{"embeddable":true,"href":"https:\/\/ecostera.com\/dk\/wp-json\/wp\/v2\/media\/5064"}],"wp:attachment":[{"href":"https:\/\/ecostera.com\/dk\/wp-json\/wp\/v2\/media?parent=5068"}],"wp:term":[{"taxonomy":"product_brand","embeddable":true,"href":"https:\/\/ecostera.com\/dk\/wp-json\/wp\/v2\/product_brand?post=5068"},{"taxonomy":"product_cat","embeddable":true,"href":"https:\/\/ecostera.com\/dk\/wp-json\/wp\/v2\/product_cat?post=5068"},{"taxonomy":"product_tag","embeddable":true,"href":"https:\/\/ecostera.com\/dk\/wp-json\/wp\/v2\/product_tag?post=5068"}],"curies":[{"name":"wp","href":"https:\/\/api.w.org\/{rel}","templated":true}]}}