{"id":5105,"date":"2025-08-04T09:18:56","date_gmt":"2025-08-04T09:18:56","guid":{"rendered":"https:\/\/ecostera.com\/dk\/product\/vintage-plys-taske\/"},"modified":"2025-08-04T09:19:07","modified_gmt":"2025-08-04T09:19:07","slug":"vintage-plys-taske","status":"publish","type":"product","link":"https:\/\/ecostera.com\/dk\/product\/vintage-plys-taske\/","title":{"rendered":"Vintage plys taske"},"content":{"rendered":"<h2 style=\"text-align: center\">Bl\u00f8dt og stilfuldt design<\/h2>\n<p style=\"text-align: center\">Vintage plys tasken kombinerer et klassisk design med bl\u00f8dt plysstof og skaber et hyggeligt, men moderigtigt look. Dens ensfarvede og enkle stil g\u00f8r den til et alsidigt tilbeh\u00f8r til ethvert outfit og tilf\u00f8jer et strejf af varme til dit daglige look.<\/p>\n<p><img decoding=\"async\" class=\"alignnone size-medium wp-image-2029 aligncenter\" src=\"https:\/\/keluvo.com\/template\/wp-content\/uploads\/sites\/5\/2024\/10\/a2ebbee4-0172-4d8d-9694-3f0d54e02678.webp\" alt=\"\" \/><\/p>\n<h2 style=\"text-align: center\">Rummelig og praktisk<\/h2>\n<p style=\"text-align: center\">Med sin store kapacitet er vintage plys-tasken perfekt til at b\u00e6re alle dine vigtigste ting. Dens dimensioner (35x12x28 cm) g\u00f8r den rummelig nok til b\u00f8ger, en tablet og daglige forn\u00f8denheder, ideel til studerende, arbejde eller daglige \u00e6rinder.<\/p>\n<p><img decoding=\"async\" class=\"alignnone size-medium wp-image-2032 aligncenter\" src=\"https:\/\/keluvo.com\/template\/wp-content\/uploads\/sites\/5\/2024\/10\/24cf8448-dc99-430a-b23f-72f6637a8557.webp\" alt=\"\" \/><\/p>\n<h2 style=\"text-align: center\">Behagelig at b\u00e6re<\/h2>\n<p style=\"text-align: center\">Designet til komfort, denne plys taske er let og nem at b\u00e6re. Det bl\u00f8de stof og de robuste h\u00e5ndtag g\u00f8r den behagelig at holde, hvilket g\u00f8r den til et praktisk valg til lange pendlerture eller travle dage.<\/p>\n<p><img decoding=\"async\" class=\"size-medium wp-image-2024 aligncenter\" src=\"https:\/\/keluvo.com\/template\/wp-content\/uploads\/sites\/5\/2024\/10\/ed323cda-8aba-4c61-b193-437ca326d4d5.webp\" alt=\"\" \/><\/p>\n","protected":false},"excerpt":{"rendered":"<p>Bl\u00f8dt og stilfuldt design Vintage plys tasken kombinerer et klassisk design med bl\u00f8dt plysstof og skaber et hyggeligt, men moderigtigt [&hellip;]<\/p>\n","protected":false},"featured_media":5101,"comment_status":"open","ping_status":"closed","template":"","meta":{"site-sidebar-layout":"default","site-content-layout":"","ast-site-content-layout":"default","site-content-style":"default","site-sidebar-style":"default","ast-global-header-display":"","ast-banner-title-visibility":"","ast-main-header-display":"","ast-hfb-above-header-display":"","ast-hfb-below-header-display":"","ast-hfb-mobile-header-display":"","site-post-title":"","ast-breadcrumbs-content":"","ast-featured-img":"","footer-sml-layout":"","theme-transparent-header-meta":"default","adv-header-id-meta":"","stick-header-meta":"","header-above-stick-meta":"","header-main-stick-meta":"","header-below-stick-meta":"","astra-migrate-meta-layouts":"set","ast-page-background-enabled":"default","ast-page-background-meta":{"desktop":{"background-color":"var(--ast-global-color-5)","background-image":"","background-repeat":"repeat","background-position":"center center","background-size":"auto","background-attachment":"scroll","background-type":"","background-media":"","overlay-type":"","overlay-color":"","overlay-opacity":"","overlay-gradient":""},"tablet":{"background-color":"","background-image":"","background-repeat":"repeat","background-position":"center center","background-size":"auto","background-attachment":"scroll","background-type":"","background-media":"","overlay-type":"","overlay-color":"","overlay-opacity":"","overlay-gradient":""},"mobile":{"background-color":"","background-image":"","background-repeat":"repeat","background-position":"center center","background-size":"auto","background-attachment":"scroll","background-type":"","background-media":"","overlay-type":"","overlay-color":"","overlay-opacity":"","overlay-gradient":""}},"ast-content-background-meta":{"desktop":{"background-color":"var(--ast-global-color-4)","background-image":"","background-repeat":"repeat","background-position":"center center","background-size":"auto","background-attachment":"scroll","background-type":"","background-media":"","overlay-type":"","overlay-color":"","overlay-opacity":"","overlay-gradient":""},"tablet":{"background-color":"var(--ast-global-color-4)","background-image":"","background-repeat":"repeat","background-position":"center center","background-size":"auto","background-attachment":"scroll","background-type":"","background-media":"","overlay-type":"","overlay-color":"","overlay-opacity":"","overlay-gradient":""},"mobile":{"background-color":"var(--ast-global-color-4)","background-image":"","background-repeat":"repeat","background-position":"center center","background-size":"auto","background-attachment":"scroll","background-type":"","background-media":"","overlay-type":"","overlay-color":"","overlay-opacity":"","overlay-gradient":""}}},"product_brand":[],"product_cat":[19],"product_tag":[],"class_list":{"0":"post-5105","1":"product","2":"type-product","3":"status-publish","4":"has-post-thumbnail","6":"product_cat-uncategorized","7":"pa_14643_mh34y4os-beige","8":"pa_14643_mh34y4os-groen","9":"pa_14643_mh34y4os-lyseroed","10":"pa_14643_mh34y4os-roed","11":"pa_14643_mh34y4os-sort","12":"desktop-align-left","13":"tablet-align-left","14":"mobile-align-left","16":"first","17":"instock","18":"shipping-taxable","19":"purchasable","20":"product-type-variable"},"_links":{"self":[{"href":"https:\/\/ecostera.com\/dk\/wp-json\/wp\/v2\/product\/5105","targetHints":{"allow":["GET"]}}],"collection":[{"href":"https:\/\/ecostera.com\/dk\/wp-json\/wp\/v2\/product"}],"about":[{"href":"https:\/\/ecostera.com\/dk\/wp-json\/wp\/v2\/types\/product"}],"replies":[{"embeddable":true,"href":"https:\/\/ecostera.com\/dk\/wp-json\/wp\/v2\/comments?post=5105"}],"wp:featuredmedia":[{"embeddable":true,"href":"https:\/\/ecostera.com\/dk\/wp-json\/wp\/v2\/media\/5101"}],"wp:attachment":[{"href":"https:\/\/ecostera.com\/dk\/wp-json\/wp\/v2\/media?parent=5105"}],"wp:term":[{"taxonomy":"product_brand","embeddable":true,"href":"https:\/\/ecostera.com\/dk\/wp-json\/wp\/v2\/product_brand?post=5105"},{"taxonomy":"product_cat","embeddable":true,"href":"https:\/\/ecostera.com\/dk\/wp-json\/wp\/v2\/product_cat?post=5105"},{"taxonomy":"product_tag","embeddable":true,"href":"https:\/\/ecostera.com\/dk\/wp-json\/wp\/v2\/product_tag?post=5105"}],"curies":[{"name":"wp","href":"https:\/\/api.w.org\/{rel}","templated":true}]}}