{"id":5144,"date":"2025-08-04T09:21:54","date_gmt":"2025-08-04T09:21:54","guid":{"rendered":"https:\/\/ecostera.com\/dk\/product\/svoebetaeppe-til-baby\/"},"modified":"2025-08-04T09:22:11","modified_gmt":"2025-08-04T09:22:11","slug":"svoebetaeppe-til-baby","status":"publish","type":"product","link":"https:\/\/ecostera.com\/dk\/product\/svoebetaeppe-til-baby\/","title":{"rendered":"Sv\u00f8bet\u00e6ppe til baby"},"content":{"rendered":"<h2 style=\"text-align: center\">Hyggeligt og Varmt Design<\/h2>\n<p style=\"text-align: center\">Babysv\u00f8bet er designet til at holde den lille varm og komfortabel p\u00e5 k\u00f8lige n\u00e6tter. Det er fremstillet af bl\u00f8dt, strikket uld og har en t\u00e6t pasform, som f\u00e5r babyen til at f\u00f8le sig tryg. Dens kuvertform g\u00f8r det nemt at pakke barnet ind og sikre, at det ligger lunt, mens det sover.<\/p>\n<p><img decoding=\"async\" class=\"alignnone size-medium wp-image-1599 aligncenter\" src=\"https:\/\/keluvo.com\/template\/wp-content\/uploads\/sites\/5\/2024\/10\/a91e67a9-783d-487b-ade7-733fd096473e-300x300.webp\" alt=\"\" \/><\/p>\n<h2 style=\"text-align: center\">Perfekt til at V\u00e6re p\u00e5 Farten<\/h2>\n<p style=\"text-align: center\">Dette sv\u00f8bet\u00e6ppe er ideelt til for\u00e6ldre, der altid er p\u00e5 farten. Dets lette design g\u00f8r det nemt at pakke i barnevogne eller pusletasker. Uanset om du er ude at g\u00e5 en tur eller er ude at rejse, vil dette sv\u00f8b holde din baby varm og komfortabel, uanset hvor du er.<img decoding=\"async\" class=\"size-medium wp-image-1601 aligncenter\" src=\"https:\/\/keluvo.com\/template\/wp-content\/uploads\/sites\/5\/2024\/10\/Screenshot_4-1-300x290.png\" alt=\"\" \/><\/p>\n<p>&nbsp;<\/p>\n","protected":false},"excerpt":{"rendered":"<p>Hyggeligt og Varmt Design Babysv\u00f8bet er designet til at holde den lille varm og komfortabel p\u00e5 k\u00f8lige n\u00e6tter. Det er [&hellip;]<\/p>\n","protected":false},"featured_media":5140,"comment_status":"open","ping_status":"closed","template":"","meta":{"site-sidebar-layout":"default","site-content-layout":"","ast-site-content-layout":"default","site-content-style":"default","site-sidebar-style":"default","ast-global-header-display":"","ast-banner-title-visibility":"","ast-main-header-display":"","ast-hfb-above-header-display":"","ast-hfb-below-header-display":"","ast-hfb-mobile-header-display":"","site-post-title":"","ast-breadcrumbs-content":"","ast-featured-img":"","footer-sml-layout":"","theme-transparent-header-meta":"default","adv-header-id-meta":"","stick-header-meta":"","header-above-stick-meta":"","header-main-stick-meta":"","header-below-stick-meta":"","astra-migrate-meta-layouts":"set","ast-page-background-enabled":"default","ast-page-background-meta":{"desktop":{"background-color":"var(--ast-global-color-5)","background-image":"","background-repeat":"repeat","background-position":"center center","background-size":"auto","background-attachment":"scroll","background-type":"","background-media":"","overlay-type":"","overlay-color":"","overlay-opacity":"","overlay-gradient":""},"tablet":{"background-color":"","background-image":"","background-repeat":"repeat","background-position":"center center","background-size":"auto","background-attachment":"scroll","background-type":"","background-media":"","overlay-type":"","overlay-color":"","overlay-opacity":"","overlay-gradient":""},"mobile":{"background-color":"","background-image":"","background-repeat":"repeat","background-position":"center center","background-size":"auto","background-attachment":"scroll","background-type":"","background-media":"","overlay-type":"","overlay-color":"","overlay-opacity":"","overlay-gradient":""}},"ast-content-background-meta":{"desktop":{"background-color":"var(--ast-global-color-4)","background-image":"","background-repeat":"repeat","background-position":"center center","background-size":"auto","background-attachment":"scroll","background-type":"","background-media":"","overlay-type":"","overlay-color":"","overlay-opacity":"","overlay-gradient":""},"tablet":{"background-color":"var(--ast-global-color-4)","background-image":"","background-repeat":"repeat","background-position":"center center","background-size":"auto","background-attachment":"scroll","background-type":"","background-media":"","overlay-type":"","overlay-color":"","overlay-opacity":"","overlay-gradient":""},"mobile":{"background-color":"var(--ast-global-color-4)","background-image":"","background-repeat":"repeat","background-position":"center center","background-size":"auto","background-attachment":"scroll","background-type":"","background-media":"","overlay-type":"","overlay-color":"","overlay-opacity":"","overlay-gradient":""}}},"product_brand":[],"product_cat":[19],"product_tag":[],"class_list":{"0":"post-5144","1":"product","2":"type-product","3":"status-publish","4":"has-post-thumbnail","6":"product_cat-uncategorized","7":"pa_14729_vvp48uan-brun","8":"pa_14729_vvp48uan-graa","9":"pa_14729_vvp48uan-khaki","10":"pa_14729_vvp48uan-lysegraa","11":"pa_14729_vvp48uan-lyseroed","12":"pa_14729_vvp48uan-moerkegraa","13":"pa_14729_vvp48uan-sort","14":"desktop-align-left","15":"tablet-align-left","16":"mobile-align-left","18":"first","19":"instock","20":"shipping-taxable","21":"purchasable","22":"product-type-variable"},"_links":{"self":[{"href":"https:\/\/ecostera.com\/dk\/wp-json\/wp\/v2\/product\/5144","targetHints":{"allow":["GET"]}}],"collection":[{"href":"https:\/\/ecostera.com\/dk\/wp-json\/wp\/v2\/product"}],"about":[{"href":"https:\/\/ecostera.com\/dk\/wp-json\/wp\/v2\/types\/product"}],"replies":[{"embeddable":true,"href":"https:\/\/ecostera.com\/dk\/wp-json\/wp\/v2\/comments?post=5144"}],"wp:featuredmedia":[{"embeddable":true,"href":"https:\/\/ecostera.com\/dk\/wp-json\/wp\/v2\/media\/5140"}],"wp:attachment":[{"href":"https:\/\/ecostera.com\/dk\/wp-json\/wp\/v2\/media?parent=5144"}],"wp:term":[{"taxonomy":"product_brand","embeddable":true,"href":"https:\/\/ecostera.com\/dk\/wp-json\/wp\/v2\/product_brand?post=5144"},{"taxonomy":"product_cat","embeddable":true,"href":"https:\/\/ecostera.com\/dk\/wp-json\/wp\/v2\/product_cat?post=5144"},{"taxonomy":"product_tag","embeddable":true,"href":"https:\/\/ecostera.com\/dk\/wp-json\/wp\/v2\/product_tag?post=5144"}],"curies":[{"name":"wp","href":"https:\/\/api.w.org\/{rel}","templated":true}]}}