{"id":5172,"date":"2025-08-04T09:23:16","date_gmt":"2025-08-04T09:23:16","guid":{"rendered":"https:\/\/ecostera.com\/dk\/product\/holder-til-vaegstik\/"},"modified":"2025-08-04T09:23:36","modified_gmt":"2025-08-04T09:23:36","slug":"holder-til-vaegstik","status":"publish","type":"product","link":"https:\/\/ecostera.com\/dk\/product\/holder-til-vaegstik\/","title":{"rendered":"Holder til v\u00e6gstik"},"content":{"rendered":"<h2 style=\"text-align: center\">Nem Selvkl\u00e6bende Installation<\/h2>\n<p style=\"text-align: center\">V\u00e6gstikholderen er designet til enkel ops\u00e6tning med en st\u00e6rk selvkl\u00e6bende bagside, der giver et sikkert greb. Du skal bare tr\u00e6kke den af og s\u00e6tte den fast p\u00e5 en ren overflade &#8211; uden brug af v\u00e6rkt\u00f8j eller boring. Kl\u00e6bemidlet sidder godt fast og holder holderen p\u00e5 plads til p\u00e5lidelig brug.<\/p>\n<p><img decoding=\"async\" class=\"alignnone size-medium wp-image-2230 aligncenter\" src=\"https:\/\/keluvo.com\/template\/wp-content\/uploads\/sites\/5\/2024\/10\/4d6b1ea9-5a8a-4f3f-bcc2-7b6270ef8feb.webp\" alt=\"\" \/><\/p>\n<h2 style=\"text-align: center\">Holdbart Og Praktisk Design<\/h2>\n<p style=\"text-align: center\">Fremstillet af robust ABS-materiale er v\u00e6gstikholderen bygget til at holde og modst\u00e5 daglig brug. Dens kompakte st\u00f8rrelse og lette design sikrer, at den passer perfekt ind i din indretning, samtidig med at den er en praktisk opbevaringsl\u00f8sning.<\/p>\n<p><img decoding=\"async\" class=\"alignnone size-medium wp-image-2237 aligncenter\" src=\"https:\/\/keluvo.com\/template\/wp-content\/uploads\/sites\/5\/2024\/10\/bf78c867-b294-4c09-a332-fcf8eb478ae6.webp\" alt=\"\" \/><\/p>\n","protected":false},"excerpt":{"rendered":"<p>Nem Selvkl\u00e6bende Installation V\u00e6gstikholderen er designet til enkel ops\u00e6tning med en st\u00e6rk selvkl\u00e6bende bagside, der giver et sikkert greb. Du [&hellip;]<\/p>\n","protected":false},"featured_media":5168,"comment_status":"open","ping_status":"closed","template":"","meta":{"site-sidebar-layout":"default","site-content-layout":"","ast-site-content-layout":"default","site-content-style":"default","site-sidebar-style":"default","ast-global-header-display":"","ast-banner-title-visibility":"","ast-main-header-display":"","ast-hfb-above-header-display":"","ast-hfb-below-header-display":"","ast-hfb-mobile-header-display":"","site-post-title":"","ast-breadcrumbs-content":"","ast-featured-img":"","footer-sml-layout":"","theme-transparent-header-meta":"default","adv-header-id-meta":"","stick-header-meta":"","header-above-stick-meta":"","header-main-stick-meta":"","header-below-stick-meta":"","astra-migrate-meta-layouts":"set","ast-page-background-enabled":"default","ast-page-background-meta":{"desktop":{"background-color":"var(--ast-global-color-5)","background-image":"","background-repeat":"repeat","background-position":"center center","background-size":"auto","background-attachment":"scroll","background-type":"","background-media":"","overlay-type":"","overlay-color":"","overlay-opacity":"","overlay-gradient":""},"tablet":{"background-color":"","background-image":"","background-repeat":"repeat","background-position":"center center","background-size":"auto","background-attachment":"scroll","background-type":"","background-media":"","overlay-type":"","overlay-color":"","overlay-opacity":"","overlay-gradient":""},"mobile":{"background-color":"","background-image":"","background-repeat":"repeat","background-position":"center center","background-size":"auto","background-attachment":"scroll","background-type":"","background-media":"","overlay-type":"","overlay-color":"","overlay-opacity":"","overlay-gradient":""}},"ast-content-background-meta":{"desktop":{"background-color":"var(--ast-global-color-4)","background-image":"","background-repeat":"repeat","background-position":"center center","background-size":"auto","background-attachment":"scroll","background-type":"","background-media":"","overlay-type":"","overlay-color":"","overlay-opacity":"","overlay-gradient":""},"tablet":{"background-color":"var(--ast-global-color-4)","background-image":"","background-repeat":"repeat","background-position":"center center","background-size":"auto","background-attachment":"scroll","background-type":"","background-media":"","overlay-type":"","overlay-color":"","overlay-opacity":"","overlay-gradient":""},"mobile":{"background-color":"var(--ast-global-color-4)","background-image":"","background-repeat":"repeat","background-position":"center center","background-size":"auto","background-attachment":"scroll","background-type":"","background-media":"","overlay-type":"","overlay-color":"","overlay-opacity":"","overlay-gradient":""}}},"product_brand":[],"product_cat":[19],"product_tag":[],"class_list":{"0":"post-5172","1":"product","2":"type-product","3":"status-publish","4":"has-post-thumbnail","6":"product_cat-uncategorized","7":"pa_14788_u5myj789-blaa","8":"pa_14788_u5myj789-groen","9":"pa_14788_u5myj789-hvid","10":"pa_14788_u5myj789-lyseroed","11":"pa_14788_xa8nk1cr-1-stk","12":"pa_14788_xa8nk1cr-2-stk","13":"pa_14788_xa8nk1cr-4-stk","14":"desktop-align-left","15":"tablet-align-left","16":"mobile-align-left","18":"first","19":"instock","20":"shipping-taxable","21":"purchasable","22":"product-type-variable"},"_links":{"self":[{"href":"https:\/\/ecostera.com\/dk\/wp-json\/wp\/v2\/product\/5172","targetHints":{"allow":["GET"]}}],"collection":[{"href":"https:\/\/ecostera.com\/dk\/wp-json\/wp\/v2\/product"}],"about":[{"href":"https:\/\/ecostera.com\/dk\/wp-json\/wp\/v2\/types\/product"}],"replies":[{"embeddable":true,"href":"https:\/\/ecostera.com\/dk\/wp-json\/wp\/v2\/comments?post=5172"}],"wp:featuredmedia":[{"embeddable":true,"href":"https:\/\/ecostera.com\/dk\/wp-json\/wp\/v2\/media\/5168"}],"wp:attachment":[{"href":"https:\/\/ecostera.com\/dk\/wp-json\/wp\/v2\/media?parent=5172"}],"wp:term":[{"taxonomy":"product_brand","embeddable":true,"href":"https:\/\/ecostera.com\/dk\/wp-json\/wp\/v2\/product_brand?post=5172"},{"taxonomy":"product_cat","embeddable":true,"href":"https:\/\/ecostera.com\/dk\/wp-json\/wp\/v2\/product_cat?post=5172"},{"taxonomy":"product_tag","embeddable":true,"href":"https:\/\/ecostera.com\/dk\/wp-json\/wp\/v2\/product_tag?post=5172"}],"curies":[{"name":"wp","href":"https:\/\/api.w.org\/{rel}","templated":true}]}}