{"id":5201,"date":"2025-08-04T09:24:00","date_gmt":"2025-08-04T09:24:00","guid":{"rendered":"https:\/\/ecostera.com\/dk\/product\/baerbar-ledningsfri-haarstyler\/"},"modified":"2025-08-04T09:24:14","modified_gmt":"2025-08-04T09:24:14","slug":"baerbar-ledningsfri-haarstyler","status":"publish","type":"product","link":"https:\/\/ecostera.com\/dk\/product\/baerbar-ledningsfri-haarstyler\/","title":{"rendered":"B\u00e6rbar ledningsfri h\u00e5rstyler"},"content":{"rendered":"<h2 style=\"text-align: center\">Sikker Og Nem At Bruge<\/h2>\n<p style=\"text-align: center\">Denne h\u00e5rstyler har et varmebestandigt ydre lag og en flydende varmeplade, der tilpasser sig dit h\u00e5rs tykkelse for j\u00e6vn varmefordeling. Med USB-opladningskompatibilitet er den nem at oplade fra powerbanks eller b\u00e6rbare computere, s\u00e5 din stil altid er inden for r\u00e6kkevidde.<\/p>\n<p><img decoding=\"async\" class=\"alignnone size-medium wp-image-2113 aligncenter\" src=\"https:\/\/keluvo.com\/template\/wp-content\/uploads\/sites\/5\/2024\/10\/S890b43bfdd9b43078fd02da9f4ea60b42.png\" alt=\"\" \/><\/p>\n<h2 style=\"text-align: center\">USB-Opladelig<\/h2>\n<p style=\"text-align: center\">Oplad den b\u00e6rbare tr\u00e5dl\u00f8se h\u00e5rstyler med enhver USB-str\u00f8mkilde, fra b\u00e6rbare computere til b\u00e6rbare opladere. Den er effektiv og nem at bruge og giver en ledningsfri oplevelse, der eliminerer besv\u00e6ret med ledninger og g\u00f8r stylingen enkel og hurtig.<\/p>\n<p><img decoding=\"async\" class=\"alignnone size-medium wp-image-2114 aligncenter\" src=\"https:\/\/keluvo.com\/template\/wp-content\/uploads\/sites\/5\/2024\/10\/S1e6b797bfb18495d8559a5439658b1b9X.png\" alt=\"\" \/><\/p>\n","protected":false},"excerpt":{"rendered":"<p>Sikker Og Nem At Bruge Denne h\u00e5rstyler har et varmebestandigt ydre lag og en flydende varmeplade, der tilpasser sig dit [&hellip;]<\/p>\n","protected":false},"featured_media":5197,"comment_status":"open","ping_status":"closed","template":"","meta":{"site-sidebar-layout":"default","site-content-layout":"","ast-site-content-layout":"default","site-content-style":"default","site-sidebar-style":"default","ast-global-header-display":"","ast-banner-title-visibility":"","ast-main-header-display":"","ast-hfb-above-header-display":"","ast-hfb-below-header-display":"","ast-hfb-mobile-header-display":"","site-post-title":"","ast-breadcrumbs-content":"","ast-featured-img":"","footer-sml-layout":"","theme-transparent-header-meta":"default","adv-header-id-meta":"","stick-header-meta":"","header-above-stick-meta":"","header-main-stick-meta":"","header-below-stick-meta":"","astra-migrate-meta-layouts":"set","ast-page-background-enabled":"default","ast-page-background-meta":{"desktop":{"background-color":"var(--ast-global-color-5)","background-image":"","background-repeat":"repeat","background-position":"center center","background-size":"auto","background-attachment":"scroll","background-type":"","background-media":"","overlay-type":"","overlay-color":"","overlay-opacity":"","overlay-gradient":""},"tablet":{"background-color":"","background-image":"","background-repeat":"repeat","background-position":"center center","background-size":"auto","background-attachment":"scroll","background-type":"","background-media":"","overlay-type":"","overlay-color":"","overlay-opacity":"","overlay-gradient":""},"mobile":{"background-color":"","background-image":"","background-repeat":"repeat","background-position":"center center","background-size":"auto","background-attachment":"scroll","background-type":"","background-media":"","overlay-type":"","overlay-color":"","overlay-opacity":"","overlay-gradient":""}},"ast-content-background-meta":{"desktop":{"background-color":"var(--ast-global-color-4)","background-image":"","background-repeat":"repeat","background-position":"center center","background-size":"auto","background-attachment":"scroll","background-type":"","background-media":"","overlay-type":"","overlay-color":"","overlay-opacity":"","overlay-gradient":""},"tablet":{"background-color":"var(--ast-global-color-4)","background-image":"","background-repeat":"repeat","background-position":"center center","background-size":"auto","background-attachment":"scroll","background-type":"","background-media":"","overlay-type":"","overlay-color":"","overlay-opacity":"","overlay-gradient":""},"mobile":{"background-color":"var(--ast-global-color-4)","background-image":"","background-repeat":"repeat","background-position":"center center","background-size":"auto","background-attachment":"scroll","background-type":"","background-media":"","overlay-type":"","overlay-color":"","overlay-opacity":"","overlay-gradient":""}}},"product_brand":[],"product_cat":[19],"product_tag":[],"class_list":{"0":"post-5201","1":"product","2":"type-product","3":"status-publish","4":"has-post-thumbnail","6":"product_cat-uncategorized","7":"pa_14800_skrwgrzl-blaa","8":"pa_14800_skrwgrzl-groen","9":"pa_14800_skrwgrzl-hvid","10":"pa_14800_skrwgrzl-lyseroed","11":"desktop-align-left","12":"tablet-align-left","13":"mobile-align-left","15":"first","16":"instock","17":"shipping-taxable","18":"purchasable","19":"product-type-variable"},"_links":{"self":[{"href":"https:\/\/ecostera.com\/dk\/wp-json\/wp\/v2\/product\/5201","targetHints":{"allow":["GET"]}}],"collection":[{"href":"https:\/\/ecostera.com\/dk\/wp-json\/wp\/v2\/product"}],"about":[{"href":"https:\/\/ecostera.com\/dk\/wp-json\/wp\/v2\/types\/product"}],"replies":[{"embeddable":true,"href":"https:\/\/ecostera.com\/dk\/wp-json\/wp\/v2\/comments?post=5201"}],"wp:featuredmedia":[{"embeddable":true,"href":"https:\/\/ecostera.com\/dk\/wp-json\/wp\/v2\/media\/5197"}],"wp:attachment":[{"href":"https:\/\/ecostera.com\/dk\/wp-json\/wp\/v2\/media?parent=5201"}],"wp:term":[{"taxonomy":"product_brand","embeddable":true,"href":"https:\/\/ecostera.com\/dk\/wp-json\/wp\/v2\/product_brand?post=5201"},{"taxonomy":"product_cat","embeddable":true,"href":"https:\/\/ecostera.com\/dk\/wp-json\/wp\/v2\/product_cat?post=5201"},{"taxonomy":"product_tag","embeddable":true,"href":"https:\/\/ecostera.com\/dk\/wp-json\/wp\/v2\/product_tag?post=5201"}],"curies":[{"name":"wp","href":"https:\/\/api.w.org\/{rel}","templated":true}]}}