{"id":5227,"date":"2025-08-04T09:25:27","date_gmt":"2025-08-04T09:25:27","guid":{"rendered":"https:\/\/ecostera.com\/dk\/product\/traadloes-telefonoplader\/"},"modified":"2025-08-04T09:25:32","modified_gmt":"2025-08-04T09:25:32","slug":"traadloes-telefonoplader","status":"publish","type":"product","link":"https:\/\/ecostera.com\/dk\/product\/traadloes-telefonoplader\/","title":{"rendered":"Tr\u00e5dl\u00f8s telefonoplader"},"content":{"rendered":"<h2 style=\"text-align: center\">Vi pr\u00e6senterer den selvl\u00e5sende telefonholder med tr\u00e5dl\u00f8s opladning!<\/h2>\n<p style=\"text-align: center\">Hold din telefon opladet, mens du k\u00f8rer, uden bekymringer! Denne smartphoneholder g\u00f8r det nemt at oplade din enhed p\u00e5 farten, s\u00e5 du bliver mindre distraheret, mens du stadig kan bruge navigation, besvare opkald og afspille musik. K\u00f8r sikkert og trygt!<\/p>\n<p style=\"text-align: center\">Denne holder er designet til at forbedre din k\u00f8reoplevelse og holder din telefon sikkert inden for r\u00e6kkevidde. Den har et 15W tr\u00e5dl\u00f8st opladningssystem, der oplader din telefon hurtigt og fuldt ud p\u00e5 bare 30 minutter. Den er kompatibel med n\u00e6sten alle smartphones, uanset om du har en iPhone, Samsung eller et andet m\u00e6rke, ogs\u00e5 selvom de er i et etui.<\/p>\n<p><img decoding=\"async\" class=\"alignnone size-full wp-image-24294 aligncenter\" src=\"https:\/\/keluvo.com\/template\/wp-content\/uploads\/sites\/5\/2024\/11\/mc-cleaned1715737208unnamed.webp\" alt=\"\" \/><\/p>\n<h2 style=\"text-align: center\">Hvad g\u00f8r vores tr\u00e5dl\u00f8se telefonholder s\u00e5 popul\u00e6r?<\/h2>\n<p style=\"text-align: center\">\u2714 Infrar\u00f8d automatisk detektion: Denne telefonholder bruger avanceret infrar\u00f8d teknologi til at registrere din telefons st\u00f8rrelse. Placer bare din telefon i n\u00e6rheden, s\u00e5 er den nem at bruge med \u00e9n h\u00e5nd.<\/p>\n<p style=\"text-align: center\">\u2714 Stabil og justerbar: Med en st\u00e6rk sugekop og 360 graders rotation giver holderen et stabilt udsyn og adgang til alle telefonens funktioner, mens du k\u00f8rer.<\/p>\n<p style=\"text-align: center\">\u2714 Nem installation: Luftventilationsbeslaget giver mulighed for enkel, v\u00e6rkt\u00f8jsfri installation. Den kan fastg\u00f8res sikkert til ventilations\u00e5bningerne p\u00e5 n\u00e6sten alle k\u00f8ret\u00f8jer uden at for\u00e5rsage skade.<\/p>\n<p style=\"text-align: center\">\u2714 Holdbare materialer: Fremstillet af ridsefast, skridsikkert gummi og robust ABS\/PC\/magnesium-aluminiumlegering sikrer holderen et st\u00e6rkt greb og holder selv p\u00e5 uj\u00e6vne veje.<\/p>\n<p><img decoding=\"async\" class=\"alignnone size-full wp-image-24293 aligncenter\" src=\"https:\/\/keluvo.com\/template\/wp-content\/uploads\/sites\/5\/2024\/11\/mc-cleaned1715737210unnamed_1.webp\" alt=\"\" \/><\/p>\n<h2 style=\"text-align: center\">Specifikationer:<\/h2>\n<ul>\n<li>Materiale: ABS\/PC\/magnesium-aluminiumslegering<\/li>\n<li>St\u00f8rrelse: 13 x 6,5 x 1,5 mm<\/li>\n<li>Opladningseffekt: 15W<\/li>\n<li>Passer til: Smartphones mellem 4,5 og 6,5 tommer<\/li>\n<\/ul>\n<p><img decoding=\"async\" class=\"alignnone size-full wp-image-24292 aligncenter\" src=\"https:\/\/keluvo.com\/template\/wp-content\/uploads\/sites\/5\/2024\/11\/mc-cleaned171573719633c2de14-4381-425b-b434-d112f110eb5c_bca0460a-d915-4ed8-b67a-841ec1cf492c.webp\" alt=\"\" \/><\/p>\n<h2 style=\"text-align: center\">Hvad er der i \u00e6sken:<\/h2>\n<ul>\n<li>1x tr\u00e5dl\u00f8s telefonoplader og holder<\/li>\n<li>1x tr\u00e5dl\u00f8s oplader<\/li>\n<li>1x USB Type C-kabel<\/li>\n<li>1x brugervejledning<\/li>\n<\/ul>\n","protected":false},"excerpt":{"rendered":"<p>Vi pr\u00e6senterer den selvl\u00e5sende telefonholder med tr\u00e5dl\u00f8s opladning! Hold din telefon opladet, mens du k\u00f8rer, uden bekymringer! Denne smartphoneholder g\u00f8r [&hellip;]<\/p>\n","protected":false},"featured_media":5223,"comment_status":"open","ping_status":"closed","template":"","meta":{"site-sidebar-layout":"default","site-content-layout":"","ast-site-content-layout":"default","site-content-style":"default","site-sidebar-style":"default","ast-global-header-display":"","ast-banner-title-visibility":"","ast-main-header-display":"","ast-hfb-above-header-display":"","ast-hfb-below-header-display":"","ast-hfb-mobile-header-display":"","site-post-title":"","ast-breadcrumbs-content":"","ast-featured-img":"","footer-sml-layout":"","theme-transparent-header-meta":"default","adv-header-id-meta":"","stick-header-meta":"","header-above-stick-meta":"","header-main-stick-meta":"","header-below-stick-meta":"","astra-migrate-meta-layouts":"set","ast-page-background-enabled":"default","ast-page-background-meta":{"desktop":{"background-color":"var(--ast-global-color-5)","background-image":"","background-repeat":"repeat","background-position":"center center","background-size":"auto","background-attachment":"scroll","background-type":"","background-media":"","overlay-type":"","overlay-color":"","overlay-opacity":"","overlay-gradient":""},"tablet":{"background-color":"","background-image":"","background-repeat":"repeat","background-position":"center center","background-size":"auto","background-attachment":"scroll","background-type":"","background-media":"","overlay-type":"","overlay-color":"","overlay-opacity":"","overlay-gradient":""},"mobile":{"background-color":"","background-image":"","background-repeat":"repeat","background-position":"center center","background-size":"auto","background-attachment":"scroll","background-type":"","background-media":"","overlay-type":"","overlay-color":"","overlay-opacity":"","overlay-gradient":""}},"ast-content-background-meta":{"desktop":{"background-color":"var(--ast-global-color-4)","background-image":"","background-repeat":"repeat","background-position":"center center","background-size":"auto","background-attachment":"scroll","background-type":"","background-media":"","overlay-type":"","overlay-color":"","overlay-opacity":"","overlay-gradient":""},"tablet":{"background-color":"var(--ast-global-color-4)","background-image":"","background-repeat":"repeat","background-position":"center center","background-size":"auto","background-attachment":"scroll","background-type":"","background-media":"","overlay-type":"","overlay-color":"","overlay-opacity":"","overlay-gradient":""},"mobile":{"background-color":"var(--ast-global-color-4)","background-image":"","background-repeat":"repeat","background-position":"center center","background-size":"auto","background-attachment":"scroll","background-type":"","background-media":"","overlay-type":"","overlay-color":"","overlay-opacity":"","overlay-gradient":""}}},"product_brand":[],"product_cat":[19],"product_tag":[],"class_list":{"0":"post-5227","1":"product","2":"type-product","3":"status-publish","4":"has-post-thumbnail","6":"product_cat-uncategorized","7":"pa_16251_tfwsvwp7-soelv","8":"pa_16251_tfwsvwp7-sort","9":"desktop-align-left","10":"tablet-align-left","11":"mobile-align-left","13":"first","14":"instock","15":"shipping-taxable","16":"purchasable","17":"product-type-variable"},"_links":{"self":[{"href":"https:\/\/ecostera.com\/dk\/wp-json\/wp\/v2\/product\/5227","targetHints":{"allow":["GET"]}}],"collection":[{"href":"https:\/\/ecostera.com\/dk\/wp-json\/wp\/v2\/product"}],"about":[{"href":"https:\/\/ecostera.com\/dk\/wp-json\/wp\/v2\/types\/product"}],"replies":[{"embeddable":true,"href":"https:\/\/ecostera.com\/dk\/wp-json\/wp\/v2\/comments?post=5227"}],"wp:featuredmedia":[{"embeddable":true,"href":"https:\/\/ecostera.com\/dk\/wp-json\/wp\/v2\/media\/5223"}],"wp:attachment":[{"href":"https:\/\/ecostera.com\/dk\/wp-json\/wp\/v2\/media?parent=5227"}],"wp:term":[{"taxonomy":"product_brand","embeddable":true,"href":"https:\/\/ecostera.com\/dk\/wp-json\/wp\/v2\/product_brand?post=5227"},{"taxonomy":"product_cat","embeddable":true,"href":"https:\/\/ecostera.com\/dk\/wp-json\/wp\/v2\/product_cat?post=5227"},{"taxonomy":"product_tag","embeddable":true,"href":"https:\/\/ecostera.com\/dk\/wp-json\/wp\/v2\/product_tag?post=5227"}],"curies":[{"name":"wp","href":"https:\/\/api.w.org\/{rel}","templated":true}]}}