{"id":5236,"date":"2025-08-04T09:26:07","date_gmt":"2025-08-04T09:26:07","guid":{"rendered":"https:\/\/ecostera.com\/dk\/product\/haarfjerningsspray\/"},"modified":"2025-09-15T12:08:07","modified_gmt":"2025-09-15T09:08:07","slug":"haarfjerningsspray","status":"publish","type":"product","link":"https:\/\/ecostera.com\/dk\/product\/haarfjerningsspray\/","title":{"rendered":"H\u00e5rfjerningsspray"},"content":{"rendered":"<h2 style=\"text-align: center\">Glat og Smertefri Fjernelse<\/h2>\n<p style=\"text-align: center\">Den smertefri h\u00e5rfjerningsspray tilbyder en ubesv\u00e6ret l\u00f8sning til at fjerne u\u00f8nsket h\u00e5r uden ubehag. Den milde formel virker p\u00e5 f\u00e5 minutter og efterlader huden glat og h\u00e5rfri uden irritation. Denne spray er ideel til f\u00f8lsomme omr\u00e5der som armhuler, ben og arme.<\/p>\n<p><img decoding=\"async\" class=\"alignnone size-medium wp-image-2320 aligncenter\" src=\"https:\/\/keluvo.com\/template\/wp-content\/uploads\/sites\/5\/2024\/10\/84ebb731-723c-485a-b2b1-c8ca524b92c9.webp\" alt=\"\" \/><\/p>\n<h2 style=\"text-align: center\">Langvarig Glatthed<\/h2>\n<p style=\"text-align: center\">Regelm\u00e6ssig brug af den smertefri h\u00e5rfjerningsspray kan hj\u00e6lpe med at bremse h\u00e5rets genv\u00e6kst, s\u00e5 du f\u00e5r en l\u00e6ngerevarende, glat hud. Konsekvent brug kan endda hj\u00e6lpe med at reducere udseendet af h\u00e5r over tid, hvilket g\u00f8r det til et praktisk valg for glathed \u00e5ret rundt.<\/p>\n<p><img decoding=\"async\" class=\"alignnone size-medium wp-image-2322 aligncenter\" src=\"https:\/\/keluvo.com\/template\/wp-content\/uploads\/sites\/5\/2024\/10\/173313bb-103b-47e1-a0cb-d9abb4f924e8.webp\" alt=\"\" \/><\/p>\n","protected":false},"excerpt":{"rendered":"<p>Glat og Smertefri Fjernelse Den smertefri h\u00e5rfjerningsspray tilbyder en ubesv\u00e6ret l\u00f8sning til at fjerne u\u00f8nsket h\u00e5r uden ubehag. Den milde [&hellip;]<\/p>\n","protected":false},"featured_media":5232,"comment_status":"open","ping_status":"closed","template":"","meta":{"site-sidebar-layout":"default","site-content-layout":"","ast-site-content-layout":"default","site-content-style":"default","site-sidebar-style":"default","ast-global-header-display":"","ast-banner-title-visibility":"","ast-main-header-display":"","ast-hfb-above-header-display":"","ast-hfb-below-header-display":"","ast-hfb-mobile-header-display":"","site-post-title":"","ast-breadcrumbs-content":"","ast-featured-img":"","footer-sml-layout":"","theme-transparent-header-meta":"default","adv-header-id-meta":"","stick-header-meta":"","header-above-stick-meta":"","header-main-stick-meta":"","header-below-stick-meta":"","astra-migrate-meta-layouts":"set","ast-page-background-enabled":"default","ast-page-background-meta":{"desktop":{"background-color":"var(--ast-global-color-5)","background-image":"","background-repeat":"repeat","background-position":"center center","background-size":"auto","background-attachment":"scroll","background-type":"","background-media":"","overlay-type":"","overlay-color":"","overlay-opacity":"","overlay-gradient":""},"tablet":{"background-color":"","background-image":"","background-repeat":"repeat","background-position":"center center","background-size":"auto","background-attachment":"scroll","background-type":"","background-media":"","overlay-type":"","overlay-color":"","overlay-opacity":"","overlay-gradient":""},"mobile":{"background-color":"","background-image":"","background-repeat":"repeat","background-position":"center center","background-size":"auto","background-attachment":"scroll","background-type":"","background-media":"","overlay-type":"","overlay-color":"","overlay-opacity":"","overlay-gradient":""}},"ast-content-background-meta":{"desktop":{"background-color":"var(--ast-global-color-4)","background-image":"","background-repeat":"repeat","background-position":"center center","background-size":"auto","background-attachment":"scroll","background-type":"","background-media":"","overlay-type":"","overlay-color":"","overlay-opacity":"","overlay-gradient":""},"tablet":{"background-color":"var(--ast-global-color-4)","background-image":"","background-repeat":"repeat","background-position":"center center","background-size":"auto","background-attachment":"scroll","background-type":"","background-media":"","overlay-type":"","overlay-color":"","overlay-opacity":"","overlay-gradient":""},"mobile":{"background-color":"var(--ast-global-color-4)","background-image":"","background-repeat":"repeat","background-position":"center center","background-size":"auto","background-attachment":"scroll","background-type":"","background-media":"","overlay-type":"","overlay-color":"","overlay-opacity":"","overlay-gradient":""}}},"product_brand":[],"product_cat":[19],"product_tag":[],"class_list":{"0":"post-5236","1":"product","2":"type-product","3":"status-publish","4":"has-post-thumbnail","6":"product_cat-uncategorized","7":"pa_19245_i36cvgnj-kvinde","8":"pa_19245_i36cvgnj-mand","9":"pa_19245_xpntaz8a-1-stk","10":"pa_19245_xpntaz8a-2-stk","11":"pa_19245_xpntaz8a-4-stk","12":"desktop-align-left","13":"tablet-align-left","14":"mobile-align-left","16":"first","17":"instock","18":"shipping-taxable","19":"purchasable","20":"product-type-variable","21":"has-default-attributes"},"_links":{"self":[{"href":"https:\/\/ecostera.com\/dk\/wp-json\/wp\/v2\/product\/5236","targetHints":{"allow":["GET"]}}],"collection":[{"href":"https:\/\/ecostera.com\/dk\/wp-json\/wp\/v2\/product"}],"about":[{"href":"https:\/\/ecostera.com\/dk\/wp-json\/wp\/v2\/types\/product"}],"replies":[{"embeddable":true,"href":"https:\/\/ecostera.com\/dk\/wp-json\/wp\/v2\/comments?post=5236"}],"wp:featuredmedia":[{"embeddable":true,"href":"https:\/\/ecostera.com\/dk\/wp-json\/wp\/v2\/media\/5232"}],"wp:attachment":[{"href":"https:\/\/ecostera.com\/dk\/wp-json\/wp\/v2\/media?parent=5236"}],"wp:term":[{"taxonomy":"product_brand","embeddable":true,"href":"https:\/\/ecostera.com\/dk\/wp-json\/wp\/v2\/product_brand?post=5236"},{"taxonomy":"product_cat","embeddable":true,"href":"https:\/\/ecostera.com\/dk\/wp-json\/wp\/v2\/product_cat?post=5236"},{"taxonomy":"product_tag","embeddable":true,"href":"https:\/\/ecostera.com\/dk\/wp-json\/wp\/v2\/product_tag?post=5236"}],"curies":[{"name":"wp","href":"https:\/\/api.w.org\/{rel}","templated":true}]}}