{"id":5276,"date":"2025-08-04T09:28:03","date_gmt":"2025-08-04T09:28:03","guid":{"rendered":"https:\/\/ecostera.com\/dk\/product\/tredobbelt-foldet-pung\/"},"modified":"2025-08-04T09:28:26","modified_gmt":"2025-08-04T09:28:26","slug":"tredobbelt-foldet-pung","status":"publish","type":"product","link":"https:\/\/ecostera.com\/dk\/product\/tredobbelt-foldet-pung\/","title":{"rendered":"Tredobbelt foldet pung"},"content":{"rendered":"<h2 style=\"text-align: center\">Kompakt og rummeligt design<\/h2>\n<p style=\"text-align: center\">Den tredobbelt foldede pung kombinerer et kompakt design med masser af opbevaringsplads. Den er udformet til at rumme flere kort, kontanter og m\u00f8nter, samtidig med at den har en slank profil. Denne pung er perfekt til hverdagsbrug og giver b\u00e5de bekvemmelighed og stil til dem, der er p\u00e5 farten.<\/p>\n<p style=\"text-align: center\"><img decoding=\"async\" class=\"alignnone size-medium wp-image-2499\" src=\"https:\/\/keluvo.com\/template\/wp-content\/uploads\/sites\/5\/2024\/11\/78d86c13-4d0b-454f-9a7c-59f08c433f8b.webp\" alt=\"\" \/><\/p>\n<h2 style=\"text-align: center\">Holdbart PU-l\u00e6dermateriale<\/h2>\n<p style=\"text-align: center\">Den tredobbelte pung er lavet af PU-l\u00e6der af h\u00f8j kvalitet og er designet til at v\u00e6re langtidsholdbar og slidst\u00e6rk. Det robuste materiale sikrer, at din pung ser godt ud, selv ved daglig brug, og tilf\u00f8jer et strejf af elegance til dine vigtigste ting.<\/p>\n<p><img decoding=\"async\" class=\"alignnone size-medium wp-image-2490 aligncenter\" src=\"https:\/\/keluvo.com\/template\/wp-content\/uploads\/sites\/5\/2024\/11\/90e65cc9-ce0b-4b4e-a99f-f17dfd3ecb6f.webp\" alt=\"\" \/><\/p>\n","protected":false},"excerpt":{"rendered":"<p>Kompakt og rummeligt design Den tredobbelt foldede pung kombinerer et kompakt design med masser af opbevaringsplads. Den er udformet til [&hellip;]<\/p>\n","protected":false},"featured_media":5272,"comment_status":"open","ping_status":"closed","template":"","meta":{"site-sidebar-layout":"default","site-content-layout":"","ast-site-content-layout":"default","site-content-style":"default","site-sidebar-style":"default","ast-global-header-display":"","ast-banner-title-visibility":"","ast-main-header-display":"","ast-hfb-above-header-display":"","ast-hfb-below-header-display":"","ast-hfb-mobile-header-display":"","site-post-title":"","ast-breadcrumbs-content":"","ast-featured-img":"","footer-sml-layout":"","theme-transparent-header-meta":"default","adv-header-id-meta":"","stick-header-meta":"","header-above-stick-meta":"","header-main-stick-meta":"","header-below-stick-meta":"","astra-migrate-meta-layouts":"set","ast-page-background-enabled":"default","ast-page-background-meta":{"desktop":{"background-color":"var(--ast-global-color-5)","background-image":"","background-repeat":"repeat","background-position":"center center","background-size":"auto","background-attachment":"scroll","background-type":"","background-media":"","overlay-type":"","overlay-color":"","overlay-opacity":"","overlay-gradient":""},"tablet":{"background-color":"","background-image":"","background-repeat":"repeat","background-position":"center center","background-size":"auto","background-attachment":"scroll","background-type":"","background-media":"","overlay-type":"","overlay-color":"","overlay-opacity":"","overlay-gradient":""},"mobile":{"background-color":"","background-image":"","background-repeat":"repeat","background-position":"center center","background-size":"auto","background-attachment":"scroll","background-type":"","background-media":"","overlay-type":"","overlay-color":"","overlay-opacity":"","overlay-gradient":""}},"ast-content-background-meta":{"desktop":{"background-color":"var(--ast-global-color-4)","background-image":"","background-repeat":"repeat","background-position":"center center","background-size":"auto","background-attachment":"scroll","background-type":"","background-media":"","overlay-type":"","overlay-color":"","overlay-opacity":"","overlay-gradient":""},"tablet":{"background-color":"var(--ast-global-color-4)","background-image":"","background-repeat":"repeat","background-position":"center center","background-size":"auto","background-attachment":"scroll","background-type":"","background-media":"","overlay-type":"","overlay-color":"","overlay-opacity":"","overlay-gradient":""},"mobile":{"background-color":"var(--ast-global-color-4)","background-image":"","background-repeat":"repeat","background-position":"center center","background-size":"auto","background-attachment":"scroll","background-type":"","background-media":"","overlay-type":"","overlay-color":"","overlay-opacity":"","overlay-gradient":""}}},"product_brand":[],"product_cat":[19],"product_tag":[],"class_list":{"0":"post-5276","1":"product","2":"type-product","3":"status-publish","4":"has-post-thumbnail","6":"product_cat-uncategorized","7":"pa_33404_0ebwlxo8-brun","8":"pa_33404_0ebwlxo8-kaffe","9":"pa_33404_0ebwlxo8-khaki","10":"pa_33404_0ebwlxo8-sort","11":"desktop-align-left","12":"tablet-align-left","13":"mobile-align-left","15":"first","16":"instock","17":"shipping-taxable","18":"purchasable","19":"product-type-variable"},"_links":{"self":[{"href":"https:\/\/ecostera.com\/dk\/wp-json\/wp\/v2\/product\/5276","targetHints":{"allow":["GET"]}}],"collection":[{"href":"https:\/\/ecostera.com\/dk\/wp-json\/wp\/v2\/product"}],"about":[{"href":"https:\/\/ecostera.com\/dk\/wp-json\/wp\/v2\/types\/product"}],"replies":[{"embeddable":true,"href":"https:\/\/ecostera.com\/dk\/wp-json\/wp\/v2\/comments?post=5276"}],"wp:featuredmedia":[{"embeddable":true,"href":"https:\/\/ecostera.com\/dk\/wp-json\/wp\/v2\/media\/5272"}],"wp:attachment":[{"href":"https:\/\/ecostera.com\/dk\/wp-json\/wp\/v2\/media?parent=5276"}],"wp:term":[{"taxonomy":"product_brand","embeddable":true,"href":"https:\/\/ecostera.com\/dk\/wp-json\/wp\/v2\/product_brand?post=5276"},{"taxonomy":"product_cat","embeddable":true,"href":"https:\/\/ecostera.com\/dk\/wp-json\/wp\/v2\/product_cat?post=5276"},{"taxonomy":"product_tag","embeddable":true,"href":"https:\/\/ecostera.com\/dk\/wp-json\/wp\/v2\/product_tag?post=5276"}],"curies":[{"name":"wp","href":"https:\/\/api.w.org\/{rel}","templated":true}]}}