{"id":5289,"date":"2025-08-04T09:28:41","date_gmt":"2025-08-04T09:28:41","guid":{"rendered":"https:\/\/ecostera.com\/dk\/product\/halskaede-med-englevinger\/"},"modified":"2025-08-25T16:31:53","modified_gmt":"2025-08-25T13:31:53","slug":"halskaede-med-englevinger","status":"publish","type":"product","link":"https:\/\/ecostera.com\/dk\/product\/halskaede-med-englevinger\/","title":{"rendered":"Halsk\u00e6de med englevinger"},"content":{"rendered":"<p style=\"text-align: center\">Engle repr\u00e6senterer styrke, mod og h\u00e5b. De hj\u00e6lper os med at overvinde h\u00e5rde oplevelser og komme st\u00e6rkere ud af dem. I udfordrende tider fungerer denne s\u00f8lvhalsk\u00e6de med englevinger som en p\u00e5mindelse om, at vi ikke er alene, og at vores skytsengel er hos os.<\/p>\n<p><img decoding=\"async\" class=\"size-full wp-image-24311 aligncenter\" src=\"https:\/\/keluvo.com\/template\/wp-content\/uploads\/sites\/5\/2024\/11\/60c17ecb24f73a8c3ce16fc64f9b26ba4a924fdedd8dff317367af68551417e2.avif\" alt=\"\" \/><\/p>\n<h2 style=\"text-align: center\"><strong>Specifikationer<\/strong><\/h2>\n<ul>\n<li>Tynd bredde: 2,54 cm<\/li>\n<li>H\u00f8jde: 3,9 cm<\/li>\n<li>Materiale: Kobber og metalbelagt (englevinger lavet af tyndt st\u00e5l af h\u00f8j kvalitet, ingen forgyldning, rustfri, nikkelfri, antik s\u00f8lvfinish. Perfekt til en vintagestil.)<\/li>\n<li>V\u00e6gt: 15,6 gram<\/li>\n<li>Halsk\u00e6del\u00e6ngde: 51 cm &#8211; 80 cm<\/li>\n<\/ul>\n<p><img decoding=\"async\" class=\"size-full wp-image-24312 aligncenter\" src=\"https:\/\/keluvo.com\/template\/wp-content\/uploads\/sites\/5\/2024\/11\/60a723f1e2215e021b407b44d431bef2e169cce58a66df5d3290299b3a5a7581.avif\" alt=\"\" \/><\/p>\n<h2 style=\"text-align: center\"><strong>Pakken Indeholder<\/strong><\/h2>\n<ul>\n<li>1 halsk\u00e6de med englevinger.<\/li>\n<\/ul>\n","protected":false},"excerpt":{"rendered":"<p>Engle repr\u00e6senterer styrke, mod og h\u00e5b. De hj\u00e6lper os med at overvinde h\u00e5rde oplevelser og komme st\u00e6rkere ud af dem. [&hellip;]<\/p>\n","protected":false},"featured_media":5285,"comment_status":"open","ping_status":"closed","template":"","meta":{"site-sidebar-layout":"default","site-content-layout":"","ast-site-content-layout":"default","site-content-style":"default","site-sidebar-style":"default","ast-global-header-display":"","ast-banner-title-visibility":"","ast-main-header-display":"","ast-hfb-above-header-display":"","ast-hfb-below-header-display":"","ast-hfb-mobile-header-display":"","site-post-title":"","ast-breadcrumbs-content":"","ast-featured-img":"","footer-sml-layout":"","theme-transparent-header-meta":"default","adv-header-id-meta":"","stick-header-meta":"","header-above-stick-meta":"","header-main-stick-meta":"","header-below-stick-meta":"","astra-migrate-meta-layouts":"set","ast-page-background-enabled":"default","ast-page-background-meta":{"desktop":{"background-color":"var(--ast-global-color-5)","background-image":"","background-repeat":"repeat","background-position":"center center","background-size":"auto","background-attachment":"scroll","background-type":"","background-media":"","overlay-type":"","overlay-color":"","overlay-opacity":"","overlay-gradient":""},"tablet":{"background-color":"","background-image":"","background-repeat":"repeat","background-position":"center center","background-size":"auto","background-attachment":"scroll","background-type":"","background-media":"","overlay-type":"","overlay-color":"","overlay-opacity":"","overlay-gradient":""},"mobile":{"background-color":"","background-image":"","background-repeat":"repeat","background-position":"center center","background-size":"auto","background-attachment":"scroll","background-type":"","background-media":"","overlay-type":"","overlay-color":"","overlay-opacity":"","overlay-gradient":""}},"ast-content-background-meta":{"desktop":{"background-color":"var(--ast-global-color-4)","background-image":"","background-repeat":"repeat","background-position":"center center","background-size":"auto","background-attachment":"scroll","background-type":"","background-media":"","overlay-type":"","overlay-color":"","overlay-opacity":"","overlay-gradient":""},"tablet":{"background-color":"var(--ast-global-color-4)","background-image":"","background-repeat":"repeat","background-position":"center center","background-size":"auto","background-attachment":"scroll","background-type":"","background-media":"","overlay-type":"","overlay-color":"","overlay-opacity":"","overlay-gradient":""},"mobile":{"background-color":"var(--ast-global-color-4)","background-image":"","background-repeat":"repeat","background-position":"center center","background-size":"auto","background-attachment":"scroll","background-type":"","background-media":"","overlay-type":"","overlay-color":"","overlay-opacity":"","overlay-gradient":""}}},"product_brand":[],"product_cat":[19],"product_tag":[],"class_list":{"0":"post-5289","1":"product","2":"type-product","3":"status-publish","4":"has-post-thumbnail","6":"product_cat-uncategorized","7":"desktop-align-left","8":"tablet-align-left","9":"mobile-align-left","11":"first","12":"instock","13":"shipping-taxable","14":"purchasable","15":"product-type-simple"},"_links":{"self":[{"href":"https:\/\/ecostera.com\/dk\/wp-json\/wp\/v2\/product\/5289","targetHints":{"allow":["GET"]}}],"collection":[{"href":"https:\/\/ecostera.com\/dk\/wp-json\/wp\/v2\/product"}],"about":[{"href":"https:\/\/ecostera.com\/dk\/wp-json\/wp\/v2\/types\/product"}],"replies":[{"embeddable":true,"href":"https:\/\/ecostera.com\/dk\/wp-json\/wp\/v2\/comments?post=5289"}],"wp:featuredmedia":[{"embeddable":true,"href":"https:\/\/ecostera.com\/dk\/wp-json\/wp\/v2\/media\/5285"}],"wp:attachment":[{"href":"https:\/\/ecostera.com\/dk\/wp-json\/wp\/v2\/media?parent=5289"}],"wp:term":[{"taxonomy":"product_brand","embeddable":true,"href":"https:\/\/ecostera.com\/dk\/wp-json\/wp\/v2\/product_brand?post=5289"},{"taxonomy":"product_cat","embeddable":true,"href":"https:\/\/ecostera.com\/dk\/wp-json\/wp\/v2\/product_cat?post=5289"},{"taxonomy":"product_tag","embeddable":true,"href":"https:\/\/ecostera.com\/dk\/wp-json\/wp\/v2\/product_tag?post=5289"}],"curies":[{"name":"wp","href":"https:\/\/api.w.org\/{rel}","templated":true}]}}