{"id":5309,"date":"2025-08-04T09:29:49","date_gmt":"2025-08-04T09:29:49","guid":{"rendered":"https:\/\/ecostera.com\/dk\/product\/holder-til-aeg\/"},"modified":"2025-08-25T16:17:36","modified_gmt":"2025-08-25T13:17:36","slug":"holder-til-aeg","status":"publish","type":"product","link":"https:\/\/ecostera.com\/dk\/product\/holder-til-aeg\/","title":{"rendered":"Holder til \u00e6g"},"content":{"rendered":"<h2 style=\"text-align: center\">Automatisk Rullende Design<\/h2>\n<p style=\"text-align: center\">Den automatisk rullende \u00e6ggeholder har et unikt design, der ruller \u00e6ggene fremad, hver gang der tages et. Det g\u00f8r det nemt at tage det n\u00e6ste \u00e6g uden at flytte hele holderen, hvilket holder dit k\u00f8leskab organiseret og sikrer, at friske \u00e6g altid er klar til brug.<\/p>\n<p><img decoding=\"async\" class=\"alignnone size-medium wp-image-2304 aligncenter\" src=\"https:\/\/keluvo.com\/template\/wp-content\/uploads\/sites\/5\/2024\/10\/6346645c-a9b0-4a72-a594-ae768a94bc60.webp\" alt=\"\" \/><\/p>\n<h2 style=\"text-align: center\">Stor Opbevaringskapacitet<\/h2>\n<p style=\"text-align: center\">Denne \u00e6ggeholder er udformet til at rumme flere \u00e6g p\u00e5 \u00e9n gang, hvilket g\u00f8r den perfekt til familier eller hyppige kokke. Det rummelige design passer perfekt ind i dit k\u00f8leskab, s\u00e5 du f\u00e5r en dedikeret plads til \u00e6g og sparer hyldeplads til andre ting.<\/p>\n<p><img decoding=\"async\" class=\"alignnone size-medium wp-image-2305 aligncenter\" src=\"https:\/\/keluvo.com\/template\/wp-content\/uploads\/sites\/5\/2024\/10\/bb5b5602-cd61-460b-8100-04ac6d924773.webp\" alt=\"\" \/><\/p>\n","protected":false},"excerpt":{"rendered":"<p>Automatisk Rullende Design Den automatisk rullende \u00e6ggeholder har et unikt design, der ruller \u00e6ggene fremad, hver gang der tages et. [&hellip;]<\/p>\n","protected":false},"featured_media":5305,"comment_status":"open","ping_status":"closed","template":"","meta":{"site-sidebar-layout":"default","site-content-layout":"","ast-site-content-layout":"default","site-content-style":"default","site-sidebar-style":"default","ast-global-header-display":"","ast-banner-title-visibility":"","ast-main-header-display":"","ast-hfb-above-header-display":"","ast-hfb-below-header-display":"","ast-hfb-mobile-header-display":"","site-post-title":"","ast-breadcrumbs-content":"","ast-featured-img":"","footer-sml-layout":"","theme-transparent-header-meta":"default","adv-header-id-meta":"","stick-header-meta":"","header-above-stick-meta":"","header-main-stick-meta":"","header-below-stick-meta":"","astra-migrate-meta-layouts":"set","ast-page-background-enabled":"default","ast-page-background-meta":{"desktop":{"background-color":"var(--ast-global-color-5)","background-image":"","background-repeat":"repeat","background-position":"center center","background-size":"auto","background-attachment":"scroll","background-type":"","background-media":"","overlay-type":"","overlay-color":"","overlay-opacity":"","overlay-gradient":""},"tablet":{"background-color":"","background-image":"","background-repeat":"repeat","background-position":"center center","background-size":"auto","background-attachment":"scroll","background-type":"","background-media":"","overlay-type":"","overlay-color":"","overlay-opacity":"","overlay-gradient":""},"mobile":{"background-color":"","background-image":"","background-repeat":"repeat","background-position":"center center","background-size":"auto","background-attachment":"scroll","background-type":"","background-media":"","overlay-type":"","overlay-color":"","overlay-opacity":"","overlay-gradient":""}},"ast-content-background-meta":{"desktop":{"background-color":"var(--ast-global-color-4)","background-image":"","background-repeat":"repeat","background-position":"center center","background-size":"auto","background-attachment":"scroll","background-type":"","background-media":"","overlay-type":"","overlay-color":"","overlay-opacity":"","overlay-gradient":""},"tablet":{"background-color":"var(--ast-global-color-4)","background-image":"","background-repeat":"repeat","background-position":"center center","background-size":"auto","background-attachment":"scroll","background-type":"","background-media":"","overlay-type":"","overlay-color":"","overlay-opacity":"","overlay-gradient":""},"mobile":{"background-color":"var(--ast-global-color-4)","background-image":"","background-repeat":"repeat","background-position":"center center","background-size":"auto","background-attachment":"scroll","background-type":"","background-media":"","overlay-type":"","overlay-color":"","overlay-opacity":"","overlay-gradient":""}}},"product_brand":[],"product_cat":[19],"product_tag":[],"class_list":{"0":"post-5309","1":"product","2":"type-product","3":"status-publish","4":"has-post-thumbnail","6":"product_cat-uncategorized","7":"pa_14771_gwwb3uv3-brun","8":"pa_14771_gwwb3uv3-hvid","9":"desktop-align-left","10":"tablet-align-left","11":"mobile-align-left","13":"first","14":"instock","15":"shipping-taxable","16":"purchasable","17":"product-type-variable"},"_links":{"self":[{"href":"https:\/\/ecostera.com\/dk\/wp-json\/wp\/v2\/product\/5309","targetHints":{"allow":["GET"]}}],"collection":[{"href":"https:\/\/ecostera.com\/dk\/wp-json\/wp\/v2\/product"}],"about":[{"href":"https:\/\/ecostera.com\/dk\/wp-json\/wp\/v2\/types\/product"}],"replies":[{"embeddable":true,"href":"https:\/\/ecostera.com\/dk\/wp-json\/wp\/v2\/comments?post=5309"}],"wp:featuredmedia":[{"embeddable":true,"href":"https:\/\/ecostera.com\/dk\/wp-json\/wp\/v2\/media\/5305"}],"wp:attachment":[{"href":"https:\/\/ecostera.com\/dk\/wp-json\/wp\/v2\/media?parent=5309"}],"wp:term":[{"taxonomy":"product_brand","embeddable":true,"href":"https:\/\/ecostera.com\/dk\/wp-json\/wp\/v2\/product_brand?post=5309"},{"taxonomy":"product_cat","embeddable":true,"href":"https:\/\/ecostera.com\/dk\/wp-json\/wp\/v2\/product_cat?post=5309"},{"taxonomy":"product_tag","embeddable":true,"href":"https:\/\/ecostera.com\/dk\/wp-json\/wp\/v2\/product_tag?post=5309"}],"curies":[{"name":"wp","href":"https:\/\/api.w.org\/{rel}","templated":true}]}}