{"id":5369,"date":"2025-08-05T08:44:41","date_gmt":"2025-08-05T08:44:41","guid":{"rendered":"https:\/\/ecostera.com\/dk\/product\/vedhaeng-med-roed-zirkon\/"},"modified":"2025-09-15T12:14:04","modified_gmt":"2025-09-15T09:14:04","slug":"vedhaeng-med-roed-zirkon","status":"publish","type":"product","link":"https:\/\/ecostera.com\/dk\/product\/vedhaeng-med-roed-zirkon\/","title":{"rendered":"Vedh\u00e6ng med r\u00f8d zirkon"},"content":{"rendered":"<h2 style=\"text-align: center\">Elegant Hjerteformet Design<\/h2>\n<p style=\"text-align: center\">Det r\u00f8de zirkonvedh\u00e6ng har en klassisk hjerteform, der symboliserer k\u00e6rlighed og hengivenhed. Dette tidl\u00f8se design g\u00f8r det til en perfekt gave til en s\u00e6rlig person og tilf\u00f8jer et strejf af romantik og elegance til ethvert outfit. Den levende r\u00f8de zirkon tilf\u00f8jer en farve, der tiltr\u00e6kker opm\u00e6rksomhed.<\/p>\n<p><img decoding=\"async\" class=\"alignnone size-medium wp-image-2961 aligncenter\" src=\"https:\/\/keluvo.com\/template\/wp-content\/uploads\/sites\/5\/2024\/11\/S15b82697b6f44dca97e2c988975816dad.jpg\" alt=\"\" \/><\/p>\n<h2 style=\"text-align: center\">Ideel Gave<\/h2>\n<p style=\"text-align: center\">Det r\u00f8de zirkonvedh\u00e6ng leveres i en charmerende gave\u00e6ske med rosenblomst, s\u00e5 det er klar til at blive givet som gave. Den unikke indpakning tilf\u00f8jer et ekstra element af bet\u00e6nksomhed, hvilket g\u00f8r det til en ideel gave til jubil\u00e6er, f\u00f8dselsdage eller romantiske gestus. Dette smykke vil helt sikkert begejstre og efterlade et varigt indtryk.<\/p>\n<p><img decoding=\"async\" class=\"alignnone size-medium wp-image-2962 aligncenter\" src=\"https:\/\/keluvo.com\/template\/wp-content\/uploads\/sites\/5\/2024\/11\/S409493eb5bee47c18443f32fc72866aeN.jpg\" alt=\"\" \/><\/p>\n","protected":false},"excerpt":{"rendered":"<p>Elegant Hjerteformet Design Det r\u00f8de zirkonvedh\u00e6ng har en klassisk hjerteform, der symboliserer k\u00e6rlighed og hengivenhed. Dette tidl\u00f8se design g\u00f8r det [&hellip;]<\/p>\n","protected":false},"featured_media":5365,"comment_status":"open","ping_status":"closed","template":"","meta":{"site-sidebar-layout":"default","site-content-layout":"","ast-site-content-layout":"default","site-content-style":"default","site-sidebar-style":"default","ast-global-header-display":"","ast-banner-title-visibility":"","ast-main-header-display":"","ast-hfb-above-header-display":"","ast-hfb-below-header-display":"","ast-hfb-mobile-header-display":"","site-post-title":"","ast-breadcrumbs-content":"","ast-featured-img":"","footer-sml-layout":"","theme-transparent-header-meta":"default","adv-header-id-meta":"","stick-header-meta":"","header-above-stick-meta":"","header-main-stick-meta":"","header-below-stick-meta":"","astra-migrate-meta-layouts":"set","ast-page-background-enabled":"default","ast-page-background-meta":{"desktop":{"background-color":"var(--ast-global-color-5)","background-image":"","background-repeat":"repeat","background-position":"center center","background-size":"auto","background-attachment":"scroll","background-type":"","background-media":"","overlay-type":"","overlay-color":"","overlay-opacity":"","overlay-gradient":""},"tablet":{"background-color":"","background-image":"","background-repeat":"repeat","background-position":"center center","background-size":"auto","background-attachment":"scroll","background-type":"","background-media":"","overlay-type":"","overlay-color":"","overlay-opacity":"","overlay-gradient":""},"mobile":{"background-color":"","background-image":"","background-repeat":"repeat","background-position":"center center","background-size":"auto","background-attachment":"scroll","background-type":"","background-media":"","overlay-type":"","overlay-color":"","overlay-opacity":"","overlay-gradient":""}},"ast-content-background-meta":{"desktop":{"background-color":"var(--ast-global-color-4)","background-image":"","background-repeat":"repeat","background-position":"center center","background-size":"auto","background-attachment":"scroll","background-type":"","background-media":"","overlay-type":"","overlay-color":"","overlay-opacity":"","overlay-gradient":""},"tablet":{"background-color":"var(--ast-global-color-4)","background-image":"","background-repeat":"repeat","background-position":"center center","background-size":"auto","background-attachment":"scroll","background-type":"","background-media":"","overlay-type":"","overlay-color":"","overlay-opacity":"","overlay-gradient":""},"mobile":{"background-color":"var(--ast-global-color-4)","background-image":"","background-repeat":"repeat","background-position":"center center","background-size":"auto","background-attachment":"scroll","background-type":"","background-media":"","overlay-type":"","overlay-color":"","overlay-opacity":"","overlay-gradient":""}}},"product_brand":[],"product_cat":[19],"product_tag":[],"class_list":{"0":"post-5369","1":"product","2":"type-product","3":"status-publish","4":"has-post-thumbnail","6":"product_cat-uncategorized","7":"pa_15287_lpdw952c-kun-halskaede","8":"pa_15287_lpdw952c-med-kasse","9":"desktop-align-left","10":"tablet-align-left","11":"mobile-align-left","13":"first","14":"instock","15":"shipping-taxable","16":"purchasable","17":"product-type-variable"},"_links":{"self":[{"href":"https:\/\/ecostera.com\/dk\/wp-json\/wp\/v2\/product\/5369","targetHints":{"allow":["GET"]}}],"collection":[{"href":"https:\/\/ecostera.com\/dk\/wp-json\/wp\/v2\/product"}],"about":[{"href":"https:\/\/ecostera.com\/dk\/wp-json\/wp\/v2\/types\/product"}],"replies":[{"embeddable":true,"href":"https:\/\/ecostera.com\/dk\/wp-json\/wp\/v2\/comments?post=5369"}],"wp:featuredmedia":[{"embeddable":true,"href":"https:\/\/ecostera.com\/dk\/wp-json\/wp\/v2\/media\/5365"}],"wp:attachment":[{"href":"https:\/\/ecostera.com\/dk\/wp-json\/wp\/v2\/media?parent=5369"}],"wp:term":[{"taxonomy":"product_brand","embeddable":true,"href":"https:\/\/ecostera.com\/dk\/wp-json\/wp\/v2\/product_brand?post=5369"},{"taxonomy":"product_cat","embeddable":true,"href":"https:\/\/ecostera.com\/dk\/wp-json\/wp\/v2\/product_cat?post=5369"},{"taxonomy":"product_tag","embeddable":true,"href":"https:\/\/ecostera.com\/dk\/wp-json\/wp\/v2\/product_tag?post=5369"}],"curies":[{"name":"wp","href":"https:\/\/api.w.org\/{rel}","templated":true}]}}