{"id":5378,"date":"2025-08-05T08:45:25","date_gmt":"2025-08-05T08:45:25","guid":{"rendered":"https:\/\/ecostera.com\/dk\/product\/gennemsigtig-toerret-blomst-30-stk\/"},"modified":"2025-08-05T08:45:36","modified_gmt":"2025-08-05T08:45:36","slug":"gennemsigtig-toerret-blomst-30-stk","status":"publish","type":"product","link":"https:\/\/ecostera.com\/dk\/product\/gennemsigtig-toerret-blomst-30-stk\/","title":{"rendered":"Gennemsigtig t\u00f8rret blomst (30 stk.)"},"content":{"rendered":"<h2 style=\"text-align: center\">Naturlig Sk\u00f8nhed I Hvert Bogm\u00e6rke<\/h2>\n<p style=\"text-align: center\">Hver gennemsigtig t\u00f8rret blomst er lavet med \u00e6gte t\u00f8rrede blomster, der indfanger naturens charme p\u00e5 en unik m\u00e5de. Det klare design fremh\u00e6ver de levende detaljer i hver blomst og tilf\u00f8jer et strejf af elegance til din l\u00e6seoplevelse. Disse bogm\u00e6rker f\u00e5r hver eneste side til at f\u00f8les speciel.<\/p>\n<p><img decoding=\"async\" class=\"alignnone size-medium wp-image-2875 aligncenter\" src=\"https:\/\/keluvo.com\/template\/wp-content\/uploads\/sites\/5\/2024\/11\/12fcb68f-8130-40cc-85e5-ca78016fa97e.webp\" alt=\"\" \/><\/p>\n<h2 style=\"text-align: center\">Holdbart Og Praktisk Design<\/h2>\n<p style=\"text-align: center\">Disse gennemsigtige t\u00f8rrede blomster fungerer som smukke og praktiske bogm\u00e6rker, der er designet til at sidde sikkert fast p\u00e5 enhver side uden at glide. Deres PET-materiale er b\u00e5de holdbart og fleksibelt, hvilket giver mulighed for langvarig brug. Nyd balancen mellem sk\u00f8nhed og funktion i hvert bogm\u00e6rke.<\/p>\n<p><img decoding=\"async\" class=\"alignnone size-medium wp-image-2878 aligncenter\" src=\"https:\/\/keluvo.com\/template\/wp-content\/uploads\/sites\/5\/2024\/11\/0633cdc4-a29e-4944-a996-03fa671c2c87.webp\" alt=\"\" \/><\/p>\n","protected":false},"excerpt":{"rendered":"<p>Naturlig Sk\u00f8nhed I Hvert Bogm\u00e6rke Hver gennemsigtig t\u00f8rret blomst er lavet med \u00e6gte t\u00f8rrede blomster, der indfanger naturens charme p\u00e5 [&hellip;]<\/p>\n","protected":false},"featured_media":5374,"comment_status":"open","ping_status":"closed","template":"","meta":{"site-sidebar-layout":"default","site-content-layout":"","ast-site-content-layout":"default","site-content-style":"default","site-sidebar-style":"default","ast-global-header-display":"","ast-banner-title-visibility":"","ast-main-header-display":"","ast-hfb-above-header-display":"","ast-hfb-below-header-display":"","ast-hfb-mobile-header-display":"","site-post-title":"","ast-breadcrumbs-content":"","ast-featured-img":"","footer-sml-layout":"","theme-transparent-header-meta":"default","adv-header-id-meta":"","stick-header-meta":"","header-above-stick-meta":"","header-main-stick-meta":"","header-below-stick-meta":"","astra-migrate-meta-layouts":"set","ast-page-background-enabled":"default","ast-page-background-meta":{"desktop":{"background-color":"var(--ast-global-color-5)","background-image":"","background-repeat":"repeat","background-position":"center center","background-size":"auto","background-attachment":"scroll","background-type":"","background-media":"","overlay-type":"","overlay-color":"","overlay-opacity":"","overlay-gradient":""},"tablet":{"background-color":"","background-image":"","background-repeat":"repeat","background-position":"center center","background-size":"auto","background-attachment":"scroll","background-type":"","background-media":"","overlay-type":"","overlay-color":"","overlay-opacity":"","overlay-gradient":""},"mobile":{"background-color":"","background-image":"","background-repeat":"repeat","background-position":"center center","background-size":"auto","background-attachment":"scroll","background-type":"","background-media":"","overlay-type":"","overlay-color":"","overlay-opacity":"","overlay-gradient":""}},"ast-content-background-meta":{"desktop":{"background-color":"var(--ast-global-color-4)","background-image":"","background-repeat":"repeat","background-position":"center center","background-size":"auto","background-attachment":"scroll","background-type":"","background-media":"","overlay-type":"","overlay-color":"","overlay-opacity":"","overlay-gradient":""},"tablet":{"background-color":"var(--ast-global-color-4)","background-image":"","background-repeat":"repeat","background-position":"center center","background-size":"auto","background-attachment":"scroll","background-type":"","background-media":"","overlay-type":"","overlay-color":"","overlay-opacity":"","overlay-gradient":""},"mobile":{"background-color":"var(--ast-global-color-4)","background-image":"","background-repeat":"repeat","background-position":"center center","background-size":"auto","background-attachment":"scroll","background-type":"","background-media":"","overlay-type":"","overlay-color":"","overlay-opacity":"","overlay-gradient":""}}},"product_brand":[],"product_cat":[19],"product_tag":[],"class_list":{"0":"post-5378","1":"product","2":"type-product","3":"status-publish","4":"has-post-thumbnail","6":"product_cat-uncategorized","7":"pa_15489_yjk6biis-a","8":"pa_15489_yjk6biis-b","9":"pa_15489_yjk6biis-c","10":"desktop-align-left","11":"tablet-align-left","12":"mobile-align-left","14":"first","15":"instock","16":"shipping-taxable","17":"purchasable","18":"product-type-variable"},"_links":{"self":[{"href":"https:\/\/ecostera.com\/dk\/wp-json\/wp\/v2\/product\/5378","targetHints":{"allow":["GET"]}}],"collection":[{"href":"https:\/\/ecostera.com\/dk\/wp-json\/wp\/v2\/product"}],"about":[{"href":"https:\/\/ecostera.com\/dk\/wp-json\/wp\/v2\/types\/product"}],"replies":[{"embeddable":true,"href":"https:\/\/ecostera.com\/dk\/wp-json\/wp\/v2\/comments?post=5378"}],"wp:featuredmedia":[{"embeddable":true,"href":"https:\/\/ecostera.com\/dk\/wp-json\/wp\/v2\/media\/5374"}],"wp:attachment":[{"href":"https:\/\/ecostera.com\/dk\/wp-json\/wp\/v2\/media?parent=5378"}],"wp:term":[{"taxonomy":"product_brand","embeddable":true,"href":"https:\/\/ecostera.com\/dk\/wp-json\/wp\/v2\/product_brand?post=5378"},{"taxonomy":"product_cat","embeddable":true,"href":"https:\/\/ecostera.com\/dk\/wp-json\/wp\/v2\/product_cat?post=5378"},{"taxonomy":"product_tag","embeddable":true,"href":"https:\/\/ecostera.com\/dk\/wp-json\/wp\/v2\/product_tag?post=5378"}],"curies":[{"name":"wp","href":"https:\/\/api.w.org\/{rel}","templated":true}]}}