{"id":5389,"date":"2025-08-05T08:46:20","date_gmt":"2025-08-05T08:46:20","guid":{"rendered":"https:\/\/ecostera.com\/dk\/product\/haarklipper\/"},"modified":"2025-08-05T08:47:38","modified_gmt":"2025-08-05T08:47:38","slug":"haarklipper","status":"publish","type":"product","link":"https:\/\/ecostera.com\/dk\/product\/haarklipper\/","title":{"rendered":"H\u00e5rklipper"},"content":{"rendered":"<h2 style=\"text-align: center\">Pr\u00e6cisionstrimning<\/h2>\n<p style=\"text-align: center\">H\u00e5rklipperen er designet til detaljeret trimning, hvilket giver mulighed for pr\u00e6cise klipninger og kanter. De skarpe blade g\u00f8r den ideel til udsk\u00e6ring og formning af h\u00e5r, hvilket giver dig fleksibilitet til at skabe skarpe, rene linjer med lethed. Perfekt til b\u00e5de professionelle fris\u00f8rer og hjemmepleje.<\/p>\n<p><img decoding=\"async\" class=\"alignnone size-medium wp-image-2853 aligncenter\" src=\"https:\/\/keluvo.com\/template\/wp-content\/uploads\/sites\/5\/2024\/11\/Sd81c46dbccb54125b9d882f4968bc365n-removebg-preview-1.png\" alt=\"\" \/><\/p>\n<h2 style=\"text-align: center\">Ledningsfri Bekvemmelighed<\/h2>\n<p style=\"text-align: center\">Med et kraftigt genopladeligt batteri giver denne h\u00e5rklipper op til 120 minutters ledningsfri brug efter kun 2 timers opladning. Det giver mulighed for uafbrudt trimning og nem transport, s\u00e5 du kan pleje dit h\u00e5r uden at v\u00e6re begr\u00e6nset af en ledning.<\/p>\n<p><img decoding=\"async\" class=\"alignnone size-medium wp-image-2851 aligncenter\" src=\"https:\/\/keluvo.com\/template\/wp-content\/uploads\/sites\/5\/2024\/11\/78127769-9b65-433b-b9ed-173deacd915c.jpg\" alt=\"\" \/><\/p>\n","protected":false},"excerpt":{"rendered":"<p>Pr\u00e6cisionstrimning H\u00e5rklipperen er designet til detaljeret trimning, hvilket giver mulighed for pr\u00e6cise klipninger og kanter. De skarpe blade g\u00f8r den [&hellip;]<\/p>\n","protected":false},"featured_media":5385,"comment_status":"open","ping_status":"closed","template":"","meta":{"site-sidebar-layout":"default","site-content-layout":"","ast-site-content-layout":"default","site-content-style":"default","site-sidebar-style":"default","ast-global-header-display":"","ast-banner-title-visibility":"","ast-main-header-display":"","ast-hfb-above-header-display":"","ast-hfb-below-header-display":"","ast-hfb-mobile-header-display":"","site-post-title":"","ast-breadcrumbs-content":"","ast-featured-img":"","footer-sml-layout":"","theme-transparent-header-meta":"default","adv-header-id-meta":"","stick-header-meta":"","header-above-stick-meta":"","header-main-stick-meta":"","header-below-stick-meta":"","astra-migrate-meta-layouts":"set","ast-page-background-enabled":"default","ast-page-background-meta":{"desktop":{"background-color":"var(--ast-global-color-5)","background-image":"","background-repeat":"repeat","background-position":"center center","background-size":"auto","background-attachment":"scroll","background-type":"","background-media":"","overlay-type":"","overlay-color":"","overlay-opacity":"","overlay-gradient":""},"tablet":{"background-color":"","background-image":"","background-repeat":"repeat","background-position":"center center","background-size":"auto","background-attachment":"scroll","background-type":"","background-media":"","overlay-type":"","overlay-color":"","overlay-opacity":"","overlay-gradient":""},"mobile":{"background-color":"","background-image":"","background-repeat":"repeat","background-position":"center center","background-size":"auto","background-attachment":"scroll","background-type":"","background-media":"","overlay-type":"","overlay-color":"","overlay-opacity":"","overlay-gradient":""}},"ast-content-background-meta":{"desktop":{"background-color":"var(--ast-global-color-4)","background-image":"","background-repeat":"repeat","background-position":"center center","background-size":"auto","background-attachment":"scroll","background-type":"","background-media":"","overlay-type":"","overlay-color":"","overlay-opacity":"","overlay-gradient":""},"tablet":{"background-color":"var(--ast-global-color-4)","background-image":"","background-repeat":"repeat","background-position":"center center","background-size":"auto","background-attachment":"scroll","background-type":"","background-media":"","overlay-type":"","overlay-color":"","overlay-opacity":"","overlay-gradient":""},"mobile":{"background-color":"var(--ast-global-color-4)","background-image":"","background-repeat":"repeat","background-position":"center center","background-size":"auto","background-attachment":"scroll","background-type":"","background-media":"","overlay-type":"","overlay-color":"","overlay-opacity":"","overlay-gradient":""}}},"product_brand":[],"product_cat":[19],"product_tag":[],"class_list":{"0":"post-5389","1":"product","2":"type-product","3":"status-publish","4":"has-post-thumbnail","6":"product_cat-uncategorized","7":"pa_15563_v0vm6z0l-buddha","8":"pa_15563_v0vm6z0l-drage","9":"pa_15563_v0vm6z0l-guld","10":"pa_15563_v0vm6z0l-sort","11":"pa_15563_v0vm6z0l-sort-drage","12":"desktop-align-left","13":"tablet-align-left","14":"mobile-align-left","16":"first","17":"instock","18":"shipping-taxable","19":"purchasable","20":"product-type-variable"},"_links":{"self":[{"href":"https:\/\/ecostera.com\/dk\/wp-json\/wp\/v2\/product\/5389","targetHints":{"allow":["GET"]}}],"collection":[{"href":"https:\/\/ecostera.com\/dk\/wp-json\/wp\/v2\/product"}],"about":[{"href":"https:\/\/ecostera.com\/dk\/wp-json\/wp\/v2\/types\/product"}],"replies":[{"embeddable":true,"href":"https:\/\/ecostera.com\/dk\/wp-json\/wp\/v2\/comments?post=5389"}],"wp:featuredmedia":[{"embeddable":true,"href":"https:\/\/ecostera.com\/dk\/wp-json\/wp\/v2\/media\/5385"}],"wp:attachment":[{"href":"https:\/\/ecostera.com\/dk\/wp-json\/wp\/v2\/media?parent=5389"}],"wp:term":[{"taxonomy":"product_brand","embeddable":true,"href":"https:\/\/ecostera.com\/dk\/wp-json\/wp\/v2\/product_brand?post=5389"},{"taxonomy":"product_cat","embeddable":true,"href":"https:\/\/ecostera.com\/dk\/wp-json\/wp\/v2\/product_cat?post=5389"},{"taxonomy":"product_tag","embeddable":true,"href":"https:\/\/ecostera.com\/dk\/wp-json\/wp\/v2\/product_tag?post=5389"}],"curies":[{"name":"wp","href":"https:\/\/api.w.org\/{rel}","templated":true}]}}