{"id":5404,"date":"2025-08-05T08:48:19","date_gmt":"2025-08-05T08:48:19","guid":{"rendered":"https:\/\/ecostera.com\/dk\/product\/glattekam-til-haar\/"},"modified":"2025-08-05T08:48:39","modified_gmt":"2025-08-05T08:48:39","slug":"glattekam-til-haar","status":"publish","type":"product","link":"https:\/\/ecostera.com\/dk\/product\/glattekam-til-haar\/","title":{"rendered":"Glattekam til h\u00e5r"},"content":{"rendered":"<p style=\"text-align: center\"><strong>\ud83d\udc87\u200d\u2640\ufe0f F\u00e5 Glat Og Lige H\u00e5r P\u00e5 Ingen Tid!<\/strong><\/p>\n<p style=\"text-align: center\">Vi pr\u00e6senterer en glatteb\u00f8rste, der ikke kun glatter, men ogs\u00e5 reder dit h\u00e5r for en glat, silkeagtig finish. Du kan opn\u00e5 smukt h\u00e5r p\u00e5 bare 10 minutter!<\/p>\n<p><img decoding=\"async\" class=\"size-full wp-image-24324 aligncenter\" src=\"https:\/\/keluvo.com\/template\/wp-content\/uploads\/sites\/5\/2024\/11\/888_480x480.webp\" alt=\"\" \/><\/p>\n<h2 style=\"text-align: center\">\u2728Hovedfordele<\/h2>\n<p><strong>\u2705 Alt-I-En-Kam<\/strong>: Denne glattekam g\u00f8r dobbelt arbejde ved at glatte og rede dit h\u00e5r p\u00e5 samme tid, s\u00e5 du ikke har brug for en separat kam. Dens t\u00e6nder af h\u00f8j kvalitet fungerer godt til at rede og style dit h\u00e5r uden at for\u00e5rsage skade.<\/p>\n<p><strong>\u2705 Til Alle H\u00e5rtyper<\/strong>s: Denne b\u00f8rste er perfekt til alle! Den glatter alle h\u00e5rtyper, ogs\u00e5 tykt og kruset h\u00e5r, og efterlader det skinnende og glat.<\/p>\n<p><strong>\u2705 Keramisk Bel\u00e6gning Af H\u00f8j Kvalitet<\/strong>: De keramiske plader beskytter dit h\u00e5r mod overdreven varme og sikrer j\u00e6vn varmefordeling for hurtige resultater.<\/p>\n<p><strong>\u2705 Unisex-Design<\/strong>: Velegnet til b\u00e5de m\u00e6nd og kvinder, der nemt kan glatte og style forskellige h\u00e5rtyper.<\/p>\n<p><img decoding=\"async\" class=\"size-full wp-image-24325 aligncenter\" src=\"https:\/\/keluvo.com\/template\/wp-content\/uploads\/sites\/5\/2024\/11\/999_480x480.webp\" alt=\"\" \/><\/p>\n<h2 style=\"text-align: center\">\ud83d\udccfSpecifikationer<\/h2>\n<ul>\n<li>Materiale: PTC, keramisk bel\u00e6gning<\/li>\n<li>Sp\u00e6nding: 220V<\/li>\n<li>Power: 45 W<\/li>\n<li>Weight: 378 g.<\/li>\n<\/ul>\n","protected":false},"excerpt":{"rendered":"<p>\ud83d\udc87\u200d\u2640\ufe0f F\u00e5 Glat Og Lige H\u00e5r P\u00e5 Ingen Tid! Vi pr\u00e6senterer en glatteb\u00f8rste, der ikke kun glatter, men ogs\u00e5 reder [&hellip;]<\/p>\n","protected":false},"featured_media":5400,"comment_status":"open","ping_status":"closed","template":"","meta":{"site-sidebar-layout":"default","site-content-layout":"","ast-site-content-layout":"default","site-content-style":"default","site-sidebar-style":"default","ast-global-header-display":"","ast-banner-title-visibility":"","ast-main-header-display":"","ast-hfb-above-header-display":"","ast-hfb-below-header-display":"","ast-hfb-mobile-header-display":"","site-post-title":"","ast-breadcrumbs-content":"","ast-featured-img":"","footer-sml-layout":"","theme-transparent-header-meta":"default","adv-header-id-meta":"","stick-header-meta":"","header-above-stick-meta":"","header-main-stick-meta":"","header-below-stick-meta":"","astra-migrate-meta-layouts":"set","ast-page-background-enabled":"default","ast-page-background-meta":{"desktop":{"background-color":"var(--ast-global-color-5)","background-image":"","background-repeat":"repeat","background-position":"center center","background-size":"auto","background-attachment":"scroll","background-type":"","background-media":"","overlay-type":"","overlay-color":"","overlay-opacity":"","overlay-gradient":""},"tablet":{"background-color":"","background-image":"","background-repeat":"repeat","background-position":"center center","background-size":"auto","background-attachment":"scroll","background-type":"","background-media":"","overlay-type":"","overlay-color":"","overlay-opacity":"","overlay-gradient":""},"mobile":{"background-color":"","background-image":"","background-repeat":"repeat","background-position":"center center","background-size":"auto","background-attachment":"scroll","background-type":"","background-media":"","overlay-type":"","overlay-color":"","overlay-opacity":"","overlay-gradient":""}},"ast-content-background-meta":{"desktop":{"background-color":"var(--ast-global-color-4)","background-image":"","background-repeat":"repeat","background-position":"center center","background-size":"auto","background-attachment":"scroll","background-type":"","background-media":"","overlay-type":"","overlay-color":"","overlay-opacity":"","overlay-gradient":""},"tablet":{"background-color":"var(--ast-global-color-4)","background-image":"","background-repeat":"repeat","background-position":"center center","background-size":"auto","background-attachment":"scroll","background-type":"","background-media":"","overlay-type":"","overlay-color":"","overlay-opacity":"","overlay-gradient":""},"mobile":{"background-color":"var(--ast-global-color-4)","background-image":"","background-repeat":"repeat","background-position":"center center","background-size":"auto","background-attachment":"scroll","background-type":"","background-media":"","overlay-type":"","overlay-color":"","overlay-opacity":"","overlay-gradient":""}}},"product_brand":[],"product_cat":[19],"product_tag":[],"class_list":{"0":"post-5404","1":"product","2":"type-product","3":"status-publish","4":"has-post-thumbnail","6":"product_cat-uncategorized","7":"pa_15566_v639dzi7-groen","8":"pa_15566_v639dzi7-hvid","9":"pa_15566_v639dzi7-roed","10":"pa_15566_v639dzi7-sort","11":"desktop-align-left","12":"tablet-align-left","13":"mobile-align-left","15":"first","16":"instock","17":"shipping-taxable","18":"purchasable","19":"product-type-variable"},"_links":{"self":[{"href":"https:\/\/ecostera.com\/dk\/wp-json\/wp\/v2\/product\/5404","targetHints":{"allow":["GET"]}}],"collection":[{"href":"https:\/\/ecostera.com\/dk\/wp-json\/wp\/v2\/product"}],"about":[{"href":"https:\/\/ecostera.com\/dk\/wp-json\/wp\/v2\/types\/product"}],"replies":[{"embeddable":true,"href":"https:\/\/ecostera.com\/dk\/wp-json\/wp\/v2\/comments?post=5404"}],"wp:featuredmedia":[{"embeddable":true,"href":"https:\/\/ecostera.com\/dk\/wp-json\/wp\/v2\/media\/5400"}],"wp:attachment":[{"href":"https:\/\/ecostera.com\/dk\/wp-json\/wp\/v2\/media?parent=5404"}],"wp:term":[{"taxonomy":"product_brand","embeddable":true,"href":"https:\/\/ecostera.com\/dk\/wp-json\/wp\/v2\/product_brand?post=5404"},{"taxonomy":"product_cat","embeddable":true,"href":"https:\/\/ecostera.com\/dk\/wp-json\/wp\/v2\/product_cat?post=5404"},{"taxonomy":"product_tag","embeddable":true,"href":"https:\/\/ecostera.com\/dk\/wp-json\/wp\/v2\/product_tag?post=5404"}],"curies":[{"name":"wp","href":"https:\/\/api.w.org\/{rel}","templated":true}]}}