{"id":5417,"date":"2025-08-05T08:49:11","date_gmt":"2025-08-05T08:49:11","guid":{"rendered":"https:\/\/ecostera.com\/dk\/product\/vinterhue-til-hunde\/"},"modified":"2025-08-05T11:14:09","modified_gmt":"2025-08-05T11:14:09","slug":"vinterhue-til-hunde","status":"publish","type":"product","link":"https:\/\/ecostera.com\/dk\/product\/vinterhue-til-hunde\/","title":{"rendered":"Vinterhue til hunde"},"content":{"rendered":"<h2 style=\"text-align: center\">Bl\u00f8dt og hyggeligt materiale<\/h2>\n<p style=\"text-align: center\">Vinterhuen til hunde er lavet af bl\u00f8d akryl, som giver en blid og behagelig fornemmelse for dit k\u00e6ledyr. Det strikkede stof holder din hund varm, is\u00e6r i k\u00f8ligt vejr. Den er designet til at v\u00e6re \u00e5ndbar og egnet til alle \u00e5rstider, s\u00e5 din hund kan nyde den hyggelige komfort \u00e5ret rundt.<\/p>\n<p><img decoding=\"async\" class=\"alignnone size-medium wp-image-2803 aligncenter\" src=\"https:\/\/keluvo.com\/template\/wp-content\/uploads\/sites\/5\/2024\/11\/996f6475-e246-48ff-8381-c5c91e729e09.webp\" alt=\"\" \/><\/p>\n<h2 style=\"text-align: center\">Justerbar pasform til alle st\u00f8rrelser<\/h2>\n<p style=\"text-align: center\">Denne vinterhue f\u00e5s i st\u00f8rrelserne S, M og L og er designet til at passe hunde af forskellige racer og st\u00f8rrelser. Med et str\u00e6kbart design, der passer til hovedomkredse fra 33 til 61 cm, sidder hundevinterhuen godt og sikkert. Den passer perfekt til alt fra sm\u00e5 chihuahuaer til st\u00f8rre racer.<\/p>\n<p><img decoding=\"async\" class=\"alignnone size-medium wp-image-2808 aligncenter\" src=\"https:\/\/keluvo.com\/template\/wp-content\/uploads\/sites\/5\/2024\/11\/S541d79038070441d8c9697fa892c41f9Z.jpg\" alt=\"\" \/><\/p>\n","protected":false},"excerpt":{"rendered":"<p>Bl\u00f8dt og hyggeligt materiale Vinterhuen til hunde er lavet af bl\u00f8d akryl, som giver en blid og behagelig fornemmelse for [&hellip;]<\/p>\n","protected":false},"featured_media":5413,"comment_status":"open","ping_status":"closed","template":"","meta":{"site-sidebar-layout":"default","site-content-layout":"","ast-site-content-layout":"default","site-content-style":"default","site-sidebar-style":"default","ast-global-header-display":"","ast-banner-title-visibility":"","ast-main-header-display":"","ast-hfb-above-header-display":"","ast-hfb-below-header-display":"","ast-hfb-mobile-header-display":"","site-post-title":"","ast-breadcrumbs-content":"","ast-featured-img":"","footer-sml-layout":"","theme-transparent-header-meta":"default","adv-header-id-meta":"","stick-header-meta":"","header-above-stick-meta":"","header-main-stick-meta":"","header-below-stick-meta":"","astra-migrate-meta-layouts":"set","ast-page-background-enabled":"default","ast-page-background-meta":{"desktop":{"background-color":"var(--ast-global-color-5)","background-image":"","background-repeat":"repeat","background-position":"center center","background-size":"auto","background-attachment":"scroll","background-type":"","background-media":"","overlay-type":"","overlay-color":"","overlay-opacity":"","overlay-gradient":""},"tablet":{"background-color":"","background-image":"","background-repeat":"repeat","background-position":"center center","background-size":"auto","background-attachment":"scroll","background-type":"","background-media":"","overlay-type":"","overlay-color":"","overlay-opacity":"","overlay-gradient":""},"mobile":{"background-color":"","background-image":"","background-repeat":"repeat","background-position":"center center","background-size":"auto","background-attachment":"scroll","background-type":"","background-media":"","overlay-type":"","overlay-color":"","overlay-opacity":"","overlay-gradient":""}},"ast-content-background-meta":{"desktop":{"background-color":"var(--ast-global-color-4)","background-image":"","background-repeat":"repeat","background-position":"center center","background-size":"auto","background-attachment":"scroll","background-type":"","background-media":"","overlay-type":"","overlay-color":"","overlay-opacity":"","overlay-gradient":""},"tablet":{"background-color":"var(--ast-global-color-4)","background-image":"","background-repeat":"repeat","background-position":"center center","background-size":"auto","background-attachment":"scroll","background-type":"","background-media":"","overlay-type":"","overlay-color":"","overlay-opacity":"","overlay-gradient":""},"mobile":{"background-color":"var(--ast-global-color-4)","background-image":"","background-repeat":"repeat","background-position":"center center","background-size":"auto","background-attachment":"scroll","background-type":"","background-media":"","overlay-type":"","overlay-color":"","overlay-opacity":"","overlay-gradient":""}}},"product_brand":[],"product_cat":[19],"product_tag":[],"class_list":{"0":"post-5417","1":"product","2":"type-product","3":"status-publish","4":"has-post-thumbnail","6":"product_cat-uncategorized","7":"pa_15591_8fmgk1pq-s","8":"pa_15591_8fmgk1pq-m","9":"pa_15591_8fmgk1pq-l","10":"pa_15591_aezk0j9u-graa","11":"pa_15591_aezk0j9u-lyseroed","12":"desktop-align-left","13":"tablet-align-left","14":"mobile-align-left","16":"first","17":"instock","18":"shipping-taxable","19":"purchasable","20":"product-type-variable","21":"has-default-attributes"},"_links":{"self":[{"href":"https:\/\/ecostera.com\/dk\/wp-json\/wp\/v2\/product\/5417","targetHints":{"allow":["GET"]}}],"collection":[{"href":"https:\/\/ecostera.com\/dk\/wp-json\/wp\/v2\/product"}],"about":[{"href":"https:\/\/ecostera.com\/dk\/wp-json\/wp\/v2\/types\/product"}],"replies":[{"embeddable":true,"href":"https:\/\/ecostera.com\/dk\/wp-json\/wp\/v2\/comments?post=5417"}],"wp:featuredmedia":[{"embeddable":true,"href":"https:\/\/ecostera.com\/dk\/wp-json\/wp\/v2\/media\/5413"}],"wp:attachment":[{"href":"https:\/\/ecostera.com\/dk\/wp-json\/wp\/v2\/media?parent=5417"}],"wp:term":[{"taxonomy":"product_brand","embeddable":true,"href":"https:\/\/ecostera.com\/dk\/wp-json\/wp\/v2\/product_brand?post=5417"},{"taxonomy":"product_cat","embeddable":true,"href":"https:\/\/ecostera.com\/dk\/wp-json\/wp\/v2\/product_cat?post=5417"},{"taxonomy":"product_tag","embeddable":true,"href":"https:\/\/ecostera.com\/dk\/wp-json\/wp\/v2\/product_tag?post=5417"}],"curies":[{"name":"wp","href":"https:\/\/api.w.org\/{rel}","templated":true}]}}