{"id":5434,"date":"2025-08-05T08:50:11","date_gmt":"2025-08-05T08:50:11","guid":{"rendered":"https:\/\/ecostera.com\/dk\/product\/haartoerrer\/"},"modified":"2025-08-05T08:50:22","modified_gmt":"2025-08-05T08:50:22","slug":"haartoerrer","status":"publish","type":"product","link":"https:\/\/ecostera.com\/dk\/product\/haartoerrer\/","title":{"rendered":"H\u00e5rt\u00f8rrer"},"content":{"rendered":"<p style=\"text-align: center\"><strong>Er du nogensinde stresset over at g\u00f8re dig klar og vil bare gerne se godt ud uden besv\u00e6r?<\/strong><\/p>\n<p style=\"text-align: center\">Forestil dig at have et v\u00e6rkt\u00f8j, der g\u00f8r det hurtigt og nemt at opn\u00e5 en hvilken som helst frisure! Vores produkt forenkler din rutine og hj\u00e6lper dig med at skabe dit \u00f8nskede look hurtigere, end du troede var muligt. Vi mener, at alle fortjener et selvtillidsboost, og derfor er vores v\u00e6rkt\u00f8j prissat rimeligt i forhold til andre store m\u00e6rker. Hvorfor betale en formue, n\u00e5r du kan f\u00e5 de samme resultater med vores? Bare s\u00e6t en af de fem muligheder p\u00e5, og begynd at style! Du kan lave smukke kr\u00f8ller, sk\u00f8nne blowouts, flotte b\u00f8lger og meget mere.<\/p>\n<p><img decoding=\"async\" class=\"size-full wp-image-24317 aligncenter\" src=\"https:\/\/keluvo.com\/template\/wp-content\/uploads\/sites\/5\/2024\/11\/06181-ezgif.com-video-to-webp-converter.webp\" alt=\"\" \/><\/p>\n<h2 style=\"text-align: center\"><strong>Hvad G\u00f8r Dette Redskab Specielt?<\/strong><\/h2>\n<p>\u2714 5 tilbeh\u00f8r: Indeholder fem b\u00f8rster, der g\u00f8r glatning, kr\u00f8lning, volumengivning og styling super nemt. Det fungerer til alle h\u00e5rtyper, uanset om de er tykke eller kr\u00f8llede<\/p>\n<p>\u2714 Negativ ionteknologi: Denne funktion reducerer krus og statisk elektricitet. Kombinationen af nylonpinde og b\u00f8rsteh\u00e5r hj\u00e6lper med at minimere sammenfiltring og giver dejlig hovedbundsmassage.<\/p>\n<p>\u2714 Justerbare varmeindstillinger: Med tre temperaturindstillinger kan du nemt \u00e6ndre dit look. Perfekt til alle \u00e5rstider og h\u00e5rtyper!<\/p>\n<p>\u2714 Praktisk og b\u00e6rbar: Den er let og nem at b\u00e6re, s\u00e5 du kan undg\u00e5 at overanstrenge h\u00e5ndled og arme, mens du bruger den.<\/p>\n<p>\u2714 Kan bruges overalt: Perfekt til hjemmet, rejser, bryllupper og meget mere. Den kommer i en smuk indpakning, som g\u00f8r den til en dejlig gave til venner og familie.<\/p>\n<p><img decoding=\"async\" class=\"size-full wp-image-24316 aligncenter\" src=\"https:\/\/keluvo.com\/template\/wp-content\/uploads\/sites\/5\/2024\/11\/03d9b329ed6b2aec97549a82f44ce7143b126f5d.webp\" alt=\"\" \/><\/p>\n<h2 style=\"text-align: center\"><strong>Automatisk Konstant Temperatur<\/strong><\/h2>\n<p style=\"text-align: center\">Reducer skader p\u00e5 dit h\u00e5r med en kraftig 1000W h\u00e5rt\u00f8rrer volumizer, der tilbyder tre temperaturindstillinger. Den opretholder n\u00f8jagtigt en stabil temperatur for langvarige resultater.<\/p>\n<p><img fetchpriority=\"high\" decoding=\"async\" class=\"size-full wp-image-24315 aligncenter\" src=\"https:\/\/keluvo.com\/template\/wp-content\/uploads\/sites\/5\/2024\/11\/e3440744-5f25-456b-bf81-0a2948196803.gif\" alt=\"\" width=\"480\" height=\"312\" \/><\/p>\n<h2 style=\"text-align: center\"><strong>Hovedfordele<\/strong><\/h2>\n<p>\u2713 Perfekt temperatur: Takket v\u00e6re vores patenterede teknologi skader du ikke dit h\u00e5r, og du f\u00e5r den rigtige temperatur hver gang.<br \/>\n\u2713 5-i-1-l\u00f8sning: Med alt det medf\u00f8lgende tilbeh\u00f8r bliver din h\u00e5rrutine hurtigere og nemmere. Alt, hvad du har brug for, er i \u00e9n enhed.<br \/>\n\u2713 Kraftig volumengiver: Den leder den varme luft j\u00e6vnt, s\u00e5 du f\u00e5r den bedste oplevelse med t\u00f8rring, styling og kr\u00f8lning.<\/p>\n<p style=\"text-align: center\">g\u00f8r dig klar til ubesv\u00e6ret styling!<\/p>\n","protected":false},"excerpt":{"rendered":"<p>Er du nogensinde stresset over at g\u00f8re dig klar og vil bare gerne se godt ud uden besv\u00e6r? Forestil dig [&hellip;]<\/p>\n","protected":false},"featured_media":5430,"comment_status":"open","ping_status":"closed","template":"","meta":{"site-sidebar-layout":"default","site-content-layout":"","ast-site-content-layout":"default","site-content-style":"default","site-sidebar-style":"default","ast-global-header-display":"","ast-banner-title-visibility":"","ast-main-header-display":"","ast-hfb-above-header-display":"","ast-hfb-below-header-display":"","ast-hfb-mobile-header-display":"","site-post-title":"","ast-breadcrumbs-content":"","ast-featured-img":"","footer-sml-layout":"","theme-transparent-header-meta":"default","adv-header-id-meta":"","stick-header-meta":"","header-above-stick-meta":"","header-main-stick-meta":"","header-below-stick-meta":"","astra-migrate-meta-layouts":"set","ast-page-background-enabled":"default","ast-page-background-meta":{"desktop":{"background-color":"var(--ast-global-color-5)","background-image":"","background-repeat":"repeat","background-position":"center center","background-size":"auto","background-attachment":"scroll","background-type":"","background-media":"","overlay-type":"","overlay-color":"","overlay-opacity":"","overlay-gradient":""},"tablet":{"background-color":"","background-image":"","background-repeat":"repeat","background-position":"center center","background-size":"auto","background-attachment":"scroll","background-type":"","background-media":"","overlay-type":"","overlay-color":"","overlay-opacity":"","overlay-gradient":""},"mobile":{"background-color":"","background-image":"","background-repeat":"repeat","background-position":"center center","background-size":"auto","background-attachment":"scroll","background-type":"","background-media":"","overlay-type":"","overlay-color":"","overlay-opacity":"","overlay-gradient":""}},"ast-content-background-meta":{"desktop":{"background-color":"var(--ast-global-color-4)","background-image":"","background-repeat":"repeat","background-position":"center center","background-size":"auto","background-attachment":"scroll","background-type":"","background-media":"","overlay-type":"","overlay-color":"","overlay-opacity":"","overlay-gradient":""},"tablet":{"background-color":"var(--ast-global-color-4)","background-image":"","background-repeat":"repeat","background-position":"center center","background-size":"auto","background-attachment":"scroll","background-type":"","background-media":"","overlay-type":"","overlay-color":"","overlay-opacity":"","overlay-gradient":""},"mobile":{"background-color":"var(--ast-global-color-4)","background-image":"","background-repeat":"repeat","background-position":"center center","background-size":"auto","background-attachment":"scroll","background-type":"","background-media":"","overlay-type":"","overlay-color":"","overlay-opacity":"","overlay-gradient":""}}},"product_brand":[],"product_cat":[19],"product_tag":[],"class_list":{"0":"post-5434","1":"product","2":"type-product","3":"status-publish","4":"has-post-thumbnail","6":"product_cat-uncategorized","7":"pa_15882_q98jcagn-guld","8":"pa_15882_q98jcagn-lyseroed","9":"pa_15882_q98jcagn-sort","10":"desktop-align-left","11":"tablet-align-left","12":"mobile-align-left","14":"first","15":"instock","16":"shipping-taxable","17":"purchasable","18":"product-type-variable"},"_links":{"self":[{"href":"https:\/\/ecostera.com\/dk\/wp-json\/wp\/v2\/product\/5434","targetHints":{"allow":["GET"]}}],"collection":[{"href":"https:\/\/ecostera.com\/dk\/wp-json\/wp\/v2\/product"}],"about":[{"href":"https:\/\/ecostera.com\/dk\/wp-json\/wp\/v2\/types\/product"}],"replies":[{"embeddable":true,"href":"https:\/\/ecostera.com\/dk\/wp-json\/wp\/v2\/comments?post=5434"}],"wp:featuredmedia":[{"embeddable":true,"href":"https:\/\/ecostera.com\/dk\/wp-json\/wp\/v2\/media\/5430"}],"wp:attachment":[{"href":"https:\/\/ecostera.com\/dk\/wp-json\/wp\/v2\/media?parent=5434"}],"wp:term":[{"taxonomy":"product_brand","embeddable":true,"href":"https:\/\/ecostera.com\/dk\/wp-json\/wp\/v2\/product_brand?post=5434"},{"taxonomy":"product_cat","embeddable":true,"href":"https:\/\/ecostera.com\/dk\/wp-json\/wp\/v2\/product_cat?post=5434"},{"taxonomy":"product_tag","embeddable":true,"href":"https:\/\/ecostera.com\/dk\/wp-json\/wp\/v2\/product_tag?post=5434"}],"curies":[{"name":"wp","href":"https:\/\/api.w.org\/{rel}","templated":true}]}}