{"id":5445,"date":"2025-08-05T08:51:21","date_gmt":"2025-08-05T08:51:21","guid":{"rendered":"https:\/\/ecostera.com\/dk\/product\/taske\/"},"modified":"2025-08-05T08:51:55","modified_gmt":"2025-08-05T08:51:55","slug":"taske","status":"publish","type":"product","link":"https:\/\/ecostera.com\/dk\/product\/taske\/","title":{"rendered":"Taske"},"content":{"rendered":"<h2 style=\"text-align: center\">Elegant og tidl\u00f8st design<\/h2>\n<p style=\"text-align: center\">Tasken har et klassisk look med olieret voksbehandlet l\u00e6der af h\u00f8j kvalitet, der giver den en luksuri\u00f8s finish. Dens retrodesign kombinerer stil og funktion, hvilket g\u00f8r den til et perfekt tilbeh\u00f8r til enhver lejlighed, fra arbejde til afslappede udflugter.<\/p>\n<p style=\"text-align: center\"><img decoding=\"async\" class=\"alignnone size-medium wp-image-3436\" src=\"https:\/\/keluvo.com\/template\/wp-content\/uploads\/sites\/5\/2024\/11\/c28a7f2d-9e28-4677-bd14-76fb6aa358e8.webp\" alt=\"\" \/><\/p>\n<h2 style=\"text-align: center\">Stor kapacitet til daglige forn\u00f8denheder<\/h2>\n<p style=\"text-align: center\">Tasken er designet med rigelig plads til at rumme alle dine daglige forn\u00f8denheder og mere, hvilket g\u00f8r den ideel til travle dage eller rejser. Dens rummelige indre har plads til ting som en b\u00e6rbar computer, b\u00f8ger, makeup og andre personlige ting, s\u00e5 du kan holde dig organiseret uden at g\u00e5 p\u00e5 kompromis med stilen. Den store kapacitet g\u00f8r, at du nemt kan skifte fra arbejde til fritidsaktiviteter med alt, hvad du har brug for, i \u00e9n taske.<\/p>\n<p><img decoding=\"async\" class=\"alignnone size-medium wp-image-3431 aligncenter\" src=\"https:\/\/keluvo.com\/template\/wp-content\/uploads\/sites\/5\/2024\/11\/1b3e84b5-0a6a-4db9-8a96-f81fc26f269f.webp\" alt=\"\" \/><\/p>\n","protected":false},"excerpt":{"rendered":"<p>Elegant og tidl\u00f8st design Tasken har et klassisk look med olieret voksbehandlet l\u00e6der af h\u00f8j kvalitet, der giver den en [&hellip;]<\/p>\n","protected":false},"featured_media":5441,"comment_status":"open","ping_status":"closed","template":"","meta":{"site-sidebar-layout":"default","site-content-layout":"","ast-site-content-layout":"default","site-content-style":"default","site-sidebar-style":"default","ast-global-header-display":"","ast-banner-title-visibility":"","ast-main-header-display":"","ast-hfb-above-header-display":"","ast-hfb-below-header-display":"","ast-hfb-mobile-header-display":"","site-post-title":"","ast-breadcrumbs-content":"","ast-featured-img":"","footer-sml-layout":"","theme-transparent-header-meta":"default","adv-header-id-meta":"","stick-header-meta":"","header-above-stick-meta":"","header-main-stick-meta":"","header-below-stick-meta":"","astra-migrate-meta-layouts":"set","ast-page-background-enabled":"default","ast-page-background-meta":{"desktop":{"background-color":"var(--ast-global-color-5)","background-image":"","background-repeat":"repeat","background-position":"center center","background-size":"auto","background-attachment":"scroll","background-type":"","background-media":"","overlay-type":"","overlay-color":"","overlay-opacity":"","overlay-gradient":""},"tablet":{"background-color":"","background-image":"","background-repeat":"repeat","background-position":"center center","background-size":"auto","background-attachment":"scroll","background-type":"","background-media":"","overlay-type":"","overlay-color":"","overlay-opacity":"","overlay-gradient":""},"mobile":{"background-color":"","background-image":"","background-repeat":"repeat","background-position":"center center","background-size":"auto","background-attachment":"scroll","background-type":"","background-media":"","overlay-type":"","overlay-color":"","overlay-opacity":"","overlay-gradient":""}},"ast-content-background-meta":{"desktop":{"background-color":"var(--ast-global-color-4)","background-image":"","background-repeat":"repeat","background-position":"center center","background-size":"auto","background-attachment":"scroll","background-type":"","background-media":"","overlay-type":"","overlay-color":"","overlay-opacity":"","overlay-gradient":""},"tablet":{"background-color":"var(--ast-global-color-4)","background-image":"","background-repeat":"repeat","background-position":"center center","background-size":"auto","background-attachment":"scroll","background-type":"","background-media":"","overlay-type":"","overlay-color":"","overlay-opacity":"","overlay-gradient":""},"mobile":{"background-color":"var(--ast-global-color-4)","background-image":"","background-repeat":"repeat","background-position":"center center","background-size":"auto","background-attachment":"scroll","background-type":"","background-media":"","overlay-type":"","overlay-color":"","overlay-opacity":"","overlay-gradient":""}}},"product_brand":[],"product_cat":[19],"product_tag":[],"class_list":{"0":"post-5445","1":"product","2":"type-product","3":"status-publish","4":"has-post-thumbnail","6":"product_cat-uncategorized","7":"pa_15926_zao3jdms-brun","8":"pa_15926_zao3jdms-chokolade","9":"pa_15926_zao3jdms-groen","10":"pa_15926_zao3jdms-gul","11":"pa_15926_zao3jdms-kaffe","12":"pa_15926_zao3jdms-roed","13":"pa_15926_zao3jdms-sort","14":"desktop-align-left","15":"tablet-align-left","16":"mobile-align-left","18":"first","19":"instock","20":"shipping-taxable","21":"purchasable","22":"product-type-variable"},"_links":{"self":[{"href":"https:\/\/ecostera.com\/dk\/wp-json\/wp\/v2\/product\/5445","targetHints":{"allow":["GET"]}}],"collection":[{"href":"https:\/\/ecostera.com\/dk\/wp-json\/wp\/v2\/product"}],"about":[{"href":"https:\/\/ecostera.com\/dk\/wp-json\/wp\/v2\/types\/product"}],"replies":[{"embeddable":true,"href":"https:\/\/ecostera.com\/dk\/wp-json\/wp\/v2\/comments?post=5445"}],"wp:featuredmedia":[{"embeddable":true,"href":"https:\/\/ecostera.com\/dk\/wp-json\/wp\/v2\/media\/5441"}],"wp:attachment":[{"href":"https:\/\/ecostera.com\/dk\/wp-json\/wp\/v2\/media?parent=5445"}],"wp:term":[{"taxonomy":"product_brand","embeddable":true,"href":"https:\/\/ecostera.com\/dk\/wp-json\/wp\/v2\/product_brand?post=5445"},{"taxonomy":"product_cat","embeddable":true,"href":"https:\/\/ecostera.com\/dk\/wp-json\/wp\/v2\/product_cat?post=5445"},{"taxonomy":"product_tag","embeddable":true,"href":"https:\/\/ecostera.com\/dk\/wp-json\/wp\/v2\/product_tag?post=5445"}],"curies":[{"name":"wp","href":"https:\/\/api.w.org\/{rel}","templated":true}]}}