{"id":5464,"date":"2025-08-05T08:52:59","date_gmt":"2025-08-05T08:52:59","guid":{"rendered":"https:\/\/ecostera.com\/dk\/product\/bloed-rund-seng-til-kaeledyr\/"},"modified":"2025-08-05T11:14:47","modified_gmt":"2025-08-05T11:14:47","slug":"bloed-rund-seng-til-kaeledyr","status":"publish","type":"product","link":"https:\/\/ecostera.com\/dk\/product\/bloed-rund-seng-til-kaeledyr\/","title":{"rendered":"Bl\u00f8d, rund seng til k\u00e6ledyr"},"content":{"rendered":"<h2 style=\"text-align: center\">Ekstra Bl\u00f8d Plys-Komfort<\/h2>\n<p style=\"text-align: center\">Denne runde plys-seng til k\u00e6ledyr er fremstillet af tykke, bl\u00f8de materialer, der giver et hyggeligt og varmt sted, hvor dit k\u00e6ledyr kan hvile. Den bl\u00f8de overflade er designet til maksimal komfort, hvilket g\u00f8r den til et ideelt sted for din pelsede ven at slappe af og f\u00f8le sig tryg.<\/p>\n<p><img decoding=\"async\" class=\"alignnone size-medium wp-image-3408 aligncenter\" src=\"https:\/\/keluvo.com\/template\/wp-content\/uploads\/sites\/5\/2024\/11\/Winter-Long-Plush-Pet-Cat-Bed-Round-Cat-Cushion-House-Warm-Cat-Basket-Cat-Sleep-Bag.jpg_.png\" alt=\"\" \/><\/p>\n<h2 style=\"text-align: center\">Beroligende Og Selvopvarmende<\/h2>\n<p style=\"text-align: center\">Med sin selvopvarmende isolering udstr\u00e5ler denne k\u00e6ledyrsseng varme tilbage til dit k\u00e6ledyr, hvilket giver en beroligende og lindrende oplevelse. Denne seng er perfekt til at reducere angst og er designet til at hj\u00e6lpe k\u00e6ledyr med at f\u00f8le sig trygge og fremme en dybere og mere afslappende s\u00f8vn.<\/p>\n<p><img decoding=\"async\" class=\"alignnone size-medium wp-image-3404 aligncenter\" src=\"https:\/\/keluvo.com\/template\/wp-content\/uploads\/sites\/5\/2024\/11\/See9958fcbcb6448cb04724dcc9404b13i.jpg\" alt=\"\" \/><\/p>\n","protected":false},"excerpt":{"rendered":"<p>Ekstra Bl\u00f8d Plys-Komfort Denne runde plys-seng til k\u00e6ledyr er fremstillet af tykke, bl\u00f8de materialer, der giver et hyggeligt og varmt [&hellip;]<\/p>\n","protected":false},"featured_media":5460,"comment_status":"open","ping_status":"closed","template":"","meta":{"site-sidebar-layout":"default","site-content-layout":"","ast-site-content-layout":"default","site-content-style":"default","site-sidebar-style":"default","ast-global-header-display":"","ast-banner-title-visibility":"","ast-main-header-display":"","ast-hfb-above-header-display":"","ast-hfb-below-header-display":"","ast-hfb-mobile-header-display":"","site-post-title":"","ast-breadcrumbs-content":"","ast-featured-img":"","footer-sml-layout":"","theme-transparent-header-meta":"default","adv-header-id-meta":"","stick-header-meta":"","header-above-stick-meta":"","header-main-stick-meta":"","header-below-stick-meta":"","astra-migrate-meta-layouts":"set","ast-page-background-enabled":"default","ast-page-background-meta":{"desktop":{"background-color":"var(--ast-global-color-5)","background-image":"","background-repeat":"repeat","background-position":"center center","background-size":"auto","background-attachment":"scroll","background-type":"","background-media":"","overlay-type":"","overlay-color":"","overlay-opacity":"","overlay-gradient":""},"tablet":{"background-color":"","background-image":"","background-repeat":"repeat","background-position":"center center","background-size":"auto","background-attachment":"scroll","background-type":"","background-media":"","overlay-type":"","overlay-color":"","overlay-opacity":"","overlay-gradient":""},"mobile":{"background-color":"","background-image":"","background-repeat":"repeat","background-position":"center center","background-size":"auto","background-attachment":"scroll","background-type":"","background-media":"","overlay-type":"","overlay-color":"","overlay-opacity":"","overlay-gradient":""}},"ast-content-background-meta":{"desktop":{"background-color":"var(--ast-global-color-4)","background-image":"","background-repeat":"repeat","background-position":"center center","background-size":"auto","background-attachment":"scroll","background-type":"","background-media":"","overlay-type":"","overlay-color":"","overlay-opacity":"","overlay-gradient":""},"tablet":{"background-color":"var(--ast-global-color-4)","background-image":"","background-repeat":"repeat","background-position":"center center","background-size":"auto","background-attachment":"scroll","background-type":"","background-media":"","overlay-type":"","overlay-color":"","overlay-opacity":"","overlay-gradient":""},"mobile":{"background-color":"var(--ast-global-color-4)","background-image":"","background-repeat":"repeat","background-position":"center center","background-size":"auto","background-attachment":"scroll","background-type":"","background-media":"","overlay-type":"","overlay-color":"","overlay-opacity":"","overlay-gradient":""}}},"product_brand":[],"product_cat":[19],"product_tag":[],"class_list":{"0":"post-5464","1":"product","2":"type-product","3":"status-publish","4":"has-post-thumbnail","6":"product_cat-uncategorized","7":"pa_15929_m8atkksr-brun","8":"pa_15929_m8atkksr-graa","9":"pa_15929_m8atkksr-groen","10":"pa_15929_m8atkksr-lyseroed","11":"pa_15929_pp4dfaaa-40x40cm","12":"pa_15929_pp4dfaaa-50x50cm","13":"pa_15929_pp4dfaaa-60x60cm","14":"desktop-align-left","15":"tablet-align-left","16":"mobile-align-left","18":"first","19":"instock","20":"shipping-taxable","21":"purchasable","22":"product-type-variable","23":"has-default-attributes"},"_links":{"self":[{"href":"https:\/\/ecostera.com\/dk\/wp-json\/wp\/v2\/product\/5464","targetHints":{"allow":["GET"]}}],"collection":[{"href":"https:\/\/ecostera.com\/dk\/wp-json\/wp\/v2\/product"}],"about":[{"href":"https:\/\/ecostera.com\/dk\/wp-json\/wp\/v2\/types\/product"}],"replies":[{"embeddable":true,"href":"https:\/\/ecostera.com\/dk\/wp-json\/wp\/v2\/comments?post=5464"}],"wp:featuredmedia":[{"embeddable":true,"href":"https:\/\/ecostera.com\/dk\/wp-json\/wp\/v2\/media\/5460"}],"wp:attachment":[{"href":"https:\/\/ecostera.com\/dk\/wp-json\/wp\/v2\/media?parent=5464"}],"wp:term":[{"taxonomy":"product_brand","embeddable":true,"href":"https:\/\/ecostera.com\/dk\/wp-json\/wp\/v2\/product_brand?post=5464"},{"taxonomy":"product_cat","embeddable":true,"href":"https:\/\/ecostera.com\/dk\/wp-json\/wp\/v2\/product_cat?post=5464"},{"taxonomy":"product_tag","embeddable":true,"href":"https:\/\/ecostera.com\/dk\/wp-json\/wp\/v2\/product_tag?post=5464"}],"curies":[{"name":"wp","href":"https:\/\/api.w.org\/{rel}","templated":true}]}}