{"id":5516,"date":"2025-08-05T13:41:58","date_gmt":"2025-08-05T13:41:58","guid":{"rendered":"https:\/\/ecostera.com\/dk\/product\/bordlampe\/"},"modified":"2025-08-05T13:42:21","modified_gmt":"2025-08-05T13:42:21","slug":"bordlampe","status":"publish","type":"product","link":"https:\/\/ecostera.com\/dk\/product\/bordlampe\/","title":{"rendered":"Bordlampe"},"content":{"rendered":"<h2 style=\"text-align: center\">Ber\u00f8ringsstyret Belysning<\/h2>\n<p style=\"text-align: center\">Denne bordlampe har nem ber\u00f8ringskontrol til at justere lysets farve og lysstyrke. Du skal blot trykke p\u00e5 kontakten for at skifte mellem indstillingerne for naturligt, hvidt og varmt lys. For at opn\u00e5 den perfekte stemning skal du holde kontakten nede for at justere lysstyrken fra svag til st\u00e6rk eller omvendt.<\/p>\n<p><img decoding=\"async\" class=\"alignnone size-medium wp-image-3256 aligncenter\" src=\"https:\/\/keluvo.com\/template\/wp-content\/uploads\/sites\/5\/2024\/11\/171ae416-cbbb-45db-9b90-e99d71ff15e1.webp\" alt=\"\" \/><\/p>\n<h2 style=\"text-align: center\">Elegant og Alsidigt Design<\/h2>\n<p style=\"text-align: center\">Med sit stilfulde nordisk-inspirerede design giver denne bordlampe et dekorativt pr\u00e6g til dit rum. Dens slanke og moderne blomsterknopform supplerer forskellige rumstilarter, hvilket g\u00f8r den til et ideelt valg til sovev\u00e6relser, hoteller og andre hyggelige rum.<\/p>\n<p><img decoding=\"async\" class=\"alignnone size-medium wp-image-3271 aligncenter\" src=\"https:\/\/keluvo.com\/template\/wp-content\/uploads\/sites\/5\/2024\/11\/c3a9bd0d-008b-4d17-9f71-0ba618442087.webp\" alt=\"\" \/><\/p>\n","protected":false},"excerpt":{"rendered":"<p>Ber\u00f8ringsstyret Belysning Denne bordlampe har nem ber\u00f8ringskontrol til at justere lysets farve og lysstyrke. Du skal blot trykke p\u00e5 kontakten [&hellip;]<\/p>\n","protected":false},"featured_media":5512,"comment_status":"open","ping_status":"closed","template":"","meta":{"site-sidebar-layout":"default","site-content-layout":"","ast-site-content-layout":"default","site-content-style":"default","site-sidebar-style":"default","ast-global-header-display":"","ast-banner-title-visibility":"","ast-main-header-display":"","ast-hfb-above-header-display":"","ast-hfb-below-header-display":"","ast-hfb-mobile-header-display":"","site-post-title":"","ast-breadcrumbs-content":"","ast-featured-img":"","footer-sml-layout":"","theme-transparent-header-meta":"default","adv-header-id-meta":"","stick-header-meta":"","header-above-stick-meta":"","header-main-stick-meta":"","header-below-stick-meta":"","astra-migrate-meta-layouts":"set","ast-page-background-enabled":"default","ast-page-background-meta":{"desktop":{"background-color":"var(--ast-global-color-5)","background-image":"","background-repeat":"repeat","background-position":"center center","background-size":"auto","background-attachment":"scroll","background-type":"","background-media":"","overlay-type":"","overlay-color":"","overlay-opacity":"","overlay-gradient":""},"tablet":{"background-color":"","background-image":"","background-repeat":"repeat","background-position":"center center","background-size":"auto","background-attachment":"scroll","background-type":"","background-media":"","overlay-type":"","overlay-color":"","overlay-opacity":"","overlay-gradient":""},"mobile":{"background-color":"","background-image":"","background-repeat":"repeat","background-position":"center center","background-size":"auto","background-attachment":"scroll","background-type":"","background-media":"","overlay-type":"","overlay-color":"","overlay-opacity":"","overlay-gradient":""}},"ast-content-background-meta":{"desktop":{"background-color":"var(--ast-global-color-4)","background-image":"","background-repeat":"repeat","background-position":"center center","background-size":"auto","background-attachment":"scroll","background-type":"","background-media":"","overlay-type":"","overlay-color":"","overlay-opacity":"","overlay-gradient":""},"tablet":{"background-color":"var(--ast-global-color-4)","background-image":"","background-repeat":"repeat","background-position":"center center","background-size":"auto","background-attachment":"scroll","background-type":"","background-media":"","overlay-type":"","overlay-color":"","overlay-opacity":"","overlay-gradient":""},"mobile":{"background-color":"var(--ast-global-color-4)","background-image":"","background-repeat":"repeat","background-position":"center center","background-size":"auto","background-attachment":"scroll","background-type":"","background-media":"","overlay-type":"","overlay-color":"","overlay-opacity":"","overlay-gradient":""}}},"product_brand":[],"product_cat":[19],"product_tag":[],"class_list":{"0":"post-5516","1":"product","2":"type-product","3":"status-publish","4":"has-post-thumbnail","6":"product_cat-uncategorized","7":"pa_16116_p42giq44-blaa","8":"pa_16116_p42giq44-graa","9":"pa_16116_p42giq44-groen","10":"pa_16116_p42giq44-gul","11":"pa_16116_p42giq44-hvid","12":"pa_16116_p42giq44-lyseroed","13":"pa_16116_p42giq44-orange","14":"pa_16116_p42giq44-roed","15":"pa_16116_p42giq44-sort","16":"desktop-align-left","17":"tablet-align-left","18":"mobile-align-left","20":"first","21":"instock","22":"shipping-taxable","23":"purchasable","24":"product-type-variable"},"_links":{"self":[{"href":"https:\/\/ecostera.com\/dk\/wp-json\/wp\/v2\/product\/5516","targetHints":{"allow":["GET"]}}],"collection":[{"href":"https:\/\/ecostera.com\/dk\/wp-json\/wp\/v2\/product"}],"about":[{"href":"https:\/\/ecostera.com\/dk\/wp-json\/wp\/v2\/types\/product"}],"replies":[{"embeddable":true,"href":"https:\/\/ecostera.com\/dk\/wp-json\/wp\/v2\/comments?post=5516"}],"wp:featuredmedia":[{"embeddable":true,"href":"https:\/\/ecostera.com\/dk\/wp-json\/wp\/v2\/media\/5512"}],"wp:attachment":[{"href":"https:\/\/ecostera.com\/dk\/wp-json\/wp\/v2\/media?parent=5516"}],"wp:term":[{"taxonomy":"product_brand","embeddable":true,"href":"https:\/\/ecostera.com\/dk\/wp-json\/wp\/v2\/product_brand?post=5516"},{"taxonomy":"product_cat","embeddable":true,"href":"https:\/\/ecostera.com\/dk\/wp-json\/wp\/v2\/product_cat?post=5516"},{"taxonomy":"product_tag","embeddable":true,"href":"https:\/\/ecostera.com\/dk\/wp-json\/wp\/v2\/product_tag?post=5516"}],"curies":[{"name":"wp","href":"https:\/\/api.w.org\/{rel}","templated":true}]}}