{"id":5539,"date":"2025-08-05T13:42:53","date_gmt":"2025-08-05T13:42:53","guid":{"rendered":"https:\/\/ecostera.com\/dk\/product\/traadloes-skrivebordslampe\/"},"modified":"2025-08-05T13:43:17","modified_gmt":"2025-08-05T13:43:17","slug":"traadloes-skrivebordslampe","status":"publish","type":"product","link":"https:\/\/ecostera.com\/dk\/product\/traadloes-skrivebordslampe\/","title":{"rendered":"Tr\u00e5dl\u00f8s skrivebordslampe"},"content":{"rendered":"<h2 style=\"text-align: center\">Elegant og moderne design<\/h2>\n<p style=\"text-align: center\">Den tr\u00e5dl\u00f8se skrivebordslampe har et slankt og stilfuldt design, der f\u00e5s i guld, s\u00f8lv og sort. Den er perfekt til at tilf\u00f8je et strejf af elegance til ethvert rum og supplerer din stue, dit sovev\u00e6relse eller dit arbejdsv\u00e6relse med sit klassiske retro-look.<\/p>\n<p><img decoding=\"async\" class=\"alignnone size-medium wp-image-3220 aligncenter\" src=\"https:\/\/keluvo.com\/template\/wp-content\/uploads\/sites\/5\/2024\/11\/07c1d839-8e92-46bc-8d8d-1ffa7349d0b2.webp\" alt=\"\" \/><\/p>\n<h2 style=\"text-align: center\">B\u00e6rbar og genopladelig<\/h2>\n<p style=\"text-align: center\">Denne skrivebordslampe er genopladelig via USB og tilbyder praktisk tr\u00e5dl\u00f8s drift. Det b\u00e6rbare design g\u00f8r det nemt at placere den hvor som helst i hjemmet uden at v\u00e6re begr\u00e6nset af ledninger, hvilket giver b\u00e5de fleksibilitet og stil.<\/p>\n<p><img decoding=\"async\" class=\"alignnone size-medium wp-image-3226 aligncenter\" src=\"https:\/\/keluvo.com\/template\/wp-content\/uploads\/sites\/5\/2024\/11\/Sbb01a86922844470911565d70d1e94776.jpg\" alt=\"\" \/><\/p>\n","protected":false},"excerpt":{"rendered":"<p>Elegant og moderne design Den tr\u00e5dl\u00f8se skrivebordslampe har et slankt og stilfuldt design, der f\u00e5s i guld, s\u00f8lv og sort. [&hellip;]<\/p>\n","protected":false},"featured_media":5535,"comment_status":"open","ping_status":"closed","template":"","meta":{"site-sidebar-layout":"default","site-content-layout":"","ast-site-content-layout":"default","site-content-style":"default","site-sidebar-style":"default","ast-global-header-display":"","ast-banner-title-visibility":"","ast-main-header-display":"","ast-hfb-above-header-display":"","ast-hfb-below-header-display":"","ast-hfb-mobile-header-display":"","site-post-title":"","ast-breadcrumbs-content":"","ast-featured-img":"","footer-sml-layout":"","theme-transparent-header-meta":"default","adv-header-id-meta":"","stick-header-meta":"","header-above-stick-meta":"","header-main-stick-meta":"","header-below-stick-meta":"","astra-migrate-meta-layouts":"set","ast-page-background-enabled":"default","ast-page-background-meta":{"desktop":{"background-color":"var(--ast-global-color-5)","background-image":"","background-repeat":"repeat","background-position":"center center","background-size":"auto","background-attachment":"scroll","background-type":"","background-media":"","overlay-type":"","overlay-color":"","overlay-opacity":"","overlay-gradient":""},"tablet":{"background-color":"","background-image":"","background-repeat":"repeat","background-position":"center center","background-size":"auto","background-attachment":"scroll","background-type":"","background-media":"","overlay-type":"","overlay-color":"","overlay-opacity":"","overlay-gradient":""},"mobile":{"background-color":"","background-image":"","background-repeat":"repeat","background-position":"center center","background-size":"auto","background-attachment":"scroll","background-type":"","background-media":"","overlay-type":"","overlay-color":"","overlay-opacity":"","overlay-gradient":""}},"ast-content-background-meta":{"desktop":{"background-color":"var(--ast-global-color-4)","background-image":"","background-repeat":"repeat","background-position":"center center","background-size":"auto","background-attachment":"scroll","background-type":"","background-media":"","overlay-type":"","overlay-color":"","overlay-opacity":"","overlay-gradient":""},"tablet":{"background-color":"var(--ast-global-color-4)","background-image":"","background-repeat":"repeat","background-position":"center center","background-size":"auto","background-attachment":"scroll","background-type":"","background-media":"","overlay-type":"","overlay-color":"","overlay-opacity":"","overlay-gradient":""},"mobile":{"background-color":"var(--ast-global-color-4)","background-image":"","background-repeat":"repeat","background-position":"center center","background-size":"auto","background-attachment":"scroll","background-type":"","background-media":"","overlay-type":"","overlay-color":"","overlay-opacity":"","overlay-gradient":""}}},"product_brand":[],"product_cat":[19],"product_tag":[],"class_list":{"0":"post-5539","1":"product","2":"type-product","3":"status-publish","4":"has-post-thumbnail","6":"product_cat-uncategorized","7":"pa_16119_d6px72te-graa","8":"pa_16119_d6px72te-guld","9":"pa_16119_d6px72te-soelv","10":"pa_16119_d6px72te-sort","11":"desktop-align-left","12":"tablet-align-left","13":"mobile-align-left","15":"first","16":"instock","17":"shipping-taxable","18":"purchasable","19":"product-type-variable"},"_links":{"self":[{"href":"https:\/\/ecostera.com\/dk\/wp-json\/wp\/v2\/product\/5539","targetHints":{"allow":["GET"]}}],"collection":[{"href":"https:\/\/ecostera.com\/dk\/wp-json\/wp\/v2\/product"}],"about":[{"href":"https:\/\/ecostera.com\/dk\/wp-json\/wp\/v2\/types\/product"}],"replies":[{"embeddable":true,"href":"https:\/\/ecostera.com\/dk\/wp-json\/wp\/v2\/comments?post=5539"}],"wp:featuredmedia":[{"embeddable":true,"href":"https:\/\/ecostera.com\/dk\/wp-json\/wp\/v2\/media\/5535"}],"wp:attachment":[{"href":"https:\/\/ecostera.com\/dk\/wp-json\/wp\/v2\/media?parent=5539"}],"wp:term":[{"taxonomy":"product_brand","embeddable":true,"href":"https:\/\/ecostera.com\/dk\/wp-json\/wp\/v2\/product_brand?post=5539"},{"taxonomy":"product_cat","embeddable":true,"href":"https:\/\/ecostera.com\/dk\/wp-json\/wp\/v2\/product_cat?post=5539"},{"taxonomy":"product_tag","embeddable":true,"href":"https:\/\/ecostera.com\/dk\/wp-json\/wp\/v2\/product_tag?post=5539"}],"curies":[{"name":"wp","href":"https:\/\/api.w.org\/{rel}","templated":true}]}}