{"id":5552,"date":"2025-08-05T13:43:31","date_gmt":"2025-08-05T13:43:31","guid":{"rendered":"https:\/\/ecostera.com\/dk\/product\/groentsagsskaerer-2\/"},"modified":"2025-08-05T13:43:31","modified_gmt":"2025-08-05T13:43:31","slug":"groentsagsskaerer-2","status":"publish","type":"product","link":"https:\/\/ecostera.com\/dk\/product\/groentsagsskaerer-2\/","title":{"rendered":"Gr\u00f8ntsagssk\u00e6rer"},"content":{"rendered":"<h2 style=\"text-align: center\">Ubesv\u00e6ret Gr\u00f8ntsagstilberedning<\/h2>\n<p style=\"text-align: center\">Med gr\u00f8ntsagssnitteren kan du lave perfekt ensartede spiraler, skiver og udsk\u00e6ringer p\u00e5 f\u00e5 sekunder. Dette v\u00e6rkt\u00f8j fremskynder tilberedningen af m\u00e5ltider, s\u00e5 du nemt kan lave kr\u00f8llede pommes frites, salater og gr\u00f8ntsagsbaseret pasta.<\/p>\n<p><img decoding=\"async\" class=\"alignnone size-medium wp-image-3212 aligncenter\" src=\"https:\/\/keluvo.com\/template\/wp-content\/uploads\/sites\/5\/2024\/11\/3-In-1-Vegetable-Slicer-Manual-Kitchen-Accessories-Grater-For-Vegetable-Cutter-Round-Chopper-Kitchen-Supplies.jpg_.png\" alt=\"\" \/><\/p>\n<h2 style=\"text-align: center\">Multifunktionsdesign<\/h2>\n<p style=\"text-align: center\">Denne 3-i-1 gr\u00f8ntsagssnitter kombinerer snitning, juliennisering og formaling i \u00e9t kompakt v\u00e6rkt\u00f8j, hvilket sparer plads i dit k\u00f8kken. Dens alsidige design betyder mindre rod og mere bekvemmelighed, hvilket g\u00f8r den uundv\u00e6rlig i ethvert k\u00f8kken.<\/p>\n<p><img decoding=\"async\" class=\"alignnone size-medium wp-image-3213 aligncenter\" src=\"https:\/\/keluvo.com\/template\/wp-content\/uploads\/sites\/5\/2024\/11\/3-in1-Vegetable-Slicer-Chopper-Grater-Manual-Kitchen-Tools-For-Cucumber-Carrot-Cutter-Garlic-Round-Mandolin.jpg_.png\" alt=\"\" \/><\/p>\n","protected":false},"excerpt":{"rendered":"<p>Ubesv\u00e6ret Gr\u00f8ntsagstilberedning Med gr\u00f8ntsagssnitteren kan du lave perfekt ensartede spiraler, skiver og udsk\u00e6ringer p\u00e5 f\u00e5 sekunder. Dette v\u00e6rkt\u00f8j fremskynder tilberedningen [&hellip;]<\/p>\n","protected":false},"featured_media":5548,"comment_status":"open","ping_status":"closed","template":"","meta":{"site-sidebar-layout":"default","site-content-layout":"","ast-site-content-layout":"default","site-content-style":"default","site-sidebar-style":"default","ast-global-header-display":"","ast-banner-title-visibility":"","ast-main-header-display":"","ast-hfb-above-header-display":"","ast-hfb-below-header-display":"","ast-hfb-mobile-header-display":"","site-post-title":"","ast-breadcrumbs-content":"","ast-featured-img":"","footer-sml-layout":"","theme-transparent-header-meta":"default","adv-header-id-meta":"","stick-header-meta":"","header-above-stick-meta":"","header-main-stick-meta":"","header-below-stick-meta":"","astra-migrate-meta-layouts":"set","ast-page-background-enabled":"default","ast-page-background-meta":{"desktop":{"background-color":"var(--ast-global-color-5)","background-image":"","background-repeat":"repeat","background-position":"center center","background-size":"auto","background-attachment":"scroll","background-type":"","background-media":"","overlay-type":"","overlay-color":"","overlay-opacity":"","overlay-gradient":""},"tablet":{"background-color":"","background-image":"","background-repeat":"repeat","background-position":"center center","background-size":"auto","background-attachment":"scroll","background-type":"","background-media":"","overlay-type":"","overlay-color":"","overlay-opacity":"","overlay-gradient":""},"mobile":{"background-color":"","background-image":"","background-repeat":"repeat","background-position":"center center","background-size":"auto","background-attachment":"scroll","background-type":"","background-media":"","overlay-type":"","overlay-color":"","overlay-opacity":"","overlay-gradient":""}},"ast-content-background-meta":{"desktop":{"background-color":"var(--ast-global-color-4)","background-image":"","background-repeat":"repeat","background-position":"center center","background-size":"auto","background-attachment":"scroll","background-type":"","background-media":"","overlay-type":"","overlay-color":"","overlay-opacity":"","overlay-gradient":""},"tablet":{"background-color":"var(--ast-global-color-4)","background-image":"","background-repeat":"repeat","background-position":"center center","background-size":"auto","background-attachment":"scroll","background-type":"","background-media":"","overlay-type":"","overlay-color":"","overlay-opacity":"","overlay-gradient":""},"mobile":{"background-color":"var(--ast-global-color-4)","background-image":"","background-repeat":"repeat","background-position":"center center","background-size":"auto","background-attachment":"scroll","background-type":"","background-media":"","overlay-type":"","overlay-color":"","overlay-opacity":"","overlay-gradient":""}}},"product_brand":[],"product_cat":[19],"product_tag":[],"class_list":{"0":"post-5552","1":"product","2":"type-product","3":"status-publish","4":"has-post-thumbnail","6":"product_cat-uncategorized","7":"desktop-align-left","8":"tablet-align-left","9":"mobile-align-left","11":"first","12":"instock","13":"shipping-taxable","14":"purchasable","15":"product-type-simple"},"_links":{"self":[{"href":"https:\/\/ecostera.com\/dk\/wp-json\/wp\/v2\/product\/5552","targetHints":{"allow":["GET"]}}],"collection":[{"href":"https:\/\/ecostera.com\/dk\/wp-json\/wp\/v2\/product"}],"about":[{"href":"https:\/\/ecostera.com\/dk\/wp-json\/wp\/v2\/types\/product"}],"replies":[{"embeddable":true,"href":"https:\/\/ecostera.com\/dk\/wp-json\/wp\/v2\/comments?post=5552"}],"wp:featuredmedia":[{"embeddable":true,"href":"https:\/\/ecostera.com\/dk\/wp-json\/wp\/v2\/media\/5548"}],"wp:attachment":[{"href":"https:\/\/ecostera.com\/dk\/wp-json\/wp\/v2\/media?parent=5552"}],"wp:term":[{"taxonomy":"product_brand","embeddable":true,"href":"https:\/\/ecostera.com\/dk\/wp-json\/wp\/v2\/product_brand?post=5552"},{"taxonomy":"product_cat","embeddable":true,"href":"https:\/\/ecostera.com\/dk\/wp-json\/wp\/v2\/product_cat?post=5552"},{"taxonomy":"product_tag","embeddable":true,"href":"https:\/\/ecostera.com\/dk\/wp-json\/wp\/v2\/product_tag?post=5552"}],"curies":[{"name":"wp","href":"https:\/\/api.w.org\/{rel}","templated":true}]}}