{"id":5557,"date":"2025-08-05T13:44:00","date_gmt":"2025-08-05T13:44:00","guid":{"rendered":"https:\/\/ecostera.com\/dk\/product\/aebleskraeller-med-kernehus\/"},"modified":"2025-08-05T13:44:07","modified_gmt":"2025-08-05T13:44:07","slug":"aebleskraeller-med-kernehus","status":"publish","type":"product","link":"https:\/\/ecostera.com\/dk\/product\/aebleskraeller-med-kernehus\/","title":{"rendered":"\u00c6bleskr\u00e6ller med kernehus"},"content":{"rendered":"<h2 style=\"text-align: center\">Effektiv Skr\u00e6lning Og Udkerning<\/h2>\n<p style=\"text-align: center\">\u00c6bleskr\u00e6lleren er designet til at g\u00f8re det nemt og hurtigt at skr\u00e6lle og udkerne \u00e6bler. Knivene i rustfrit st\u00e5l arbejder glat og fjerner skr\u00e6ller og kernehuse p\u00e5 f\u00e5 sekunder, s\u00e5 du sparer tid og kr\u00e6fter i k\u00f8kkenet. Perfekt til at forberede \u00e6bler til t\u00e6rter, snacks eller salater.<\/p>\n<p><img decoding=\"async\" class=\"alignnone size-medium wp-image-3182 aligncenter\" src=\"https:\/\/keluvo.com\/template\/wp-content\/uploads\/sites\/5\/2024\/11\/9d67dfe5-841a-4e04-9563-b502fd8e2bdd.webp\" alt=\"\" \/><\/p>\n<h2 style=\"text-align: center\">Alsidig Og Nem At Reng\u00f8re<\/h2>\n<p style=\"text-align: center\">Lavet til mere end bare \u00e6bler, denne udkerner er alsidig nok til andre frugter som p\u00e6rer. Bladene i rustfrit st\u00e5l er nemme at reng\u00f8re og vedligeholde, hvilket sikrer et h\u00f8jt hygiejneniveau ved hver brug og et langtidsholdbart k\u00f8kkenredskab.<\/p>\n<p><img decoding=\"async\" class=\"alignnone size-medium wp-image-3185 aligncenter\" src=\"https:\/\/keluvo.com\/template\/wp-content\/uploads\/sites\/5\/2024\/11\/488e9bc3-079b-4b32-9aa5-36a4abbd47c5.webp\" alt=\"\" \/><\/p>\n","protected":false},"excerpt":{"rendered":"<p>Effektiv Skr\u00e6lning Og Udkerning \u00c6bleskr\u00e6lleren er designet til at g\u00f8re det nemt og hurtigt at skr\u00e6lle og udkerne \u00e6bler. Knivene [&hellip;]<\/p>\n","protected":false},"featured_media":5553,"comment_status":"open","ping_status":"closed","template":"","meta":{"site-sidebar-layout":"default","site-content-layout":"","ast-site-content-layout":"default","site-content-style":"default","site-sidebar-style":"default","ast-global-header-display":"","ast-banner-title-visibility":"","ast-main-header-display":"","ast-hfb-above-header-display":"","ast-hfb-below-header-display":"","ast-hfb-mobile-header-display":"","site-post-title":"","ast-breadcrumbs-content":"","ast-featured-img":"","footer-sml-layout":"","theme-transparent-header-meta":"default","adv-header-id-meta":"","stick-header-meta":"","header-above-stick-meta":"","header-main-stick-meta":"","header-below-stick-meta":"","astra-migrate-meta-layouts":"set","ast-page-background-enabled":"default","ast-page-background-meta":{"desktop":{"background-color":"var(--ast-global-color-5)","background-image":"","background-repeat":"repeat","background-position":"center center","background-size":"auto","background-attachment":"scroll","background-type":"","background-media":"","overlay-type":"","overlay-color":"","overlay-opacity":"","overlay-gradient":""},"tablet":{"background-color":"","background-image":"","background-repeat":"repeat","background-position":"center center","background-size":"auto","background-attachment":"scroll","background-type":"","background-media":"","overlay-type":"","overlay-color":"","overlay-opacity":"","overlay-gradient":""},"mobile":{"background-color":"","background-image":"","background-repeat":"repeat","background-position":"center center","background-size":"auto","background-attachment":"scroll","background-type":"","background-media":"","overlay-type":"","overlay-color":"","overlay-opacity":"","overlay-gradient":""}},"ast-content-background-meta":{"desktop":{"background-color":"var(--ast-global-color-4)","background-image":"","background-repeat":"repeat","background-position":"center center","background-size":"auto","background-attachment":"scroll","background-type":"","background-media":"","overlay-type":"","overlay-color":"","overlay-opacity":"","overlay-gradient":""},"tablet":{"background-color":"var(--ast-global-color-4)","background-image":"","background-repeat":"repeat","background-position":"center center","background-size":"auto","background-attachment":"scroll","background-type":"","background-media":"","overlay-type":"","overlay-color":"","overlay-opacity":"","overlay-gradient":""},"mobile":{"background-color":"var(--ast-global-color-4)","background-image":"","background-repeat":"repeat","background-position":"center center","background-size":"auto","background-attachment":"scroll","background-type":"","background-media":"","overlay-type":"","overlay-color":"","overlay-opacity":"","overlay-gradient":""}}},"product_brand":[],"product_cat":[19],"product_tag":[],"class_list":{"0":"post-5557","1":"product","2":"type-product","3":"status-publish","4":"has-post-thumbnail","6":"product_cat-uncategorized","7":"pa_16163_mp0ubyzj-lysegroen","8":"pa_16163_mp0ubyzj-moerkegroen","9":"desktop-align-left","10":"tablet-align-left","11":"mobile-align-left","13":"first","14":"instock","15":"shipping-taxable","16":"purchasable","17":"product-type-variable"},"_links":{"self":[{"href":"https:\/\/ecostera.com\/dk\/wp-json\/wp\/v2\/product\/5557","targetHints":{"allow":["GET"]}}],"collection":[{"href":"https:\/\/ecostera.com\/dk\/wp-json\/wp\/v2\/product"}],"about":[{"href":"https:\/\/ecostera.com\/dk\/wp-json\/wp\/v2\/types\/product"}],"replies":[{"embeddable":true,"href":"https:\/\/ecostera.com\/dk\/wp-json\/wp\/v2\/comments?post=5557"}],"wp:featuredmedia":[{"embeddable":true,"href":"https:\/\/ecostera.com\/dk\/wp-json\/wp\/v2\/media\/5553"}],"wp:attachment":[{"href":"https:\/\/ecostera.com\/dk\/wp-json\/wp\/v2\/media?parent=5557"}],"wp:term":[{"taxonomy":"product_brand","embeddable":true,"href":"https:\/\/ecostera.com\/dk\/wp-json\/wp\/v2\/product_brand?post=5557"},{"taxonomy":"product_cat","embeddable":true,"href":"https:\/\/ecostera.com\/dk\/wp-json\/wp\/v2\/product_cat?post=5557"},{"taxonomy":"product_tag","embeddable":true,"href":"https:\/\/ecostera.com\/dk\/wp-json\/wp\/v2\/product_tag?post=5557"}],"curies":[{"name":"wp","href":"https:\/\/api.w.org\/{rel}","templated":true}]}}