{"id":5575,"date":"2025-08-05T13:45:25","date_gmt":"2025-08-05T13:45:25","guid":{"rendered":"https:\/\/ecostera.com\/dk\/product\/hajfinne-bilantenne\/"},"modified":"2025-11-03T12:02:18","modified_gmt":"2025-11-03T10:02:18","slug":"hajfinne-bilantenne","status":"publish","type":"product","link":"https:\/\/ecostera.com\/dk\/product\/hajfinne-bilantenne\/","title":{"rendered":"Hajfinne-bilantenne"},"content":{"rendered":"<h2 style=\"text-align: center\">Forbedr bilens signal<\/h2>\n<p style=\"text-align: center\">Hajfinne-antennen er designet til at forbedre bilens signalmodtagelse og give en mere p\u00e5lidelig forbindelse til din radio. Denne antenne forbedrer ikke kun ydeevnen, men tilf\u00f8jer ogs\u00e5 et elegant og moderne look til din bils ydre.<\/p>\n<p><img decoding=\"async\" class=\"alignnone size-medium wp-image-3084 aligncenter\" src=\"https:\/\/keluvo.com\/template\/wp-content\/uploads\/sites\/5\/2024\/11\/FOR-Citroen-C4-C5-C2-C3-C6-DS3-DS4-DS5-Radio-shark-fin-Car-antenna-3M.jpg_-1.png\" alt=\"\" \/><\/p>\n<h2 style=\"text-align: center\">Nem installation<\/h2>\n<p style=\"text-align: center\">Installationen er enkel og kr\u00e6ver ingen boring. Du skal blot reng\u00f8re og t\u00f8rre overfladen, p\u00e5f\u00f8re den dobbeltkl\u00e6bende tape og trykke antennen fast. For ekstra sikkerhed kan du forsigtigt opvarme tapen med en h\u00e5rt\u00f8rrer for at forbedre vedh\u00e6ftningen.<\/p>\n<p><img decoding=\"async\" class=\"alignnone size-medium wp-image-3074 aligncenter\" src=\"https:\/\/keluvo.com\/template\/wp-content\/uploads\/sites\/5\/2024\/11\/d6654de6-43a0-41d8-b113-be7751a21714.webp\" alt=\"\" \/><\/p>\n","protected":false},"excerpt":{"rendered":"<p>Forbedr bilens signal Hajfinne-antennen er designet til at forbedre bilens signalmodtagelse og give en mere p\u00e5lidelig forbindelse til din radio. [&hellip;]<\/p>\n","protected":false},"featured_media":5571,"comment_status":"open","ping_status":"closed","template":"","meta":{"site-sidebar-layout":"default","site-content-layout":"","ast-site-content-layout":"default","site-content-style":"default","site-sidebar-style":"default","ast-global-header-display":"","ast-banner-title-visibility":"","ast-main-header-display":"","ast-hfb-above-header-display":"","ast-hfb-below-header-display":"","ast-hfb-mobile-header-display":"","site-post-title":"","ast-breadcrumbs-content":"","ast-featured-img":"","footer-sml-layout":"","theme-transparent-header-meta":"default","adv-header-id-meta":"","stick-header-meta":"","header-above-stick-meta":"","header-main-stick-meta":"","header-below-stick-meta":"","astra-migrate-meta-layouts":"set","ast-page-background-enabled":"default","ast-page-background-meta":{"desktop":{"background-color":"var(--ast-global-color-5)","background-image":"","background-repeat":"repeat","background-position":"center center","background-size":"auto","background-attachment":"scroll","background-type":"","background-media":"","overlay-type":"","overlay-color":"","overlay-opacity":"","overlay-gradient":""},"tablet":{"background-color":"","background-image":"","background-repeat":"repeat","background-position":"center center","background-size":"auto","background-attachment":"scroll","background-type":"","background-media":"","overlay-type":"","overlay-color":"","overlay-opacity":"","overlay-gradient":""},"mobile":{"background-color":"","background-image":"","background-repeat":"repeat","background-position":"center center","background-size":"auto","background-attachment":"scroll","background-type":"","background-media":"","overlay-type":"","overlay-color":"","overlay-opacity":"","overlay-gradient":""}},"ast-content-background-meta":{"desktop":{"background-color":"var(--ast-global-color-4)","background-image":"","background-repeat":"repeat","background-position":"center center","background-size":"auto","background-attachment":"scroll","background-type":"","background-media":"","overlay-type":"","overlay-color":"","overlay-opacity":"","overlay-gradient":""},"tablet":{"background-color":"var(--ast-global-color-4)","background-image":"","background-repeat":"repeat","background-position":"center center","background-size":"auto","background-attachment":"scroll","background-type":"","background-media":"","overlay-type":"","overlay-color":"","overlay-opacity":"","overlay-gradient":""},"mobile":{"background-color":"var(--ast-global-color-4)","background-image":"","background-repeat":"repeat","background-position":"center center","background-size":"auto","background-attachment":"scroll","background-type":"","background-media":"","overlay-type":"","overlay-color":"","overlay-opacity":"","overlay-gradient":""}}},"product_brand":[],"product_cat":[19],"product_tag":[],"class_list":{"0":"post-5575","1":"product","2":"type-product","3":"status-publish","4":"has-post-thumbnail","6":"product_cat-uncategorized","7":"pa_29750_bqwy98s7-graa","8":"pa_29750_bqwy98s7-hvid","9":"pa_29750_bqwy98s7-roed","10":"pa_29750_bqwy98s7-soelv","11":"pa_29750_bqwy98s7-sort","12":"desktop-align-left","13":"tablet-align-left","14":"mobile-align-left","16":"first","17":"instock","18":"shipping-taxable","19":"purchasable","20":"product-type-variable"},"_links":{"self":[{"href":"https:\/\/ecostera.com\/dk\/wp-json\/wp\/v2\/product\/5575","targetHints":{"allow":["GET"]}}],"collection":[{"href":"https:\/\/ecostera.com\/dk\/wp-json\/wp\/v2\/product"}],"about":[{"href":"https:\/\/ecostera.com\/dk\/wp-json\/wp\/v2\/types\/product"}],"replies":[{"embeddable":true,"href":"https:\/\/ecostera.com\/dk\/wp-json\/wp\/v2\/comments?post=5575"}],"wp:featuredmedia":[{"embeddable":true,"href":"https:\/\/ecostera.com\/dk\/wp-json\/wp\/v2\/media\/5571"}],"wp:attachment":[{"href":"https:\/\/ecostera.com\/dk\/wp-json\/wp\/v2\/media?parent=5575"}],"wp:term":[{"taxonomy":"product_brand","embeddable":true,"href":"https:\/\/ecostera.com\/dk\/wp-json\/wp\/v2\/product_brand?post=5575"},{"taxonomy":"product_cat","embeddable":true,"href":"https:\/\/ecostera.com\/dk\/wp-json\/wp\/v2\/product_cat?post=5575"},{"taxonomy":"product_tag","embeddable":true,"href":"https:\/\/ecostera.com\/dk\/wp-json\/wp\/v2\/product_tag?post=5575"}],"curies":[{"name":"wp","href":"https:\/\/api.w.org\/{rel}","templated":true}]}}